{"id":870,"date":"2013-09-18T19:01:36","date_gmt":"2013-09-18T17:01:36","guid":{"rendered":"http:\/\/www.augen-blicke-afrika.de\/blog\/?page_id=870"},"modified":"2025-11-06T11:14:53","modified_gmt":"2025-11-06T10:14:53","slug":"yoole-le-sacrifice","status":"publish","type":"page","link":"https:\/\/www.augen-blicke-afrika.de\/blog\/archiv\/archiv-2013\/filme-2013\/yoole-le-sacrifice\/","title":{"rendered":"Yoole, le sacrifice"},"content":{"rendered":"<style> .entry-title {display: block; margin: 0 0 -3% -6%;}<\/style>\n<p><em>Senegal 2010, R.: Moussa Sene Absa,<\/em><br \/>\n<em> Dokumentarfilm, 75 Min., OF m. dt. UT<\/em><\/p>\n<p><strong><\/strong>Im April 2006 wurden am Strand von Barbados 53 Leichen an Bord eines angesp\u00fclten Bootes gefunden. Das Schiff war vier Monate zuvor im Senegal gestartet. Sene Absa, der zu dieser Zeit in Barbados als Film-Dozent t\u00e4tig war, reiste daraufhin in sein Heimatland Senegal, um mehr \u00fcber die Tr\u00e4ume und Ambitionen der M\u00e4nner herauszufinden, die an Bord des Bootes umgekommen waren.<\/p>\n<p>Der Dokumentarfilm<strong> <\/strong>ist eine bedr\u00fcckende Anklage gegen die Politik im Senegal und in Europa, die Menschen \u00a0ihrer Lebensperspektive beraubt.<\/p>\n<p><strong>Moussa Sene Absa, <\/strong>geb.<strong> <\/strong>1958 im Senegal, begann zun\u00e4chst als Schauspieler. Nach seinem Filmstudium in Paris arbeitete er zun\u00e4chst als Assistent des legend\u00e4ren Regisseurs Djibril Diop Mamb\u00e9ty. Danach drehte er mehr als ein Dutzend Spiel-, Dokumentar- und Kurzfilme und z\u00e4hlt heute zu den renommiertesten Regisseuren West-Afrikas.<\/p>\n<div id=\"attachment_915\" style=\"width: 607px\" class=\"wp-caption alignnone\"><img loading=\"lazy\" decoding=\"async\" aria-describedby=\"caption-attachment-915\" class=\"size-full wp-image-915\" title=\"yoole-das-opfer\" src=\"http:\/\/www.augen-blicke-afrika.de\/blog\/wp-content\/uploads\/2013\/09\/yoole-das-opfer.jpg\" alt=\"Yoole, le sacrifice\" width=\"597\" height=\"284\" srcset=\"https:\/\/www.augen-blicke-afrika.de\/blog\/wp-content\/uploads\/2013\/09\/yoole-das-opfer.jpg 597w, https:\/\/www.augen-blicke-afrika.de\/blog\/wp-content\/uploads\/2013\/09\/yoole-das-opfer-300x142.jpg 300w, https:\/\/www.augen-blicke-afrika.de\/blog\/wp-content\/uploads\/2013\/09\/yoole-das-opfer-500x237.jpg 500w\" sizes=\"auto, (max-width: 597px) 100vw, 597px\" \/><p id=\"caption-attachment-915\" class=\"wp-caption-text\">Filmfotos &#8220;Yoole, le sacrifice &#8211; Yoole, das Opfer&#8221;<\/p><\/div>\n<p><a href=\"javascript:history.back();\">Zur\u00fcck<\/a><\/p>\n","protected":false},"excerpt":{"rendered":"<p>Senegal 2010, R.: Moussa Sene Absa, Dokumentarfilm, 75 Min., OF m. dt. UT Im April 2006 wurden am Strand von Barbados 53 Leichen an Bord eines angesp\u00fclten Bootes gefunden. Das Schiff war vier Monate zuvor im Senegal gestartet. Sene Absa, &hellip; <a href=\"https:\/\/www.augen-blicke-afrika.de\/blog\/archiv\/archiv-2013\/filme-2013\/yoole-le-sacrifice\/\">Weiterlesen <span class=\"meta-nav\">&rarr;<\/span><\/a><\/p>\n","protected":false},"author":1,"featured_media":0,"parent":737,"menu_order":0,"comment_status":"closed","ping_status":"closed","template":"afrika2013.php","meta":{"footnotes":""},"class_list":["post-870","page","type-page","status-publish","hentry"],"_links":{"self":[{"href":"https:\/\/www.augen-blicke-afrika.de\/blog\/wp-json\/wp\/v2\/pages\/870","targetHints":{"allow":["GET"]}}],"collection":[{"href":"https:\/\/www.augen-blicke-afrika.de\/blog\/wp-json\/wp\/v2\/pages"}],"about":[{"href":"https:\/\/www.augen-blicke-afrika.de\/blog\/wp-json\/wp\/v2\/types\/page"}],"author":[{"embeddable":true,"href":"https:\/\/www.augen-blicke-afrika.de\/blog\/wp-json\/wp\/v2\/users\/1"}],"replies":[{"embeddable":true,"href":"https:\/\/www.augen-blicke-afrika.de\/blog\/wp-json\/wp\/v2\/comments?post=870"}],"version-history":[{"count":9,"href":"https:\/\/www.augen-blicke-afrika.de\/blog\/wp-json\/wp\/v2\/pages\/870\/revisions"}],"predecessor-version":[{"id":12698,"href":"https:\/\/www.augen-blicke-afrika.de\/blog\/wp-json\/wp\/v2\/pages\/870\/revisions\/12698"}],"up":[{"embeddable":true,"href":"https:\/\/www.augen-blicke-afrika.de\/blog\/wp-json\/wp\/v2\/pages\/737"}],"wp:attachment":[{"href":"https:\/\/www.augen-blicke-afrika.de\/blog\/wp-json\/wp\/v2\/media?parent=870"}],"curies":[{"name":"wp","href":"https:\/\/api.w.org\/{rel}","templated":true}]}}