{"id":8442,"date":"2024-10-05T10:06:43","date_gmt":"2024-10-05T08:06:43","guid":{"rendered":"http:\/\/www.augen-blicke-afrika.de\/blog\/?page_id=8442"},"modified":"2024-11-12T10:51:10","modified_gmt":"2024-11-12T09:51:10","slug":"vorwort-2024","status":"publish","type":"page","link":"https:\/\/www.augen-blicke-afrika.de\/blog\/vorwort-2024\/","title":{"rendered":"Vorwort 2024"},"content":{"rendered":"\n<div ><figure class=\"wp-block-video\"><video controls src=\"http:\/\/www.augen-blicke-afrika.de\/blog\/wp-content\/uploads\/2024\/11\/Festivaltrailer 2024 HD.mp4\" width=\"680\" height=\"382\" ><\/video><\/figure><\/div>\n\n\n<h1 style=\"padding-top: 2pt; text-align: left;\" ><strong>Herzlich Willkommen beim afrikanischen Filmfestival Augen Blicke Afrika 2024!<\/strong><\/h1>\n<div class=\"just1\">\u00a0<\/div>\n\n\n<p class=\"just\">Er\u00f6ffnet wird unser diesj\u00e4hriges Filmfestival am 07.11. mit dem marokkanischen <strong>Musik\u00addrama <a href=\"http:\/\/www.augen-blicke-afrika.de\/blog\/film-2024\/\/?film=260\">\u201eJeder liebt Touda\u201c<\/a><\/strong>. Dazu haben wir das <a href=\"http:\/\/www.augen-blicke-afrika.de\/blog\/eroeffnungsabend\/\"><strong>K\u00fcnstlerpaar Suna und Hani<\/strong><\/a> eingeladen, die mit orientalischem Tanz marokkanisches Flair verbreiten.<br>Die folgenden zwei Wochen erm\u00f6glichen wieder vielseitige Einblicke in die Lebenswelten der Menschen vieler afrikanischer L\u00e4nder.<br>Globale politische, wirtschaftliche und kriegerische Auseinandersetzungen haben vielf\u00e4ltige Auswirkungen auf den afrikanischen Kontinent. Die Folgen tr\u00e4gt die Bev\u00f6lkerung u. a. in Form von enormen Preisanstiegen f\u00fcr Lebensmittel. Der Klimawandel f\u00fchrt zu \u00dcberschwemmungen oder langen D\u00fcrreperioden, der Verlust von Ackerb\u00f6den f\u00fchrt zu Binnenmigration. Aber auch politische Machtk\u00e4mpfe und die zunehmenden Gewaltakte von Islamisten in einigen L\u00e4ndern zwingen Hunderttausende zur Flucht, zu einem Leben in elenden Fl\u00fcchtlingslagern. Ein kleiner Teil junger Leute sucht sein Heil auf gef\u00e4hrlichen Routen nach Europa.<br>Das Thema Migration wird in vielen spannend entwickelten Spielfilmen aufgegriffen. Interessant ist die Selbstreflexion der Protagonisten, die auch im Bleiben eine Zukunft sehen. <strong><a href=\"http:\/\/www.augen-blicke-afrika.de\/blog\/film-2024\/\/?film=257\">\u201eAfter the Long Rains\u201c<\/a><\/strong>, <strong><a href=\"http:\/\/www.augen-blicke-afrika.de\/blog\/film-2024\/\/?film=259\">\u201eDisco Afrika &#8211; A Malagasy Story\u201c<\/a><\/strong>, <strong><a href=\"http:\/\/www.augen-blicke-afrika.de\/blog\/film-2024\/\/?film=284\">\u201eThe Wall Street Boy\u201c<\/a><\/strong>, <strong><a href=\"http:\/\/www.augen-blicke-afrika.de\/blog\/film-2024\/\/?film=258\">\u201eBravo, Burkina!\u201c<\/a><\/strong> zeigen diese Prozesse.<br>Das Streben nach gesellschaftlicher Ver\u00e4nderung und sozialer Anerkennung steht im Mittelpunkt der Filme <strong><a href=\"http:\/\/www.augen-blicke-afrika.de\/blog\/film-2024\/\/?film=277\">\u201eWho I am Not\u201c<\/a><\/strong>, <a href=\"http:\/\/www.augen-blicke-afrika.de\/blog\/film-2024\/\/?film=274\"><strong>\u201e1001 Days<\/strong>\u201c<\/a>, <strong><a href=\"http:\/\/www.augen-blicke-afrika.de\/blog\/film-2024\/\/?film=268\">\u201eChoose me\u201c<\/a><\/strong>,<br><strong><a href=\"http:\/\/www.augen-blicke-afrika.de\/blog\/film-2024\/\/?film=269\">\u201eLe courage en plus\u201c<\/a><\/strong>, <strong><a href=\"http:\/\/www.augen-blicke-afrika.de\/blog\/film-2024\/\/?film=265\">\u201eThe Damned Don\u2019t Cry\u201d<\/a><\/strong> und <strong><a href=\"http:\/\/www.augen-blicke-afrika.de\/blog\/film-2024\/\/?film=278\">\u201eValley of a Thousand Hills\u201d<\/a><\/strong>. Durch politische Rahmenbedingungen entstandene pers\u00f6nliche Konflikt\u00adsituationen werden in den Dokumentarfilmen <a href=\"http:\/\/www.augen-blicke-afrika.de\/blog\/film-2024\/\/?film=283\"><strong>\u201eThe Mother of All Lies\u201c<\/strong>,<\/a> <strong><a href=\"http:\/\/www.augen-blicke-afrika.de\/blog\/film-2024\/\/?film=285\">\u201eTheatre of Violence\u201c<\/a><\/strong> und<strong> <a href=\"http:\/\/www.augen-blicke-afrika.de\/blog\/film-2024\/\/?film=271\">\u201eOlfas T\u00f6chter\u201c<\/a><\/strong> in herausragender Weise auf\u00adgearbeitet.<br>Welche Folgen die wirtschaftlichen Interessen ausl\u00e4ndischer Firmen f\u00fcr die Menschen haben, dokumentiert der Film<strong> <a href=\"http:\/\/www.augen-blicke-afrika.de\/blog\/film-2024\/\/?film=276\">\u201eMade in Ethiopia\u201c<\/a><\/strong>.<br>Der spannend erz\u00e4hlte Dokumentarfilm <strong><a href=\"http:\/\/www.augen-blicke-afrika.de\/blog\/film-2024\/\/?film=273\">\u201eTogoland Projektionen\u201c<\/a><\/strong> konfrontiert Menschen im heutigen Togo mit unbekanntem historischen Filmmaterial, das w\u00e4hrend der deutschen Kolonialzeit im Land gedreht worden ist.<br>Schlie\u00dflich bieten wir noch zwei Sonderprogramme. Der Dokumentarfilm <strong><a href=\"http:\/\/www.augen-blicke-afrika.de\/blog\/film-2024\/\/?film=281\">\u201eFamoudou Konat\u00e9 &#8211; King of Djemb\u00e9\u201c<\/a><\/strong> ist ein musikalisches Portrait des Meistertrommlers aus Guinea, dem Herzland der Djemb\u00e9-Musik. Anschlie\u00dfend gibt es diese Musik live zu h\u00f6ren mit dem Sohn und Nachfolger des Meisters Billy Konat\u00e9 &amp; Friends.<br>Ein cineastischer Leckerbissen ist der vielschichtige Film <strong><a href=\"http:\/\/www.augen-blicke-afrika.de\/blog\/film-2024\/\/?film=280\">\u201eSoundtrack to a Coup d\u2019Etat\u201c<\/a><\/strong>. Mit spannenden historischen Aufnahmen belegt der Film die internationalen widerstreitenden Interessen der politischen Akteure in der Zeit des Kalten Kriegs. Die imperialistische Rolle Belgiens kurz nach der Unabh\u00e4ngigkeit des Kongos verbindet der Regisseur mit afro-amerikanischen Jazzmusikerinnen dieser Zeit, die die Entkolonialisierungsbewegungen mit Texten und Auftritten unterst\u00fctzten. Im Anschluss gibt es Gelegenheit, mit einem Gast diese Zusammenh\u00e4nge in Diskussionen und Fragen zu vertiefen. Zu vielen Filmen haben wir wieder Regisseurinnen oder Protagonistinnen eingeladen, um mit ihnen im Anschluss an die Filmvorf\u00fchrung \u00fcber das Gesehene zu diskutieren. <\/p>\n\n\n\n<p class=\"just\"><strong>Von Freitag bis Sonntag lockt das \u201eM\u00f6hrchen\u201c<\/strong> nebenan wieder mit leckerem afrikanischen Essen und bietet einen Treffpunkt zum weiteren Austausch mit eingeladenen Filmschaffenden und Kinobesucherinnen.<\/p>\n\n\n\n<figure class=\"wp-block-image size-large\"><a href=\"http:\/\/www.augen-blicke-afrika.de\/blog\/wp-content\/uploads\/2024\/10\/1-e1728113098929.png\"><img loading=\"lazy\" decoding=\"async\" width=\"1024\" height=\"358\" src=\"http:\/\/www.augen-blicke-afrika.de\/blog\/wp-content\/uploads\/2024\/10\/1-e1728113098929-1024x358.png\" alt=\"\" class=\"wp-image-8445\" srcset=\"https:\/\/www.augen-blicke-afrika.de\/blog\/wp-content\/uploads\/2024\/10\/1-e1728113098929-1024x358.png 1024w, https:\/\/www.augen-blicke-afrika.de\/blog\/wp-content\/uploads\/2024\/10\/1-e1728113098929-300x105.png 300w, https:\/\/www.augen-blicke-afrika.de\/blog\/wp-content\/uploads\/2024\/10\/1-e1728113098929-768x269.png 768w, https:\/\/www.augen-blicke-afrika.de\/blog\/wp-content\/uploads\/2024\/10\/1-e1728113098929-1536x537.png 1536w, https:\/\/www.augen-blicke-afrika.de\/blog\/wp-content\/uploads\/2024\/10\/1-e1728113098929-2048x716.png 2048w, https:\/\/www.augen-blicke-afrika.de\/blog\/wp-content\/uploads\/2024\/10\/1-e1728113098929-500x175.png 500w\" sizes=\"auto, (max-width: 1024px) 100vw, 1024px\" \/><\/a><\/figure>\n","protected":false},"excerpt":{"rendered":"<p>Herzlich Willkommen beim afrikanischen Filmfestival Augen Blicke Afrika 2024! \u00a0 Er\u00f6ffnet wird unser diesj\u00e4hriges Filmfestival am 07.11. mit dem marokkanischen Musik\u00addrama \u201eJeder liebt Touda\u201c. Dazu haben wir das K\u00fcnstlerpaar Suna und Hani eingeladen, die mit orientalischem Tanz marokkanisches Flair verbreiten.Die &hellip; <a href=\"https:\/\/www.augen-blicke-afrika.de\/blog\/vorwort-2024\/\">Weiterlesen <span class=\"meta-nav\">&rarr;<\/span><\/a><\/p>\n","protected":false},"author":3,"featured_media":0,"parent":0,"menu_order":0,"comment_status":"closed","ping_status":"closed","template":"afrika2024.php","meta":{"footnotes":""},"class_list":["post-8442","page","type-page","status-publish","hentry"],"_links":{"self":[{"href":"https:\/\/www.augen-blicke-afrika.de\/blog\/wp-json\/wp\/v2\/pages\/8442","targetHints":{"allow":["GET"]}}],"collection":[{"href":"https:\/\/www.augen-blicke-afrika.de\/blog\/wp-json\/wp\/v2\/pages"}],"about":[{"href":"https:\/\/www.augen-blicke-afrika.de\/blog\/wp-json\/wp\/v2\/types\/page"}],"author":[{"embeddable":true,"href":"https:\/\/www.augen-blicke-afrika.de\/blog\/wp-json\/wp\/v2\/users\/3"}],"replies":[{"embeddable":true,"href":"https:\/\/www.augen-blicke-afrika.de\/blog\/wp-json\/wp\/v2\/comments?post=8442"}],"version-history":[{"count":21,"href":"https:\/\/www.augen-blicke-afrika.de\/blog\/wp-json\/wp\/v2\/pages\/8442\/revisions"}],"predecessor-version":[{"id":8655,"href":"https:\/\/www.augen-blicke-afrika.de\/blog\/wp-json\/wp\/v2\/pages\/8442\/revisions\/8655"}],"wp:attachment":[{"href":"https:\/\/www.augen-blicke-afrika.de\/blog\/wp-json\/wp\/v2\/media?parent=8442"}],"curies":[{"name":"wp","href":"https:\/\/api.w.org\/{rel}","templated":true}]}}