{"id":842,"date":"2013-09-18T17:47:28","date_gmt":"2013-09-18T15:47:28","guid":{"rendered":"http:\/\/www.augen-blicke-afrika.de\/blog\/?page_id=842"},"modified":"2025-11-06T11:14:34","modified_gmt":"2025-11-06T10:14:34","slug":"por-aqui-tudo-bem-alles-ist-gut","status":"publish","type":"page","link":"https:\/\/www.augen-blicke-afrika.de\/blog\/archiv\/archiv-2013\/filme-2013\/por-aqui-tudo-bem-alles-ist-gut\/","title":{"rendered":"Por aqui tudo bem &#8211;  Alles ist gut"},"content":{"rendered":"<style> .entry-title {display: block; margin: 0 0 -3% -6%;}<\/style>\n<p><em>Angola \/ Portugal 2011, R.: Pocas Pascoal<\/em><br \/>\n<em> 94 Min., OF m. dt. UT. Mit Cheila Lima, Ciomara Morais, Vera Cruz, Willion Brand\u00e3o<\/em><\/p>\n<p><img loading=\"lazy\" decoding=\"async\" class=\"alignleft size-full wp-image-918\" title=\"alles-ist-gut2\" src=\"http:\/\/www.augen-blicke-afrika.de\/blog\/wp-content\/uploads\/2013\/09\/alles-ist-gut2.jpg\" alt=\"Por aqui tudo bem -  Alles ist gut\" width=\"140\" height=\"209\" \/>Um dem B\u00fcrgerkrieg in Angola zu entkommen, fliehen die 16-j\u00e4hrige Alda und ihre 17-j\u00e4hrige Schwester Maria im Sp\u00e4tsommer 1980 in die portugiesische Hauptstadt Lissabon. Mittellos und sich selbst \u00fcberlassen warten die Schwestern verzweifelt auf ihre Mutter, die ihnen nach Europa folgen will. Sie suchen Hilfe bei angolanischen Landsleuten, aber die sind eher mit dem eigenen \u00dcberleben besch\u00e4ftigt. Die Schwestern m\u00fcssen m\u00fchsam lernen, sich alleine in einer fremden Welt zu Recht zu finden.<\/p>\n<p><strong>Pocas Pascoal<\/strong>, geb. 1963 in Angola, flieht selbst aus Angola, kehrt wieder zur\u00fcck, heiratet einen Franzosen und lebt heute in Frankreich. Sie studiert am \u201cConservatoire Libre du Cin\u00e9ma\u201d in Frankreich. Das Spielfilmdeb\u00fct \u00a0<strong>\u201cPor aqui tudo<\/strong> <strong>bem\u201c<\/strong> beruht auf eigenen Erfahrungen der Regisseurin.<\/p>\n<div id=\"attachment_919\" style=\"width: 496px\" class=\"wp-caption alignnone\"><img loading=\"lazy\" decoding=\"async\" aria-describedby=\"caption-attachment-919\" class=\"size-full wp-image-919\" title=\"alles-ist-gut\" src=\"http:\/\/www.augen-blicke-afrika.de\/blog\/wp-content\/uploads\/2013\/09\/alles-ist-gut.jpg\" alt=\"Por aqui tudo bem -  Alles ist gut\" width=\"486\" height=\"274\" srcset=\"https:\/\/www.augen-blicke-afrika.de\/blog\/wp-content\/uploads\/2013\/09\/alles-ist-gut.jpg 486w, https:\/\/www.augen-blicke-afrika.de\/blog\/wp-content\/uploads\/2013\/09\/alles-ist-gut-300x169.jpg 300w\" sizes=\"auto, (max-width: 486px) 100vw, 486px\" \/><p id=\"caption-attachment-919\" class=\"wp-caption-text\">Filmfotos &#8220;Por aqui tudo bem &#8211; Alles ist gut&#8221;<\/p><\/div>\n<p><a href=\"javascript:history.back();\">Zur\u00fcck<\/a><\/p>\n","protected":false},"excerpt":{"rendered":"<p>Angola \/ Portugal 2011, R.: Pocas Pascoal 94 Min., OF m. dt. UT. Mit Cheila Lima, Ciomara Morais, Vera Cruz, Willion Brand\u00e3o Um dem B\u00fcrgerkrieg in Angola zu entkommen, fliehen die 16-j\u00e4hrige Alda und ihre 17-j\u00e4hrige Schwester Maria im Sp\u00e4tsommer &hellip; <a href=\"https:\/\/www.augen-blicke-afrika.de\/blog\/archiv\/archiv-2013\/filme-2013\/por-aqui-tudo-bem-alles-ist-gut\/\">Weiterlesen <span class=\"meta-nav\">&rarr;<\/span><\/a><\/p>\n","protected":false},"author":1,"featured_media":0,"parent":737,"menu_order":0,"comment_status":"closed","ping_status":"closed","template":"afrika2013.php","meta":{"footnotes":""},"class_list":["post-842","page","type-page","status-publish","hentry"],"_links":{"self":[{"href":"https:\/\/www.augen-blicke-afrika.de\/blog\/wp-json\/wp\/v2\/pages\/842","targetHints":{"allow":["GET"]}}],"collection":[{"href":"https:\/\/www.augen-blicke-afrika.de\/blog\/wp-json\/wp\/v2\/pages"}],"about":[{"href":"https:\/\/www.augen-blicke-afrika.de\/blog\/wp-json\/wp\/v2\/types\/page"}],"author":[{"embeddable":true,"href":"https:\/\/www.augen-blicke-afrika.de\/blog\/wp-json\/wp\/v2\/users\/1"}],"replies":[{"embeddable":true,"href":"https:\/\/www.augen-blicke-afrika.de\/blog\/wp-json\/wp\/v2\/comments?post=842"}],"version-history":[{"count":9,"href":"https:\/\/www.augen-blicke-afrika.de\/blog\/wp-json\/wp\/v2\/pages\/842\/revisions"}],"predecessor-version":[{"id":12697,"href":"https:\/\/www.augen-blicke-afrika.de\/blog\/wp-json\/wp\/v2\/pages\/842\/revisions\/12697"}],"up":[{"embeddable":true,"href":"https:\/\/www.augen-blicke-afrika.de\/blog\/wp-json\/wp\/v2\/pages\/737"}],"wp:attachment":[{"href":"https:\/\/www.augen-blicke-afrika.de\/blog\/wp-json\/wp\/v2\/media?parent=842"}],"curies":[{"name":"wp","href":"https:\/\/api.w.org\/{rel}","templated":true}]}}