{"id":8271,"date":"2024-08-06T13:14:15","date_gmt":"2024-08-06T11:14:15","guid":{"rendered":"http:\/\/www.augen-blicke-afrika.de\/blog\/?page_id=8271"},"modified":"2024-10-06T13:36:03","modified_gmt":"2024-10-06T11:36:03","slug":"foerderer-2024","status":"publish","type":"page","link":"https:\/\/www.augen-blicke-afrika.de\/blog\/foerderer-2024\/","title":{"rendered":"F\u00f6rderer 2024"},"content":{"rendered":"\n<h2 class=\"wp-block-heading\"><strong>VERANSTALTER<\/strong><\/h2>\n\n\n\n<figure class=\"wp-block-table\"><table><tbody><tr><td colspan=\"2\">Augen Blicke Afrika e.V. in Kooperation mit dem Studio-Kino Hamburg.<\/td><\/tr><tr><td colspan=\"2\"><img loading=\"lazy\" decoding=\"async\" src=\"http:\/\/www.augen-blicke-afrika.de\/blog\/wp-content\/uploads\/2017\/09\/ABA-logo-300x202.png\" alt=\"ABA logo\" width=\"125\" height=\"88\"><img loading=\"lazy\" decoding=\"async\" src=\"http:\/\/www.augen-blicke-afrika.de\/blog\/wp-content\/uploads\/2013\/09\/Studio-Kino72649_Kopi211122.png\" alt=\"Studio Kino72649_Kopi211122\" width=\"128\" height=\"88\"><\/td><\/tr><tr><td><br><strong>KOOPERATIONEN<\/strong><\/td><\/tr><tr><td colspan=\"2\">Einzelne Veranstaltungen in Kooperation mit den Zeise Kinos und dem Alabama Kino.<\/td><\/tr><tr><td colspan=\"2\"><a href=\"https:\/\/www.zeise.de\/\"><img loading=\"lazy\" decoding=\"async\" width=\"88\" height=\"88\" src=\"http:\/\/www.augen-blicke-afrika.de\/blog\/wp-content\/uploads\/2024\/10\/Zeise-logo.png\" alt=\"Zeise Kinos Logo\"><\/a><a href=\"http:\/\/www.augen-blicke-afrika.de\/blog\/wp-content\/uploads\/2024\/10\/Zeise-logo.png\">&nbsp;&nbsp;<\/a> <a href=\"http:\/\/www.augen-blicke-afrika.de\/blog\/wp-content\/uploads\/2024\/10\/AlabamaKinoHamburg800x800.png\"><\/a><a href=\"http:\/\/www.augen-blicke-afrika.de\/blog\/wp-content\/uploads\/2024\/10\/AlabamaKinoHamburg800x800.png\"> <\/a><a href=\"https:\/\/alabama-kino.com\/\"><img loading=\"lazy\" decoding=\"async\" width=\"125\" height=\"88\" src=\"http:\/\/www.augen-blicke-afrika.de\/blog\/wp-content\/uploads\/2024\/10\/AlabamaKinoHamburg800x800.png\" alt=\"Alabama Kino Logo\"><\/a><a href=\"http:\/\/www.augen-blicke-afrika.de\/blog\/wp-content\/uploads\/2014\/10\/AILogo_Kombi_S_HG2070712513.jpg\">&nbsp;&nbsp; &nbsp;&nbsp; <\/a><a href=\"http:\/\/www.augen-blicke-afrika.de\/blog\/wp-content\/uploads\/2014\/10\/AILogo_Kombi_S_HG2070712513.jpg\"><\/a><\/td><\/tr><tr><td><br><strong>F\u00d6RDERUNG<\/strong><\/td><\/tr><tr><td colspan=\"2\">Aktion Selbstbesteuerung, Stiftung umverteilen, Norddeutsche Stiftung f\u00fcr Umwelt und \u00adEntwicklung (NUE), Katholischer Fonds, \u00adBezirksamt Altona, Kulturbeh\u00f6rde Hamburg, Sozialbeh\u00f6rde Hamburg, Landeszentrale f\u00fcr politische \u00adBildung Hamburg, KED<\/td><\/tr><tr style=\"height: 92px;\">\n<td style=\"border: 0px none; height: 92px; width: 1148px;\" colspan=\"2\"><a href=\"https:\/\/www.katholischer-fonds.de\/\"><img loading=\"lazy\" decoding=\"async\" class=\"wp-image-158 alignnone\" style=\"border: 0;\" src=\"http:\/\/www.augen-blicke-afrika.de\/blog\/wp-content\/uploads\/2012\/09\/katholischer-fonds.png\" alt=\"Katholischer Fonds\" width=\"96\" height=\"63\" \/><\/a>\u00a0 <a href=\"https:\/\/www.ked-nordkirche.de\/index.html\"><img loading=\"lazy\" decoding=\"async\" class=\"alignnone wp-image-5911 \" style=\"border: 0;\" src=\"http:\/\/www.augen-blicke-afrika.de\/blog\/wp-content\/uploads\/2020\/09\/IMG_2353-e1601375549973.jpg\" alt=\"\" width=\"109\" height=\"63\" \/><\/a> <a href=\"https:\/\/www.nue-stiftung.de\/\">\u00a0<img loading=\"lazy\" decoding=\"async\" class=\"wp-image-155 alignnone\" style=\"border: 0;\" title=\"NUE-Norddeutsche Stiftung f\u00fcr Umwelt und Entwicklung\" src=\"http:\/\/www.augen-blicke-afrika.de\/blog\/wp-content\/uploads\/2012\/09\/nue.gif\" alt=\"NUE-Norddeutsche Stiftung f\u00fcr Umwelt und Entwicklung\" width=\"176\" height=\"66\" \/><\/a><a href=\"https:\/\/www.nue-stiftung.de\/bingo-umweltlotterie\/\">\u00a0 <img loading=\"lazy\" decoding=\"async\" class=\" wp-image-154 alignnone\" style=\"border: 0;\" src=\"http:\/\/www.augen-blicke-afrika.de\/blog\/wp-content\/uploads\/2012\/09\/bingohh.png\" alt=\"Lotterie BINGO! Die Umweltlotterie\" width=\"63\" height=\"59\" \/>\u00a0 <\/a><\/td>\n<\/tr>\n<tr style=\"height: 108px;\">\n<td style=\"border: 0px none; height: 108px; width: 1148px;\" colspan=\"2\">\n<h3> \u00a0 <a href=\"https:\/\/www.umverteilen.de\/\"><img loading=\"lazy\" decoding=\"async\" class=\"alignnone wp-image-168\" style=\"border: 0;\" src=\"http:\/\/www.augen-blicke-afrika.de\/blog\/wp-content\/uploads\/2012\/09\/umverteilen.png\" alt=\"Umverteilen! \u2013 Stiftung f\u00fcr eine, solidarische Welt\" width=\"122\" height=\"65\" \/><\/a>\u00a0\u00a0 <a href=\"https:\/\/www.aktion-selbstbesteuerung.de\/\"><img loading=\"lazy\" decoding=\"async\" class=\"alignnone wp-image-4281\" style=\"border: 0;\" src=\"http:\/\/www.augen-blicke-afrika.de\/blog\/wp-content\/uploads\/2018\/10\/asb-logo_trans-300x143.png\" alt=\"asb-logo_trans\" width=\"90\" height=\"47\" \/><\/a><a href=\"http:\/\/www.augen-blicke-afrika.de\/blog\/wp-content\/uploads\/2019\/10\/lz_logo_pos_medium_sw.jpg\">\u00a0\u00a0 <\/a><a href=\"https:\/\/www.hamburg.de\/politik-und-verwaltung\/behoerden\/schulbehoerde\/themen\/politische-bildung\"><img loading=\"lazy\" decoding=\"async\" class=\"alignnone wp-image-5940 \" style=\"border: 0;\" src=\"http:\/\/www.augen-blicke-afrika.de\/blog\/wp-content\/uploads\/2020\/09\/lz_logo_pos_small_sw.jpg\" alt=\"\" width=\"112\" height=\"63\" \/><\/a><\/h3>\n<\/td>\n<\/tr>\n<tr style=\"height: 84px;\">\n<td style=\"border: 0px none; height: 84px; width: 1148px;\" colspan=\"2\"><a href=\"http:\/\/www.augen-blicke-afrika.de\/blog\/wp-content\/uploads\/2018\/10\/ba-altona.png\">\u00a0<img loading=\"lazy\" decoding=\"async\" class=\"alignnone wp-image-4279 \" style=\"border: 0;\" src=\"http:\/\/www.augen-blicke-afrika.de\/blog\/wp-content\/uploads\/2018\/10\/ba-altona-e1539352367821-300x108.png\" alt=\"ba-altona\" width=\"153\" height=\"62\" \/><\/a> <a href=\"https:\/\/www.hamburg.de\/politik-und-verwaltung\/behoerden\/behoerde-fuer-kultur-und-medien\">\u00a0<img loading=\"lazy\" decoding=\"async\" class=\"alignnone wp-image-4280 \" style=\"border: 0;\" src=\"http:\/\/www.augen-blicke-afrika.de\/blog\/wp-content\/uploads\/2018\/10\/Behoerde_KuM-e1539352409406-300x98.png\" alt=\"Behoerde_KuM\" width=\"169\" height=\"63\" \/>\u00a0<\/a><a href=\"http:\/\/www.augen-blicke-afrika.de\/blog\/wp-content\/uploads\/2020\/09\/BASFI_2354.jpg\"><\/a>.<a href=\"https:\/\/www.hamburg.de\/politik-und-verwaltung\/behoerden\/sozialbehoerde\"><img loading=\"lazy\" decoding=\"async\" class=\"alignnone wp-image-6282 \" style=\"border: 0;\" src=\"http:\/\/www.augen-blicke-afrika.de\/blog\/wp-content\/uploads\/2021\/09\/sozialbeh_5934.jpg\" alt=\"\" width=\"160\" height=\"65\" \/>\u00a0<\/a><\/td>\n<\/tr>\n<tr><td colspan=\"2\"><strong>ANZEIGENKUNDEN<\/strong><\/td><\/tr><tr><td colspan=\"2\"> <strong><a href=\"http:\/\/www.medibuero-hamburg.org\/\">Medib\u00fcro Hamburg<\/a><\/strong><br><strong><a href=\"https:\/\/www.schanzenbuch.com\/\">Buchhandlung im Schanzenviertel<\/a><\/strong><br><a href=\"https:\/\/www.lonam.de\"><strong>L\u00f8Nam Magazin<\/strong><\/a><\/td><td>&nbsp;<\/td><td colspan=\"2\">&nbsp;<\/td><\/tr><tr><td colspan=\"2\">&nbsp;<\/td><td>&nbsp;<\/td><td>&nbsp;<\/td><\/tr><\/tbody><\/table><\/figure>\n\n\n\n\n\n\n","protected":false},"excerpt":{"rendered":"<p>VERANSTALTER Augen Blicke Afrika e.V. in Kooperation mit dem Studio-Kino Hamburg. KOOPERATIONEN Einzelne Veranstaltungen in Kooperation mit den Zeise Kinos und dem Alabama Kino. &nbsp;&nbsp; &nbsp;&nbsp; &nbsp;&nbsp; F\u00d6RDERUNG Aktion Selbstbesteuerung, Stiftung umverteilen, Norddeutsche Stiftung f\u00fcr Umwelt und \u00adEntwicklung (NUE), Katholischer &hellip; <a href=\"https:\/\/www.augen-blicke-afrika.de\/blog\/foerderer-2024\/\">Weiterlesen <span class=\"meta-nav\">&rarr;<\/span><\/a><\/p>\n","protected":false},"author":3,"featured_media":0,"parent":0,"menu_order":0,"comment_status":"closed","ping_status":"closed","template":"afrika2024.php","meta":{"footnotes":""},"class_list":["post-8271","page","type-page","status-publish","hentry"],"_links":{"self":[{"href":"https:\/\/www.augen-blicke-afrika.de\/blog\/wp-json\/wp\/v2\/pages\/8271","targetHints":{"allow":["GET"]}}],"collection":[{"href":"https:\/\/www.augen-blicke-afrika.de\/blog\/wp-json\/wp\/v2\/pages"}],"about":[{"href":"https:\/\/www.augen-blicke-afrika.de\/blog\/wp-json\/wp\/v2\/types\/page"}],"author":[{"embeddable":true,"href":"https:\/\/www.augen-blicke-afrika.de\/blog\/wp-json\/wp\/v2\/users\/3"}],"replies":[{"embeddable":true,"href":"https:\/\/www.augen-blicke-afrika.de\/blog\/wp-json\/wp\/v2\/comments?post=8271"}],"version-history":[{"count":36,"href":"https:\/\/www.augen-blicke-afrika.de\/blog\/wp-json\/wp\/v2\/pages\/8271\/revisions"}],"predecessor-version":[{"id":8539,"href":"https:\/\/www.augen-blicke-afrika.de\/blog\/wp-json\/wp\/v2\/pages\/8271\/revisions\/8539"}],"wp:attachment":[{"href":"https:\/\/www.augen-blicke-afrika.de\/blog\/wp-json\/wp\/v2\/media?parent=8271"}],"curies":[{"name":"wp","href":"https:\/\/api.w.org\/{rel}","templated":true}]}}