{"id":713,"date":"2013-09-11T17:15:19","date_gmt":"2013-09-11T15:15:19","guid":{"rendered":"http:\/\/www.augen-blicke-afrika.de\/blog\/?page_id=713"},"modified":"2018-10-10T14:11:50","modified_gmt":"2018-10-10T12:11:50","slug":"schrimherrschaft-2013","status":"publish","type":"page","link":"https:\/\/www.augen-blicke-afrika.de\/blog\/archiv\/archiv-2013\/schrimherrschaft-2013\/","title":{"rendered":"Schirmherrschaft 2013"},"content":{"rendered":"<h1>Maraba \u2013 Willkommen!<\/h1>\n<p><img loading=\"lazy\" decoding=\"async\" class=\"alignleft size-full wp-image-714\" title=\"Schirmherr Augen Blicke Afrika 2013 Joseph McIntyre\" src=\"http:\/\/www.augen-blicke-afrika.de\/blog\/wp-content\/uploads\/2013\/09\/schirmherr2013.png\" alt=\"Joseph McIntyre Schirmherr Augen Blicke Afrika 2013\" width=\"232\" height=\"273\" \/><\/p>\n<p>Schon in meiner Kindheit in Nord-England war ich vom afrikanischen Kontinent fasziniert. Was Afrika genau f\u00fcr mich bedeutete, wei\u00df ich heute nicht mehr, m\u00f6glicherweise war es der Traum vom Gro\u00dfwildj\u00e4ger. Wie auch immer, das Interesse blieb, ich studierte Hausa und Ethnologie. Danach ging\u2019s wirklich nach Afrika f\u00fcr mehrere Jahre zur Forschung und Lehrt\u00e4tigkeit in Kano, Nord-Nigeria.<\/p>\n<p>Als Hausa-Dozent an der Universit\u00e4t Hamburg habe ich immer nach Wegen gesucht, den Studierenden nicht nur die Sprache zu vermitteln, sondern auch die damit verbundenen kulturellen Werte, um ihren Blick auf Afrika zu erweitern und damit auch einen kritischen Blick auf die eigene Kultur zu erm\u00f6glichen.<\/p>\n<p>Die Organisatoren dieses Filmfestivals verfolgen mit gro\u00dfem Engagement ein \u00e4hnliches Ziel. Aus diesem Grund habe ich die Einladung zur Schirmherrschaft f\u00fcr das zweite Festival \u201eAugen Blicke Afrika\u201c sehr gerne angenommen. Ich w\u00fcnsche allen Festivalbesuchern viel Freude an den Filmen und interessante neue Einblicke.<\/p>\n<p><img loading=\"lazy\" decoding=\"async\" id=\"unterschrift\" class=\"size-full wp-image-815 alignnone\" title=\"Unterschrift Schirmherr Joseph McIntyre\" src=\"http:\/\/www.augen-blicke-afrika.de\/blog\/wp-content\/uploads\/2013\/09\/Unterschrift-Joe.png\" alt=\"Unterschrift Schirmherr Joseph McIntyre\" width=\"331\" height=\"86\" srcset=\"https:\/\/www.augen-blicke-afrika.de\/blog\/wp-content\/uploads\/2013\/09\/Unterschrift-Joe.png 331w, https:\/\/www.augen-blicke-afrika.de\/blog\/wp-content\/uploads\/2013\/09\/Unterschrift-Joe-300x77.png 300w\" sizes=\"auto, (max-width: 331px) 100vw, 331px\" \/><\/p>\n<p><em><br \/>\nJoseph McIntyre<\/em><\/p>\n<p><em>Joseph McIntyre, geb. 1946 in Newcastle-on-Tyne, England. Studium Hausa + Ethnologie an der School of Oriental and African Studies, London University, Dozent f\u00fcr Hausa in Hamburg 1978 &#8211; 2011, Ver\u00f6ffentlichungen \u00fcber Hausa-Sprache und Hausa sprechende Migranten in Hamburg.<\/em><\/p>\n","protected":false},"excerpt":{"rendered":"<p>Maraba \u2013 Willkommen! Schon in meiner Kindheit in Nord-England war ich vom afrikanischen Kontinent fasziniert. Was Afrika genau f\u00fcr mich bedeutete, wei\u00df ich heute nicht mehr, m\u00f6glicherweise war es der Traum vom Gro\u00dfwildj\u00e4ger. Wie auch immer, das Interesse blieb, ich &hellip; <a href=\"https:\/\/www.augen-blicke-afrika.de\/blog\/archiv\/archiv-2013\/schrimherrschaft-2013\/\">Weiterlesen <span class=\"meta-nav\">&rarr;<\/span><\/a><\/p>\n","protected":false},"author":1,"featured_media":0,"parent":4188,"menu_order":0,"comment_status":"closed","ping_status":"closed","template":"afrika2013.php","meta":{"footnotes":""},"class_list":["post-713","page","type-page","status-publish","hentry"],"_links":{"self":[{"href":"https:\/\/www.augen-blicke-afrika.de\/blog\/wp-json\/wp\/v2\/pages\/713","targetHints":{"allow":["GET"]}}],"collection":[{"href":"https:\/\/www.augen-blicke-afrika.de\/blog\/wp-json\/wp\/v2\/pages"}],"about":[{"href":"https:\/\/www.augen-blicke-afrika.de\/blog\/wp-json\/wp\/v2\/types\/page"}],"author":[{"embeddable":true,"href":"https:\/\/www.augen-blicke-afrika.de\/blog\/wp-json\/wp\/v2\/users\/1"}],"replies":[{"embeddable":true,"href":"https:\/\/www.augen-blicke-afrika.de\/blog\/wp-json\/wp\/v2\/comments?post=713"}],"version-history":[{"count":23,"href":"https:\/\/www.augen-blicke-afrika.de\/blog\/wp-json\/wp\/v2\/pages\/713\/revisions"}],"predecessor-version":[{"id":1564,"href":"https:\/\/www.augen-blicke-afrika.de\/blog\/wp-json\/wp\/v2\/pages\/713\/revisions\/1564"}],"up":[{"embeddable":true,"href":"https:\/\/www.augen-blicke-afrika.de\/blog\/wp-json\/wp\/v2\/pages\/4188"}],"wp:attachment":[{"href":"https:\/\/www.augen-blicke-afrika.de\/blog\/wp-json\/wp\/v2\/media?parent=713"}],"curies":[{"name":"wp","href":"https:\/\/api.w.org\/{rel}","templated":true}]}}