{"id":6305,"date":"2021-09-23T11:28:35","date_gmt":"2021-09-23T09:28:35","guid":{"rendered":"http:\/\/www.augen-blicke-afrika.de\/blog\/?page_id=6305"},"modified":"2022-09-18T17:06:57","modified_gmt":"2022-09-18T15:06:57","slug":"grusswort-2021","status":"publish","type":"page","link":"https:\/\/www.augen-blicke-afrika.de\/blog\/grusswort-2021\/","title":{"rendered":"Gru\u00dfwort 2021"},"content":{"rendered":"\n<h1 class=\"wp-block-heading\">10 Jahre Afrikanisches Filmfestival \u201eAugen Blicke Afrika\u201c<\/h1>\n\n\n\n<div class=\"wp-block-image\"><figure class=\"alignleft size-large is-resized\"><a href=\"http:\/\/www.augen-blicke-afrika.de\/blog\/wp-content\/uploads\/2018\/10\/Ilsemargret-Luttmann-08.2017.jpg\"><img loading=\"lazy\" decoding=\"async\" src=\"http:\/\/www.augen-blicke-afrika.de\/blog\/wp-content\/uploads\/2021\/09\/Carsten_Brosda01.jpg\" alt=\"\"  width=\"291\" height=\"219\" border=\"0\"\/><\/a><\/figure><\/div>\n\n\n\n<p>Sind Sie meist der Meinung, die Sie als letztes geh\u00f6rt haben? Wenn ja, sind Sie damit immerhin nicht allein. Der Literaturkritiker Ijoma Mangold schreibt in seinem j\u00fcngsten Buch von einem Kollegen, der dies ebenfalls tut. Aber ist es auch gut? In den meisten F\u00e4llen sicher nicht. Aber eben nicht in allen. So zeigt das Afrikanische Filmfest auch in diesem Jahr, dass es manchmal sogar sehr gut ist, das zu glauben, was man als letztes gesehen hat. <br>\nDas Afrikanische Filmfestival \u201eAugen Blicke Afrika\u201c pr\u00e4sentiert durch Filme, Gespr\u00e4che und Veranstaltungen ein differenziertes Bild vom afrikanischen Kontinent. Das Festival zeigt, welche innovative und kreative Schaffenskraft in den vielschichtigen afrikanischen L\u00e4ndern steckt. So ist zum Beispiel Nollywood in Nigeria nach Bollywood in Indien der zweitgr\u00f6\u00dfte Filmproduktionsstandort weltweit. In \u00c4thiopien gibt es eine lebhafte Gameswirtschaft. Und popul\u00e4re afrikanische Musik findet nicht nur auf dem innerafrikanischen Markt Anklang. <br>\nDabei geht es nicht nur um l\u2019art pour l\u2019art. K\u00fcnstlerinnen und K\u00fcnstler nutzen auch k\u00fcnstlerische Ausdrucksformen, um die Gesellschaft zu einem ver\u00e4nderten Denken anzuregen. K\u00fcnstlerisches Engagement wird so zu politischem Engagement. Unabh\u00e4ngigen afrikanischen Filmemacherinnen und Filmemachern kommt dabei eine wichtige Funktion zu.<br>\nDas Afrikanische Filmfest setzt an diesem Punkt an. Freuen Sie sich also auf interessante Formate von und mit jungen Filmemacherinnen und Filmemachern, die unseren Blick auf ein buntes Afrika lenken.<br>\nIch w\u00fcnsche Ihnen, liebes Publikum, spannende Erlebnisse und neue Erkenntnisse und gratuliere den Veranstalterinnen und Veranstaltern ganz herzlich zum 10.\u2008Jubil\u00e4um! <\/p>\n\n\n\n<p><\/p>\n\n\n\n<figure class=\"wp-block-image size-large is-resized\"><a href=\"http:\/\/www.augen-blicke-afrika.de\/blog\/wp-content\/uploads\/2018\/10\/Unterschrift-4.png\"><img loading=\"lazy\" decoding=\"async\" src=\"http:\/\/www.augen-blicke-afrika.de\/blog\/wp-content\/uploads\/2021\/09\/Unterschrift_Carsten_Brosda_klein.png\" alt=\"\" width=\"221\" height=\"86\" border=\"0\"><\/a><\/figure>\n\n\n\n<p>Dr. Carsten Brosda <br>\nSenator f\u00fcr Kultur und Medien <\/p>\n\n\n\n<p><\/p>\n","protected":false},"excerpt":{"rendered":"<p>10 Jahre Afrikanisches Filmfestival \u201eAugen Blicke Afrika\u201c Sind Sie meist der Meinung, die Sie als letztes geh\u00f6rt haben? Wenn ja, sind Sie damit immerhin nicht allein. Der Literaturkritiker Ijoma Mangold schreibt in seinem j\u00fcngsten Buch von einem Kollegen, der dies &hellip; <a href=\"https:\/\/www.augen-blicke-afrika.de\/blog\/grusswort-2021\/\">Weiterlesen <span class=\"meta-nav\">&rarr;<\/span><\/a><\/p>\n","protected":false},"author":3,"featured_media":6117,"parent":0,"menu_order":0,"comment_status":"closed","ping_status":"closed","template":"afrika2021.php","meta":{"footnotes":""},"class_list":["post-6305","page","type-page","status-publish","has-post-thumbnail","hentry"],"_links":{"self":[{"href":"https:\/\/www.augen-blicke-afrika.de\/blog\/wp-json\/wp\/v2\/pages\/6305","targetHints":{"allow":["GET"]}}],"collection":[{"href":"https:\/\/www.augen-blicke-afrika.de\/blog\/wp-json\/wp\/v2\/pages"}],"about":[{"href":"https:\/\/www.augen-blicke-afrika.de\/blog\/wp-json\/wp\/v2\/types\/page"}],"author":[{"embeddable":true,"href":"https:\/\/www.augen-blicke-afrika.de\/blog\/wp-json\/wp\/v2\/users\/3"}],"replies":[{"embeddable":true,"href":"https:\/\/www.augen-blicke-afrika.de\/blog\/wp-json\/wp\/v2\/comments?post=6305"}],"version-history":[{"count":8,"href":"https:\/\/www.augen-blicke-afrika.de\/blog\/wp-json\/wp\/v2\/pages\/6305\/revisions"}],"predecessor-version":[{"id":6315,"href":"https:\/\/www.augen-blicke-afrika.de\/blog\/wp-json\/wp\/v2\/pages\/6305\/revisions\/6315"}],"wp:featuredmedia":[{"embeddable":true,"href":"https:\/\/www.augen-blicke-afrika.de\/blog\/wp-json\/wp\/v2\/media\/6117"}],"wp:attachment":[{"href":"https:\/\/www.augen-blicke-afrika.de\/blog\/wp-json\/wp\/v2\/media?parent=6305"}],"curies":[{"name":"wp","href":"https:\/\/api.w.org\/{rel}","templated":true}]}}