{"id":6280,"date":"2021-09-23T11:01:52","date_gmt":"2021-09-23T09:01:52","guid":{"rendered":"http:\/\/www.augen-blicke-afrika.de\/blog\/?page_id=6280"},"modified":"2022-09-18T17:06:31","modified_gmt":"2022-09-18T15:06:31","slug":"foerderer-2021","status":"publish","type":"page","link":"https:\/\/www.augen-blicke-afrika.de\/blog\/foerderer-2021\/","title":{"rendered":"F\u00f6rderer 2021"},"content":{"rendered":"<h2><strong>Veranstalter<\/strong><\/h2>\n<table style=\"border: 0;\">\n<tbody>\n<tr style=\"height: 32px;\">\n<td style=\"border: 0px none; height: 32px;\" colspan=\"2\">Augen Blicke Afrika e.V. in Kooperation mit dem Studio-Kino Hamburg.<\/td>\n<\/tr>\n<tr style=\"height: 116px;\">\n<td style=\"border: 0px none; height: 116px;\" colspan=\"2\"><img loading=\"lazy\" decoding=\"async\" class=\"wp-image-3621 alignleft\" style=\"border: 0;\" src=\"http:\/\/www.augen-blicke-afrika.de\/blog\/wp-content\/uploads\/2017\/09\/ABA-logo-300x202.png\" alt=\"ABA logo\" width=\"125\" height=\"88\"><a id=\"sponsor\" href=\"http:\/\/www.augen-blicke-afrika.de\/blog\/wp-content\/uploads\/2013\/09\/Studio-Kino72649_Kopi211122.png\"><img loading=\"lazy\" decoding=\"async\" class=\" wp-image-1794 alignleft\" style=\"border: 0;\" src=\"http:\/\/www.augen-blicke-afrika.de\/blog\/wp-content\/uploads\/2013\/09\/Studio-Kino72649_Kopi211122.png\" alt=\"Studio Kino72649_Kopi211122\" width=\"128\" height=\"88\"><\/a><\/td>\n<\/tr>\n<tr>\n<td style=\"border: 0px none;\" colspan=\"2\"><strong>KOOPERATIONEN<\/strong><br \/>\nmit Heinrich-B\u00f6ll-Stiftung \u00adHamburg e.V. (gef\u00f6rdert aus Mitteln der Landeszentrale f\u00fcr politische Bildung Hamburg) und den \u00ad\u00d6ffentlichen B\u00fccherhallen Hamburg.<\/p>\n<p><a href=\"http:\/\/www.augen-blicke-afrika.de\/blog\/wp-content\/uploads\/2020\/09\/Logo_Heinrich_Boell_rgb.jpg\"><img loading=\"lazy\" decoding=\"async\" class=\"alignnone wp-image-5903 size-full\" style=\"border: 0;\" src=\"http:\/\/www.augen-blicke-afrika.de\/blog\/wp-content\/uploads\/2020\/09\/Logo_Heinrich_Boell_rgb-e1601375159932.jpg\" alt=\"\" width=\"227\" height=\"65\"><\/a><a href=\"http:\/\/www.augen-blicke-afrika.de\/blog\/wp-content\/uploads\/2019\/10\/LogoRLSHamburg.jpg\">&nbsp;&nbsp;<\/a><a href=\"http:\/\/www.augen-blicke-afrika.de\/blog\/wp-content\/uploads\/2019\/10\/1280px-Hamburger_O\u0308ffentliche_Bu\u0308cherhallen_logo.svg-a.png\">&nbsp; <img loading=\"lazy\" decoding=\"async\" class=\"alignnone wp-image-5072 \" style=\"border: 0;\" src=\"http:\/\/www.augen-blicke-afrika.de\/blog\/wp-content\/uploads\/2019\/10\/1280px-Hamburger_O\u0308ffentliche_Bu\u0308cherhallen_logo.svg-a-300x229.png\" width=\"87\" height=\"69\">&nbsp; <\/a><\/td>\n<\/tr>\n<tr style=\"height: 17px;\">\n<td style=\"border: 0px none; height: 17px;\">\n<h2><strong>F\u00f6rderung<\/strong><\/h2>\n<\/td>\n<\/tr>\n<tr style=\"height: 90px;\">\n<td style=\"border: 0px none; height: 90px;\" colspan=\"2\">Aktion Selbstbesteuerung, Stiftung umverteilen, Norddeutsche Stiftung f\u00fcr Umwelt und \u00adEntwicklung (NUE), Katholischer Fonds, \u00adBezirksamt Altona, Kulturbeh\u00f6rde Hamburg, Sozialbeh\u00f6rde Hamburg, Landeszentrale f\u00fcr politische \u00adBildung Hamburg, KED, Filmf\u00f6rderung Hamburg-Schleswig-Holstein, Rudolf-Augstein-Stiftung<\/td>\n<\/tr>\n<tr style=\"height: 92px;\">\n<td style=\"border: 0px none; height: 92px;\" colspan=\"2\"><img loading=\"lazy\" decoding=\"async\" class=\"wp-image-158 alignnone\" style=\"border: 0;\" src=\"http:\/\/www.augen-blicke-afrika.de\/blog\/wp-content\/uploads\/2012\/09\/katholischer-fonds.png\" alt=\"Katholischer Fonds\" width=\"96\" height=\"63\">&nbsp; <a href=\"http:\/\/www.augen-blicke-afrika.de\/blog\/wp-content\/uploads\/2020\/09\/IMG_2353.jpg\"><img loading=\"lazy\" decoding=\"async\" class=\"alignnone wp-image-5911 \" style=\"border: 0;\" src=\"http:\/\/www.augen-blicke-afrika.de\/blog\/wp-content\/uploads\/2020\/09\/IMG_2353-e1601375549973.jpg\" alt=\"\" width=\"109\" height=\"63\"><\/a> &nbsp; <img loading=\"lazy\" decoding=\"async\" class=\"wp-image-155 alignnone\" style=\"border: 0;\" title=\"NUE-Norddeutsche Stiftung f\u00fcr Umwelt und Entwicklung\" src=\"http:\/\/www.augen-blicke-afrika.de\/blog\/wp-content\/uploads\/2012\/09\/nue.gif\" alt=\"NUE-Norddeutsche Stiftung f\u00fcr Umwelt und Entwicklung\" width=\"176\" height=\"66\"> <a href=\"http:\/\/www.augen-blicke-afrika.de\/blog\/wp-content\/uploads\/2020\/09\/PHG-Logo2.jpeg\">&nbsp; <\/a><a href=\"http:\/\/www.augen-blicke-afrika.de\/blog\/wp-content\/uploads\/2021\/09\/Rudolf-Augstein-Stifung.jpg\"><img loading=\"lazy\" decoding=\"async\" class=\"alignnone  wp-image-6283\" style=\"border: 0;\" src=\"http:\/\/www.augen-blicke-afrika.de\/blog\/wp-content\/uploads\/2021\/09\/Rudolf-Augstein-Stifung.jpg\" alt=\"\" width=\"59\" height=\"59\"><\/a><\/td>\n<\/tr>\n<tr style=\"height: 108px;\">\n<td style=\"border: 0px none; height: 108px;\" colspan=\"2\">\n<h3><img loading=\"lazy\" decoding=\"async\" class=\" wp-image-154 alignnone\" style=\"border: 0;\" src=\"http:\/\/www.augen-blicke-afrika.de\/blog\/wp-content\/uploads\/2012\/09\/bingohh.png\" alt=\"Lotterie BINGO! Die Umweltlotterie\" width=\"63\" height=\"59\"> &nbsp; <a href=\"http:\/\/www.augen-blicke-afrika.de\/blog\/wp-content\/uploads\/2012\/09\/umverteilen.png\"><img loading=\"lazy\" decoding=\"async\" class=\"alignnone wp-image-168\" style=\"border: 0;\" src=\"http:\/\/www.augen-blicke-afrika.de\/blog\/wp-content\/uploads\/2012\/09\/umverteilen.png\" alt=\"Umverteilen! \u2013 Stiftung f\u00fcr eine, solidarische Welt\" width=\"122\" height=\"65\"><\/a><a href=\"http:\/\/www.augen-blicke-afrika.de\/blog\/wp-content\/uploads\/2018\/10\/PHG-Logo.jpg\">&nbsp;&nbsp;<\/a><a href=\"http:\/\/www.augen-blicke-afrika.de\/blog\/wp-content\/uploads\/2018\/10\/asb-logo_trans.png\">&nbsp; <img loading=\"lazy\" decoding=\"async\" class=\"alignnone wp-image-4281\" style=\"border: 0;\" src=\"http:\/\/www.augen-blicke-afrika.de\/blog\/wp-content\/uploads\/2018\/10\/asb-logo_trans-300x143.png\" alt=\"asb-logo_trans\" width=\"90\" height=\"47\"><\/a><a href=\"http:\/\/www.augen-blicke-afrika.de\/blog\/wp-content\/uploads\/2019\/10\/lz_logo_pos_medium_sw.jpg\">&nbsp;&nbsp; <\/a><a href=\"http:\/\/www.augen-blicke-afrika.de\/blog\/wp-content\/uploads\/2020\/09\/lz_logo_pos_small_sw.jpg\"><img loading=\"lazy\" decoding=\"async\" class=\"alignnone wp-image-5940 \" style=\"border: 0;\" src=\"http:\/\/www.augen-blicke-afrika.de\/blog\/wp-content\/uploads\/2020\/09\/lz_logo_pos_small_sw.jpg\" alt=\"\" width=\"112\" height=\"63\"><\/a><\/h3>\n<\/td>\n<td style=\"border: 0px none; height: 108px;\" colspan=\"2\"><\/td>\n<\/tr>\n<tr style=\"height: 84px;\">\n<td style=\"border: 0px none; height: 84px;\" colspan=\"2\"><a href=\"http:\/\/www.augen-blicke-afrika.de\/blog\/wp-content\/uploads\/2018\/10\/ba-altona.png\">&nbsp; <img loading=\"lazy\" decoding=\"async\" class=\"alignnone wp-image-4279 \" style=\"border: 0;\" src=\"http:\/\/www.augen-blicke-afrika.de\/blog\/wp-content\/uploads\/2018\/10\/ba-altona-e1539352367821-300x108.png\" alt=\"ba-altona\" width=\"153\" height=\"62\"><\/a><a href=\"http:\/\/www.augen-blicke-afrika.de\/blog\/wp-content\/uploads\/2018\/10\/Behoerde_KuM.png\">&nbsp; <img loading=\"lazy\" decoding=\"async\" class=\"alignnone wp-image-4280 \" style=\"border: 0;\" src=\"http:\/\/www.augen-blicke-afrika.de\/blog\/wp-content\/uploads\/2018\/10\/Behoerde_KuM-e1539352409406-300x98.png\" alt=\"Behoerde_KuM\" width=\"169\" height=\"63\">&nbsp;<\/a><a href=\"http:\/\/www.augen-blicke-afrika.de\/blog\/wp-content\/uploads\/2020\/09\/BASFI_2354.jpg\">&nbsp;<\/a><a href=\"http:\/\/www.augen-blicke-afrika.de\/blog\/wp-content\/uploads\/2021\/09\/sozialbeh_5934.jpg\"><img loading=\"lazy\" decoding=\"async\" class=\"alignnone wp-image-6282 \" style=\"border: 0;\" src=\"http:\/\/www.augen-blicke-afrika.de\/blog\/wp-content\/uploads\/2021\/09\/sozialbeh_5934.jpg\" alt=\"\" width=\"160\" height=\"65\"><\/a>&nbsp;<a href=\"http:\/\/www.augen-blicke-afrika.de\/blog\/wp-content\/uploads\/2012\/09\/Logo-FFHSH-Vektor.png\"> <img loading=\"lazy\" decoding=\"async\" class=\"alignnone wp-image-2669 \" style=\"border: 0;\" src=\"http:\/\/www.augen-blicke-afrika.de\/blog\/wp-content\/uploads\/2012\/09\/Logo-FFHSH-Vektor-300x162.png\" width=\"101\" height=\"59\"> <\/a><\/td>\n<\/tr>\n<tr style=\"height: 32px;\">\n<td style=\"border: 0px none; height: 32px;\" colspan=\"2\" valign=\"middle\"><strong>Medienpartner OXMOX <a href=\"http:\/\/www.augen-blicke-afrika.de\/blog\/wp-content\/uploads\/2021\/10\/480px-Oxmox-Logo.jpg\"><br \/>\n&nbsp;<br \/>\n<img loading=\"lazy\" decoding=\"async\" src=\"http:\/\/www.augen-blicke-afrika.de\/blog\/wp-content\/uploads\/2021\/10\/480px-Oxmox-Logo-300x106.jpg\" alt=\"\" data-wp-editing=\"1\" width=\"174\" height=\"66\"><\/a><br \/>\n<\/strong><\/td>\n<\/tr>\n<tr style=\"height: 32px;\">\n<td style=\"border: 0px none; height: 32px;\" colspan=\"2\"><\/td>\n<td style=\"border: 0px none; height: 32px;\" colspan=\"2\"><\/td>\n<\/tr>\n<\/tbody>\n<\/table>\n<p><\/p>\n","protected":false},"excerpt":{"rendered":"<p>Veranstalter Augen Blicke Afrika e.V. in Kooperation mit dem Studio-Kino Hamburg. KOOPERATIONEN mit Heinrich-B\u00f6ll-Stiftung \u00adHamburg e.V. (gef\u00f6rdert aus Mitteln der Landeszentrale f\u00fcr politische Bildung Hamburg) und den \u00ad\u00d6ffentlichen B\u00fccherhallen Hamburg. &nbsp;&nbsp;&nbsp; &nbsp; F\u00f6rderung Aktion Selbstbesteuerung, Stiftung umverteilen, Norddeutsche Stiftung f\u00fcr &hellip; <a href=\"https:\/\/www.augen-blicke-afrika.de\/blog\/foerderer-2021\/\">Weiterlesen <span class=\"meta-nav\">&rarr;<\/span><\/a><\/p>\n","protected":false},"author":3,"featured_media":6117,"parent":0,"menu_order":0,"comment_status":"closed","ping_status":"closed","template":"afrika2021.php","meta":{"footnotes":""},"class_list":["post-6280","page","type-page","status-publish","has-post-thumbnail","hentry"],"_links":{"self":[{"href":"https:\/\/www.augen-blicke-afrika.de\/blog\/wp-json\/wp\/v2\/pages\/6280","targetHints":{"allow":["GET"]}}],"collection":[{"href":"https:\/\/www.augen-blicke-afrika.de\/blog\/wp-json\/wp\/v2\/pages"}],"about":[{"href":"https:\/\/www.augen-blicke-afrika.de\/blog\/wp-json\/wp\/v2\/types\/page"}],"author":[{"embeddable":true,"href":"https:\/\/www.augen-blicke-afrika.de\/blog\/wp-json\/wp\/v2\/users\/3"}],"replies":[{"embeddable":true,"href":"https:\/\/www.augen-blicke-afrika.de\/blog\/wp-json\/wp\/v2\/comments?post=6280"}],"version-history":[{"count":23,"href":"https:\/\/www.augen-blicke-afrika.de\/blog\/wp-json\/wp\/v2\/pages\/6280\/revisions"}],"predecessor-version":[{"id":6382,"href":"https:\/\/www.augen-blicke-afrika.de\/blog\/wp-json\/wp\/v2\/pages\/6280\/revisions\/6382"}],"wp:featuredmedia":[{"embeddable":true,"href":"https:\/\/www.augen-blicke-afrika.de\/blog\/wp-json\/wp\/v2\/media\/6117"}],"wp:attachment":[{"href":"https:\/\/www.augen-blicke-afrika.de\/blog\/wp-json\/wp\/v2\/media?parent=6280"}],"curies":[{"name":"wp","href":"https:\/\/api.w.org\/{rel}","templated":true}]}}