{"id":4998,"date":"2019-10-19T18:26:22","date_gmt":"2019-10-19T16:26:22","guid":{"rendered":"http:\/\/www.augen-blicke-afrika.de\/blog\/?page_id=4998"},"modified":"2022-09-18T17:30:17","modified_gmt":"2022-09-18T15:30:17","slug":"konzert","status":"publish","type":"page","link":"https:\/\/www.augen-blicke-afrika.de\/blog\/programm-2019\/filme-2019\/konzert\/","title":{"rendered":"KONZERT"},"content":{"rendered":"<h1>Konzert mit dem Kora-Virtuosen Saliou Cissokho und Band<\/h1>\n<p><a href=\"http:\/\/www.augen-blicke-afrika.de\/blog\/wp-content\/uploads\/2019\/10\/th.jpg\"><img loading=\"lazy\" decoding=\"async\" class=\"wp-image-4999 size-medium alignleft\" src=\"http:\/\/www.augen-blicke-afrika.de\/blog\/wp-content\/uploads\/2019\/10\/th-291x300.jpg\" alt=\"th\" width=\"291\" height=\"300\"><\/a>Saliou Cissokho wuchs in der Cissokho-Jali-Familie im \u00adSenegal auf, wo die Tradition des Koraspielens von Vater zu Sohn weitergegeben wird.<br \/>\nSein musikalischer Weg f\u00fchrte ihn \u00fcber Spanien nach Hamburg, wo er seit sieben Jahren lebt. Hier gr\u00fcndete \u00adSaliou Cissokho diverse Musik-Projekte und spielte mit \u00adinternationalen Musikern und K\u00fcnstlern zusammen.<br \/>\nNeben seinen Konzerten gibt er Workshops und h\u00e4lt Vortr\u00e4ge \u00fcber die Kora und die Tradition der Griots in Westafrika. Zur Er\u00f6ffnung unseres Festivals wird er mit seinem Trio die traditionellen Kl\u00e4nge seiner Musik in modernem Gewand vorstellen.<\/p>\n<p><iframe loading=\"lazy\" src=\"https:\/\/www.youtube.com\/embed\/0sY41ycjpBg\" allowfullscreen=\"allowfullscreen\" width=\"560\" height=\"315\" frameborder=\"0\"><\/iframe><br \/>\n<a href=\"https:\/\/www.saliou-cissokho.de\">www.saliou-cissokho.de<\/a><\/p>\n","protected":false},"excerpt":{"rendered":"<p>Konzert mit dem Kora-Virtuosen Saliou Cissokho und Band Saliou Cissokho wuchs in der Cissokho-Jali-Familie im \u00adSenegal auf, wo die Tradition des Koraspielens von Vater zu Sohn weitergegeben wird. Sein musikalischer Weg f\u00fchrte ihn \u00fcber Spanien nach Hamburg, wo er seit &hellip; <a href=\"https:\/\/www.augen-blicke-afrika.de\/blog\/programm-2019\/filme-2019\/konzert\/\">Weiterlesen <span class=\"meta-nav\">&rarr;<\/span><\/a><\/p>\n","protected":false},"author":3,"featured_media":5126,"parent":5054,"menu_order":0,"comment_status":"closed","ping_status":"closed","template":"afrika2019.php","meta":{"footnotes":""},"class_list":["post-4998","page","type-page","status-publish","has-post-thumbnail","hentry"],"_links":{"self":[{"href":"https:\/\/www.augen-blicke-afrika.de\/blog\/wp-json\/wp\/v2\/pages\/4998","targetHints":{"allow":["GET"]}}],"collection":[{"href":"https:\/\/www.augen-blicke-afrika.de\/blog\/wp-json\/wp\/v2\/pages"}],"about":[{"href":"https:\/\/www.augen-blicke-afrika.de\/blog\/wp-json\/wp\/v2\/types\/page"}],"author":[{"embeddable":true,"href":"https:\/\/www.augen-blicke-afrika.de\/blog\/wp-json\/wp\/v2\/users\/3"}],"replies":[{"embeddable":true,"href":"https:\/\/www.augen-blicke-afrika.de\/blog\/wp-json\/wp\/v2\/comments?post=4998"}],"version-history":[{"count":5,"href":"https:\/\/www.augen-blicke-afrika.de\/blog\/wp-json\/wp\/v2\/pages\/4998\/revisions"}],"predecessor-version":[{"id":6882,"href":"https:\/\/www.augen-blicke-afrika.de\/blog\/wp-json\/wp\/v2\/pages\/4998\/revisions\/6882"}],"up":[{"embeddable":true,"href":"https:\/\/www.augen-blicke-afrika.de\/blog\/wp-json\/wp\/v2\/pages\/5054"}],"wp:featuredmedia":[{"embeddable":true,"href":"https:\/\/www.augen-blicke-afrika.de\/blog\/wp-json\/wp\/v2\/media\/5126"}],"wp:attachment":[{"href":"https:\/\/www.augen-blicke-afrika.de\/blog\/wp-json\/wp\/v2\/media?parent=4998"}],"curies":[{"name":"wp","href":"https:\/\/api.w.org\/{rel}","templated":true}]}}