{"id":4950,"date":"2019-10-19T17:56:39","date_gmt":"2019-10-19T15:56:39","guid":{"rendered":"http:\/\/www.augen-blicke-afrika.de\/blog\/?page_id=4950"},"modified":"2025-11-12T14:57:48","modified_gmt":"2025-11-12T13:57:48","slug":"kurzfilme-1","status":"publish","type":"page","link":"https:\/\/www.augen-blicke-afrika.de\/blog\/kurzfilme-1\/","title":{"rendered":"KURZFILME 1"},"content":{"rendered":"<h1>KURZFILME: AFROFUTURISMUS<\/h1>\n<p><strong>Zu lange wurde die Geschichte Afrikas von anderen bestimmt und erz\u00e4hlt. Seit einigen Jahren besch\u00e4ftigen sich viele K\u00fcnstler*innen auf dem Kontinent und in der Diaspora intensiv mit Zukunftsthemen, Visionen und Utopien. In Science-Fiction \u00adFilmen und \u00adLiteratur, in futuristischer Musik, in afrogalaktischen Performances, in \u00adComics und \u00adMalerei. Und in virtuellen Realit\u00e4ten: 360\u00b0 -Filme, die die Zuschauer*innen mitten ins Geschehen katapultieren. Afrika und modernste Technologien sind l\u00e4ngst kein Widerspruch mehr. Im Gegenteil, sie sind wichtige Werkzeuge f\u00fcr eine bessere Zukunft.<\/strong><\/p>\n<table>\n<tbody>\n<tr>\n<td><a href=\"http:\/\/www.augen-blicke-afrika.de\/blog\/wp-content\/uploads\/2019\/10\/71d4d6_07d5993829114b07b43522232fb04afa.jpg\"><img loading=\"lazy\" decoding=\"async\" class=\"size-medium wp-image-4953 alignleft\" src=\"http:\/\/www.augen-blicke-afrika.de\/blog\/wp-content\/uploads\/2019\/10\/71d4d6_07d5993829114b07b43522232fb04afa-232x300.jpg\" alt=\"71d4d6_07d5993829114b07b43522232fb04afa\" width=\"232\" height=\"300\" srcset=\"https:\/\/www.augen-blicke-afrika.de\/blog\/wp-content\/uploads\/2019\/10\/71d4d6_07d5993829114b07b43522232fb04afa-232x300.jpg 232w, https:\/\/www.augen-blicke-afrika.de\/blog\/wp-content\/uploads\/2019\/10\/71d4d6_07d5993829114b07b43522232fb04afa.jpg 742w\" sizes=\"auto, (max-width: 232px) 100vw, 232px\" \/><\/a><\/td>\n<td style=\"text-align: left; vertical-align: top;\">\n<p class=\"hide-if-no-js\">THE CAMEL&#8217;S BACK<\/p>\n<h3>Kenia 2016, R.: Michelle Mboya, 21 Min., Swahili OF, engl. UT<\/h3>\n<p>Der Fantasie-Film folgt einem jungen afrikanischen M\u00e4dchen in eine f\u00fcr sie noch nie dagewesene Welt, in der sie nur einen Tag Zeit hat, das Leben zu \u00adentdecken.<br \/>\n<strong>Michelle Mboya<\/strong>, geb. in Nairobi, studierte an der Yale University B.A. \u00adEconomics and Film &amp; Media Studies. Sie liebt VR-Technologie und Spiele zu programmieren.<\/td>\n<\/tr>\n<tr>\n<td><a href=\"http:\/\/www.augen-blicke-afrika.de\/blog\/wp-content\/uploads\/2019\/10\/homecoming.jpg\"><img loading=\"lazy\" decoding=\"async\" class=\"alignnone wp-image-4968 size-medium\" src=\"http:\/\/www.augen-blicke-afrika.de\/blog\/wp-content\/uploads\/2019\/10\/homecoming-199x300.jpg\" width=\"199\" height=\"300\" srcset=\"https:\/\/www.augen-blicke-afrika.de\/blog\/wp-content\/uploads\/2019\/10\/homecoming-199x300.jpg 199w, https:\/\/www.augen-blicke-afrika.de\/blog\/wp-content\/uploads\/2019\/10\/homecoming-768x1156.jpg 768w, https:\/\/www.augen-blicke-afrika.de\/blog\/wp-content\/uploads\/2019\/10\/homecoming-680x1024.jpg 680w, https:\/\/www.augen-blicke-afrika.de\/blog\/wp-content\/uploads\/2019\/10\/homecoming.jpg 1139w\" sizes=\"auto, (max-width: 199px) 100vw, 199px\" \/><\/a><\/td>\n<td style=\"text-align: left; vertical-align: top;\">\n<p class=\"hide-if-no-js\">HOMECOMING<\/p>\n<h3>Kenia 2011, R.: Jim Chuchu, 11 Min., engl. OF<\/h3>\n<p>Max ist vernarrt in seine Nachbarin Alina. In seiner Besessenheit entwickelt er zunehmend \u00adgroteskere Szenarien, um der Frau seiner Tr\u00e4ume n\u00e4her zu kommen.<br \/>\n<strong>Jim Chuchu<\/strong> ist ein Pionier der Multimedia-Kunst aus Kenia. Mit\u00ad \u00adseinen Arbeiten ist er zu einem Chronisten seiner Gesellschaft \u00adgeworden. Er ist Teil einer neuen Subkultur, die durch den \u00f6konomischen Aufschwung in Afrika entstanden ist und nun von \u00adNairobi aus die europ\u00e4ische Sicht auf Afrika in Frage stellt.<br \/>\nChuchu ist Gr\u00fcnder von The Nest Collective, eines multidisziplin\u00e4ren Kunstraums in Nairobi. Das Kollektiv entwickelt Programme und bringt Neuerfindungen auf den Markt, die K\u00fcnstler*innen und Publikum zusammen bringen, um etwas Neues zu \u00aderschaffen.<\/td>\n<\/tr>\n<tr>\n<td><a href=\"http:\/\/www.augen-blicke-afrika.de\/blog\/wp-content\/uploads\/2019\/10\/2054.00-a.jpg\"><img loading=\"lazy\" decoding=\"async\" class=\"alignnone wp-image-4979 size-full\" src=\"http:\/\/www.augen-blicke-afrika.de\/blog\/wp-content\/uploads\/2019\/10\/2054.00-a.jpg\" width=\"234\" height=\"282\"><\/a><\/td>\n<td style=\"text-align: left; vertical-align: top;\">\n<p class=\"hide-if-no-js\">THE GOLDEN CHAIN<\/p>\n<h3>Nigeria \/ USA 2016, R: Ezra Claytan Daniels \/ Adebukola Bodunrin, 14 Min., OF, dt. UT<\/h3>\n<p>Yetunde, das einzige Crew-Mitglied der nigerianischen Raumstation Eko, st\u00f6\u00dft auf eine Neuentdeckung der Geburt des Universums.<br \/>\nDer Film \u201eThe Golden Chain\u201c ist die erste \u00adZusammenarbeit zwischen dem experimentellen \u00adFilmemacher <strong>Adebukola Bodunrin<\/strong> und dem Graphic Novelisten <strong>Ezra Claytan Daniels<\/strong> in ihrer Leidenschaft f\u00fcr den Afrofuturismus.<\/td>\n<\/tr>\n<tr>\n<td><a href=\"http:\/\/www.augen-blicke-afrika.de\/blog\/wp-content\/uploads\/2019\/10\/TCAD_05.jpeg\"><img loading=\"lazy\" decoding=\"async\" class=\"alignnone wp-image-4970 size-medium\" src=\"http:\/\/www.augen-blicke-afrika.de\/blog\/wp-content\/uploads\/2019\/10\/TCAD_05-e1571500297200-216x300.jpeg\" width=\"216\" height=\"300\" srcset=\"https:\/\/www.augen-blicke-afrika.de\/blog\/wp-content\/uploads\/2019\/10\/TCAD_05-e1571500297200-216x300.jpeg 216w, https:\/\/www.augen-blicke-afrika.de\/blog\/wp-content\/uploads\/2019\/10\/TCAD_05-e1571500297200.jpeg 547w\" sizes=\"auto, (max-width: 216px) 100vw, 216px\" \/><\/a><\/td>\n<td style=\"text-align: left; vertical-align: top;\">\n<p class=\"hide-if-no-js\">TO CATCH A DREAM<\/p>\n<h3>Kenia 2015, R.: Jim Chuchu, 13 Min., OF, engl. UT<\/h3>\n<p>Die trauernde Witwe Ajuna wird von wiederkehrenden Albtr\u00e4umen geplagt, die sie dazu bringen, sich den Geistern ihrer Vergangenheit zu stelle<\/td>\n<\/tr>\n<tr>\n<td><a href=\"http:\/\/www.augen-blicke-afrika.de\/blog\/wp-content\/uploads\/2019\/10\/we-need-prayers-still.jpg\"><img loading=\"lazy\" decoding=\"async\" class=\"alignnone wp-image-4971 size-medium\" src=\"http:\/\/www.augen-blicke-afrika.de\/blog\/wp-content\/uploads\/2019\/10\/we-need-prayers-still-e1571500365541-248x300.jpg\" width=\"248\" height=\"300\" srcset=\"https:\/\/www.augen-blicke-afrika.de\/blog\/wp-content\/uploads\/2019\/10\/we-need-prayers-still-e1571500365541-248x300.jpg 248w, https:\/\/www.augen-blicke-afrika.de\/blog\/wp-content\/uploads\/2019\/10\/we-need-prayers-still-e1571500365541.jpg 592w\" sizes=\"auto, (max-width: 248px) 100vw, 248px\" \/><\/a><\/td>\n<td style=\"text-align: left; vertical-align: top;\">\n<p class=\"hide-if-no-js\">WE NEED PRAYERS: THIS ONE WENT TO MARKET<\/p>\n<h3>Kenia 2017, Regie: Jim Chuchu, 5 Min., OF, engl. UT<\/h3>\n<p>Eine junge bildende K\u00fcnstlerin entwickelt einen genialen Plan, um in den<br \/>\nglobalen Kunstmarkt einzudringen.<\/td>\n<\/tr>\n<tr>\n<td><a href=\"http:\/\/www.augen-blicke-afrika.de\/blog\/wp-content\/uploads\/2019\/10\/pumzi_2-a.jpg\"><img loading=\"lazy\" decoding=\"async\" class=\"alignnone wp-image-4978 size-full\" src=\"http:\/\/www.augen-blicke-afrika.de\/blog\/wp-content\/uploads\/2019\/10\/pumzi_2-a.jpg\" width=\"175\" height=\"228\"><\/a><\/td>\n<td style=\"text-align: left; vertical-align: top;\">\n<p class=\"hide-if-no-js\">PUMZI<\/p>\n<h3>Kenia 2009, R.: Wanuri Kahiu, 22 Min., engl. OF<\/h3>\n<p>Die junge Biologin Asha lebt in einer post-apokalyptischen Welt 35 Jahre nach dem 3. Weltkrieg, der durch die Knappheit der Ressource Wasser ausgel\u00f6st wurde. In der total isolierten Gemeinschaft der \u00dcberlebenden m\u00fcssen alle Traum hemmende Medikamente einnehmen, um die Hoffnung auf eine bessere Zukunft zu unterdr\u00fccken.<br \/>\n<strong>Wanuri Kahiu<\/strong>, geb. 1980 in Nairobi, studierte im Bachelor Management an der University of Warwick und absolvierte anschlie\u00dfend ein Masterstudium in Film an der University of California in Los Angeles.<br \/>\nKahius Erfolg als Regisseurin begann 2008. Ihr zweiter Langspielfilm \u201eRafiki\u201c, den wir im letzten Jahr auf unserem Festival zeigten, wurde aufgrund seiner Thematik und der Gesetzeslage zur Homosexualit\u00e4t in Kenia in ihrem Heimatland zun\u00e4chst verboten. Er war der erste kenianische Film, der auf den Internationalen Filmfestspielen von Cannes gezeigt wurde.<br \/>\nDer Science-Fiction-Kurzfilm \u201ePumzi\u2019 wurde 2009 beim Sundance Film Festival uraufgef\u00fchrt.<\/td>\n<\/tr>\n<\/tbody>\n<\/table>\n<p>&nbsp;<\/p>\n","protected":false},"excerpt":{"rendered":"<p>KURZFILME: AFROFUTURISMUS Zu lange wurde die Geschichte Afrikas von anderen bestimmt und erz\u00e4hlt. Seit einigen Jahren besch\u00e4ftigen sich viele K\u00fcnstler*innen auf dem Kontinent und in der Diaspora intensiv mit Zukunftsthemen, Visionen und Utopien. In Science-Fiction \u00adFilmen und \u00adLiteratur, in futuristischer &hellip; <a href=\"https:\/\/www.augen-blicke-afrika.de\/blog\/kurzfilme-1\/\">Weiterlesen <span class=\"meta-nav\">&rarr;<\/span><\/a><\/p>\n","protected":false},"author":3,"featured_media":5126,"parent":0,"menu_order":0,"comment_status":"closed","ping_status":"closed","template":"afrika2019.php","meta":{"footnotes":""},"class_list":["post-4950","page","type-page","status-publish","has-post-thumbnail","hentry"],"_links":{"self":[{"href":"https:\/\/www.augen-blicke-afrika.de\/blog\/wp-json\/wp\/v2\/pages\/4950","targetHints":{"allow":["GET"]}}],"collection":[{"href":"https:\/\/www.augen-blicke-afrika.de\/blog\/wp-json\/wp\/v2\/pages"}],"about":[{"href":"https:\/\/www.augen-blicke-afrika.de\/blog\/wp-json\/wp\/v2\/types\/page"}],"author":[{"embeddable":true,"href":"https:\/\/www.augen-blicke-afrika.de\/blog\/wp-json\/wp\/v2\/users\/3"}],"replies":[{"embeddable":true,"href":"https:\/\/www.augen-blicke-afrika.de\/blog\/wp-json\/wp\/v2\/comments?post=4950"}],"version-history":[{"count":24,"href":"https:\/\/www.augen-blicke-afrika.de\/blog\/wp-json\/wp\/v2\/pages\/4950\/revisions"}],"predecessor-version":[{"id":6883,"href":"https:\/\/www.augen-blicke-afrika.de\/blog\/wp-json\/wp\/v2\/pages\/4950\/revisions\/6883"}],"wp:featuredmedia":[{"embeddable":true,"href":"https:\/\/www.augen-blicke-afrika.de\/blog\/wp-json\/wp\/v2\/media\/5126"}],"wp:attachment":[{"href":"https:\/\/www.augen-blicke-afrika.de\/blog\/wp-json\/wp\/v2\/media?parent=4950"}],"curies":[{"name":"wp","href":"https:\/\/api.w.org\/{rel}","templated":true}]}}