{"id":4053,"date":"2018-10-08T14:30:55","date_gmt":"2018-10-08T12:30:55","guid":{"rendered":"http:\/\/www.augen-blicke-afrika.de\/blog\/?page_id=4053"},"modified":"2023-09-05T20:40:16","modified_gmt":"2023-09-05T18:40:16","slug":"grusswort-2018","status":"publish","type":"page","link":"https:\/\/www.augen-blicke-afrika.de\/blog\/grusswort-2018\/","title":{"rendered":"Gru\u00dfwort 2018"},"content":{"rendered":"<h1>Gru\u00dfwort<\/h1>\n<p><a href=\"http:\/\/www.augen-blicke-afrika.de\/blog\/wp-content\/uploads\/2018\/10\/Ilsemargret-Luttmann-08.2017.jpg\"><img loading=\"lazy\" decoding=\"async\" class=\"wp-image-4056 alignleft\" src=\"http:\/\/www.augen-blicke-afrika.de\/blog\/wp-content\/uploads\/2018\/10\/Ilsemargret-Luttmann-08.2017-272x300.jpg\" width=\"177\" height=\"194\" srcset=\"https:\/\/www.augen-blicke-afrika.de\/blog\/wp-content\/uploads\/2018\/10\/Ilsemargret-Luttmann-08.2017-272x300.jpg 272w, https:\/\/www.augen-blicke-afrika.de\/blog\/wp-content\/uploads\/2018\/10\/Ilsemargret-Luttmann-08.2017.jpg 587w\" sizes=\"auto, (max-width: 177px) 100vw, 177px\" \/><\/a>Mit gro\u00dfer Vorfreude und Spannung erwarte ich das<br \/>\n7. afrikanische Filmfestival \u201eAugen Blicke Afrika\u201c, das uns unter dem&nbsp; Motto \u201eAufbruch in Afrika\u201c mit einer breiten Palette von neuen Filmen aus und \u00fcber Afrika ins Kino lockt. Seit Jahren bin ich dem Festival sehr verbunden, da ich es immer wieder als Erweiterung meiner Seminare an der Uni in Hamburg und L\u00fcneburg nutze. Geschichten, visuelle Dokumentationen und Bilder stellen neben Texten wichtige Medien dar, um sich die Welt in einem gr\u00f6\u00dferen Rahmen zu erschlie\u00dfen und in einen Dialog mit ihr zu treten. Das Filmfestival bietet in vielf\u00e4ltiger Hinsicht die M\u00f6glichkeit, neue k\u00fcnstlerische Ausdrucksformen, Themen und Sichtweisen kennen zu lernen, und wir werden aufgefordert, uns dazu zu verhalten, d. h. wir werden auf unsere eigenen Vorannahmen zur\u00fcckgeworfen, die sich dann relativieren.<br \/>\nEin besonderes Highlight sind f\u00fcr mich immer wieder die Gespr\u00e4che mit den RegisseurInnen, da sie direkt zu uns \u00fcber die Entstehungsbedingungen und \u00fcber ihre Intentionen sprechen und wir somit auch m\u00f6gliche \u201eVerstehensl\u00fccken\u201c f\u00fcllen k\u00f6nnen.<br \/>\nDie Afrika-bezogenen Filme sind f\u00fcr mich als Bildungsinstrument deshalb so wichtig, weil sie zur Dezentrierung unseres Blicks beitragen: Wir erleben die Gleichzeitigkeit und Gleichwertigkeit von alternativen Lebensentw\u00fcrfen und -m\u00f6glichkeiten, die unsere Aufmerksamkeit verdienen oder denen gegen\u00fcber wir auch eine Verantwortung tragen.<br \/>\nDas diesj\u00e4hrige Thema \u201eAufbruch in Afrika\u201c fasst all das zusammen, was uns im Augenblick an Informationen in Form einzelner Mosaiksteine hier erreicht.<br \/>\nDie Entwicklungen in vielen afrikanischen L\u00e4ndern schreiten in einem rasanten Tempo voran, haben L\u00e4nder und Kontinent \u00fcbergreifende Dimensionen, machen globale Einfl\u00fcsse deutlich, sind aber im selben Ma\u00dfe lokal gepr\u00e4gt. Die Protestbewegungen der jungen Generation gestalten sich innovativ und lassen Hoffnung auf Ver\u00e4nderungen aufkommen, enden allerdings oftmals, ohne gro\u00dfe Wirkungen zu hinterlassen.<br \/>\nAuf die Frage \u201eAufbruch wohin?\u201c k\u00f6nnte man ganz im Sinne des klugen senegalesischen Philosophen Felwine Sarr sagen: Betrachten wir Afrika als eine Geschichtswerkstatt. Afrika ist auf dem Weg, sich zu finden.<\/p>\n<p><a href=\"http:\/\/www.augen-blicke-afrika.de\/blog\/wp-content\/uploads\/2018\/10\/Unterschrift-4.png\"><img loading=\"lazy\" decoding=\"async\" class=\"\" style=\"border: none;\" src=\"http:\/\/www.augen-blicke-afrika.de\/blog\/wp-content\/uploads\/2018\/10\/Unterschrift-4-300x90.png\" alt=\"Unterschrift-4\" width=\"209\" height=\"66\"><\/a><\/p>\n<p>Dr. Ilsemargret Luttmann lehrt an der Leuphana Universit\u00e4t in L\u00fcneburg in dem Bereich der Trans- und Interkulturalit\u00e4t mit dem geografischen Schwerpunkt Afrika. Sie kuratierte Ausstellungen u. a. zu afrikanischer Mode, die in Deutschland, Brasilien und der C\u00f4te d\u2019Ivoire gezeigt wurden. Als Malerin stellte sie zusammen mit afrikanischen K\u00fcnstlern in Paris, Bamako, Hamburg und Berlin aus. Die intensiven Beziehungen zu Mali und Kamerun beruhen auf ihren langj\u00e4hrigen Arbeitsaufenthalten in diesen beiden L\u00e4ndern.<\/p>\n<p>&nbsp;<\/p>\n<p>&nbsp;<\/p>\n","protected":false},"excerpt":{"rendered":"<p>Gru\u00dfwort Mit gro\u00dfer Vorfreude und Spannung erwarte ich das 7. afrikanische Filmfestival \u201eAugen Blicke Afrika\u201c, das uns unter dem&nbsp; Motto \u201eAufbruch in Afrika\u201c mit einer breiten Palette von neuen Filmen aus und \u00fcber Afrika ins Kino lockt. Seit Jahren bin &hellip; <a href=\"https:\/\/www.augen-blicke-afrika.de\/blog\/grusswort-2018\/\">Weiterlesen <span class=\"meta-nav\">&rarr;<\/span><\/a><\/p>\n","protected":false},"author":3,"featured_media":5126,"parent":0,"menu_order":0,"comment_status":"closed","ping_status":"closed","template":"afrika2018.php","meta":{"footnotes":""},"class_list":["post-4053","page","type-page","status-publish","has-post-thumbnail","hentry"],"_links":{"self":[{"href":"https:\/\/www.augen-blicke-afrika.de\/blog\/wp-json\/wp\/v2\/pages\/4053","targetHints":{"allow":["GET"]}}],"collection":[{"href":"https:\/\/www.augen-blicke-afrika.de\/blog\/wp-json\/wp\/v2\/pages"}],"about":[{"href":"https:\/\/www.augen-blicke-afrika.de\/blog\/wp-json\/wp\/v2\/types\/page"}],"author":[{"embeddable":true,"href":"https:\/\/www.augen-blicke-afrika.de\/blog\/wp-json\/wp\/v2\/users\/3"}],"replies":[{"embeddable":true,"href":"https:\/\/www.augen-blicke-afrika.de\/blog\/wp-json\/wp\/v2\/comments?post=4053"}],"version-history":[{"count":5,"href":"https:\/\/www.augen-blicke-afrika.de\/blog\/wp-json\/wp\/v2\/pages\/4053\/revisions"}],"predecessor-version":[{"id":7001,"href":"https:\/\/www.augen-blicke-afrika.de\/blog\/wp-json\/wp\/v2\/pages\/4053\/revisions\/7001"}],"wp:featuredmedia":[{"embeddable":true,"href":"https:\/\/www.augen-blicke-afrika.de\/blog\/wp-json\/wp\/v2\/media\/5126"}],"wp:attachment":[{"href":"https:\/\/www.augen-blicke-afrika.de\/blog\/wp-json\/wp\/v2\/media?parent=4053"}],"curies":[{"name":"wp","href":"https:\/\/api.w.org\/{rel}","templated":true}]}}