{"id":3935,"date":"2018-10-05T16:06:34","date_gmt":"2018-10-05T14:06:34","guid":{"rendered":"http:\/\/www.augen-blicke-afrika.de\/blog\/?page_id=3935"},"modified":"2025-10-31T18:54:10","modified_gmt":"2025-10-31T17:54:10","slug":"five-fingers-for-marseilles","status":"publish","type":"page","link":"https:\/\/www.augen-blicke-afrika.de\/blog\/filme-2018\/five-fingers-for-marseilles\/","title":{"rendered":"FIVE FINGERS FOR MARSEILLES"},"content":{"rendered":"<table style=\"height: 356px;\" width=\"100%\">\n<thead>\n<tr>\n<td>\n<h1><a href=\"http:\/\/www.augen-blicke-afrika.de\/blog\/wp-content\/uploads\/2018\/10\/Five-Fingers-for-marseilles-2.jpg\"><img loading=\"lazy\" decoding=\"async\" class=\"alignnone wp-image-3937 size-large\" src=\"http:\/\/www.augen-blicke-afrika.de\/blog\/wp-content\/uploads\/2018\/10\/Five-Fingers-for-marseilles-2-1024x683.jpg\" width=\"584\" height=\"390\" srcset=\"https:\/\/www.augen-blicke-afrika.de\/blog\/wp-content\/uploads\/2018\/10\/Five-Fingers-for-marseilles-2-1024x683.jpg 1024w, https:\/\/www.augen-blicke-afrika.de\/blog\/wp-content\/uploads\/2018\/10\/Five-Fingers-for-marseilles-2-300x200.jpg 300w, https:\/\/www.augen-blicke-afrika.de\/blog\/wp-content\/uploads\/2018\/10\/Five-Fingers-for-marseilles-2-768x513.jpg 768w, https:\/\/www.augen-blicke-afrika.de\/blog\/wp-content\/uploads\/2018\/10\/Five-Fingers-for-marseilles-2-450x300.jpg 450w, https:\/\/www.augen-blicke-afrika.de\/blog\/wp-content\/uploads\/2018\/10\/Five-Fingers-for-marseilles-2.jpg 1500w\" sizes=\"auto, (max-width: 584px) 100vw, 584px\" \/><\/a><\/h1>\n<h1>FIVE FINGERS FOR MARSEILLES<\/h1>\n<h3>S\u00fcdafrika 2017, R.: Michael Matthews, 118 Min., Zulu OF, engl. UT<\/h3>\n<\/td>\n<\/tr>\n<\/thead>\n<tbody>\n<tr>\n<td>S\u00fcdafrika w\u00e4hrend der Apartheid. F\u00fcnf jugendliche Freunde, die \u201eFive Fingers\u201c, f\u00fchren ihren eigenen Kampf gegen das unterdr\u00fcckerische System. Dabei erschie\u00dft Tau \u201eThe Lion\u201c zwei Polizisten und muss f\u00fcr zwanzig Jahre ins Gef\u00e4ngnis. W\u00e4hrend der langen Haftzeit hat er sich zu einem stillen Au\u00dfenseiter entwickelt. Nach der Entlassung kehrt er unerkannt nach Marseilles zur\u00fcck, will dort ein neues, gewaltfreies Leben beginnen. Doch er muss erleben, dass sich eine neue Macht etabliert hat, die ihre Interessen brutal gegen die Bewohner durchsetzt. Und so muss er, eher widerwillig, erneut als Lion gegen die Autorit\u00e4ten k\u00e4mpfen und auf die Unterst\u00fctzung seiner Freunde aus der Jugendzeit hoffen.<br \/>\nDer Film ist eine futuristische Parabel auf die Post-Apartheid-Gesellschaft und den Verlust politischer Ideale. Gedreht wurde dieser afrikanische Action-Western in der eindrucksvollen Bergwelt der Kapregion.<br \/>\n\u00ad<\/td>\n<\/tr>\n<tr>\n<td style=\"border-bottom: none;\"><a href=\"http:\/\/www.augen-blicke-afrika.de\/blog\/wp-content\/uploads\/2018\/10\/Five-fingers-for-Marseilles-1.jpg\"><img loading=\"lazy\" decoding=\"async\" class=\"wp-image-3936 size-medium alignleft\" src=\"http:\/\/www.augen-blicke-afrika.de\/blog\/wp-content\/uploads\/2018\/10\/Five-fingers-for-Marseilles-1-206x300.jpg\" width=\"206\" height=\"300\" srcset=\"https:\/\/www.augen-blicke-afrika.de\/blog\/wp-content\/uploads\/2018\/10\/Five-fingers-for-Marseilles-1-206x300.jpg 206w, https:\/\/www.augen-blicke-afrika.de\/blog\/wp-content\/uploads\/2018\/10\/Five-fingers-for-Marseilles-1-768x1119.jpg 768w, https:\/\/www.augen-blicke-afrika.de\/blog\/wp-content\/uploads\/2018\/10\/Five-fingers-for-Marseilles-1-703x1024.jpg 703w, https:\/\/www.augen-blicke-afrika.de\/blog\/wp-content\/uploads\/2018\/10\/Five-fingers-for-Marseilles-1.jpg 1351w\" sizes=\"auto, (max-width: 206px) 100vw, 206px\" \/><\/a><\/p>\n<p><strong>Michael Matthews<\/strong> ist Mitbegr\u00fcnder der \u201eBe Phat Motel Film Company\u201c, die sich seit 2007 dem Produ\u00adzieren und Entwickeln von progressiven Kinofilmen \u00adverschrieben hat. Er inszenierte diverse preisgekr\u00f6nte Werbeclips, Kurzfilme und Musikvideos. \u201eFive Fingers for Marseilles\u201c ist sein Langfilmdeb\u00fct.<\/td>\n<\/tr>\n<\/tbody>\n<\/table>\n<p><iframe loading=\"lazy\" src=\"https:\/\/www.youtube.com\/embed\/46tUAfrzgGw\" allowfullscreen=\"allowfullscreen\" width=\"560\" height=\"315\" frameborder=\"0\"><\/iframe><\/p>\n","protected":false},"excerpt":{"rendered":"<p>FIVE FINGERS FOR MARSEILLES S\u00fcdafrika 2017, R.: Michael Matthews, 118 Min., Zulu OF, engl. UT S\u00fcdafrika w\u00e4hrend der Apartheid. F\u00fcnf jugendliche Freunde, die \u201eFive Fingers\u201c, f\u00fchren ihren eigenen Kampf gegen das unterdr\u00fcckerische System. Dabei erschie\u00dft Tau \u201eThe Lion\u201c zwei Polizisten &hellip; <a href=\"https:\/\/www.augen-blicke-afrika.de\/blog\/filme-2018\/five-fingers-for-marseilles\/\">Weiterlesen <span class=\"meta-nav\">&rarr;<\/span><\/a><\/p>\n","protected":false},"author":3,"featured_media":5126,"parent":4190,"menu_order":0,"comment_status":"closed","ping_status":"closed","template":"afrika2018.php","meta":{"footnotes":""},"class_list":["post-3935","page","type-page","status-publish","has-post-thumbnail","hentry"],"_links":{"self":[{"href":"https:\/\/www.augen-blicke-afrika.de\/blog\/wp-json\/wp\/v2\/pages\/3935","targetHints":{"allow":["GET"]}}],"collection":[{"href":"https:\/\/www.augen-blicke-afrika.de\/blog\/wp-json\/wp\/v2\/pages"}],"about":[{"href":"https:\/\/www.augen-blicke-afrika.de\/blog\/wp-json\/wp\/v2\/types\/page"}],"author":[{"embeddable":true,"href":"https:\/\/www.augen-blicke-afrika.de\/blog\/wp-json\/wp\/v2\/users\/3"}],"replies":[{"embeddable":true,"href":"https:\/\/www.augen-blicke-afrika.de\/blog\/wp-json\/wp\/v2\/comments?post=3935"}],"version-history":[{"count":5,"href":"https:\/\/www.augen-blicke-afrika.de\/blog\/wp-json\/wp\/v2\/pages\/3935\/revisions"}],"predecessor-version":[{"id":9421,"href":"https:\/\/www.augen-blicke-afrika.de\/blog\/wp-json\/wp\/v2\/pages\/3935\/revisions\/9421"}],"up":[{"embeddable":true,"href":"https:\/\/www.augen-blicke-afrika.de\/blog\/wp-json\/wp\/v2\/pages\/4190"}],"wp:featuredmedia":[{"embeddable":true,"href":"https:\/\/www.augen-blicke-afrika.de\/blog\/wp-json\/wp\/v2\/media\/5126"}],"wp:attachment":[{"href":"https:\/\/www.augen-blicke-afrika.de\/blog\/wp-json\/wp\/v2\/media?parent=3935"}],"curies":[{"name":"wp","href":"https:\/\/api.w.org\/{rel}","templated":true}]}}