{"id":3927,"date":"2018-10-05T16:44:44","date_gmt":"2018-10-05T14:44:44","guid":{"rendered":"http:\/\/www.augen-blicke-afrika.de\/blog\/?page_id=3927"},"modified":"2025-10-31T18:53:21","modified_gmt":"2025-10-31T17:53:21","slug":"voetsek-us-brothers","status":"publish","type":"page","link":"https:\/\/www.augen-blicke-afrika.de\/blog\/filme-2018\/voetsek-us-brothers\/","title":{"rendered":"VOETSEK! US? BROTHERS?"},"content":{"rendered":"<table style=\"height: 356px;\" width=\"100%\">\n<thead>\n<tr>\n<td>\n<h1><a href=\"http:\/\/www.augen-blicke-afrika.de\/blog\/wp-content\/uploads\/2018\/10\/Voetsek-Us-brothers-3.jpg\"><img loading=\"lazy\" decoding=\"async\" class=\"alignnone wp-image-3929 size-large\" src=\"http:\/\/www.augen-blicke-afrika.de\/blog\/wp-content\/uploads\/2018\/10\/Voetsek-Us-brothers-3-1024x576.jpg\" width=\"584\" height=\"329\" srcset=\"https:\/\/www.augen-blicke-afrika.de\/blog\/wp-content\/uploads\/2018\/10\/Voetsek-Us-brothers-3-1024x576.jpg 1024w, https:\/\/www.augen-blicke-afrika.de\/blog\/wp-content\/uploads\/2018\/10\/Voetsek-Us-brothers-3-300x169.jpg 300w, https:\/\/www.augen-blicke-afrika.de\/blog\/wp-content\/uploads\/2018\/10\/Voetsek-Us-brothers-3-768x432.jpg 768w, https:\/\/www.augen-blicke-afrika.de\/blog\/wp-content\/uploads\/2018\/10\/Voetsek-Us-brothers-3-500x281.jpg 500w, https:\/\/www.augen-blicke-afrika.de\/blog\/wp-content\/uploads\/2018\/10\/Voetsek-Us-brothers-3.jpg 1600w\" sizes=\"auto, (max-width: 584px) 100vw, 584px\" \/><\/a><\/h1>\n<h1>VOETSEK! US? BROTHERS?<\/h1>\n<h3>Dokumentarfilm, S\u00fcdafrika 2017, R.: Andy Spitz, 76 Min., OF, dt. UT<\/h3>\n<\/td>\n<\/tr>\n<\/thead>\n<tbody>\n<tr>\n<td>In S\u00fcdafrika kommt es 2008 und erneut 2015 zu heftigen Aus\u00ad\u00adschreitungen gegen Migranten aus den Nachbarl\u00e4ndern, die wegen \u00adkriegerischer Auseinandersetzungen, politischer Verfolgung und aus Armut nach S\u00fcdafrika geflohen sind. Die \u00e4rmlichen Be\u00adhausungen der Migranten stehen in Flammen, sie werden ausgeraubt und vertrieben, es gibt viele Tote und Verletzte, Tausende werden aus ihren Wohn\u00adgebieten vertrieben.<br \/>\nDie Fl\u00fcchtlinge, die zum Teil schon Jahre in S\u00fcdafrika leben, verlieren alles und sollen das Land verlassen, sie wissen aber nicht wohin.<br \/>\nDer Film beleuchtet die rassistischen, ausl\u00e4nderfeindlichen Gewaltausbr\u00fcche aus Sicht der Opfer und der T\u00e4ter. Die Dokumentation greift an vielen Stellen auf Filmmaterial zur\u00fcck, das die Migranten selbst mit ihren Smartphones gedreht haben.<br \/>\nF\u00fcr S\u00fcdafrikaner und Migranten galt S\u00fcdafrika nach dem Ende des Apartheidsystems als ein Land der Hoffnung auf ein besseres, \u00adfriedliches Leben. Doch bei der s\u00fcdafrikanischen Jugend ist von dem wirtschaftlichen Aufschwung des Landes nichts angekommen, und somit richtet sich ihre Frustration und Wut gegen die Schw\u00e4chsten &#8211; die Migranten.<\/td>\n<\/tr>\n<tr>\n<td style=\"border-bottom: none;\"><a href=\"http:\/\/www.augen-blicke-afrika.de\/blog\/wp-content\/uploads\/2018\/10\/Voetsek-us-brothers-1.jpg\"><img loading=\"lazy\" decoding=\"async\" class=\"wp-image-3928 size-medium alignleft\" src=\"http:\/\/www.augen-blicke-afrika.de\/blog\/wp-content\/uploads\/2018\/10\/Voetsek-us-brothers-1-201x300.jpg\" width=\"201\" height=\"300\" srcset=\"https:\/\/www.augen-blicke-afrika.de\/blog\/wp-content\/uploads\/2018\/10\/Voetsek-us-brothers-1-201x300.jpg 201w, https:\/\/www.augen-blicke-afrika.de\/blog\/wp-content\/uploads\/2018\/10\/Voetsek-us-brothers-1-768x1145.jpg 768w, https:\/\/www.augen-blicke-afrika.de\/blog\/wp-content\/uploads\/2018\/10\/Voetsek-us-brothers-1-687x1024.jpg 687w, https:\/\/www.augen-blicke-afrika.de\/blog\/wp-content\/uploads\/2018\/10\/Voetsek-us-brothers-1.jpg 1073w\" sizes=\"auto, (max-width: 201px) 100vw, 201px\" \/><\/a><\/p>\n<p><strong>Andy Spitz<\/strong>, geb. 1965 in Johannesburg, S\u00fcdafrika, \u00adstudierte Schauspiel und \u00d6kologie. Sie arbeitet als \u00adRegisseurin und Kamerafrau. Als Filmemacherin liegt ihr Schwerpunkt auf Dokumentationen \u00fcber Themen aus dem entwicklungs- und sozialpolitischen Bereich.<\/td>\n<\/tr>\n<\/tbody>\n<\/table>\n<p><iframe loading=\"lazy\" src=\"https:\/\/player.vimeo.com\/video\/208175192\" allowfullscreen=\"allowfullscreen\" width=\"640\" height=\"360\" frameborder=\"0\"><\/iframe><\/p>\n","protected":false},"excerpt":{"rendered":"<p>VOETSEK! US? BROTHERS? Dokumentarfilm, S\u00fcdafrika 2017, R.: Andy Spitz, 76 Min., OF, dt. UT In S\u00fcdafrika kommt es 2008 und erneut 2015 zu heftigen Aus\u00ad\u00adschreitungen gegen Migranten aus den Nachbarl\u00e4ndern, die wegen \u00adkriegerischer Auseinandersetzungen, politischer Verfolgung und aus Armut nach &hellip; <a href=\"https:\/\/www.augen-blicke-afrika.de\/blog\/filme-2018\/voetsek-us-brothers\/\">Weiterlesen <span class=\"meta-nav\">&rarr;<\/span><\/a><\/p>\n","protected":false},"author":3,"featured_media":5126,"parent":4190,"menu_order":0,"comment_status":"closed","ping_status":"closed","template":"afrika2018.php","meta":{"footnotes":""},"class_list":["post-3927","page","type-page","status-publish","has-post-thumbnail","hentry"],"_links":{"self":[{"href":"https:\/\/www.augen-blicke-afrika.de\/blog\/wp-json\/wp\/v2\/pages\/3927","targetHints":{"allow":["GET"]}}],"collection":[{"href":"https:\/\/www.augen-blicke-afrika.de\/blog\/wp-json\/wp\/v2\/pages"}],"about":[{"href":"https:\/\/www.augen-blicke-afrika.de\/blog\/wp-json\/wp\/v2\/types\/page"}],"author":[{"embeddable":true,"href":"https:\/\/www.augen-blicke-afrika.de\/blog\/wp-json\/wp\/v2\/users\/3"}],"replies":[{"embeddable":true,"href":"https:\/\/www.augen-blicke-afrika.de\/blog\/wp-json\/wp\/v2\/comments?post=3927"}],"version-history":[{"count":6,"href":"https:\/\/www.augen-blicke-afrika.de\/blog\/wp-json\/wp\/v2\/pages\/3927\/revisions"}],"predecessor-version":[{"id":9419,"href":"https:\/\/www.augen-blicke-afrika.de\/blog\/wp-json\/wp\/v2\/pages\/3927\/revisions\/9419"}],"up":[{"embeddable":true,"href":"https:\/\/www.augen-blicke-afrika.de\/blog\/wp-json\/wp\/v2\/pages\/4190"}],"wp:featuredmedia":[{"embeddable":true,"href":"https:\/\/www.augen-blicke-afrika.de\/blog\/wp-json\/wp\/v2\/media\/5126"}],"wp:attachment":[{"href":"https:\/\/www.augen-blicke-afrika.de\/blog\/wp-json\/wp\/v2\/media?parent=3927"}],"curies":[{"name":"wp","href":"https:\/\/api.w.org\/{rel}","templated":true}]}}