{"id":3919,"date":"2018-10-05T16:49:11","date_gmt":"2018-10-05T14:49:11","guid":{"rendered":"http:\/\/www.augen-blicke-afrika.de\/blog\/?page_id=3919"},"modified":"2025-10-31T18:52:19","modified_gmt":"2025-10-31T17:52:19","slug":"ward-masmoun","status":"publish","type":"page","link":"https:\/\/www.augen-blicke-afrika.de\/blog\/filme-2018\/ward-masmoun\/","title":{"rendered":"WARD MASMOUN"},"content":{"rendered":"<table style=\"height: 356px;\" width=\"100%\">\n<thead>\n<tr>\n<td>\n<h1><a href=\"http:\/\/www.augen-blicke-afrika.de\/blog\/wp-content\/uploads\/2018\/10\/Film-Foto-Ward-Masmoun-2a.jpg\"><img loading=\"lazy\" decoding=\"async\" class=\"alignnone wp-image-3921 size-full\" src=\"http:\/\/www.augen-blicke-afrika.de\/blog\/wp-content\/uploads\/2018\/10\/Film-Foto-Ward-Masmoun-2a.jpg\" width=\"922\" height=\"500\" srcset=\"https:\/\/www.augen-blicke-afrika.de\/blog\/wp-content\/uploads\/2018\/10\/Film-Foto-Ward-Masmoun-2a.jpg 922w, https:\/\/www.augen-blicke-afrika.de\/blog\/wp-content\/uploads\/2018\/10\/Film-Foto-Ward-Masmoun-2a-300x163.jpg 300w, https:\/\/www.augen-blicke-afrika.de\/blog\/wp-content\/uploads\/2018\/10\/Film-Foto-Ward-Masmoun-2a-768x416.jpg 768w, https:\/\/www.augen-blicke-afrika.de\/blog\/wp-content\/uploads\/2018\/10\/Film-Foto-Ward-Masmoun-2a-500x271.jpg 500w\" sizes=\"auto, (max-width: 922px) 100vw, 922px\" \/><\/a><\/h1>\n<h1>WARD MASMOUN &#8211; Poisonous Roses<\/h1>\n<h3>\u00c4gypten 2018, R.: Ahmed Fawzi Saleh, 70 Min., arab. OF, engl. UT<\/h3>\n<\/td>\n<\/tr>\n<\/thead>\n<tbody>\n<tr>\n<td>Durch einen verwinkelten Hinterhof, vorbei an ruinenartigen Geb\u00e4uden bis in ein d\u00fcsteres Gem\u00e4uer f\u00fchrt der Weg zur Gerberei. Der 22-j\u00e4hrige Saqr schuftet hier tagaus, tagein. Es ist laut, hei\u00df und dreckig. Eine stinkende, graue Kloake flie\u00dft direkt ab in eine enge Gasse und zieht sich wie ein Fluss durch das Gerberviertel. Saqrs \u00e4ltere Schwester Taheya m\u00fcht sich t\u00e4glich ab, trockenen Fu\u00dfes zu ihrem Bruder zu gelangen, um ihn mit Essen zu versorgen. Allerdings ist dieser Gang nicht uneigenn\u00fctzig. Taheya liebt ihren Bruder abg\u00f6ttisch, der ihre Zuneigung und F\u00fcrsorge aber zunehmend schroff ablehnt. Er w\u00fcrde am liebsten dem ganzen Elend entfliehen und nach Italien auswandern. Dies will sie mit aller Macht verhindern und so bittet Taheya einen Schamanen um Hilfe.<br \/>\nDer Film wurde in beeindruckenden Bildern an Originalschaupl\u00e4tzen in Kairo gedreht.<\/td>\n<\/tr>\n<tr>\n<td style=\"border-bottom: none;\"><a href=\"http:\/\/www.augen-blicke-afrika.de\/blog\/wp-content\/uploads\/2018\/10\/Film-Foto-Ward-Masmoun-1a.jpg\"><img loading=\"lazy\" decoding=\"async\" class=\"wp-image-3920 size-medium alignleft\" src=\"http:\/\/www.augen-blicke-afrika.de\/blog\/wp-content\/uploads\/2018\/10\/Film-Foto-Ward-Masmoun-1a-300x251.jpg\" width=\"300\" height=\"251\" srcset=\"https:\/\/www.augen-blicke-afrika.de\/blog\/wp-content\/uploads\/2018\/10\/Film-Foto-Ward-Masmoun-1a-300x251.jpg 300w, https:\/\/www.augen-blicke-afrika.de\/blog\/wp-content\/uploads\/2018\/10\/Film-Foto-Ward-Masmoun-1a-768x644.jpg 768w, https:\/\/www.augen-blicke-afrika.de\/blog\/wp-content\/uploads\/2018\/10\/Film-Foto-Ward-Masmoun-1a-358x300.jpg 358w, https:\/\/www.augen-blicke-afrika.de\/blog\/wp-content\/uploads\/2018\/10\/Film-Foto-Ward-Masmoun-1a.jpg 940w\" sizes=\"auto, (max-width: 300px) 100vw, 300px\" \/><\/a><\/p>\n<p><strong>Ahmed Fawzi Saleh<\/strong>, geb. 1981 in \u00c4gypten, studierte zun\u00e4chst Geschichte. 2009 schloss er ein Studium zum Drehbuchautor ab und wirkte danach an zahlreichen Dokumentarfilmen mit.<br \/>\n\u201eWard Masmoun\u201c ist sein erster Spielfilm.<\/td>\n<\/tr>\n<\/tbody>\n<\/table>\n<p><iframe loading=\"lazy\" src=\"http:\/\/www.cineuropa.org\/en\/videoembed\/346103\/rdid\/344994\/\" marginwidth=\"0\" marginheight=\"0\" scrolling=\"no\" allowfullscreen=\"allowfullscreen\" width=\"620\" height=\"350\" frameborder=\"0\"><\/iframe><\/p>\n","protected":false},"excerpt":{"rendered":"<p>WARD MASMOUN &#8211; Poisonous Roses \u00c4gypten 2018, R.: Ahmed Fawzi Saleh, 70 Min., arab. OF, engl. UT Durch einen verwinkelten Hinterhof, vorbei an ruinenartigen Geb\u00e4uden bis in ein d\u00fcsteres Gem\u00e4uer f\u00fchrt der Weg zur Gerberei. Der 22-j\u00e4hrige Saqr schuftet hier &hellip; <a href=\"https:\/\/www.augen-blicke-afrika.de\/blog\/filme-2018\/ward-masmoun\/\">Weiterlesen <span class=\"meta-nav\">&rarr;<\/span><\/a><\/p>\n","protected":false},"author":3,"featured_media":5126,"parent":4190,"menu_order":0,"comment_status":"closed","ping_status":"closed","template":"afrika2018.php","meta":{"footnotes":""},"class_list":["post-3919","page","type-page","status-publish","has-post-thumbnail","hentry"],"_links":{"self":[{"href":"https:\/\/www.augen-blicke-afrika.de\/blog\/wp-json\/wp\/v2\/pages\/3919","targetHints":{"allow":["GET"]}}],"collection":[{"href":"https:\/\/www.augen-blicke-afrika.de\/blog\/wp-json\/wp\/v2\/pages"}],"about":[{"href":"https:\/\/www.augen-blicke-afrika.de\/blog\/wp-json\/wp\/v2\/types\/page"}],"author":[{"embeddable":true,"href":"https:\/\/www.augen-blicke-afrika.de\/blog\/wp-json\/wp\/v2\/users\/3"}],"replies":[{"embeddable":true,"href":"https:\/\/www.augen-blicke-afrika.de\/blog\/wp-json\/wp\/v2\/comments?post=3919"}],"version-history":[{"count":6,"href":"https:\/\/www.augen-blicke-afrika.de\/blog\/wp-json\/wp\/v2\/pages\/3919\/revisions"}],"predecessor-version":[{"id":9417,"href":"https:\/\/www.augen-blicke-afrika.de\/blog\/wp-json\/wp\/v2\/pages\/3919\/revisions\/9417"}],"up":[{"embeddable":true,"href":"https:\/\/www.augen-blicke-afrika.de\/blog\/wp-json\/wp\/v2\/pages\/4190"}],"wp:featuredmedia":[{"embeddable":true,"href":"https:\/\/www.augen-blicke-afrika.de\/blog\/wp-json\/wp\/v2\/media\/5126"}],"wp:attachment":[{"href":"https:\/\/www.augen-blicke-afrika.de\/blog\/wp-json\/wp\/v2\/media?parent=3919"}],"curies":[{"name":"wp","href":"https:\/\/api.w.org\/{rel}","templated":true}]}}