{"id":3892,"date":"2018-10-05T16:30:40","date_gmt":"2018-10-05T14:30:40","guid":{"rendered":"http:\/\/www.augen-blicke-afrika.de\/blog\/?page_id=3892"},"modified":"2025-10-31T18:49:18","modified_gmt":"2025-10-31T17:49:18","slug":"rafiki","status":"publish","type":"page","link":"https:\/\/www.augen-blicke-afrika.de\/blog\/filme-2018\/rafiki\/","title":{"rendered":"RAFIKI"},"content":{"rendered":"<table style=\"height: 356px;\" width=\"100%\">\n<thead>\n<tr>\n<td>\n<p class=\"hide-if-no-js\"><a href=\"http:\/\/www.augen-blicke-afrika.de\/blog\/wp-content\/uploads\/2018\/10\/rafiki-3a.jpg\"><img loading=\"lazy\" decoding=\"async\" class=\"alignnone wp-image-3900 size-full\" src=\"http:\/\/www.augen-blicke-afrika.de\/blog\/wp-content\/uploads\/2018\/10\/rafiki-3a.jpg\" width=\"768\" height=\"432\" srcset=\"https:\/\/www.augen-blicke-afrika.de\/blog\/wp-content\/uploads\/2018\/10\/rafiki-3a.jpg 768w, https:\/\/www.augen-blicke-afrika.de\/blog\/wp-content\/uploads\/2018\/10\/rafiki-3a-300x169.jpg 300w, https:\/\/www.augen-blicke-afrika.de\/blog\/wp-content\/uploads\/2018\/10\/rafiki-3a-500x281.jpg 500w\" sizes=\"auto, (max-width: 768px) 100vw, 768px\" \/><\/a><\/p>\n<h1>RAFIKI &#8211; Friend<\/h1>\n<h3>Kenia 2018, R.: Wanuri Kahiu, 83 Min, Swahili \/ engl. OF, dt. UT<\/h3>\n<\/td>\n<\/tr>\n<\/thead>\n<tbody>\n<tr>\n<td>Die V\u00e4ter von Kena und Ziki k\u00e4mpfen in der kenianischen Hauptstadt Nairobi um ein politisches Amt und stehen sich als Rivalen gegen\u00fcber. Auch die beiden Teenager sollen sich als Konkurrentinnen sehen. Zun\u00e4chst haben sie auch sehr unterschiedliche Interessen und Lebensr\u00e4ume. Kena ist verstrickt in die Probleme ihrer Eltern, sie liebt Skateboard und Fu\u00dfball und wird von dem \u00e4lteren Blacksta umworben. Ziki mit den farbenpr\u00e4chtigen Dreads ist unbek\u00fcmmert und lebensfroh, tanzt mit ihren besten Freundinnen auf der Stra\u00dfe, als w\u00e4ren sie Stars in einem Musikvideo. Zunehmend kreuzen sich ihre Wege und bald k\u00f6nnen sie einer romantischen und durchaus sinnlichen Anziehungskraft nicht widerstehen und verlieben sich ineinander. Aber im Stadtteil bleibt nichts unentdeckt, daf\u00fcr sorgen schon die Tratschtanten des Viertels.<br \/>\nDer Film ist eine vielschichtige, queer-feministische Ansage an eine Gesellschaft, in der Homosexualit\u00e4t noch immer mit bis zu vierzehn Jahren Haft bedroht ist. So wurde der Film auch noch vor seiner Premiere bei den Filmfestspielen in Cannes 2018 in Kenia verboten.<\/td>\n<\/tr>\n<tr>\n<td style=\"border-bottom: none;\"><strong><a href=\"http:\/\/www.augen-blicke-afrika.de\/blog\/wp-content\/uploads\/2018\/10\/rafiki-1a-e1538737902842.jpg\"><img loading=\"lazy\" decoding=\"async\" class=\"wp-image-3901 size-medium alignleft\" src=\"http:\/\/www.augen-blicke-afrika.de\/blog\/wp-content\/uploads\/2018\/10\/rafiki-1a-e1538737902842-224x300.jpg\" width=\"224\" height=\"300\" srcset=\"https:\/\/www.augen-blicke-afrika.de\/blog\/wp-content\/uploads\/2018\/10\/rafiki-1a-e1538737902842-224x300.jpg 224w, https:\/\/www.augen-blicke-afrika.de\/blog\/wp-content\/uploads\/2018\/10\/rafiki-1a-e1538737902842-768x1030.jpg 768w, https:\/\/www.augen-blicke-afrika.de\/blog\/wp-content\/uploads\/2018\/10\/rafiki-1a-e1538737902842-763x1024.jpg 763w, https:\/\/www.augen-blicke-afrika.de\/blog\/wp-content\/uploads\/2018\/10\/rafiki-1a-e1538737902842.jpg 794w\" sizes=\"auto, (max-width: 224px) 100vw, 224px\" \/><\/a><\/strong><\/p>\n<p><strong>Wanuri Kahiu<\/strong>, geb. 1980 in Nairobi, hat in den USA und England studiert. Sie geh\u00f6rt heute in Kenia zu einer \u00adjungen Generation von Filmschaffenden, die mutig \u00adgesellschaftliche Themen aufgreifen, um der Jugend Geh\u00f6r und damit eine Zukunft in ihrem Land zu \u00adverschaffen.<\/p>\n<p>&nbsp;<\/td>\n<\/tr>\n<\/tbody>\n<\/table>\n<p><iframe loading=\"lazy\" src=\"https:\/\/www.youtube.com\/embed\/7M_-ucSaFpU\" allowfullscreen=\"allowfullscreen\" width=\"560\" height=\"315\" frameborder=\"0\"><\/iframe><\/p>\n","protected":false},"excerpt":{"rendered":"<p>RAFIKI &#8211; Friend Kenia 2018, R.: Wanuri Kahiu, 83 Min, Swahili \/ engl. OF, dt. UT Die V\u00e4ter von Kena und Ziki k\u00e4mpfen in der kenianischen Hauptstadt Nairobi um ein politisches Amt und stehen sich als Rivalen gegen\u00fcber. Auch die &hellip; <a href=\"https:\/\/www.augen-blicke-afrika.de\/blog\/filme-2018\/rafiki\/\">Weiterlesen <span class=\"meta-nav\">&rarr;<\/span><\/a><\/p>\n","protected":false},"author":3,"featured_media":5126,"parent":4190,"menu_order":0,"comment_status":"closed","ping_status":"closed","template":"afrika2018.php","meta":{"footnotes":""},"class_list":["post-3892","page","type-page","status-publish","has-post-thumbnail","hentry"],"_links":{"self":[{"href":"https:\/\/www.augen-blicke-afrika.de\/blog\/wp-json\/wp\/v2\/pages\/3892","targetHints":{"allow":["GET"]}}],"collection":[{"href":"https:\/\/www.augen-blicke-afrika.de\/blog\/wp-json\/wp\/v2\/pages"}],"about":[{"href":"https:\/\/www.augen-blicke-afrika.de\/blog\/wp-json\/wp\/v2\/types\/page"}],"author":[{"embeddable":true,"href":"https:\/\/www.augen-blicke-afrika.de\/blog\/wp-json\/wp\/v2\/users\/3"}],"replies":[{"embeddable":true,"href":"https:\/\/www.augen-blicke-afrika.de\/blog\/wp-json\/wp\/v2\/comments?post=3892"}],"version-history":[{"count":6,"href":"https:\/\/www.augen-blicke-afrika.de\/blog\/wp-json\/wp\/v2\/pages\/3892\/revisions"}],"predecessor-version":[{"id":9412,"href":"https:\/\/www.augen-blicke-afrika.de\/blog\/wp-json\/wp\/v2\/pages\/3892\/revisions\/9412"}],"up":[{"embeddable":true,"href":"https:\/\/www.augen-blicke-afrika.de\/blog\/wp-json\/wp\/v2\/pages\/4190"}],"wp:featuredmedia":[{"embeddable":true,"href":"https:\/\/www.augen-blicke-afrika.de\/blog\/wp-json\/wp\/v2\/media\/5126"}],"wp:attachment":[{"href":"https:\/\/www.augen-blicke-afrika.de\/blog\/wp-json\/wp\/v2\/media?parent=3892"}],"curies":[{"name":"wp","href":"https:\/\/api.w.org\/{rel}","templated":true}]}}