{"id":3854,"date":"2018-10-05T15:51:13","date_gmt":"2018-10-05T13:51:13","guid":{"rendered":"http:\/\/www.augen-blicke-afrika.de\/blog\/?page_id=3854"},"modified":"2025-10-31T18:44:05","modified_gmt":"2025-10-31T17:44:05","slug":"bangalogia","status":"publish","type":"page","link":"https:\/\/www.augen-blicke-afrika.de\/blog\/filme-2018\/bangalogia\/","title":{"rendered":"BANGALOGIA"},"content":{"rendered":"<table style=\"height: 356px;\" width=\"100%\">\n<thead>\n<tr>\n<td>\n<p class=\"hide-if-no-js\"><a href=\"http:\/\/www.augen-blicke-afrika.de\/blog\/wp-content\/uploads\/2018\/10\/Bangalogia-2a.jpg\"><img loading=\"lazy\" decoding=\"async\" class=\"alignnone wp-image-3855\" src=\"http:\/\/www.augen-blicke-afrika.de\/blog\/wp-content\/uploads\/2018\/10\/Bangalogia-2a-300x169.jpg\" alt=\"Bangalogia 2a\" width=\"565\" height=\"215\"><\/a><\/p>\n<h1>BANGALOGIA &#8211; The Science of Style<\/h1>\n<h3>Dokumentarfilm, Angola 2016, R.: Cor\u00e9on D\u00fa, 81 Min., port. \/ engl. OF, engl. UT<\/h3>\n<\/td>\n<\/tr>\n<\/thead>\n<tbody>\n<tr>\n<td>Banga ist das angolanische Wort f\u00fcr Swag oder Style und steht als Synonym f\u00fcr eine Pers\u00f6nlichkeit mit selbstbewusstem Auftreten und exzentrischem Styling. In Angolas Hauptstadt Luanda, heute eine der teuersten Metropolen der Welt, hat sich eine Szene entwickelt, die Banga als angolanischen Mode- und Kunststil in Europa und in den USA vermarktet.<br \/>\nAuch die Models f\u00fcr die Laufstege der Welt kommen aus Angola. Agenturen sind st\u00e4ndig auf der Suche nach Sch\u00f6nheiten, die sie h\u00e4ufig in den Armenvierteln finden.<br \/>\nFernab von der Glitzerwelt der Hauptstadt zeigt der Film, dass die Menschen in armen l\u00e4ndlichen Regionen von jeher Wert auf Sch\u00f6nheit und Ausdrucks\u00adkraft legen, was sich in vielerlei Hinsicht in ihrer Kultur ausdr\u00fcckt. Banga ist f\u00fcr die Menschen ein zeitloses Identit\u00e4tsmerkmal.<br \/>\nDie Dokumentation zeigt eine Entwicklung und Aufbruchsstimmung in einer afrikanischen Metropole, die in unseren Medien nicht aufgegriffen wird. Ob davon auch irgendwann die Masse der Bev\u00f6lkerung profitieren kann, wird die Zukunft zeigen.<\/td>\n<\/tr>\n<tr>\n<td style=\"border-bottom: none;\"><strong><a href=\"http:\/\/www.augen-blicke-afrika.de\/blog\/wp-content\/uploads\/2018\/10\/Bangalogia-1a.png\"><img loading=\"lazy\" decoding=\"async\" class=\"size-full wp-image-3856 alignleft\" src=\"http:\/\/www.augen-blicke-afrika.de\/blog\/wp-content\/uploads\/2018\/10\/Bangalogia-1a.png\" alt=\"Bangalogia 1a\" width=\"188\" height=\"268\"><\/a><\/strong><\/p>\n<p>&nbsp;<\/p>\n<p><strong>Cor\u00e9on D\u00fa<\/strong>, 1984 in Angola geboren, ist Kreativ\u00addirektor, S\u00e4nger und Regisseur.<br \/>\nEr wanderte als Kind mit seiner Mutter \u00fcber Portugal in die USA aus und studierte dort Massenkommunikation und Tanztheater. Selbst stets k\u00fchn gestylt hat er mit kreativen Ideen Banga, besonders in den USA, zum Durchbruch verholfen.<\/p>\n<p>&nbsp;<\/td>\n<\/tr>\n<\/tbody>\n<\/table>\n<p><iframe loading=\"lazy\" src=\"https:\/\/player.vimeo.com\/video\/179161782\" allowfullscreen=\"allowfullscreen\" width=\"640\" height=\"360\" frameborder=\"0\"><\/iframe><\/p>\n","protected":false},"excerpt":{"rendered":"<p>BANGALOGIA &#8211; The Science of Style Dokumentarfilm, Angola 2016, R.: Cor\u00e9on D\u00fa, 81 Min., port. \/ engl. OF, engl. UT Banga ist das angolanische Wort f\u00fcr Swag oder Style und steht als Synonym f\u00fcr eine Pers\u00f6nlichkeit mit selbstbewusstem Auftreten und &hellip; <a href=\"https:\/\/www.augen-blicke-afrika.de\/blog\/filme-2018\/bangalogia\/\">Weiterlesen <span class=\"meta-nav\">&rarr;<\/span><\/a><\/p>\n","protected":false},"author":3,"featured_media":5126,"parent":4190,"menu_order":0,"comment_status":"closed","ping_status":"closed","template":"afrika2018.php","meta":{"footnotes":""},"class_list":["post-3854","page","type-page","status-publish","has-post-thumbnail","hentry"],"_links":{"self":[{"href":"https:\/\/www.augen-blicke-afrika.de\/blog\/wp-json\/wp\/v2\/pages\/3854","targetHints":{"allow":["GET"]}}],"collection":[{"href":"https:\/\/www.augen-blicke-afrika.de\/blog\/wp-json\/wp\/v2\/pages"}],"about":[{"href":"https:\/\/www.augen-blicke-afrika.de\/blog\/wp-json\/wp\/v2\/types\/page"}],"author":[{"embeddable":true,"href":"https:\/\/www.augen-blicke-afrika.de\/blog\/wp-json\/wp\/v2\/users\/3"}],"replies":[{"embeddable":true,"href":"https:\/\/www.augen-blicke-afrika.de\/blog\/wp-json\/wp\/v2\/comments?post=3854"}],"version-history":[{"count":7,"href":"https:\/\/www.augen-blicke-afrika.de\/blog\/wp-json\/wp\/v2\/pages\/3854\/revisions"}],"predecessor-version":[{"id":9404,"href":"https:\/\/www.augen-blicke-afrika.de\/blog\/wp-json\/wp\/v2\/pages\/3854\/revisions\/9404"}],"up":[{"embeddable":true,"href":"https:\/\/www.augen-blicke-afrika.de\/blog\/wp-json\/wp\/v2\/pages\/4190"}],"wp:featuredmedia":[{"embeddable":true,"href":"https:\/\/www.augen-blicke-afrika.de\/blog\/wp-json\/wp\/v2\/media\/5126"}],"wp:attachment":[{"href":"https:\/\/www.augen-blicke-afrika.de\/blog\/wp-json\/wp\/v2\/media?parent=3854"}],"curies":[{"name":"wp","href":"https:\/\/api.w.org\/{rel}","templated":true}]}}