{"id":3675,"date":"2017-10-12T13:45:20","date_gmt":"2017-10-12T11:45:20","guid":{"rendered":"http:\/\/www.augen-blicke-afrika.de\/blog\/?page_id=3675"},"modified":"2022-09-19T20:51:42","modified_gmt":"2022-09-19T18:51:42","slug":"grusswort-2017","status":"publish","type":"page","link":"https:\/\/www.augen-blicke-afrika.de\/blog\/archiv\/archiv-2017\/grusswort-2017\/","title":{"rendered":"Gru\u00dfwort 2017"},"content":{"rendered":"<h1>Gru\u00dfwort<\/h1>\n<p><a href=\"http:\/\/www.augen-blicke-afrika.de\/blog\/wp-content\/uploads\/2017\/09\/Eva-Halbtotale-e1507808446392.jpeg\"><img loading=\"lazy\" decoding=\"async\" class=\"wp-image-2483 alignleft\" src=\"http:\/\/www.augen-blicke-afrika.de\/blog\/wp-content\/uploads\/2017\/09\/Eva-Halbtotale-e1507808446392.jpeg\" alt=\"Dani\" width=\"159\" height=\"219\"><\/a>Zum sechsten Mal l\u00e4dt das Filmfestival \u201eAugen Blicke Afrika\u201c ein, auf Entdeckungsreise zu gehen. In Deutschland ist das Afrikabild gepr\u00e4gt von einer Berichterstattung und von politischen Debatten, in denen es vorwiegend um die Migrationsbewegung, das Schlie\u00dfen von Grenzen oder um Hilfsprogramme geht. Es gibt viel zu wenig Informationen dar\u00fcber, was in den afrikanischen L\u00e4ndern selbst in Bewegung ist, wor\u00fcber gestritten wird und welche Entwicklungen innerafrikanisch eine Rolle spielen. Hier schlie\u00dfen die Filme des 6. afrikanischen Filmfestivals eine L\u00fccke.<\/p>\n<p>Ich war viele Jahre als Gesch\u00e4ftsf\u00fchrerin der Filmf\u00f6rderung Hamburg Schleswig-Holstein t\u00e4tig und wei\u00df daher, wie wichtig es ist, gerade auch jungen Filmschaffenden eine Finanzierung ihrer Filmideen zu erm\u00f6glichen. F\u00fcr afrikanische Regisseurinnen und Regisseure sind Filmproduktionen ungleich schwieriger zu realisieren, gibt es doch in Afrika, anders als in Europa, so gut wie keine M\u00f6glichkeiten auf finanzielle F\u00f6rderung. Die Filmemacherinnen und Filmemacher m\u00fcssen sich auf die extrem m\u00fchsame Suche nach ausl\u00e4ndischen Co-Produktionspartnern begeben oder ihre Filme mit einem Minimum an Budget herstellen. Dennoch werden jedes Jahr viele neue Produktionen gerade auch von jungen afrikanischen Regisseurinnen und Regisseuren realisiert.<\/p>\n<p>Ich empfinde es als Gl\u00fcck und eine Bereicherung, dass es dem Team von \u201eAugen Blicke Afrika e. V.\u201c auch 2017 wieder gelungen ist, ein facettenreiches und spannendes Programm zusammenzustellen. Das Publikum kann sich von der gro\u00dfen Vielfalt und Kreativit\u00e4t des afrikanischen Filmschaffens \u00fcberzeugen und damit gleichzeitig einen Eindruck von Afrika aus afrikanischer Sicht gewinnen.<\/p>\n<p>Ich freue mich, dass ich in diesem Jahr die Schirmherrschaft \u00fcbernehmen darf. Dem Festival w\u00fcnsche ich viele Zuschauerinnen und Zuschauer, die sicherlich spannende und erkenntnisreiche Stunden im Kino verbringen werden.<br \/>\n<img loading=\"lazy\" decoding=\"async\" class=\"\" style=\"border: none;\" src=\"http:\/\/www.augen-blicke-afrika.de\/blog\/wp-content\/uploads\/2017\/09\/Evas-Unterschrift.png\" alt=\"signature-dani-2\" width=\"144\" height=\"55\"><\/p>\n<p>Eva Hubert, geb. 1950, war bis Ende 2015 Gesch\u00e4ftsf\u00fchrerin der Filmf\u00f6rderung Hamburg Schleswig-Holstein. Sie engagiert sich ehrenamtlich u. a. als Vorsitzende des deutsch-franz\u00f6sischen Programmbeirats von Arte G.E.I.E., im Stiftungsrat der Hamburgischen Kulturstiftung, im Hochschulrat der HfbK (Hochschule f\u00fcr bildende K\u00fcnste, Hamburg), bei der Filmbewertungsstelle und ist Mitglied der European Film Academy.<\/p>\n","protected":false},"excerpt":{"rendered":"<p>Gru\u00dfwort Zum sechsten Mal l\u00e4dt das Filmfestival \u201eAugen Blicke Afrika\u201c ein, auf Entdeckungsreise zu gehen. In Deutschland ist das Afrikabild gepr\u00e4gt von einer Berichterstattung und von politischen Debatten, in denen es vorwiegend um die Migrationsbewegung, das Schlie\u00dfen von Grenzen oder &hellip; <a href=\"https:\/\/www.augen-blicke-afrika.de\/blog\/archiv\/archiv-2017\/grusswort-2017\/\">Weiterlesen <span class=\"meta-nav\">&rarr;<\/span><\/a><\/p>\n","protected":false},"author":3,"featured_media":5126,"parent":3800,"menu_order":0,"comment_status":"closed","ping_status":"closed","template":"afrika2017.php","meta":{"footnotes":""},"class_list":["post-3675","page","type-page","status-publish","has-post-thumbnail","hentry"],"_links":{"self":[{"href":"https:\/\/www.augen-blicke-afrika.de\/blog\/wp-json\/wp\/v2\/pages\/3675","targetHints":{"allow":["GET"]}}],"collection":[{"href":"https:\/\/www.augen-blicke-afrika.de\/blog\/wp-json\/wp\/v2\/pages"}],"about":[{"href":"https:\/\/www.augen-blicke-afrika.de\/blog\/wp-json\/wp\/v2\/types\/page"}],"author":[{"embeddable":true,"href":"https:\/\/www.augen-blicke-afrika.de\/blog\/wp-json\/wp\/v2\/users\/3"}],"replies":[{"embeddable":true,"href":"https:\/\/www.augen-blicke-afrika.de\/blog\/wp-json\/wp\/v2\/comments?post=3675"}],"version-history":[{"count":6,"href":"https:\/\/www.augen-blicke-afrika.de\/blog\/wp-json\/wp\/v2\/pages\/3675\/revisions"}],"predecessor-version":[{"id":7009,"href":"https:\/\/www.augen-blicke-afrika.de\/blog\/wp-json\/wp\/v2\/pages\/3675\/revisions\/7009"}],"up":[{"embeddable":true,"href":"https:\/\/www.augen-blicke-afrika.de\/blog\/wp-json\/wp\/v2\/pages\/3800"}],"wp:featuredmedia":[{"embeddable":true,"href":"https:\/\/www.augen-blicke-afrika.de\/blog\/wp-json\/wp\/v2\/media\/5126"}],"wp:attachment":[{"href":"https:\/\/www.augen-blicke-afrika.de\/blog\/wp-json\/wp\/v2\/media?parent=3675"}],"curies":[{"name":"wp","href":"https:\/\/api.w.org\/{rel}","templated":true}]}}