{"id":3620,"date":"2017-10-12T13:18:06","date_gmt":"2017-10-12T11:18:06","guid":{"rendered":"http:\/\/www.augen-blicke-afrika.de\/blog\/?page_id=3620"},"modified":"2022-09-19T20:53:18","modified_gmt":"2022-09-19T18:53:18","slug":"veranstalter-und-foerderer-2017","status":"publish","type":"page","link":"https:\/\/www.augen-blicke-afrika.de\/blog\/archiv\/archiv-2017\/veranstalter-und-foerderer-2017\/","title":{"rendered":"Veranstalter und F\u00f6rderer 2017"},"content":{"rendered":"<h2><strong>Veranstalter<\/strong><\/h2>\n<table style=\"border: 0;\">\n<tbody>\n<tr>\n<td style=\"border: 0;\" colspan=\"2\">Augen Blicke Afrika e.V. in Kooperation mit dem Studio-Kino Hamburg.<\/td>\n<\/tr>\n<tr>\n<td style=\"border-bottom: none; border: 0;\" colspan=\"2\"><img loading=\"lazy\" decoding=\"async\" class=\"wp-image-3621 alignleft\" style=\"border: 0;\" src=\"http:\/\/www.augen-blicke-afrika.de\/blog\/wp-content\/uploads\/2017\/09\/ABA-logo-300x202.png\" alt=\"ABA logo\" width=\"125\" height=\"88\"><a id=\"sponsor\" href=\"http:\/\/www.augen-blicke-afrika.de\/blog\/wp-content\/uploads\/2013\/09\/Studio-Kino72649_Kopi211122.png\"><img loading=\"lazy\" decoding=\"async\" class=\" wp-image-1794 alignleft\" style=\"border: 0;\" src=\"http:\/\/www.augen-blicke-afrika.de\/blog\/wp-content\/uploads\/2013\/09\/Studio-Kino72649_Kopi211122.png\" alt=\"Studio Kino72649_Kopi211122\" width=\"128\" height=\"88\"><\/a><\/td>\n<\/tr>\n<tr>\n<td style=\"border-bottom: none; border: 0;\" colspan=\"2\">Einzelne Veranstaltungen in Kooperation mit der<br \/>\n<strong>Rosa Luxemburg Stiftung Hamburg<\/strong><br \/>\n(gef\u00f6rdert durch die Landeszentrale f\u00fcr politische Bildung Hamburg),<br \/>\n<strong><em>umdenken<\/em> Heinrich-B\u00f6ll-Stiftung \u00adHamburg e.V.<\/strong><br \/>\n(gef\u00f6rdert aus Mitteln der Landeszentrale f\u00fcr politische Bildung Hamburg), &nbsp;\u00ad<br \/>\n<strong>Amnesty International, Bezirk Hamburg<\/strong><\/td>\n<\/tr>\n<tr>\n<td style=\"border-bottom: none; border: 0;\" colspan=\"2\">\n<h2>&nbsp;<a id=\"sponsor\" href=\"http:\/\/www.augen-blicke-afrika.de\/blog\/wp-content\/uploads\/2014\/10\/LogoRLSHamburg220498_211116.png\"><img loading=\"lazy\" decoding=\"async\" class=\"alignnone size-full wp-image-1824\" style=\"border: 0;\" src=\"http:\/\/www.augen-blicke-afrika.de\/blog\/wp-content\/uploads\/2014\/10\/LogoRLSHamburg220498_211116.png\" alt=\"LogoRLSHamburg220498_211116\" width=\"70\" height=\"69\"><\/a>&nbsp;&nbsp; <a id=\"sponsor\" href=\"http:\/\/www.augen-blicke-afrika.de\/blog\/wp-content\/uploads\/2014\/10\/bestes-umdenken-Logo1225611.png\"><img loading=\"lazy\" decoding=\"async\" class=\"alignnone wp-image-1823\" style=\"border: 0;\" src=\"http:\/\/www.augen-blicke-afrika.de\/blog\/wp-content\/uploads\/2014\/10\/bestes-umdenken-Logo1225611.png\" alt=\"bestes umdenken Logo1225611\" width=\"155\" height=\"76\"><\/a><a id=\"sponsor\" href=\"http:\/\/www.augen-blicke-afrika.de\/blog\/wp-content\/uploads\/2014\/10\/AILogo_Kombi_S_HG2070712513.jpg\">&nbsp; &nbsp;<img loading=\"lazy\" decoding=\"async\" class=\"alignnone size-full wp-image-1825\" style=\"border: 0;\" src=\"http:\/\/www.augen-blicke-afrika.de\/blog\/wp-content\/uploads\/2014\/10\/AILogo_Kombi_S_HG2070712513.jpg\" alt=\"AILogo_Kombi_S_HG2070712513\" width=\"189\" height=\"69\"><\/a><\/h2>\n<\/td>\n<\/tr>\n<tr>\n<td style=\"border-bottom: none; border: 0;\">\n<h2><strong><br \/>\nF\u00f6rderung<\/strong><\/h2>\n<\/td>\n<td style=\"border-bottom: none; border: 0;\"><\/td>\n<\/tr>\n<tr>\n<td style=\"border-bottom: none; border: 0;\" colspan=\"2\">Katholischer Fonds, Brot f\u00fcr die Welt &#8211; Evangelischer Entwicklungsdienst, Norddeutsche \u00adStiftung f\u00fcr Umwelt und Entwickung aus Ertr\u00e4gen der Lotterie BINGO! Die \u00adUmweltlotterie, \u00adBezirksamt Altona, Umverteilen! &#8211; Stiftung f\u00fcr eine solidarische Welt und Aktion Selbst\u00adbesteuerung e.V., Bezirksamt HH-Altona Kulturausschuss, Hamburgische Kulturstiftung.<\/td>\n<\/tr>\n<tr>\n<td style=\"border-bottom: none; border: 0;\" colspan=\"2\"><img loading=\"lazy\" decoding=\"async\" class=\"wp-image-158 alignnone\" style=\"border: 0;\" src=\"http:\/\/www.augen-blicke-afrika.de\/blog\/wp-content\/uploads\/2012\/09\/katholischer-fonds.png\" alt=\"Katholischer Fonds\" width=\"96\" height=\"63\">&nbsp; &nbsp;<img loading=\"lazy\" decoding=\"async\" class=\"wp-image-3622 alignnone\" style=\"border: 0;\" src=\"http:\/\/www.augen-blicke-afrika.de\/blog\/wp-content\/uploads\/2017\/09\/Brot-fuer-die-Welt.jpg\" alt=\"Brot-fuer-die-Welt\" width=\"115\" height=\"64\">&nbsp; &nbsp;<img loading=\"lazy\" decoding=\"async\" class=\"wp-image-155 alignnone\" style=\"border: 0;\" title=\"NUE-Norddeutsche Stiftung f\u00fcr Umwelt und Entwicklung\" src=\"http:\/\/www.augen-blicke-afrika.de\/blog\/wp-content\/uploads\/2012\/09\/nue.gif\" alt=\"NUE-Norddeutsche Stiftung f\u00fcr Umwelt und Entwicklung\" width=\"176\" height=\"66\"><\/td>\n<\/tr>\n<tr>\n<td style=\"border-bottom: none; border: 0;\" colspan=\"2\">\n<h3><img loading=\"lazy\" decoding=\"async\" class=\" wp-image-154 alignnone\" style=\"border: 0;\" src=\"http:\/\/www.augen-blicke-afrika.de\/blog\/wp-content\/uploads\/2012\/09\/bingohh.png\" alt=\"Lotterie BINGO! Die Umweltlotterie\" width=\"63\" height=\"59\">&nbsp; &nbsp;<a href=\"http:\/\/www.augen-blicke-afrika.de\/blog\/wp-content\/uploads\/2012\/09\/umverteilen.png\"><img loading=\"lazy\" decoding=\"async\" class=\"alignnone wp-image-168\" style=\"border: 0;\" src=\"http:\/\/www.augen-blicke-afrika.de\/blog\/wp-content\/uploads\/2012\/09\/umverteilen.png\" alt=\"Umverteilen! \u2013 Stiftung f\u00fcr eine, solidarische Welt\" width=\"122\" height=\"65\"><\/a>&nbsp; &nbsp;<a href=\"http:\/\/www.augen-blicke-afrika.de\/blog\/wp-content\/uploads\/2017\/09\/HH-Stiftung.jpg\"><img loading=\"lazy\" decoding=\"async\" class=\"alignnone wp-image-3634\" style=\"border: 0;\" src=\"http:\/\/www.augen-blicke-afrika.de\/blog\/wp-content\/uploads\/2017\/09\/HH-Stiftung-300x91.jpg\" alt=\"HH-Stiftung\" width=\"198\" height=\"67\"><\/a><\/h3>\n<\/td>\n<td style=\"border-bottom: none; border: 0;\" colspan=\"2\"><\/td>\n<\/tr>\n<tr>\n<td style=\"border-bottom: none; border: 0;\" colspan=\"2\"><a href=\"http:\/\/www.augen-blicke-afrika.de\/blog\/wp-content\/uploads\/2017\/09\/hamburg-logo-desktop.png\"><img loading=\"lazy\" decoding=\"async\" class=\"alignnone wp-image-3635\" style=\"border: 0;\" src=\"http:\/\/www.augen-blicke-afrika.de\/blog\/wp-content\/uploads\/2017\/09\/hamburg-logo-desktop.png\" alt=\"hamburg-logo-desktop\" width=\"188\" height=\"59\"><\/a><\/td>\n<\/tr>\n<tr>\n<td style=\"border-bottom: none; border: 0;\" colspan=\"2\">\n<p>&nbsp;<\/p>\n<p><strong>KOOPERATIONSPARTNER<\/strong><br \/>\nW3 &#8211; Werkstatt f\u00fcr internationale Kultur und Politik e.V.<\/p>\n<p><img loading=\"lazy\" decoding=\"async\" class=\"alignnone size-full wp-image-1795\" style=\"border: 0;\" src=\"http:\/\/www.augen-blicke-afrika.de\/blog\/wp-content\/uploads\/2013\/09\/w3_logo-anschrift_bla211123.gif\" alt=\"w3_logo+anschrift_bla211123\" width=\"279\" height=\"67\"><\/td>\n<td style=\"border-bottom: none; border: 0;\" colspan=\"2\"><\/td>\n<\/tr>\n<\/tbody>\n<\/table>\n<p><strong>MEDIENPARTNER<\/strong><\/p>\n<p>Radio Triangula, GHTV Abroad<\/p>\n<p><a href=\"http:\/\/www.augen-blicke-afrika.de\/blog\/wp-content\/uploads\/2014\/10\/Picture220543_Kopie15.png\"><img loading=\"lazy\" decoding=\"async\" class=\"size-full wp-image-1921 alignleft\" style=\"border: 0;\" src=\"http:\/\/www.augen-blicke-afrika.de\/blog\/wp-content\/uploads\/2014\/10\/Picture220543_Kopie15.png\" alt=\"Picture220543_Kopie15\" width=\"70\" height=\"73\"><\/a>&nbsp;&nbsp;<a href=\"http:\/\/www.augen-blicke-afrika.de\/blog\/wp-content\/uploads\/2017\/09\/ghtv_logo.png\"><img loading=\"lazy\" decoding=\"async\" class=\"wp-image-3660 alignleft\" style=\"border: 0;\" src=\"http:\/\/www.augen-blicke-afrika.de\/blog\/wp-content\/uploads\/2017\/09\/ghtv_logo.png\" alt=\"ghtv_logo\" width=\"109\" height=\"75\"><\/a><\/p>\n<p>&nbsp;<\/p>\n","protected":false},"excerpt":{"rendered":"<p>Veranstalter Augen Blicke Afrika e.V. in Kooperation mit dem Studio-Kino Hamburg. Einzelne Veranstaltungen in Kooperation mit der Rosa Luxemburg Stiftung Hamburg (gef\u00f6rdert durch die Landeszentrale f\u00fcr politische Bildung Hamburg), umdenken Heinrich-B\u00f6ll-Stiftung \u00adHamburg e.V. (gef\u00f6rdert aus Mitteln der Landeszentrale f\u00fcr politische &hellip; <a href=\"https:\/\/www.augen-blicke-afrika.de\/blog\/archiv\/archiv-2017\/veranstalter-und-foerderer-2017\/\">Weiterlesen <span class=\"meta-nav\">&rarr;<\/span><\/a><\/p>\n","protected":false},"author":3,"featured_media":5126,"parent":3800,"menu_order":0,"comment_status":"closed","ping_status":"closed","template":"afrika2017_oh.php","meta":{"footnotes":""},"class_list":["post-3620","page","type-page","status-publish","has-post-thumbnail","hentry"],"_links":{"self":[{"href":"https:\/\/www.augen-blicke-afrika.de\/blog\/wp-json\/wp\/v2\/pages\/3620","targetHints":{"allow":["GET"]}}],"collection":[{"href":"https:\/\/www.augen-blicke-afrika.de\/blog\/wp-json\/wp\/v2\/pages"}],"about":[{"href":"https:\/\/www.augen-blicke-afrika.de\/blog\/wp-json\/wp\/v2\/types\/page"}],"author":[{"embeddable":true,"href":"https:\/\/www.augen-blicke-afrika.de\/blog\/wp-json\/wp\/v2\/users\/3"}],"replies":[{"embeddable":true,"href":"https:\/\/www.augen-blicke-afrika.de\/blog\/wp-json\/wp\/v2\/comments?post=3620"}],"version-history":[{"count":31,"href":"https:\/\/www.augen-blicke-afrika.de\/blog\/wp-json\/wp\/v2\/pages\/3620\/revisions"}],"predecessor-version":[{"id":7014,"href":"https:\/\/www.augen-blicke-afrika.de\/blog\/wp-json\/wp\/v2\/pages\/3620\/revisions\/7014"}],"up":[{"embeddable":true,"href":"https:\/\/www.augen-blicke-afrika.de\/blog\/wp-json\/wp\/v2\/pages\/3800"}],"wp:featuredmedia":[{"embeddable":true,"href":"https:\/\/www.augen-blicke-afrika.de\/blog\/wp-json\/wp\/v2\/media\/5126"}],"wp:attachment":[{"href":"https:\/\/www.augen-blicke-afrika.de\/blog\/wp-json\/wp\/v2\/media?parent=3620"}],"curies":[{"name":"wp","href":"https:\/\/api.w.org\/{rel}","templated":true}]}}