{"id":3511,"date":"2017-10-11T14:47:55","date_gmt":"2017-10-11T12:47:55","guid":{"rendered":"http:\/\/www.augen-blicke-afrika.de\/blog\/?page_id=3511"},"modified":"2022-09-19T21:52:40","modified_gmt":"2022-09-19T19:52:40","slug":"songs-for-madagascar","status":"publish","type":"page","link":"https:\/\/www.augen-blicke-afrika.de\/blog\/archiv\/archiv-2017\/filme-2017\/songs-for-madagascar\/","title":{"rendered":"SONGS FOR MADAGASCAR"},"content":{"rendered":"<table style=\"height: 356px;\" width=\"756\">\n<thead>\n<tr>\n<td>\n<p class=\"hide-if-no-js\"><a id=\"set-post-thumbnail\" class=\"thickbox\" title=\"Beitragsbild festlegen\" href=\"http:\/\/www.augen-blicke-afrika.de\/blog\/wp-admin\/media-upload.php?post_id=1368&amp;type=image&amp;TB_iframe=1\"><img loading=\"lazy\" decoding=\"async\" class=\"attachment-post-thumbnail alignnone\" src=\"http:\/\/www.augen-blicke-afrika.de\/blog\/wp-content\/uploads\/2017\/10\/SONGS-FOR-MADAGASCAR-9-print.jpg\" alt=\"SONGS FOR MADAGASCAR\" width=\"573\" height=\"340\"><\/a><\/p>\n<h1>SONGS FOR MADAGASCAR<\/h1>\n<h3>Dokumentarfilm, Madagaskar \/ Frankreich 2016, R.: Cesar Paes, 88 Min., Malgasy \/ frz. OF, engl. UT<\/h3>\n<\/td>\n<\/tr>\n<\/thead>\n<tbody>\n<tr>\n<td>Madagaskar &#8211; die viertgr\u00f6\u00dfte Insel der Erde liegt im Indischen Ozean vor der Ostk\u00fcste Afrikas. Die Bewohner sind haupts\u00e4chlich Nachfahren von Einwanderern aus S\u00fcdostasien und Polynesien sowie vom afrikanischen Festland und aus arabischen L\u00e4ndern. Diese ethnische und kulturelle Vielfalt findet sich auch wieder bei den sechs ber\u00fchmtesten Musikern der Insel, vereint in der Gruppe \u201eMadagascar All Stars\u201c. Der Film begleitet die Musiker in verschiedene Regionen der Insel, zeigt ihre landschaftliche Sch\u00f6nheit, aber auch die voranschreitende Umweltzerst\u00f6rung. Die Liedtexte der Band spiegeln die Heimat\u00adverbundenheit und die Sorge um die Zukunft wider.<\/td>\n<\/tr>\n<tr>\n<td style=\"border-bottom: none;\">\n<p class=\"hide-if-no-js\"><a id=\"set-post-thumbnail\" class=\"thickbox\" title=\"Beitragsbild festlegen\" href=\"http:\/\/www.augen-blicke-afrika.de\/blog\/wp-admin\/media-upload.php?post_id=1368&amp;type=image&amp;TB_iframe=1\"><img loading=\"lazy\" decoding=\"async\" class=\"attachment-post-thumbnail alignleft\" src=\"http:\/\/www.augen-blicke-afrika.de\/blog\/wp-content\/uploads\/2017\/10\/SONG-ST-MICH-e1507725932590.jpg\" alt=\"SONGS FOR MADAGASCAR\" width=\"191\" height=\"136\"><\/a><\/p>\n<p><strong>Cesar Paes<\/strong>, geb. 1955 in Rio de Janeiro \/ Brasilien, ist mehrfach &nbsp;ausgezeichneter Autor und Regisseur von \u00addokumentarischen Spielfilmen, in denen Musik im \u00adMittelpunkt steht, die &nbsp;aber zugleich ein Vehikel ist, um ein wichtiges Thema publikumswirksam zu gestalten.<\/td>\n<\/tr>\n<\/tbody>\n<\/table>\n<p><iframe loading=\"lazy\" src=\"https:\/\/player.vimeo.com\/video\/231524349\" allowfullscreen=\"allowfullscreen\" width=\"560\" height=\"315\" frameborder=\"0\"><\/iframe><\/p>\n","protected":false},"excerpt":{"rendered":"<p>SONGS FOR MADAGASCAR Dokumentarfilm, Madagaskar \/ Frankreich 2016, R.: Cesar Paes, 88 Min., Malgasy \/ frz. OF, engl. UT Madagaskar &#8211; die viertgr\u00f6\u00dfte Insel der Erde liegt im Indischen Ozean vor der Ostk\u00fcste Afrikas. Die Bewohner sind haupts\u00e4chlich Nachfahren von &hellip; <a href=\"https:\/\/www.augen-blicke-afrika.de\/blog\/archiv\/archiv-2017\/filme-2017\/songs-for-madagascar\/\">Weiterlesen <span class=\"meta-nav\">&rarr;<\/span><\/a><\/p>\n","protected":false},"author":3,"featured_media":5126,"parent":4179,"menu_order":0,"comment_status":"closed","ping_status":"closed","template":"afrika2017_oh.php","meta":{"footnotes":""},"class_list":["post-3511","page","type-page","status-publish","has-post-thumbnail","hentry"],"_links":{"self":[{"href":"https:\/\/www.augen-blicke-afrika.de\/blog\/wp-json\/wp\/v2\/pages\/3511","targetHints":{"allow":["GET"]}}],"collection":[{"href":"https:\/\/www.augen-blicke-afrika.de\/blog\/wp-json\/wp\/v2\/pages"}],"about":[{"href":"https:\/\/www.augen-blicke-afrika.de\/blog\/wp-json\/wp\/v2\/types\/page"}],"author":[{"embeddable":true,"href":"https:\/\/www.augen-blicke-afrika.de\/blog\/wp-json\/wp\/v2\/users\/3"}],"replies":[{"embeddable":true,"href":"https:\/\/www.augen-blicke-afrika.de\/blog\/wp-json\/wp\/v2\/comments?post=3511"}],"version-history":[{"count":4,"href":"https:\/\/www.augen-blicke-afrika.de\/blog\/wp-json\/wp\/v2\/pages\/3511\/revisions"}],"predecessor-version":[{"id":7039,"href":"https:\/\/www.augen-blicke-afrika.de\/blog\/wp-json\/wp\/v2\/pages\/3511\/revisions\/7039"}],"up":[{"embeddable":true,"href":"https:\/\/www.augen-blicke-afrika.de\/blog\/wp-json\/wp\/v2\/pages\/4179"}],"wp:featuredmedia":[{"embeddable":true,"href":"https:\/\/www.augen-blicke-afrika.de\/blog\/wp-json\/wp\/v2\/media\/5126"}],"wp:attachment":[{"href":"https:\/\/www.augen-blicke-afrika.de\/blog\/wp-json\/wp\/v2\/media?parent=3511"}],"curies":[{"name":"wp","href":"https:\/\/api.w.org\/{rel}","templated":true}]}}