{"id":2234,"date":"2015-09-23T16:48:17","date_gmt":"2015-09-23T14:48:17","guid":{"rendered":"http:\/\/www.augen-blicke-afrika.de\/blog\/?page_id=2234"},"modified":"2018-10-10T13:17:27","modified_gmt":"2018-10-10T11:17:27","slug":"o-espinho-da-rosa-the-thorn-of-the-rose","status":"publish","type":"page","link":"https:\/\/www.augen-blicke-afrika.de\/blog\/archiv\/archiv-2015\/filme-2015\/o-espinho-da-rosa-the-thorn-of-the-rose\/","title":{"rendered":"O Espinho da Rosa \u2013  The Thorn of The Rose"},"content":{"rendered":"<table style=\"height: 356px;\" width=\"756\">\n<thead>\n<tr>\n<td>\n<p class=\"hide-if-no-js\"><a href=\"http:\/\/www.augen-blicke-afrika.de\/blog\/wp-content\/uploads\/2015\/09\/espinho.jpg\"><img loading=\"lazy\" decoding=\"async\" class=\"alignnone size-full wp-image-2194\" src=\"http:\/\/www.augen-blicke-afrika.de\/blog\/wp-content\/uploads\/2015\/09\/espinho.jpg\" alt=\"espinho\" width=\"500\" height=\"281\" srcset=\"https:\/\/www.augen-blicke-afrika.de\/blog\/wp-content\/uploads\/2015\/09\/espinho.jpg 500w, https:\/\/www.augen-blicke-afrika.de\/blog\/wp-content\/uploads\/2015\/09\/espinho-300x169.jpg 300w\" sizes=\"auto, (max-width: 500px) 100vw, 500px\" \/><\/a><\/p>\n<h1>O Espinho da Rosa \u2013 The Thorn of The Rose<\/h1>\n<h3>Guinea Bissau \/ Portugal 2013, R.: Filipe Henriques, 97 Min., OF, engl. UT<\/h3>\n<\/td>\n<\/tr>\n<\/thead>\n<tbody>\n<tr>\n<td>Staatsanwalt David Lunga wird gefeiert, weil er gerade erreicht hat, dass ein Mann wegen P\u00e4dophilie und Missbrauch zu einer langen Haftstrafe verurteilt wurde. In der Nacht erscheint ihm im Traum eine sch\u00f6ne junge Frau, die ihn von da an nicht mehr losl\u00e4sst. Er macht sich auf die Suche, findet eine Frau namens Rosa, verliert sie, folgt ihren Spuren und n\u00e4hert sich so ihrem schrecklichen Geheimnis. F\u00fcr den Anwalt vermischen sich auf diesem gef\u00e4hrlichen Weg zunehmend Realit\u00e4t und Fantasie, Vergangenheit und Gegenwart \u2013 der Kampf um Gerechtigkeit wirkt \u00fcber den Tod hinaus.<\/td>\n<\/tr>\n<tr>\n<td style=\"border-bottom: none;\">\n<p class=\"hide-if-no-js\"><a href=\"http:\/\/www.augen-blicke-afrika.de\/blog\/wp-content\/uploads\/2015\/09\/espinho_poster.jpg\"><img loading=\"lazy\" decoding=\"async\" class=\"size-full wp-image-2193 alignleft\" src=\"http:\/\/www.augen-blicke-afrika.de\/blog\/wp-content\/uploads\/2015\/09\/espinho_poster.jpg\" alt=\"espinho_poster\" width=\"117\" height=\"172\" \/><\/a><\/p>\n<p><strong>Filipe Henriques<\/strong>, geb. 1979 in Guinea-Bissau, verlie\u00df Ende der 1980er Jahre sein Land wegen kriegerischer Unruhen, ging nach Portugal und studierte an der Lus\u00f3fona Universit\u00e4t Lissabon Film-, Video- und Multimedia- Kommunikation. Danach arbeitete er mehrere Jahre als Sound Designer f\u00fcr zahlreiche TV-Serien. \u201eO Espinho da Rosa\u201c erhielt bei den Filmfestivals in Angola 2013 und Sansibar 2014 jeweils den Preis als bester Spielfilm.<\/td>\n<\/tr>\n<\/tbody>\n<\/table>\n<p>&nbsp;<\/p>\n","protected":false},"excerpt":{"rendered":"<p>O Espinho da Rosa \u2013 The Thorn of The Rose Guinea Bissau \/ Portugal 2013, R.: Filipe Henriques, 97 Min., OF, engl. UT Staatsanwalt David Lunga wird gefeiert, weil er gerade erreicht hat, dass ein Mann wegen P\u00e4dophilie und Missbrauch &hellip; <a href=\"https:\/\/www.augen-blicke-afrika.de\/blog\/archiv\/archiv-2015\/filme-2015\/o-espinho-da-rosa-the-thorn-of-the-rose\/\">Weiterlesen <span class=\"meta-nav\">&rarr;<\/span><\/a><\/p>\n","protected":false},"author":3,"featured_media":0,"parent":2076,"menu_order":0,"comment_status":"closed","ping_status":"closed","template":"afrika2015_oh.php","meta":{"footnotes":""},"class_list":["post-2234","page","type-page","status-publish","hentry"],"_links":{"self":[{"href":"https:\/\/www.augen-blicke-afrika.de\/blog\/wp-json\/wp\/v2\/pages\/2234","targetHints":{"allow":["GET"]}}],"collection":[{"href":"https:\/\/www.augen-blicke-afrika.de\/blog\/wp-json\/wp\/v2\/pages"}],"about":[{"href":"https:\/\/www.augen-blicke-afrika.de\/blog\/wp-json\/wp\/v2\/types\/page"}],"author":[{"embeddable":true,"href":"https:\/\/www.augen-blicke-afrika.de\/blog\/wp-json\/wp\/v2\/users\/3"}],"replies":[{"embeddable":true,"href":"https:\/\/www.augen-blicke-afrika.de\/blog\/wp-json\/wp\/v2\/comments?post=2234"}],"version-history":[{"count":6,"href":"https:\/\/www.augen-blicke-afrika.de\/blog\/wp-json\/wp\/v2\/pages\/2234\/revisions"}],"predecessor-version":[{"id":2768,"href":"https:\/\/www.augen-blicke-afrika.de\/blog\/wp-json\/wp\/v2\/pages\/2234\/revisions\/2768"}],"up":[{"embeddable":true,"href":"https:\/\/www.augen-blicke-afrika.de\/blog\/wp-json\/wp\/v2\/pages\/2076"}],"wp:attachment":[{"href":"https:\/\/www.augen-blicke-afrika.de\/blog\/wp-json\/wp\/v2\/media?parent=2234"}],"curies":[{"name":"wp","href":"https:\/\/api.w.org\/{rel}","templated":true}]}}