{"id":2227,"date":"2015-09-23T16:43:42","date_gmt":"2015-09-23T14:43:42","guid":{"rendered":"http:\/\/www.augen-blicke-afrika.de\/blog\/?page_id=2227"},"modified":"2018-10-10T13:15:47","modified_gmt":"2018-10-10T11:15:47","slug":"madama-esther","status":"publish","type":"page","link":"https:\/\/www.augen-blicke-afrika.de\/blog\/archiv\/archiv-2015\/filme-2015\/madama-esther\/","title":{"rendered":"Madama Esther"},"content":{"rendered":"<table style=\"height: 356px;\" width=\"756\">\n<thead>\n<tr>\n<td>\n<h1>Madama Esther<\/h1>\n<h3>Madagaskar 2013, R.: Luck Razanajaona, 15 Min., OF, engl. UT<\/h3>\n<\/td>\n<\/tr>\n<\/thead>\n<tbody>\n<tr>\n<td>Die alte Esther hat ihre Arbeit als W\u00e4scherin verloren. Nun verbringt sie den Tag rat- und mutlos im Zimmer, einem erb\u00e4rmlichen Holzverschlag, in dem sie zusammen mit ihrem kleinen Enkelsohn wohnt. Eines Tages will der \u201ePr\u00e4sident\u201c &#8211; ein Typ, der Hahnenk\u00e4mpfe veranstaltet &#8211; vor ihrem Haus die Wett-Begeisterten abzocken und braucht ihre Hilfe. Daf\u00fcr erh\u00e4lt sie als Mitveranstalterin etwas Geld von den Einnahmen. Das Gesch\u00e4ft l\u00e4uft gut, und so tr\u00e4umt sie davon, ihrem Enkel einmal das Meer zeigen zu k\u00f6nnen. Doch dann kommt die Polizei und sie wird wegen der illegalen Hahnenk\u00e4mpfe verhaftet.<\/td>\n<\/tr>\n<tr>\n<td style=\"border-bottom: none;\"><strong>Luck Razanajaona<\/strong> ist ein junger Filmemacher aus Madagaskar. Er hat schon mehrere Kurz- und Dokumentarfilme realisiert und arbeitet zur Zeit an seinem ersten langen Spielfilm.<\/td>\n<\/tr>\n<\/tbody>\n<\/table>\n<p><\/p>\n","protected":false},"excerpt":{"rendered":"<p>Madama Esther Madagaskar 2013, R.: Luck Razanajaona, 15 Min., OF, engl. UT Die alte Esther hat ihre Arbeit als W\u00e4scherin verloren. Nun verbringt sie den Tag rat- und mutlos im Zimmer, einem erb\u00e4rmlichen Holzverschlag, in dem sie zusammen mit ihrem &hellip; <a href=\"https:\/\/www.augen-blicke-afrika.de\/blog\/archiv\/archiv-2015\/filme-2015\/madama-esther\/\">Weiterlesen <span class=\"meta-nav\">&rarr;<\/span><\/a><\/p>\n","protected":false},"author":3,"featured_media":0,"parent":2076,"menu_order":0,"comment_status":"closed","ping_status":"closed","template":"afrika2015_oh.php","meta":{"footnotes":""},"class_list":["post-2227","page","type-page","status-publish","hentry"],"_links":{"self":[{"href":"https:\/\/www.augen-blicke-afrika.de\/blog\/wp-json\/wp\/v2\/pages\/2227","targetHints":{"allow":["GET"]}}],"collection":[{"href":"https:\/\/www.augen-blicke-afrika.de\/blog\/wp-json\/wp\/v2\/pages"}],"about":[{"href":"https:\/\/www.augen-blicke-afrika.de\/blog\/wp-json\/wp\/v2\/types\/page"}],"author":[{"embeddable":true,"href":"https:\/\/www.augen-blicke-afrika.de\/blog\/wp-json\/wp\/v2\/users\/3"}],"replies":[{"embeddable":true,"href":"https:\/\/www.augen-blicke-afrika.de\/blog\/wp-json\/wp\/v2\/comments?post=2227"}],"version-history":[{"count":3,"href":"https:\/\/www.augen-blicke-afrika.de\/blog\/wp-json\/wp\/v2\/pages\/2227\/revisions"}],"predecessor-version":[{"id":2764,"href":"https:\/\/www.augen-blicke-afrika.de\/blog\/wp-json\/wp\/v2\/pages\/2227\/revisions\/2764"}],"up":[{"embeddable":true,"href":"https:\/\/www.augen-blicke-afrika.de\/blog\/wp-json\/wp\/v2\/pages\/2076"}],"wp:attachment":[{"href":"https:\/\/www.augen-blicke-afrika.de\/blog\/wp-json\/wp\/v2\/media?parent=2227"}],"curies":[{"name":"wp","href":"https:\/\/api.w.org\/{rel}","templated":true}]}}