{"id":1797,"date":"2014-10-17T14:29:34","date_gmt":"2014-10-17T12:29:34","guid":{"rendered":"http:\/\/www.augen-blicke-afrika.de\/blog\/?page_id=1797"},"modified":"2022-09-18T15:59:21","modified_gmt":"2022-09-18T13:59:21","slug":"foerderer-und-veranstalter","status":"publish","type":"page","link":"https:\/\/www.augen-blicke-afrika.de\/blog\/archiv\/archiv-2013\/foerderer-und-veranstalter\/","title":{"rendered":"F\u00f6rderer 2013"},"content":{"rendered":"<div class=\"privat\">\n<p><strong>Private F\u00f6rderer:<img loading=\"lazy\" decoding=\"async\" class=\"alignright size-full wp-image-1023\" title=\"Aminto - Buchhandlung im Schanzenviertel - Gabah African Art - Kevin Murphy Hairdressing\" src=\"http:\/\/www.augen-blicke-afrika.de\/blog\/wp-content\/uploads\/2013\/09\/pf.png\" alt=\"Aminto - Buchhandlung im Schanzenviertel - Gabah African Art - Kevin Murphy Hairdressing\" width=\"237\" height=\"250\"><\/strong><\/p>\n<ul>\n<li>Astrid Gerber und Aled Griffiths<\/li>\n<\/ul>\n<\/div>\n<p><strong>Private F\u00f6rderer:<\/strong><\/p>\n<h2><\/h2>\n<div id=\"attachment_155\" class=\"wp-caption alignleft\" style=\"width: 210px;\"><a href=\"http:\/\/www.nue-stiftung.de\/\" target=\"_blank\" rel=\"noopener\"><img loading=\"lazy\" decoding=\"async\" class=\"size-full wp-image-155 \" title=\"NUE-Norddeutsche Stiftung f\u00fcr Umwelt und Entwicklung\" src=\"http:\/\/www.augen-blicke-afrika.de\/blog\/wp-content\/uploads\/2012\/09\/nue.gif\" alt=\"NUE-Norddeutsche Stiftung f\u00fcr Umwelt und Entwicklung\" width=\"200\" height=\"66\"><\/a><\/p>\n<p class=\"wp-caption-text\">NUE-Norddeutsche Stiftung f\u00fcr Umwelt und Entwicklung aus Ertr\u00e4gen der Lotterie BINGO! Die Umweltlotterie<\/p>\n<\/div>\n<p><a href=\"http:\/\/www.projektfoerderung.de\/\" target=\"_blank\" rel=\"noopener\"><img loading=\"lazy\" decoding=\"async\" class=\"alignleft size-full wp-image-154\" title=\"Lotterie BINGO! Die Umweltlotterie\" src=\"http:\/\/www.augen-blicke-afrika.de\/blog\/wp-content\/uploads\/2012\/09\/bingohh.png\" alt=\"Lotterie BINGO! Die Umweltlotterie\" width=\"200\" height=\"186\"><\/a><\/p>\n<p>&nbsp;<\/p>\n<p>&nbsp;<\/p>\n<p>&nbsp;<\/p>\n<p>&nbsp;<\/p>\n<p>&nbsp;<\/p>\n<p><a href=\"http:\/\/www.ked-nordkirche.de\/\" target=\"_blank\" rel=\"noopener\"><img loading=\"lazy\" decoding=\"async\" class=\"alignleft size-full wp-image-157\" title=\"KED - Kirchlicher Entwicklungsdienst der Nordkirche\" src=\"http:\/\/www.augen-blicke-afrika.de\/blog\/wp-content\/uploads\/2012\/09\/ked.gif\" alt=\"KED - Kirchlicher Entwicklungsdienst der Nordkirche\" width=\"200\" height=\"106\"><\/a><a href=\"http:\/\/www.katholischer-fonds.de\/\"><img loading=\"lazy\" decoding=\"async\" class=\"alignleft size-full wp-image-158\" title=\"katholischer-fonds\" src=\"http:\/\/www.augen-blicke-afrika.de\/blog\/wp-content\/uploads\/2012\/09\/katholischer-fonds.png\" alt=\"Katholischer Fonds\" width=\"200\" height=\"122\"><\/a><\/p>\n<p>&nbsp;<\/p>\n<p>&nbsp;<\/p>\n<p>&nbsp;<\/p>\n<p><a href=\"\/\/www.ffhsh.de\/\" target=\"_blank\" rel=\"noopener\"><img loading=\"lazy\" decoding=\"async\" class=\"size-full wp-image-1025 alignleft\" title=\"Filmf\u00f6rderung Hamburg Schleswig Holstein\" src=\"http:\/\/www.augen-blicke-afrika.de\/blog\/wp-content\/uploads\/2013\/09\/LogoFFHSH.png\" alt=\"Filmf\u00f6rderung Hamburg Schleswig Holstein\" width=\"200\" height=\"102\"><\/a><a href=\"http:\/\/www.phg-hh.de\/\" target=\"_blank\" rel=\"noopener\"><img loading=\"lazy\" decoding=\"async\" class=\"alignleft size-full wp-image-1026\" title=\" Portugiesisch-Hanseatische Gesellschaft e.V.\" src=\"http:\/\/www.augen-blicke-afrika.de\/blog\/wp-content\/uploads\/2013\/09\/phg.png\" alt=\" Portugiesisch-Hanseatische Gesellschaft e.V.\" width=\"200\" height=\"102\"><\/a><\/p>\n<h2><strong>Sponsorpartner<\/strong>:<\/h2>\n<p><a href=\"www.turkishairlines.com\/\"><img loading=\"lazy\" decoding=\"async\" class=\"alignleft size-full wp-image-830\" title=\"turkish-airlines\" src=\"http:\/\/www.augen-blicke-afrika.de\/blog\/wp-content\/uploads\/2013\/09\/turkish-airlines.png\" alt=\"Turkish Airlines\" width=\"200\" height=\"86\"><\/a><a href=\"http:\/\/www.augen-blicke-afrika.de\/blog\/wp-content\/uploads\/2013\/09\/TC-JFG_737.png\"><img loading=\"lazy\" decoding=\"async\" class=\"alignleft size-medium wp-image-831\" title=\"TC-JFG_737\" src=\"http:\/\/www.augen-blicke-afrika.de\/blog\/wp-content\/uploads\/2013\/09\/TC-JFG_737-300x115.png\" alt=\"\" width=\"300\" height=\"115\" srcset=\"https:\/\/www.augen-blicke-afrika.de\/blog\/wp-content\/uploads\/2013\/09\/TC-JFG_737-300x115.png 300w, https:\/\/www.augen-blicke-afrika.de\/blog\/wp-content\/uploads\/2013\/09\/TC-JFG_737-500x192.png 500w, https:\/\/www.augen-blicke-afrika.de\/blog\/wp-content\/uploads\/2013\/09\/TC-JFG_737.png 580w\" sizes=\"auto, (max-width: 300px) 100vw, 300px\" \/><\/a><\/p>\n<p>Werbe-Trailer:<\/p>\n<p><a href=\"www.turkishairlines.com\/tr-tr\/kurumsal\/thy-multimedya\/video-portal\" target=\"_blank\" rel=\"noopener\">http:\/\/www.turkishairlines.com\/tr-tr\/kurumsal\/thy-multimedya\/video-portal<\/a><\/p>\n","protected":false},"excerpt":{"rendered":"<p>Private F\u00f6rderer: Astrid Gerber und Aled Griffiths Private F\u00f6rderer: NUE-Norddeutsche Stiftung f\u00fcr Umwelt und Entwicklung aus Ertr\u00e4gen der Lotterie BINGO! Die Umweltlotterie &nbsp; &nbsp; &nbsp; &nbsp; &nbsp; &nbsp; &nbsp; &nbsp; Sponsorpartner: Werbe-Trailer: http:\/\/www.turkishairlines.com\/tr-tr\/kurumsal\/thy-multimedya\/video-portal<\/p>\n","protected":false},"author":3,"featured_media":800,"parent":4188,"menu_order":0,"comment_status":"closed","ping_status":"closed","template":"afrika2013.php","meta":{"footnotes":""},"class_list":["post-1797","page","type-page","status-publish","has-post-thumbnail","hentry"],"_links":{"self":[{"href":"https:\/\/www.augen-blicke-afrika.de\/blog\/wp-json\/wp\/v2\/pages\/1797","targetHints":{"allow":["GET"]}}],"collection":[{"href":"https:\/\/www.augen-blicke-afrika.de\/blog\/wp-json\/wp\/v2\/pages"}],"about":[{"href":"https:\/\/www.augen-blicke-afrika.de\/blog\/wp-json\/wp\/v2\/types\/page"}],"author":[{"embeddable":true,"href":"https:\/\/www.augen-blicke-afrika.de\/blog\/wp-json\/wp\/v2\/users\/3"}],"replies":[{"embeddable":true,"href":"https:\/\/www.augen-blicke-afrika.de\/blog\/wp-json\/wp\/v2\/comments?post=1797"}],"version-history":[{"count":77,"href":"https:\/\/www.augen-blicke-afrika.de\/blog\/wp-json\/wp\/v2\/pages\/1797\/revisions"}],"predecessor-version":[{"id":6816,"href":"https:\/\/www.augen-blicke-afrika.de\/blog\/wp-json\/wp\/v2\/pages\/1797\/revisions\/6816"}],"up":[{"embeddable":true,"href":"https:\/\/www.augen-blicke-afrika.de\/blog\/wp-json\/wp\/v2\/pages\/4188"}],"wp:featuredmedia":[{"embeddable":true,"href":"https:\/\/www.augen-blicke-afrika.de\/blog\/wp-json\/wp\/v2\/media\/800"}],"wp:attachment":[{"href":"https:\/\/www.augen-blicke-afrika.de\/blog\/wp-json\/wp\/v2\/media?parent=1797"}],"curies":[{"name":"wp","href":"https:\/\/api.w.org\/{rel}","templated":true}]}}