{"id":1580,"date":"2014-10-10T14:49:37","date_gmt":"2014-10-10T12:49:37","guid":{"rendered":"http:\/\/www.augen-blicke-afrika.de\/blog\/?page_id=1580"},"modified":"2022-09-18T16:56:54","modified_gmt":"2022-09-18T14:56:54","slug":"symposium","status":"publish","type":"page","link":"https:\/\/www.augen-blicke-afrika.de\/blog\/archiv\/archiv-2014\/symposium\/","title":{"rendered":"Symposium 2014"},"content":{"rendered":"<h1><a title=\"Symposium englisch\" href=\"http:\/\/www.augen-blicke-afrika.de\/blog\/symposium-englisch\/\"><img loading=\"lazy\" decoding=\"async\" class=\"alignright\" style=\"border: 0px none; margin: 0px;\" title=\"english\" src=\"http:\/\/www.augen-blicke-afrika.de\/blog\/wp-content\/uploads\/2013\/09\/engl-schrift-e1379972389153.gif\" alt=\"english\" width=\"60\" height=\"33\"><\/a>Symposium:<\/h1>\n<p>&nbsp;<\/p>\n<h3>Fr. 07.11. &#8211; 18:00<br \/>\nVeranstaltung mit \u00dcbersetzung, Eintritt frei.<br \/>\nStudio-Kino Hamburg, Bernstorffstr. 93-95, 22767 Hamburg<\/h3>\n<p>&nbsp;<\/p>\n<h5 style=\"text-align: left;\">Es diskutieren<\/h5>\n<table style=\"border-bottom: none;\">\n<tbody>\n<tr>\n<td style=\"border-bottom: none;\"><a href=\"http:\/\/www.augen-blicke-afrika.de\/blog\/wp-content\/uploads\/2014\/10\/balufu.jpg\"><img loading=\"lazy\" decoding=\"async\" class=\"alignnone  wp-image-1585\" src=\"http:\/\/www.augen-blicke-afrika.de\/blog\/wp-content\/uploads\/2014\/10\/balufu.jpg\" alt=\"balufu\" width=\"100\" height=\"132\"><\/a><\/td>\n<td style=\"border-bottom: none;\"><a href=\"http:\/\/www.augen-blicke-afrika.de\/blog\/wp-content\/uploads\/2014\/10\/JP-Bekolo.jpg\"><img loading=\"lazy\" decoding=\"async\" class=\"alignnone  wp-image-1582\" src=\"http:\/\/www.augen-blicke-afrika.de\/blog\/wp-content\/uploads\/2014\/10\/JP-Bekolo.jpg\" alt=\"JP-Bekolo\" width=\"100\" height=\"132\"><\/a><\/td>\n<td style=\"border-bottom: none;\"><a href=\"http:\/\/www.augen-blicke-afrika.de\/blog\/wp-content\/uploads\/2014\/10\/Jihan-El-Tahri-by-Antoine.jpg\"><img loading=\"lazy\" decoding=\"async\" class=\"alignnone  wp-image-1584\" src=\"http:\/\/www.augen-blicke-afrika.de\/blog\/wp-content\/uploads\/2014\/10\/Jihan-El-Tahri-by-Antoine.jpg\" alt=\"Jihan-El-Tahri-by-Antoine\" width=\"99\" height=\"131\"><\/a><\/td>\n<\/tr>\n<tr>\n<td style=\"border-bottom: none;\">\n<h3><strong>Balufu Bakupa-Kanyinda<\/strong><\/h3>\n<h3>Kongo, \u201e<span style=\"color: #000000;\"><a style=\"color: #000000;\" title=\"Juju Factory\" href=\"http:\/\/www.augen-blicke-afrika.de\/blog\/juju-factory\/\">Juju Factory<\/a><\/span>\u201c<\/h3>\n<\/td>\n<td style=\"border-bottom: none;\">\n<h3><strong>Jean Pierre Bekolo<\/strong><\/h3>\n<h3>Kamerun, \u201e<span style=\"color: #000000;\"><a style=\"color: #000000;\" title=\"Le Pr\u00e9sident\" href=\"http:\/\/www.augen-blicke-afrika.de\/blog\/le-president\/\">Le Pr\u00e9sident<\/a><\/span>\u201c<\/h3>\n<\/td>\n<td style=\"border-bottom: none;\">\n<h3 style=\"text-align: left;\"><strong>Jihan El-Tahri<\/strong><\/h3>\n<h3 style=\"text-align: left;\">\u00c4gypten, \u201e<span style=\"color: #000000;\"><a style=\"color: #000000;\" title=\"Behind the Rainbow\" href=\"http:\/\/www.augen-blicke-afrika.de\/blog\/behind-the-rainbow\/\">Behind The Rainbow<\/a><\/span>\u201c<\/h3>\n<\/td>\n<\/tr>\n<\/tbody>\n<\/table>\n<h5>Moderation<\/h5>\n<table style=\"border-bottom: none;\">\n<tbody>\n<tr>\n<td style=\"width: 125px; height: 166px; border-bottom: none;\"><a href=\"http:\/\/www.augen-blicke-afrika.de\/blog\/wp-content\/uploads\/2014\/10\/kurator_ayemba.jpg\"><img loading=\"lazy\" decoding=\"async\" class=\"alignnone  wp-image-1583\" src=\"http:\/\/www.augen-blicke-afrika.de\/blog\/wp-content\/uploads\/2014\/10\/kurator_ayemba.jpg\" alt=\"kurator_ayemba\" width=\"100\" height=\"132\"><\/a><\/td>\n<td style=\"text-align: left; vertical-align: middle; border-bottom: none;\">\n<h3><strong>Julien Enoka Ayemba<\/strong><\/h3>\n<h3>Filmwissenschaftler und -kritiker.<\/h3>\n<h3>Julien Enoka Ayemba lebt und arbeitet in Berlin.<\/h3>\n<h3>Er besch\u00e4ftigt sich seit Jahren mit dem afrikanischen Film.<\/h3>\n<\/td>\n<\/tr>\n<\/tbody>\n<\/table>\n<h5>Thema<\/h5>\n<div style=\"text-align: justify;\">\n<p><strong>Das schwierige Erbe der kolonialen Vergangenheit Afrikas<\/strong><\/p>\n<p>Zum Festival haben wir eine Regisseurin und zwei Regisseure aus Afrika eingeladen. Die Podiumsrunde wird dar\u00fcber diskutieren, wie sich die koloniale Vergangenheit in der gesellschaftlichen Lebenswirklichkeit der Afrikaner und Afrikanerinnen niederschl\u00e4gt.<\/p>\n<p>Die formale Unabh\u00e4ngigkeit der afrikanischen L\u00e4nder wurde zumeist erst in den 60er Jahren erk\u00e4mpft. Die Abh\u00e4ngigkeit der neuen Staaten von den ehemaligen Kolonialm\u00e4chten blieb jedoch bestehen. Sie nehmen weiterhin Einfluss auf deren politische und \u00f6konomische Entwicklung. Dieser reicht vom Diktat von Auflagen bei Entwicklungshilfe und Kreditvergabe bis zu direkten milit\u00e4rischen Interventionen. Damit werden neokoloniale Strukturen aufrechterhalten oder sogar neu geschaffen. Aber auch andere Akteure wie die USA und China stellen Anspr\u00fcche an den afrikanischen Kontinent.<\/p>\n<p>Die hieraus entstehenden, teils heftigen Konflikte in den Gesellschaften werden von afrikanischen und europ\u00e4ischen Filmschaffenden immer wieder reflektiert. Aufgegriffen werden aber auch zunehmend \u201ehausgemachte\u201c Probleme wie Korruption und Despotismus, \u00fcberkommene Traditionen oder Umweltprobleme. In Dokumentar- und Spielfilmen, Satiren oder auch der Nachzeichnung individueller Lebensgeschichten werden diese Themen sehr unterschiedlich umgesetzt.<\/p>\n<p>Gleich nach der Unabh\u00e4ngigkeit wurde am Aufbau eines eigenst\u00e4ndigen afrikanischen Kinos gearbeitet, das jedoch von Anfang an \u00f6konomisch von westlichen L\u00e4ndern abh\u00e4ngig war, meist sogar von den ehemaligen Kolonialm\u00e4chten. Bis heute sind die Produktionsbedingungen h\u00e4ufig von Zensur und Geldmangel bestimmt.<br \/>\n<a id=\"sponsor\" href=\"http:\/\/www.augen-blicke-afrika.de\/blog\/wp-content\/uploads\/2014\/10\/bestes-umdenken-Logo.jpg\"><\/a><\/p>\n<p>&nbsp;<\/p>\n<p><a id=\"sponsor\" href=\"http:\/\/www.augen-blicke-afrika.de\/blog\/wp-content\/uploads\/2014\/10\/bestes-umdenken-Logo.jpg\"><img loading=\"lazy\" decoding=\"async\" class=\"alignright wp-image-1598 \" src=\"http:\/\/www.augen-blicke-afrika.de\/blog\/wp-content\/uploads\/2014\/10\/bestes-umdenken-Logo-300x128.jpg\" alt=\"bestes-umdenken-Logo\" width=\"205\" height=\"92\"><\/a>Das Symposium findet statt in Kooperation mit <strong><em>umdenken<\/em> Heinrich-B\u00f6ll-Stiftung Hamburg e.V.<\/strong> (www.umdenken-boell.de). Gef\u00f6rdert mit Mitteln der <strong>Landeszentrale f\u00fcr <\/strong><strong>politische Bildung Hamburg<\/strong>.<\/p>\n<\/div>\n","protected":false},"excerpt":{"rendered":"<p>Symposium: &nbsp; Fr. 07.11. &#8211; 18:00 Veranstaltung mit \u00dcbersetzung, Eintritt frei. Studio-Kino Hamburg, Bernstorffstr. 93-95, 22767 Hamburg &nbsp; Es diskutieren Balufu Bakupa-Kanyinda Kongo, \u201eJuju Factory\u201c Jean Pierre Bekolo Kamerun, \u201eLe Pr\u00e9sident\u201c Jihan El-Tahri \u00c4gypten, \u201eBehind The Rainbow\u201c Moderation Julien Enoka &hellip; <a href=\"https:\/\/www.augen-blicke-afrika.de\/blog\/archiv\/archiv-2014\/symposium\/\">Weiterlesen <span class=\"meta-nav\">&rarr;<\/span><\/a><\/p>\n","protected":false},"author":3,"featured_media":6824,"parent":4186,"menu_order":0,"comment_status":"closed","ping_status":"closed","template":"afrika2014.php","meta":{"footnotes":""},"class_list":["post-1580","page","type-page","status-publish","has-post-thumbnail","hentry"],"_links":{"self":[{"href":"https:\/\/www.augen-blicke-afrika.de\/blog\/wp-json\/wp\/v2\/pages\/1580","targetHints":{"allow":["GET"]}}],"collection":[{"href":"https:\/\/www.augen-blicke-afrika.de\/blog\/wp-json\/wp\/v2\/pages"}],"about":[{"href":"https:\/\/www.augen-blicke-afrika.de\/blog\/wp-json\/wp\/v2\/types\/page"}],"author":[{"embeddable":true,"href":"https:\/\/www.augen-blicke-afrika.de\/blog\/wp-json\/wp\/v2\/users\/3"}],"replies":[{"embeddable":true,"href":"https:\/\/www.augen-blicke-afrika.de\/blog\/wp-json\/wp\/v2\/comments?post=1580"}],"version-history":[{"count":88,"href":"https:\/\/www.augen-blicke-afrika.de\/blog\/wp-json\/wp\/v2\/pages\/1580\/revisions"}],"predecessor-version":[{"id":6853,"href":"https:\/\/www.augen-blicke-afrika.de\/blog\/wp-json\/wp\/v2\/pages\/1580\/revisions\/6853"}],"up":[{"embeddable":true,"href":"https:\/\/www.augen-blicke-afrika.de\/blog\/wp-json\/wp\/v2\/pages\/4186"}],"wp:featuredmedia":[{"embeddable":true,"href":"https:\/\/www.augen-blicke-afrika.de\/blog\/wp-json\/wp\/v2\/media\/6824"}],"wp:attachment":[{"href":"https:\/\/www.augen-blicke-afrika.de\/blog\/wp-json\/wp\/v2\/media?parent=1580"}],"curies":[{"name":"wp","href":"https:\/\/api.w.org\/{rel}","templated":true}]}}