{"id":1471,"date":"2014-10-09T15:29:44","date_gmt":"2014-10-09T13:29:44","guid":{"rendered":"http:\/\/www.augen-blicke-afrika.de\/blog\/?page_id=1471"},"modified":"2022-09-18T16:43:26","modified_gmt":"2022-09-18T14:43:26","slug":"mama-africa","status":"publish","type":"page","link":"https:\/\/www.augen-blicke-afrika.de\/blog\/archiv\/archiv-2014\/filme-2014\/mama-africa\/","title":{"rendered":"Mama  Africa"},"content":{"rendered":"<table style=\"height: 356px;\" width=\"756\">\n<thead>\n<tr>\n<td>\n<p class=\"hide-if-no-js\"><a id=\"set-post-thumbnail\" class=\"thickbox\" title=\"Beitragsbild festlegen\" href=\"http:\/\/www.augen-blicke-afrika.de\/blog\/wp-admin\/media-upload.php?post_id=1471&amp;type=image&amp;TB_iframe=1\"><img loading=\"lazy\" decoding=\"async\" class=\"attachment-post-thumbnail\" src=\"http:\/\/www.augen-blicke-afrika.de\/blog\/wp-content\/uploads\/2014\/10\/Mama_Africa_01.jpg\" alt=\"Mama_Africa_01\" width=\"568\" height=\"411\"><\/a><\/p>\n<p>&nbsp;<\/p>\n<h1>Mama&nbsp; Africa<\/h1>\n<h3>Dokumentarfilm, Finnland \/ Deutschland 2011, R.: Mika Kaurism\u00e4ki, 89 Min.,<br \/>\nengl. OF, dt. UT<\/h3>\n<\/td>\n<\/tr>\n<\/thead>\n<tbody>\n<tr>\n<td>Miriam Makeba war die erste afrikanische Musikerin, die zum internationalen Star avancierte.<br \/>\nDer Dokumentarfilm \u201eMama Africa\u201c zeichnet mit ausdrucksstarkem Archivmaterial die Lebensgeschichte dieser s\u00fcdafrikanischen S\u00e4ngerin zwischen 1932 und 2008 nach. 1959 musste Makeba S\u00fcdafrika aus politischen Gr\u00fcnden verlassen und konnte erst nach dem Ende des Apartheidregimes wieder in ihre Heimat zur\u00fcckkehren. Aufgrund ihres Engagements gegen Kolonialismus und Rassismus wurde sie zur Ikone des Freiheitskampfes, zur \u201eStimme Afrikas\u201c. \u00adMakeba starb 2008 im Alter von 76 Jahren nach einem Auftritt in Italien.<\/td>\n<\/tr>\n<tr>\n<td style=\"border-bottom: none;\">&nbsp;<\/p>\n<p class=\"hide-if-no-js\"><a id=\"set-post-thumbnail\" class=\"thickbox\" title=\"Beitragsbild festlegen\" href=\"http:\/\/www.augen-blicke-afrika.de\/blog\/wp-admin\/media-upload.php?post_id=1471&amp;type=image&amp;TB_iframe=1\"><img loading=\"lazy\" decoding=\"async\" class=\"attachment-post-thumbnail\" src=\"http:\/\/www.augen-blicke-afrika.de\/blog\/wp-content\/uploads\/2014\/10\/mama.jpg\" alt=\"mama\" width=\"203\" height=\"288\"><\/a><\/p>\n<p>Der finnische Filmemacher <strong>Mika Kaurism\u00e4ki<\/strong> studierte in M\u00fcnchen an der Filmhochschule und lebt seit Anfang der 1990er Jahre in Brasilien.<br \/>\nEr realisierte zahlreiche Dokumentarfilme und f\u00fchrte Regie bei Kurz- und Spielfilmen.<\/td>\n<\/tr>\n<\/tbody>\n<\/table>\n<p>&nbsp;<\/p>\n<p>&nbsp;<\/p>\n","protected":false},"excerpt":{"rendered":"<p>&nbsp; Mama&nbsp; Africa Dokumentarfilm, Finnland \/ Deutschland 2011, R.: Mika Kaurism\u00e4ki, 89 Min., engl. OF, dt. UT Miriam Makeba war die erste afrikanische Musikerin, die zum internationalen Star avancierte. Der Dokumentarfilm \u201eMama Africa\u201c zeichnet mit ausdrucksstarkem Archivmaterial die Lebensgeschichte dieser &hellip; <a href=\"https:\/\/www.augen-blicke-afrika.de\/blog\/archiv\/archiv-2014\/filme-2014\/mama-africa\/\">Weiterlesen <span class=\"meta-nav\">&rarr;<\/span><\/a><\/p>\n","protected":false},"author":3,"featured_media":6824,"parent":4184,"menu_order":0,"comment_status":"closed","ping_status":"closed","template":"afrika2014_oh.php","meta":{"footnotes":""},"class_list":["post-1471","page","type-page","status-publish","has-post-thumbnail","hentry"],"_links":{"self":[{"href":"https:\/\/www.augen-blicke-afrika.de\/blog\/wp-json\/wp\/v2\/pages\/1471","targetHints":{"allow":["GET"]}}],"collection":[{"href":"https:\/\/www.augen-blicke-afrika.de\/blog\/wp-json\/wp\/v2\/pages"}],"about":[{"href":"https:\/\/www.augen-blicke-afrika.de\/blog\/wp-json\/wp\/v2\/types\/page"}],"author":[{"embeddable":true,"href":"https:\/\/www.augen-blicke-afrika.de\/blog\/wp-json\/wp\/v2\/users\/3"}],"replies":[{"embeddable":true,"href":"https:\/\/www.augen-blicke-afrika.de\/blog\/wp-json\/wp\/v2\/comments?post=1471"}],"version-history":[{"count":6,"href":"https:\/\/www.augen-blicke-afrika.de\/blog\/wp-json\/wp\/v2\/pages\/1471\/revisions"}],"predecessor-version":[{"id":6838,"href":"https:\/\/www.augen-blicke-afrika.de\/blog\/wp-json\/wp\/v2\/pages\/1471\/revisions\/6838"}],"up":[{"embeddable":true,"href":"https:\/\/www.augen-blicke-afrika.de\/blog\/wp-json\/wp\/v2\/pages\/4184"}],"wp:featuredmedia":[{"embeddable":true,"href":"https:\/\/www.augen-blicke-afrika.de\/blog\/wp-json\/wp\/v2\/media\/6824"}],"wp:attachment":[{"href":"https:\/\/www.augen-blicke-afrika.de\/blog\/wp-json\/wp\/v2\/media?parent=1471"}],"curies":[{"name":"wp","href":"https:\/\/api.w.org\/{rel}","templated":true}]}}