{"id":1440,"date":"2014-10-09T12:25:01","date_gmt":"2014-10-09T10:25:01","guid":{"rendered":"http:\/\/www.augen-blicke-afrika.de\/blog\/?page_id=1440"},"modified":"2022-09-18T16:43:04","modified_gmt":"2022-09-18T14:43:04","slug":"les-mecreants-die-unglaeubigen","status":"publish","type":"page","link":"https:\/\/www.augen-blicke-afrika.de\/blog\/archiv\/archiv-2014\/filme-2014\/les-mecreants-die-unglaeubigen\/","title":{"rendered":"Les M\u00e9cr\u00e9ants &#8211; Die Ungl\u00e4ubigen"},"content":{"rendered":"<table style=\"height: 356px;\" width=\"756\">\n<thead>\n<tr>\n<td>\n<p class=\"hide-if-no-js\"><a id=\"set-post-thumbnail\" class=\"thickbox\" title=\"Beitragsbild festlegen\" href=\"http:\/\/www.augen-blicke-afrika.de\/blog\/wp-admin\/media-upload.php?post_id=1434&amp;type=image&amp;TB_iframe=1\"><img loading=\"lazy\" decoding=\"async\" class=\"attachment-post-thumbnail\" src=\"http:\/\/www.augen-blicke-afrika.de\/blog\/wp-content\/uploads\/2014\/10\/lm1G.jpg\" alt=\"lm1G\" width=\"568\" height=\"321\"><\/a><\/p>\n<p>&nbsp;<\/p>\n<h1>Les M\u00e9cr\u00e9ants &#8211; Die Ungl\u00e4ubigen<\/h1>\n<h3>Marokko\/Schweiz, 2012, R.: Mohcine Besri, 88 Min., arab. OF, dt. UT<\/h3>\n<\/td>\n<\/tr>\n<\/thead>\n<tbody>\n<tr>\n<td>Im Auftrag eines fundamentalistischen F\u00fchrers kidnappen drei junge Islamisten in Marokko eine Gruppe von gleichaltrigen Schauspielern, die auf dem Weg zur Premiere ihres selbst entwickelten Theaterst\u00fccks sind. Als die Entf\u00fchrer ihr vorgesehenes Versteck erreichen, stellen sie fest, dass der Kontakt zu ihrem religi\u00f6sen F\u00fchrer nicht m\u00f6glich ist und sie keine weiteren Anweisungen erhalten k\u00f6nnen.<br \/>\nF\u00fcr sieben Tage sind die beiden Gruppen aufeinander angewiesen, konfrontiert mit ihren Vorurteilen und unterschiedlichen&nbsp; Lebensidealen. Beiden Gruppierungen ist gemeinsam, dass sie die Realit\u00e4ten in Marokko in Frage stellen, nur der Weg zur Ver\u00e4nderung ist grundverschieden.<\/td>\n<\/tr>\n<tr>\n<td style=\"border-bottom: none;\">&nbsp;<\/p>\n<p class=\"hide-if-no-js\"><a id=\"set-post-thumbnail\" class=\"thickbox\" title=\"Beitragsbild festlegen\" href=\"http:\/\/www.augen-blicke-afrika.de\/blog\/wp-admin\/media-upload.php?post_id=1430&amp;type=image&amp;TB_iframe=1\"><img loading=\"lazy\" decoding=\"async\" class=\"attachment-post-thumbnail alignleft\" src=\"http:\/\/www.augen-blicke-afrika.de\/blog\/wp-content\/uploads\/2014\/10\/plakat_.jpg\" alt=\"plakat_\" width=\"201\" height=\"288\"><\/a><\/p>\n<p><strong>Mohcine Besri<\/strong>, geb. 1971 in Marokko, studierte zun\u00e4chst Physik und Chemie, f\u00fchrte dann sein Studium in der Schweiz fort und wurde Mathematiklehrer. Nebenbei \u00fcbernahm er kleine Rollen, arbeitete als Regieassistent und schrieb Drehb\u00fccher.<br \/>\n\u201eLes M\u00e9cr\u00e9ants\u201c ist sein erster Spielfilm und wurde beim \u201eInternational Filmfestival Kairo\u201c 2012 als bester arabischer Film ausgezeichnet.<\/td>\n<\/tr>\n<\/tbody>\n<\/table>\n<p>&nbsp;<\/p>\n<p>&nbsp;<\/p>\n","protected":false},"excerpt":{"rendered":"<p>&nbsp; Les M\u00e9cr\u00e9ants &#8211; Die Ungl\u00e4ubigen Marokko\/Schweiz, 2012, R.: Mohcine Besri, 88 Min., arab. OF, dt. UT Im Auftrag eines fundamentalistischen F\u00fchrers kidnappen drei junge Islamisten in Marokko eine Gruppe von gleichaltrigen Schauspielern, die auf dem Weg zur Premiere ihres &hellip; <a href=\"https:\/\/www.augen-blicke-afrika.de\/blog\/archiv\/archiv-2014\/filme-2014\/les-mecreants-die-unglaeubigen\/\">Weiterlesen <span class=\"meta-nav\">&rarr;<\/span><\/a><\/p>\n","protected":false},"author":3,"featured_media":6824,"parent":4184,"menu_order":0,"comment_status":"closed","ping_status":"closed","template":"afrika2014_oh.php","meta":{"footnotes":""},"class_list":["post-1440","page","type-page","status-publish","has-post-thumbnail","hentry"],"_links":{"self":[{"href":"https:\/\/www.augen-blicke-afrika.de\/blog\/wp-json\/wp\/v2\/pages\/1440","targetHints":{"allow":["GET"]}}],"collection":[{"href":"https:\/\/www.augen-blicke-afrika.de\/blog\/wp-json\/wp\/v2\/pages"}],"about":[{"href":"https:\/\/www.augen-blicke-afrika.de\/blog\/wp-json\/wp\/v2\/types\/page"}],"author":[{"embeddable":true,"href":"https:\/\/www.augen-blicke-afrika.de\/blog\/wp-json\/wp\/v2\/users\/3"}],"replies":[{"embeddable":true,"href":"https:\/\/www.augen-blicke-afrika.de\/blog\/wp-json\/wp\/v2\/comments?post=1440"}],"version-history":[{"count":7,"href":"https:\/\/www.augen-blicke-afrika.de\/blog\/wp-json\/wp\/v2\/pages\/1440\/revisions"}],"predecessor-version":[{"id":6837,"href":"https:\/\/www.augen-blicke-afrika.de\/blog\/wp-json\/wp\/v2\/pages\/1440\/revisions\/6837"}],"up":[{"embeddable":true,"href":"https:\/\/www.augen-blicke-afrika.de\/blog\/wp-json\/wp\/v2\/pages\/4184"}],"wp:featuredmedia":[{"embeddable":true,"href":"https:\/\/www.augen-blicke-afrika.de\/blog\/wp-json\/wp\/v2\/media\/6824"}],"wp:attachment":[{"href":"https:\/\/www.augen-blicke-afrika.de\/blog\/wp-json\/wp\/v2\/media?parent=1440"}],"curies":[{"name":"wp","href":"https:\/\/api.w.org\/{rel}","templated":true}]}}