{"id":1275,"date":"2014-10-08T15:43:09","date_gmt":"2014-10-08T13:43:09","guid":{"rendered":"http:\/\/www.augen-blicke-afrika.de\/blog\/?page_id=1275"},"modified":"2025-11-06T09:01:08","modified_gmt":"2025-11-06T08:01:08","slug":"programm-2","status":"publish","type":"page","link":"https:\/\/www.augen-blicke-afrika.de\/blog\/archiv\/archiv-2014\/programm-2\/","title":{"rendered":"Programm 2014"},"content":{"rendered":"<table style=\"border-bottom: none;\" border=\"0\" cellspacing=\"0\" cellpadding=\"0\">\n<tbody>\n<tr>\n<th colspan=\"2\">\n<h1>Programm<\/h1>\n<p><span style=\"color: #000000;\">Afrikanisches Film Festival &#8220;AUGEN BLICKE AFRIKA&#8221;, Okt.\/NOV 2014<\/span><\/th>\n<\/tr>\n<tr>\n<td style=\"border-bottom: none;\" colspan=\"2\">\n<h3>Alle Filme im <strong><span style=\"color: #000000;\"><a style=\"color: #000000;\" href=\"http:\/\/www.studio-kino.de\/\" target=\"_blank\" rel=\"noopener\">Studio-Kino<\/a><\/span><\/strong> Hamburg, Bernstorffstr. 93-95, 22767 Hamburg.<\/h3>\n<h3>Eintrittspreis bei jeder Filmveranstaltung 8 EUR\/ erm\u00e4\u00dfigt 6,50 EUR;<br \/>\nAbschlussparty 6 EUR; Symposium freier Eintritt<\/h3>\n<h3>Das Programmheft als pdf hier: <strong><span style=\"color: #000000;\"><a style=\"color: #000000;\" title=\"Das Programmheft von Augen Blicke Afrika 2014 als pdf\" href=\"http:\/\/www.augen-blicke-afrika.de\/blog\/wp-content\/uploads\/2014\/10\/programm_afrika-filmfestival-2014.pdf\" target=\"_blank\" rel=\"noopener\">Programmheft 2014<\/a><\/span><\/strong><\/h3>\n<\/td>\n<\/tr>\n<\/tbody>\n<\/table>\n<table style=\"border-bottom: none;\">\n<tbody>\n<tr style=\"height: 25px;\">\n<td style=\"height: 10px; width: 30px; vertical-align: top;\" scope=\"rowgroup\">\n<h1>Do.<\/h1>\n<\/td>\n<td style=\"height: 10px; vertical-align: top;\" scope=\"rowgroup\">\n<h1>30.10.<\/h1>\n<\/td>\n<\/tr>\n<tr>\n<td style=\"text-align: left; vertical-align: top;\" scope=\"rowgroup\">\n<h2>18:00<\/h2>\n<\/td>\n<td style=\"text-align: left; vertical-align: top;\" scope=\"rowgroup\">\n<h4><strong>Er\u00f6ffnung mit Empfang im Studio-Kino Hamburg<\/strong><\/h4>\n<\/td>\n<\/tr>\n<tr>\n<td style=\"text-align: left; vertical-align: top;\" scope=\"rowgroup\">\n<h2>20:00<\/h2>\n<\/td>\n<td style=\"text-align: left; vertical-align: top;\">\n<h2><span style=\"color: #000000;\"><a style=\"color: #000000;\" title=\"Capitaine Thomas Sankara\" href=\"http:\/\/www.augen-blicke-afrika.de\/blog\/capitaine-thomas-sankara\/\"><strong>Capitaine Thomas Sankara<\/strong><\/a><\/span><\/h2>\n<h3>Doku., Schweiz 2012, 88 Min., frz. OF, dt. UT<\/h3>\n<\/td>\n<\/tr>\n<tr>\n<td style=\"text-align: left; vertical-align: top;\" scope=\"rowgroup\">\n<h2>22:00<\/h2>\n<\/td>\n<td style=\"text-align: left; vertical-align: top;\" scope=\"rowgroup\">\n<h2><span style=\"color: #000000;\"><a style=\"color: #000000;\" title=\"Juju Factory\" href=\"http:\/\/www.augen-blicke-afrika.de\/blog\/juju-factory\/\"><strong>Juju Factory<\/strong><\/a><\/span><\/h2>\n<h3>Dem. Rep. Kongo \/ Belgien 2007, 97 Min., frz. OF, dt. UT<\/h3>\n<\/td>\n<\/tr>\n<\/tbody>\n<\/table>\n<table style=\"border-bottom: none;\">\n<tbody>\n<tr style=\"height: 25px;\">\n<td style=\"height: 10px; width: 30px; vertical-align: top;\" scope=\"rowgroup\">\n<h1>Fr.<\/h1>\n<\/td>\n<td style=\"height: 10px; vertical-align: top;\" scope=\"rowgroup\">\n<h1>31.10.<\/h1>\n<\/td>\n<\/tr>\n<tr>\n<td style=\"text-align: left; vertical-align: top;\" scope=\"rowgroup\">\n<h2>17:30<\/h2>\n<\/td>\n<td style=\"text-align: left; vertical-align: top;\" scope=\"rowgroup\">\n<h2><span style=\"color: #000000;\"><a style=\"color: #000000;\" title=\"Xala\" href=\"http:\/\/www.augen-blicke-afrika.de\/blog\/xala\/\"><strong>Xala<\/strong><\/a><\/span><\/h2>\n<h3>Senegal 1975, 123 Min, frz. \/ Wolof OF, engl. UT<\/h3>\n<\/td>\n<\/tr>\n<tr>\n<td style=\"text-align: left; vertical-align: top;\" scope=\"rowgroup\">\n<h2>20:00<\/h2>\n<\/td>\n<td style=\"text-align: left; vertical-align: top;\">\n<h2><span style=\"color: #000000;\"><a style=\"color: #000000;\" title=\"Adwa \u2013 An African Victory\" href=\"http:\/\/www.augen-blicke-afrika.de\/blog\/adwa-an-african-victory\/\"><strong>Adwa &#8211; An African Victory<\/strong><\/a><\/span><\/h2>\n<h3>Doku., \u00c4thiopien 1999, Amharisch \/ engl. OF, engl. UT<br \/>\n<strong>Anschlie\u00dfende Diskussion mit Dr. Getie Gelaye<\/strong><\/h3>\n<\/td>\n<\/tr>\n<tr>\n<td style=\"text-align: left; vertical-align: top;\" scope=\"rowgroup\">\n<h2>22:00<\/h2>\n<\/td>\n<td style=\"text-align: left; vertical-align: top;\" scope=\"rowgroup\">\n<h2><span style=\"color: #000000;\"><a style=\"color: #000000;\" title=\"O Grande Kilapy\" href=\"http:\/\/www.augen-blicke-afrika.de\/blog\/o-grande-kilapy\/\"><strong>O GRANDE KILAPY<\/strong><\/a><\/span><\/h2>\n<h3>Angola 2012, 101 Min., port. OF, engl. UT<\/h3>\n<\/td>\n<\/tr>\n<\/tbody>\n<\/table>\n<table style=\"border-bottom: none;\">\n<tbody>\n<tr style=\"height: 25px;\">\n<td style=\"height: 10px; width: 30px; vertical-align: top;\" scope=\"rowgroup\">\n<h1>Sa.<\/h1>\n<\/td>\n<td style=\"height: 10px; vertical-align: top;\" scope=\"rowgroup\">\n<h1>01.11.<\/h1>\n<\/td>\n<\/tr>\n<tr>\n<td style=\"text-align: left; vertical-align: top;\" scope=\"rowgroup\">\n<h2>18:00<\/h2>\n<\/td>\n<td style=\"text-align: left; vertical-align: top;\" scope=\"rowgroup\">\n<h2><span style=\"color: #000000;\"><a style=\"color: #000000;\" title=\"Kamerun \u2013  Autopsie einer Unabh\u00e4ngigkeit\" href=\"http:\/\/www.augen-blicke-afrika.de\/blog\/kamerun-autopsie-einer-unabhaengigkeit\/\"><strong>Kamerun &#8211; Autopsie einer Unabh\u00e4ngigkeit<\/strong><\/a><\/span><\/h2>\n<h3>Doku., Frankreich \/ Kamerun 2008, 53 Min., frz.\/ engl. OF, dt. UT<\/h3>\n<\/td>\n<\/tr>\n<tr>\n<td style=\"text-align: left; vertical-align: top;\" scope=\"rowgroup\">\n<h2>20:00<\/h2>\n<\/td>\n<td style=\"text-align: left; vertical-align: top;\">\n<h2><span style=\"color: #000000;\"><a style=\"color: #000000;\" title=\"Tibuktu\" href=\"https:\/\/www.augen-blicke-afrika.de\/blog\/archiv\/archiv-2014\/filme-2014\/timbuktu\/\"><strong>Timbuktu<\/strong><\/a><\/span><\/h2>\n<h3>Mali \/ Frankreich 2014, 115 Min., frz.\/arab.\/ Tamaschek OF, dt. UT<\/h3>\n<\/td>\n<\/tr>\n<tr>\n<td style=\"text-align: left; vertical-align: top;\" scope=\"rowgroup\">\n<h2>22:00<\/h2>\n<\/td>\n<td style=\"text-align: left; vertical-align: top;\" scope=\"rowgroup\">\n<h2><span style=\"color: #000000;\"><a style=\"color: #000000;\" title=\"Punk in Africa\" href=\"http:\/\/www.augen-blicke-afrika.de\/blog\/punk-in-africa\/\"><strong>Punk in Africa<\/strong><\/a><\/span><\/h2>\n<h3>Doku., S\u00fcdafrika \/Tschechien 2011, 80 Min., engl. OF,\u00a0 dt. UT<\/h3>\n<\/td>\n<\/tr>\n<\/tbody>\n<\/table>\n<table style=\"border-bottom: none;\">\n<tbody>\n<tr style=\"height: 25px;\">\n<td style=\"height: 10px; width: 30px; vertical-align: top;\" scope=\"rowgroup\">\n<h1>So.<\/h1>\n<\/td>\n<td style=\"height: 10px; vertical-align: top;\" scope=\"rowgroup\">\n<h1>02.11.<\/h1>\n<\/td>\n<\/tr>\n<tr>\n<td style=\"text-align: left; vertical-align: top;\" scope=\"rowgroup\">\n<h2>17:30<\/h2>\n<\/td>\n<td style=\"text-align: left; vertical-align: top;\" scope=\"rowgroup\">\n<h4><strong>Film und Diskussion zur Fl\u00fcchtlingspolitik<\/strong><\/h4>\n<h2><span style=\"color: #000000;\"><a style=\"color: #000000;\" title=\"Europas Fl\u00fcchtlingspolitik und die Folgen f\u00fcr Hamburg\" href=\"http:\/\/www.augen-blicke-afrika.de\/blog\/europas-fluechtlingspolitik-und-die-folgen-fuer-hamburg\/\"><strong>The Land Between<\/strong><\/a><\/span><\/h2>\n<h3><strong>Diskussion mit Filmer David Fedele<\/strong><br \/>\n<strong> und Wolfgang Grenz (Amnesty International)<\/strong><\/h3>\n<\/td>\n<\/tr>\n<tr>\n<td style=\"text-align: left; vertical-align: top;\" scope=\"rowgroup\">\n<h2>20:00<\/h2>\n<\/td>\n<td style=\"text-align: left; vertical-align: top;\">\n<h2><span style=\"color: #000000;\"><a style=\"color: #000000;\" title=\"Espoir voyage\" href=\"http:\/\/www.augen-blicke-afrika.de\/blog\/espoir-voyage\/\"><strong>Espoir Voyage<\/strong><\/a><\/span><\/h2>\n<h3>Doku., Burkina Faso \/ Frankreich 2011, 81 Min., M\u00f2or\u00e9 \/ frz. OF, engl. UT<\/h3>\n<\/td>\n<\/tr>\n<tr>\n<td style=\"text-align: left; vertical-align: top;\" scope=\"rowgroup\">\n<h2>22:00<\/h2>\n<\/td>\n<td style=\"text-align: left; vertical-align: top;\" scope=\"rowgroup\">\n<h2><span style=\"color: #000000;\"><a style=\"color: #000000;\" title=\"Capitaine Thomas Sankara\" href=\"http:\/\/www.augen-blicke-afrika.de\/blog\/capitaine-thomas-sankara\/\"><strong>Capitaine Thomas Sankara<\/strong><\/a><\/span><\/h2>\n<h3>Doku., Schweiz 2012, 88 Min., frz. OF, dt. UT<\/h3>\n<\/td>\n<\/tr>\n<\/tbody>\n<\/table>\n<table style=\"border-bottom: none;\">\n<tbody>\n<tr style=\"height: 25px;\">\n<td style=\"height: 10px; width: 30px; vertical-align: top;\" scope=\"rowgroup\">\n<h1>Do.<\/h1>\n<\/td>\n<td style=\"height: 10px; vertical-align: top;\" scope=\"rowgroup\">\n<h1>06.11.<\/h1>\n<\/td>\n<\/tr>\n<tr>\n<td style=\"text-align: left; vertical-align: top;\" scope=\"rowgroup\">\n<h2>18:00<\/h2>\n<\/td>\n<td style=\"text-align: left; vertical-align: top;\" scope=\"rowgroup\">\n<h2><span style=\"color: #000000;\"><a style=\"color: #000000;\" title=\"O Grande Kilapy\" href=\"http:\/\/www.augen-blicke-afrika.de\/blog\/o-grande-kilapy\/\"><strong>O GRANDE KILAPY<\/strong><\/a><\/span><\/h2>\n<h3>Angola 2012, 101 Min., port. OF, engl. UT<\/h3>\n<\/td>\n<\/tr>\n<tr>\n<td style=\"text-align: left; vertical-align: top;\" scope=\"rowgroup\">\n<h2>20:00<\/h2>\n<\/td>\n<td style=\"text-align: left; vertical-align: top;\">\n<h2><span style=\"color: #000000;\"><a style=\"color: #000000;\" title=\"Les M\u00e9cr\u00e9ants \u2013 Die Ungl\u00e4ubigen\" href=\"http:\/\/www.augen-blicke-afrika.de\/blog\/les-mecreants-die-unglaeubigen\/\"><strong>Les M\u00e9cr\u00e9ants &#8211; Die Ungl\u00e4ubigen<\/strong><\/a><\/span><\/h2>\n<h3>Marokko\/Schweiz, 2012, 88 Min., arab. OF, dt. UT<\/h3>\n<\/td>\n<\/tr>\n<tr>\n<td style=\"text-align: left; vertical-align: top;\" scope=\"rowgroup\">\n<h2>22:00<\/h2>\n<\/td>\n<td style=\"text-align: left; vertical-align: top;\" scope=\"rowgroup\">\n<h2><span style=\"color: #000000;\"><a style=\"color: #000000;\" title=\"Adwa \u2013 An African Victory\" href=\"http:\/\/www.augen-blicke-afrika.de\/blog\/adwa-an-african-victory\/\"><strong>Adwa &#8211; An African Victory<\/strong><\/a><\/span><\/h2>\n<h3>Doku., \u00c4thiopien 1999, Amharisch \/ engl. OF, engl. UT<\/h3>\n<\/td>\n<\/tr>\n<\/tbody>\n<\/table>\n<table style=\"border-bottom: none;\">\n<tbody>\n<tr style=\"height: 25px;\">\n<td style=\"height: 10px; width: 30px; vertical-align: top;\" scope=\"rowgroup\">\n<h1>Fr.<\/h1>\n<\/td>\n<td style=\"height: 10px; vertical-align: top;\" scope=\"rowgroup\">\n<h1>07.11.<\/h1>\n<\/td>\n<\/tr>\n<tr>\n<td style=\"text-align: left; vertical-align: top;\" scope=\"rowgroup\">\n<h2>18:00<\/h2>\n<\/td>\n<td style=\"text-align: left; vertical-align: top;\" scope=\"rowgroup\">\n<h2><span style=\"color: #000000;\"><a href=\"https:\/\/www.augen-blicke-afrika.de\/blog\/archiv\/archiv-2014\/symposium\/\"><strong>Symposium im Studio-Kino Hamburg<\/strong><\/span><\/h2>\n<\/td>\n<\/tr>\n<tr>\n<td style=\"text-align: left; vertical-align: top;\" scope=\"rowgroup\">\n<h2>20:00<\/h2>\n<\/td>\n<td style=\"text-align: left; vertical-align: top;\">\n<h2><span style=\"color: #000000;\"><a style=\"color: #000000;\" title=\"Juju Factory\" href=\"http:\/\/www.augen-blicke-afrika.de\/blog\/juju-factory\/\"><strong>Juju Factory<\/strong><\/a><\/span><\/h2>\n<h3>Dem. Rep. Kongo \/ Belgien 2007, 97 Min., frz. OF, dt. UT<\/h3>\n<h3><strong>Der Filmemacher ist anwesend<\/strong><\/h3>\n<\/td>\n<\/tr>\n<tr>\n<td style=\"text-align: left; vertical-align: top;\" scope=\"rowgroup\">\n<h2>22:00<\/h2>\n<\/td>\n<td style=\"text-align: left; vertical-align: top;\" scope=\"rowgroup\">\n<h2><span style=\"color: #000000;\"><a style=\"color: #000000;\" title=\"Le Pr\u00e9sident\" href=\"http:\/\/www.augen-blicke-afrika.de\/blog\/le-president\/\"><strong>Le Pr\u00e9sident<\/strong><\/a><\/span><\/h2>\n<h3>Kamerun \/ Deutschland 2013, 62 Min., frz. OF, engl. UT<\/h3>\n<h3><strong>Der Filmemacher ist anwesend<\/strong><\/h3>\n<\/td>\n<\/tr>\n<\/tbody>\n<\/table>\n<table style=\"border-bottom: none;\">\n<tbody>\n<tr style=\"height: 25px;\">\n<td style=\"height: 10px; width: 30px; vertical-align: top;\" scope=\"rowgroup\">\n<h1>Sa.<\/h1>\n<\/td>\n<td style=\"height: 10px; vertical-align: top;\" scope=\"rowgroup\">\n<h1>08.11.<\/h1>\n<\/td>\n<\/tr>\n<tr>\n<td style=\"text-align: left; vertical-align: top;\" scope=\"rowgroup\">\n<h2>17:30<\/h2>\n<\/td>\n<td style=\"text-align: left; vertical-align: top;\" scope=\"rowgroup\">\n<h2><span style=\"color: #000000;\"><a style=\"color: #000000;\" title=\"Behind the rainbow\" href=\"http:\/\/www.augen-blicke-afrika.de\/blog\/behind-the-rainbow\/\"><strong>Behind the Rainbow<\/strong><\/a><\/span><\/h2>\n<h3>Doku., S\u00fcdafrika \/ \u00c4gypten 2009, 124 Min., OF, engl. UT<br \/>\n<strong>Die Filmemacherin ist anwesend<\/strong><\/h3>\n<\/td>\n<\/tr>\n<tr>\n<td style=\"text-align: left; vertical-align: top;\" scope=\"rowgroup\">\n<h2>20:00<\/h2>\n<\/td>\n<td style=\"text-align: left; vertical-align: top;\">\n<h2><span style=\"color: #000000;\"><a style=\"color: #000000;\" title=\"Empire of Dust\" href=\"http:\/\/www.augen-blicke-afrika.de\/blog\/empire-of-dust\/\"><strong>Empire of Dust<\/strong><\/a><\/span><\/h2>\n<h3>Doku., Belgien \/ Kongo 2011, 77 Min., frz. \/ chin. OF, engl. UT<\/h3>\n<\/td>\n<\/tr>\n<tr>\n<td style=\"text-align: left; vertical-align: top;\" scope=\"rowgroup\">\n<h2>22:00<\/h2>\n<\/td>\n<td style=\"text-align: left; vertical-align: top;\" scope=\"rowgroup\">\n<h2><span style=\"color: #000000;\"><a style=\"color: #000000;\" title=\"Espoir voyage\" href=\"http:\/\/www.augen-blicke-afrika.de\/blog\/espoir-voyage\/\"><strong>Espoir Voyage<\/strong><\/a><\/span><\/h2>\n<h3>Doku., Burkina Faso \/ Frankreich 2011, 81 Min., M\u00f2or\u00e9 \/ frz. OF, engl. UT<\/h3>\n<\/td>\n<\/tr>\n<tr>\n<td style=\"text-align: left; vertical-align: top;\" scope=\"rowgroup\">\n<h2>22:00<\/h2>\n<\/td>\n<td style=\"text-align: left; vertical-align: top;\" scope=\"rowgroup\">\n<h2><span style=\"color: #000000;\"><a style=\"color: #000000;\" title=\"Abschluss-Party\" href=\"https:\/\/www.augen-blicke-afrika.de\/blog\/archiv\/archiv-2014\/party\/\"><strong>Abschluss-Party in der SternChance<\/strong><\/a><\/span><\/h2>\n<\/td>\n<\/tr>\n<\/tbody>\n<\/table>\n<table style=\"border-bottom: none;\">\n<tbody>\n<tr style=\"height: 25px;\">\n<td style=\"height: 10px; width: 30px; vertical-align: top;\" scope=\"rowgroup\">\n<h1>So.<\/h1>\n<\/td>\n<td style=\"height: 10px; vertical-align: top;\" scope=\"rowgroup\">\n<h1>09.11.<\/h1>\n<\/td>\n<\/tr>\n<tr>\n<td style=\"text-align: left; vertical-align: top;\" scope=\"rowgroup\">\n<h2>18:00<\/h2>\n<\/td>\n<td style=\"text-align: left; vertical-align: top;\" scope=\"rowgroup\">\n<h2><span style=\"color: #000000;\"><a style=\"color: #000000;\" title=\"Ni Sisi \u2013 It\u2019s Us\" href=\"http:\/\/www.augen-blicke-afrika.de\/blog\/ni-sisi-its-us\/\"><strong>Ni Sisi &#8211; It&#8217;s Us<\/strong><\/a><\/span><\/h2>\n<h3>Kenia 2013, 92 Min., Swahili OF, engl. UT<\/h3>\n<\/td>\n<\/tr>\n<tr>\n<td style=\"text-align: left; vertical-align: top;\" scope=\"rowgroup\">\n<h2>20:00<\/h2>\n<\/td>\n<td style=\"text-align: left; vertical-align: top;\">\n<h2><span style=\"color: #000000;\"><a style=\"color: #000000;\" title=\"Mama  Africa\" href=\"http:\/\/www.augen-blicke-afrika.de\/blog\/mama-africa\/\"><strong>Mama\u00a0 Africa<\/strong><\/a><\/span><\/h2>\n<h3>Doku., Finnland \/ Deutschland 2011,\u00a0 89 Min., engl. OF, dt. UT<\/h3>\n<\/td>\n<\/tr>\n<tr>\n<td style=\"text-align: left; vertical-align: top;\" scope=\"rowgroup\">\n<h2>22:00<\/h2>\n<\/td>\n<td style=\"text-align: left; vertical-align: top;\" scope=\"rowgroup\">\n<h2><span style=\"color: #000000;\"><a style=\"color: #000000;\" title=\"Tibuktu\" href=\"https:\/\/www.augen-blicke-afrika.de\/blog\/archiv\/archiv-2014\/filme-2014\/timbuktu\/\"><strong>Timbuktu<\/strong><\/a><\/span><\/h2>\n<h3>Mali \/ Frankreich 2014, 115 Min., frz.\/arab.\/ Tamaschek OF, dt. UT<\/h3>\n<\/td>\n<\/tr>\n<\/tbody>\n<\/table>\n","protected":false},"excerpt":{"rendered":"<p>Programm Afrikanisches Film Festival &#8220;AUGEN BLICKE AFRIKA&#8221;, Okt.\/NOV 2014 Alle Filme im Studio-Kino Hamburg, Bernstorffstr. 93-95, 22767 Hamburg. Eintrittspreis bei jeder Filmveranstaltung 8 EUR\/ erm\u00e4\u00dfigt 6,50 EUR; Abschlussparty 6 EUR; Symposium freier Eintritt Das Programmheft als pdf hier: Programmheft 2014 &hellip; <a href=\"https:\/\/www.augen-blicke-afrika.de\/blog\/archiv\/archiv-2014\/programm-2\/\">Weiterlesen <span class=\"meta-nav\">&rarr;<\/span><\/a><\/p>\n","protected":false},"author":3,"featured_media":6824,"parent":4186,"menu_order":0,"comment_status":"closed","ping_status":"closed","template":"afrika2014.php","meta":{"footnotes":""},"class_list":["post-1275","page","type-page","status-publish","has-post-thumbnail","hentry"],"_links":{"self":[{"href":"https:\/\/www.augen-blicke-afrika.de\/blog\/wp-json\/wp\/v2\/pages\/1275","targetHints":{"allow":["GET"]}}],"collection":[{"href":"https:\/\/www.augen-blicke-afrika.de\/blog\/wp-json\/wp\/v2\/pages"}],"about":[{"href":"https:\/\/www.augen-blicke-afrika.de\/blog\/wp-json\/wp\/v2\/types\/page"}],"author":[{"embeddable":true,"href":"https:\/\/www.augen-blicke-afrika.de\/blog\/wp-json\/wp\/v2\/users\/3"}],"replies":[{"embeddable":true,"href":"https:\/\/www.augen-blicke-afrika.de\/blog\/wp-json\/wp\/v2\/comments?post=1275"}],"version-history":[{"count":70,"href":"https:\/\/www.augen-blicke-afrika.de\/blog\/wp-json\/wp\/v2\/pages\/1275\/revisions"}],"predecessor-version":[{"id":12558,"href":"https:\/\/www.augen-blicke-afrika.de\/blog\/wp-json\/wp\/v2\/pages\/1275\/revisions\/12558"}],"up":[{"embeddable":true,"href":"https:\/\/www.augen-blicke-afrika.de\/blog\/wp-json\/wp\/v2\/pages\/4186"}],"wp:featuredmedia":[{"embeddable":true,"href":"https:\/\/www.augen-blicke-afrika.de\/blog\/wp-json\/wp\/v2\/media\/6824"}],"wp:attachment":[{"href":"https:\/\/www.augen-blicke-afrika.de\/blog\/wp-json\/wp\/v2\/media?parent=1275"}],"curies":[{"name":"wp","href":"https:\/\/api.w.org\/{rel}","templated":true}]}}