{"id":124,"date":"2012-09-12T22:57:37","date_gmt":"2012-09-12T20:57:37","guid":{"rendered":"http:\/\/www.augen-blicke-afrika.de\/blog\/?page_id=124"},"modified":"2022-09-18T15:33:36","modified_gmt":"2022-09-18T13:33:36","slug":"schirmherrschaft","status":"publish","type":"page","link":"https:\/\/www.augen-blicke-afrika.de\/blog\/archiv\/schirmherrschaft\/","title":{"rendered":"Schirmherrschaft 2012"},"content":{"rendered":"<h2><img loading=\"lazy\" decoding=\"async\" class=\"alignleft size-full wp-image-126\" title=\"Luisa Natiwi Schirmherrin des Festivals Augen Blicke Afrika\" src=\"http:\/\/www.augen-blicke-afrika.de\/blog\/wp-content\/uploads\/2012\/09\/Luisa-Natiwi.jpg\" alt=\"Luisa Natiwi\" width=\"232\" height=\"350\" srcset=\"https:\/\/www.augen-blicke-afrika.de\/blog\/wp-content\/uploads\/2012\/09\/Luisa-Natiwi.jpg 232w, https:\/\/www.augen-blicke-afrika.de\/blog\/wp-content\/uploads\/2012\/09\/Luisa-Natiwi-198x300.jpg 198w\" sizes=\"auto, (max-width: 232px) 100vw, 232px\" \/>Karibuni! \u2013 Willkommen!<\/h2>\n<p>Mein Lebensmotto ist: Gehe mit Motivation und Lust auf die Menschen zu, dann k\u00f6nnen alle voneinander lernen. Als in Hamburg lebende Afrikanerin verstehe ich mich als Mittlerin zwischen zwei Kulturen. Das Nicht-Wissen ist ein Feind der Verst\u00e4ndigung, es f\u00fchrt zu Missverst\u00e4ndnissen und Fremdheiten.<br \/>\nDies ist auch der Grund, warum mich die Idee eines afrikanischen Filmfestivals spontan begeisterte. Hier haben afrikanische Regisseure die Gelegenheit, Realit\u00e4ten in ihren Heimatl\u00e4ndern aus ihrer Sicht ganz unterschiedlich zu beleuchten.<br \/>\nDas ist auch mein Anliegen als Kinder- und Jugendbuch-Autorin. Deshalb gehe ich in Schulen und Kinderg\u00e4rten, berichte \u00fcber das Leben in Uganda und erz\u00e4hle Geschichten aus meiner Kindheit.<br \/>\nDas Festival \u201eAugen Blicke Afrika\u201c kann dazu beitragen, einen neuen Blick auf Afrika zu werfen, das Gef\u00fchl der Fremdheit zu beseitigen und der Erkenntnis Raum zu geben, dass wir Afrikaner gar nicht so anders sind als die Zuschauer selbst.<br \/>\nIn diesem Sinne freue ich mich auf ein spannendes Filmfestival und viele anregende Unterhaltungen und Diskussionen drum herum.<\/p>\n<p><img loading=\"lazy\" decoding=\"async\" id=\"unterschrift\" class=\"alignnone size-full wp-image-427\" title=\"Luisa Natiwi\" src=\"http:\/\/www.augen-blicke-afrika.de\/blog\/wp-content\/uploads\/2012\/09\/Unterschrift-Schirmfrau.png\" alt=\"Luisa Natiwi Unterschrift\" width=\"300\" height=\"209\"><br \/>\n<em>Luisa Natiwi<\/em><br \/>\n<em><\/em><\/p>\n<p><em>Luisa Natiwi, geb. 1952 im Distrikt Karamoja\/Uganda, Autorin f\u00fcr Kinder-und Jugendb\u00fccher, lebt seit 30 Jahren in Deutschland und ist Initiatorin des Schulprojekts \u201eZebra-Crossing e.V.\u201c zum Aufbau einer Lebens-Lern-Schule in Uganda<\/em> (<a title=\"www.zebracrossing.info\" href=\"http:\/\/www.zebracrossing.info\" target=\"_blank\" rel=\"noopener\">www.zebracrossing.info<\/a>)<\/p>\n","protected":false},"excerpt":{"rendered":"<p>Karibuni! \u2013 Willkommen! Mein Lebensmotto ist: Gehe mit Motivation und Lust auf die Menschen zu, dann k\u00f6nnen alle voneinander lernen. Als in Hamburg lebende Afrikanerin verstehe ich mich als Mittlerin zwischen zwei Kulturen. Das Nicht-Wissen ist ein Feind der Verst\u00e4ndigung, &hellip; <a href=\"https:\/\/www.augen-blicke-afrika.de\/blog\/archiv\/schirmherrschaft\/\">Weiterlesen <span class=\"meta-nav\">&rarr;<\/span><\/a><\/p>\n","protected":false},"author":1,"featured_media":357,"parent":718,"menu_order":0,"comment_status":"closed","ping_status":"closed","template":"afrika2012.php","meta":{"footnotes":""},"class_list":["post-124","page","type-page","status-publish","has-post-thumbnail","hentry"],"_links":{"self":[{"href":"https:\/\/www.augen-blicke-afrika.de\/blog\/wp-json\/wp\/v2\/pages\/124","targetHints":{"allow":["GET"]}}],"collection":[{"href":"https:\/\/www.augen-blicke-afrika.de\/blog\/wp-json\/wp\/v2\/pages"}],"about":[{"href":"https:\/\/www.augen-blicke-afrika.de\/blog\/wp-json\/wp\/v2\/types\/page"}],"author":[{"embeddable":true,"href":"https:\/\/www.augen-blicke-afrika.de\/blog\/wp-json\/wp\/v2\/users\/1"}],"replies":[{"embeddable":true,"href":"https:\/\/www.augen-blicke-afrika.de\/blog\/wp-json\/wp\/v2\/comments?post=124"}],"version-history":[{"count":24,"href":"https:\/\/www.augen-blicke-afrika.de\/blog\/wp-json\/wp\/v2\/pages\/124\/revisions"}],"predecessor-version":[{"id":6783,"href":"https:\/\/www.augen-blicke-afrika.de\/blog\/wp-json\/wp\/v2\/pages\/124\/revisions\/6783"}],"up":[{"embeddable":true,"href":"https:\/\/www.augen-blicke-afrika.de\/blog\/wp-json\/wp\/v2\/pages\/718"}],"wp:featuredmedia":[{"embeddable":true,"href":"https:\/\/www.augen-blicke-afrika.de\/blog\/wp-json\/wp\/v2\/media\/357"}],"wp:attachment":[{"href":"https:\/\/www.augen-blicke-afrika.de\/blog\/wp-json\/wp\/v2\/media?parent=124"}],"curies":[{"name":"wp","href":"https:\/\/api.w.org\/{rel}","templated":true}]}}