{"id":1194,"date":"2014-09-02T13:52:26","date_gmt":"2014-09-02T11:52:26","guid":{"rendered":"http:\/\/www.augen-blicke-afrika.de\/blog\/?page_id=1194"},"modified":"2023-09-03T16:37:18","modified_gmt":"2023-09-03T14:37:18","slug":"vorwort-2","status":"publish","type":"page","link":"https:\/\/www.augen-blicke-afrika.de\/blog\/archiv\/archiv-2014\/vorwort-2\/","title":{"rendered":"Vorwort 2014"},"content":{"rendered":"<div style=\"text-align: justify;\">\n<h1><a title=\"Preface\" href=\"http:\/\/www.augen-blicke-afrika.de\/blog\/preface\/\"><img loading=\"lazy\" decoding=\"async\" class=\"alignright\" style=\"border: 0px none; margin: 0px;\" title=\"english\" src=\"http:\/\/www.augen-blicke-afrika.de\/blog\/wp-content\/uploads\/2013\/09\/engl-schrift-e1379972389153.gif\" alt=\"english\" width=\"60\" height=\"33\"><\/a>Augen Blicke Afrika 2014<\/h1>\n<h2><\/h2>\n<h2><strong>Afrikanisches Filmfestival Hamburg<\/strong><\/h2>\n<p>&nbsp;<\/p>\n<p><strong>Willkommen zum afrikanischen Filmfestival \u201eAugen Blicke Afrika\u201c, das wir in diesem Jahr zum dritten Mal durchf\u00fchren k\u00f6nnen. Wir freuen uns \u00fcber das gro\u00dfe Interesse, dass den gezeigten afrikanischen Filmen vom Publikum entgegengebracht wurde.<\/strong><\/p>\n<p>Zur Zeit sind wir noch mit den Vorbereitungen f\u00fcr das Festival besch\u00e4ftigt, daher hier nur ein kleiner \u00dcberblick \u00fcber das, was Sie erwartet.<\/p>\n<p>Nicht zuletzt durch die Aktivit\u00e4ten der so genannten Lampedusa-Gruppe in Hamburg ist das Interesse an afrikanischen Themen wieder mehr in den Fokus der Hamburger Bev\u00f6lkerung ger\u00fcckt.<\/p>\n<p>In diesem Jahr stellen wir unser Festival \u201eAugen Blicke Afrika\u201c unter einen Schwerpunkt mit dem Titel: \u201eKoloniales Erbe Afrikas \u2013 Geschichte und Gegenwart\u201c. Wir pr\u00e4sentieren Filme von afrikanischen und europ\u00e4ischen Filmschaffenden, die das Erbe der kolonialen Herrschaft aus verschiedenen Blickwinkeln betrachten. Ein Filmklassiker wie \u201eXala\u201c von Ousmane Semb\u00e8ne, der als Meilenstein der afrikanischen Filmgeschichte begriffen wird, greift dieses Thema schon in den 70er Jahren auf. Unser gesetzter Schwerpunkt umfasst Filme, die die schwierigen politischen und sozialen Auseinandersetzungen in den afrikanischen Staaten nach der formalen Unabh\u00e4ngigkeit kritisch beleuchten. Weitere Filme zeigen, dass dieser Prozess keineswegs abgeschlossen ist und bis in den heutigen Alltag der Menschen hineingreift.<\/p>\n<p>Wie auch in den vergangenen Jahren wird das Festival mit einem feierlichen Empfang und afrikanischen Leckereien er\u00f6ffnet. Zur Mitte des Festivals werden wir ein Diskussionsforum zum Thema \u201eDas schwierige Erbe der kolonialen Vergangenheit Afrikas\u201c abhalten, zu dem wir mehrere afrikanische Regisseure eingeladen haben. F\u00fcr die abschlie\u00dfende afrikanische Tanznacht haben wir wieder ein buntes musikalisches Programm zusammengestellt.<\/p>\n<p><a id=\"set-post-thumbnail\" class=\"thickbox\" title=\"Beitragsbild festlegen\" href=\"http:\/\/www.augen-blicke-afrika.de\/blog\/wp-admin\/media-upload.php?post_id=1194&amp;type=image&amp;TB_iframe=1\"><img loading=\"lazy\" decoding=\"async\" class=\"attachment-post-thumbnail alignleft\" src=\"http:\/\/www.augen-blicke-afrika.de\/blog\/wp-content\/uploads\/2014\/09\/Gruppe1.jpg\" alt=\"Gruppe\" width=\"303\" height=\"158\"><\/a><\/p>\n<\/div>\n<p>&nbsp;<\/p>\n<p>Die Vorbereitungsgruppe<br \/>\n\u201eAugen Blicke Afrika\u201c<\/p>\n<p class=\"hide-if-no-js\">Hans-J\u00f6rg Heinrich<br \/>\nElisabeth Kamano<br \/>\nIngrid Wernich<br \/>\nBurkhard Leber<br \/>\nAndrea Franken-Takyi<\/p>\n","protected":false},"excerpt":{"rendered":"<p>Augen Blicke Afrika 2014 Afrikanisches Filmfestival Hamburg &nbsp; Willkommen zum afrikanischen Filmfestival \u201eAugen Blicke Afrika\u201c, das wir in diesem Jahr zum dritten Mal durchf\u00fchren k\u00f6nnen. Wir freuen uns \u00fcber das gro\u00dfe Interesse, dass den gezeigten afrikanischen Filmen vom Publikum entgegengebracht &hellip; <a href=\"https:\/\/www.augen-blicke-afrika.de\/blog\/archiv\/archiv-2014\/vorwort-2\/\">Weiterlesen <span class=\"meta-nav\">&rarr;<\/span><\/a><\/p>\n","protected":false},"author":1,"featured_media":6824,"parent":4186,"menu_order":0,"comment_status":"closed","ping_status":"closed","template":"afrika2014.php","meta":{"footnotes":""},"class_list":["post-1194","page","type-page","status-publish","has-post-thumbnail","hentry"],"_links":{"self":[{"href":"https:\/\/www.augen-blicke-afrika.de\/blog\/wp-json\/wp\/v2\/pages\/1194","targetHints":{"allow":["GET"]}}],"collection":[{"href":"https:\/\/www.augen-blicke-afrika.de\/blog\/wp-json\/wp\/v2\/pages"}],"about":[{"href":"https:\/\/www.augen-blicke-afrika.de\/blog\/wp-json\/wp\/v2\/types\/page"}],"author":[{"embeddable":true,"href":"https:\/\/www.augen-blicke-afrika.de\/blog\/wp-json\/wp\/v2\/users\/1"}],"replies":[{"embeddable":true,"href":"https:\/\/www.augen-blicke-afrika.de\/blog\/wp-json\/wp\/v2\/comments?post=1194"}],"version-history":[{"count":43,"href":"https:\/\/www.augen-blicke-afrika.de\/blog\/wp-json\/wp\/v2\/pages\/1194\/revisions"}],"predecessor-version":[{"id":6825,"href":"https:\/\/www.augen-blicke-afrika.de\/blog\/wp-json\/wp\/v2\/pages\/1194\/revisions\/6825"}],"up":[{"embeddable":true,"href":"https:\/\/www.augen-blicke-afrika.de\/blog\/wp-json\/wp\/v2\/pages\/4186"}],"wp:featuredmedia":[{"embeddable":true,"href":"https:\/\/www.augen-blicke-afrika.de\/blog\/wp-json\/wp\/v2\/media\/6824"}],"wp:attachment":[{"href":"https:\/\/www.augen-blicke-afrika.de\/blog\/wp-json\/wp\/v2\/media?parent=1194"}],"curies":[{"name":"wp","href":"https:\/\/api.w.org\/{rel}","templated":true}]}}