{"id":960,"date":"2013-09-23T21:58:22","date_gmt":"2013-09-23T19:58:22","guid":{"rendered":"http:\/\/www.augen-blicke-afrika.de\/blog\/?page_id=960"},"modified":"2025-11-06T11:09:39","modified_gmt":"2025-11-06T10:09:39","slug":"rengaine-hold-back","status":"publish","type":"page","link":"http:\/\/www.augen-blicke-afrika.de\/blog\/archiv\/archiv-2013\/filme-2013\/rengaine-hold-back\/","title":{"rendered":"Rengaine &#8211; Hold Back"},"content":{"rendered":"<style> .entry-title {display: block; margin: 0 0 -3% -6%;} <\/style>\n<p><em>Frankr. \/ Algerien 2012, R.: Rachid Dja\u00efdani, 75 Min., OF m. engl. UT<\/em><\/p>\n<p><img loading=\"lazy\" decoding=\"async\" class=\"alignleft size-full wp-image-924\" title=\"rengaine2\" src=\"http:\/\/www.augen-blicke-afrika.de\/blog\/wp-content\/uploads\/2013\/09\/rengaine2.jpg\" alt=\"Rengaine - Hold Back\" width=\"134\" height=\"179\">Dorcy, ein junger schwarzer Schauspieler, und Sabrina, eine junge Maghrebinerin, lieben sich und wollen heiraten. Aber die Familie von Sabrina ist dagegen. Sie stammt aus einer algerischen, muslimischen Familie, Dorcy ist ein Christ aus Schwarzafrika. Es wird nicht einfacher dadurch, dass Sabrinas \u00e4ltester Bruder, als solcher verantwortlich f\u00fcr die Moral der Familie, eine J\u00fcdin liebt.<br \/>\n<strong>Dja\u00efdani<\/strong> l\u00e4sst in seinem h\u00f6chst lebendigen Deb\u00fct Kultur, Religion und Hautfarbe aufeinander krachen. Es ist die alte Geschichte von einer Liebe, die durch Vorurteile und latenten Rassismus bedroht ist, Romeo und Julia in Paris.<\/p>\n<p><strong>\u201eRengaine\u201c<\/strong> bekam beim Lissabon &amp; Estoril Film Festival den Cineeuropa Preis und in Cannes 2012 den der \u201eDirector&#8217;s Fortnight\u201d.<br \/>\n<strong>Rachid Dja\u00efdani<\/strong> wurde 1974 in Carri\u00e8res-sous-Poissy als Sohn eines sudanesischen Vaters und einer algerischen Mutter geboren. Er arbeitete als Schauspieler in kleinen Film- und Fernsehrollen, ehe er seinen ersten Roman \u201eBoumkoeur\u201c schrieb. <strong>\u201eRengaine\u201c<\/strong> ist sein erster Spielfilm. In ihm verarbeitet er Erfahrungen aus seiner eigenen Familie. Der Film wurde unabh\u00e4ngig, ohne finanzielle Unterst\u00fctzung von au\u00dfen erstellt.<\/p>\n<div id=\"attachment_925\" style=\"width: 479px\" class=\"wp-caption alignnone\"><img loading=\"lazy\" decoding=\"async\" aria-describedby=\"caption-attachment-925\" class=\"size-full wp-image-925\" title=\"rengaine\" src=\"http:\/\/www.augen-blicke-afrika.de\/blog\/wp-content\/uploads\/2013\/09\/rengaine.jpg\" alt=\"Rengaine - Hold Back\" width=\"469\" height=\"264\" srcset=\"http:\/\/www.augen-blicke-afrika.de\/blog\/wp-content\/uploads\/2013\/09\/rengaine.jpg 469w, http:\/\/www.augen-blicke-afrika.de\/blog\/wp-content\/uploads\/2013\/09\/rengaine-300x168.jpg 300w\" sizes=\"auto, (max-width: 469px) 100vw, 469px\" \/><p id=\"caption-attachment-925\" class=\"wp-caption-text\">Filmfotos &#8220;Rengaine &#8211; Hold Back&#8221;<\/p><\/div>\n<p><a href=\"javascript:history.back();\">Zur\u00fcck<\/a><\/p>\n","protected":false},"excerpt":{"rendered":"<p>Frankr. \/ Algerien 2012, R.: Rachid Dja\u00efdani, 75 Min., OF m. engl. UT Dorcy, ein junger schwarzer Schauspieler, und Sabrina, eine junge Maghrebinerin, lieben sich und wollen heiraten. Aber die Familie von Sabrina ist dagegen. Sie stammt aus einer algerischen, &hellip; <a href=\"http:\/\/www.augen-blicke-afrika.de\/blog\/archiv\/archiv-2013\/filme-2013\/rengaine-hold-back\/\">Weiterlesen <span class=\"meta-nav\">&rarr;<\/span><\/a><\/p>\n","protected":false},"author":1,"featured_media":800,"parent":737,"menu_order":0,"comment_status":"closed","ping_status":"closed","template":"afrika2013.php","meta":{"footnotes":""},"class_list":["post-960","page","type-page","status-publish","has-post-thumbnail","hentry"],"_links":{"self":[{"href":"http:\/\/www.augen-blicke-afrika.de\/blog\/wp-json\/wp\/v2\/pages\/960","targetHints":{"allow":["GET"]}}],"collection":[{"href":"http:\/\/www.augen-blicke-afrika.de\/blog\/wp-json\/wp\/v2\/pages"}],"about":[{"href":"http:\/\/www.augen-blicke-afrika.de\/blog\/wp-json\/wp\/v2\/types\/page"}],"author":[{"embeddable":true,"href":"http:\/\/www.augen-blicke-afrika.de\/blog\/wp-json\/wp\/v2\/users\/1"}],"replies":[{"embeddable":true,"href":"http:\/\/www.augen-blicke-afrika.de\/blog\/wp-json\/wp\/v2\/comments?post=960"}],"version-history":[{"count":7,"href":"http:\/\/www.augen-blicke-afrika.de\/blog\/wp-json\/wp\/v2\/pages\/960\/revisions"}],"predecessor-version":[{"id":12690,"href":"http:\/\/www.augen-blicke-afrika.de\/blog\/wp-json\/wp\/v2\/pages\/960\/revisions\/12690"}],"up":[{"embeddable":true,"href":"http:\/\/www.augen-blicke-afrika.de\/blog\/wp-json\/wp\/v2\/pages\/737"}],"wp:featuredmedia":[{"embeddable":true,"href":"http:\/\/www.augen-blicke-afrika.de\/blog\/wp-json\/wp\/v2\/media\/800"}],"wp:attachment":[{"href":"http:\/\/www.augen-blicke-afrika.de\/blog\/wp-json\/wp\/v2\/media?parent=960"}],"curies":[{"name":"wp","href":"https:\/\/api.w.org\/{rel}","templated":true}]}}