{"id":89,"date":"2012-09-12T12:50:41","date_gmt":"2012-09-12T10:50:41","guid":{"rendered":"http:\/\/www.augen-blicke-afrika.de\/blog\/?page_id=89"},"modified":"2022-09-18T15:30:43","modified_gmt":"2022-09-18T13:30:43","slug":"filme","status":"publish","type":"page","link":"http:\/\/www.augen-blicke-afrika.de\/blog\/archiv\/archiv-2012\/filme\/","title":{"rendered":"Filme 2012"},"content":{"rendered":"<h2><a href=\"http:\/\/www.augen-blicke-afrika.de\/blog\/alpha-blondy\/\">Alpha Blondy \u2013 un combat pour la libert\u00e9<\/a><\/h2>\n<p><em>(Dokumentarfilm, Elfenbeink\u00fcste, R.: Antoinette Delafin, Dramane Ciss\u00e9, 90 Min., 2010, franz. Originalfassung)<\/em><\/p>\n<h2><a href=\"http:\/\/www.augen-blicke-afrika.de\/blog\/african\/\">An African Election<\/a><\/h2>\n<p><em>(Dokumentarfilm, Schweiz, USA 2010, R.: Jarreth Merz, Kevin Merz, 89 Min., Original mit deutschen Untertiteln)<\/em><\/p>\n<h2><a href=\"http:\/\/www.augen-blicke-afrika.de\/blog\/benda\/\">Benda Bilili!<\/a><\/h2>\n<p><em>(Dokumentarfilm, Dem. Rep. Kongo \/ Frankreich 2010, R: Renaud Barret, Florent de La Tullaye, 84 Min. <em>Original mit deutschen Untertiteln<\/em>)<\/em><\/p>\n<h2><a href=\"http:\/\/www.augen-blicke-afrika.de\/blog\/ithemba\/\">iThemba \u2013 Hope<\/a><\/h2>\n<p><em>(Dokumentarfilm, Zimbabwe 2010, R.: Elinor Burkett, 74&nbsp;Min., Original mit englischen Untertiteln)<\/em><\/p>\n<p><a title=\"Programm\u00fcbersicht\" href=\"http:\/\/www.augen-blicke-afrika.de\/blog\/programm\/\">Zur Programm\u00fcbersicht<\/a><\/p>\n<h2><a href=\"http:\/\/www.augen-blicke-afrika.de\/blog\/perfect-guy\/\">Le mec id\u00e9al \u2013 The Perfect Guy<\/a><\/h2>\n<p><em>(Elfenbeink\u00fcste 2010, R.: Owell A. Brown, 110 Min., Original mit englischen Untertiteln. Mit Mike Danon, Emma Lohoues, Serge Abessolo, Marie-Louise Asseue, Bienvenue Neba)<\/em><\/p>\n<h2><span style=\"color: red;\">Achtung, Programm\u00e4nderung!<\/span><br \/>\n<a href=\"http:\/\/www.augen-blicke-afrika.de\/blog\/microphone\/\">Microphone<\/a><\/h2>\n<p><em><em>(\u00c4gypten 2010, R.: Ahmad Abdalla, , 120 Min., <em><em><em>Original mit englischen Untertiteln<\/em><\/em><\/em><\/em><em>. Mit Khaled Abol Naga, Hany Adel<\/em><em><em><em><em><\/em><\/em><\/em>, Yousra El Lozy, Ahmad Magdy, Menna Shalabi, Atef Yousef)<\/em><\/em><\/p>\n<h2><a href=\"http:\/\/www.augen-blicke-afrika.de\/blog\/notre\">Notre \u00e9trang\u00e8re \u2013 The Place In Between<\/a><\/h2>\n<p><em>(Burkina Faso \/ Frankreich 2010, R.: Sarah Bouyain, 82 Min., Original mit englischen Untertiteln. Mit Dorylia Calmel, Assita Ou\u00e9draogo, Nathalie Richard, Blandine Yam\u00e9ogo, Nadine Kambou Y\u00e9ri)<\/em><\/p>\n<h2><a href=\"http:\/\/www.augen-blicke-afrika.de\/blog\/pegasus\/\">P\u00e9gase \u2013 Pegasus<\/a><\/h2>\n<p><em>(Marokko 2009, R.: Mohamed Mouftakir, 103 Min., <em>Original mit englischen Untertiteln<\/em>. Mit Majdouline Drissi, Sadia Ladib, Driss Roukh, Anas El Baz, Nadia Niazi, Abdelatif Chaouqui, Fatima Zahra Benacer, Ghizlaine Alaoui, Kaouthar Semlalli)<\/em><\/p>\n<h2>Charlotte Bank (Kuratorin) pr\u00e4sentiert<br \/>\n<a href=\"http:\/\/www.augen-blicke-afrika.de\/blog\/vhs-africa\/\">Tales of Here and Beyond<\/a><\/h2>\n<p><em>Nordafrikanische Experimentalfilme und Videos 2010-12 (Originalfassung mit Kommentar\/UT)<\/em><\/p>\n<p><a title=\"Programm\u00fcbersicht\" href=\"http:\/\/www.augen-blicke-afrika.de\/blog\/programm\/\">Zur Programm\u00fcbersicht<\/a><\/p>\n<h2><a href=\"http:\/\/www.augen-blicke-afrika.de\/blog\/18-days\/\"><span style=\"text-decoration: line-through;\">Tamantashar Yom Sektion: Agenda 11 \u2013 18 Days<\/span><\/a><br \/>\n<span style=\"color: red;\">Achtung, Programm\u00e4nderung! Dieser Film f\u00e4llt aus. <\/span><br \/>\nStattdessen wird der Film <a href=\"http:\/\/www.augen-blicke-afrika.de\/blog\/microphone\/\">Microphone<\/a> gezeigt.<\/h2>\n<h2><a href=\"http:\/\/www.augen-blicke-afrika.de\/blog\/teza\/\">Teza \u2013 Morgentau<\/a><\/h2>\n<p><em>(USA \/ Deutschland \/ Frankreich 2008, R.: Haile Gerima, 138 Min., <em>Original mit deutschen Untertiteln<\/em>. Mit Aaron Arefe, Abiye Tedla, Takelech Beyene, Teje Tesfahun)<\/em><\/p>\n<h2><a href=\"http:\/\/www.augen-blicke-afrika.de\/blog\/un-homme\/\">Un homme qui crie \u2013 Ein Mann der schreit<\/a><\/h2>\n<p><em>(Tschad \/ Frankreich \/ Belgien 2010, R: Mahamat-Saleh Haroun, 100 Min, <em><em>Original mit deutschen Untertiteln<\/em><\/em>. Mit Youssouf Djaoro, Dioucounda Koma, Hadje Fatime N&#8217;Goua)<\/em><\/p>\n<h2><a href=\"http:\/\/www.augen-blicke-afrika.de\/blog\/viva-riva\/\">Viva Riva!<\/a><\/h2>\n<p><em>(Dem. Rep. Kongo \/ Frankreich \/ Belgien \/ Kanada 2010, R.: Djo Tunda Wa Munga, 97 Min., <em><em>Original mit deutschen Untertiteln<\/em><\/em>)<\/em><\/p>\n<p><a title=\"Programm\u00fcbersicht\" href=\"http:\/\/www.augen-blicke-afrika.de\/blog\/programm\/\">Zur Programm\u00fcbersicht<\/a><\/p>\n","protected":false},"excerpt":{"rendered":"<p>Alpha Blondy \u2013 un combat pour la libert\u00e9 (Dokumentarfilm, Elfenbeink\u00fcste, R.: Antoinette Delafin, Dramane Ciss\u00e9, 90 Min., 2010, franz. Originalfassung) An African Election (Dokumentarfilm, Schweiz, USA 2010, R.: Jarreth Merz, Kevin Merz, 89 Min., Original mit deutschen Untertiteln) Benda Bilili! &hellip; <a href=\"http:\/\/www.augen-blicke-afrika.de\/blog\/archiv\/archiv-2012\/filme\/\">Weiterlesen <span class=\"meta-nav\">&rarr;<\/span><\/a><\/p>\n","protected":false},"author":1,"featured_media":357,"parent":730,"menu_order":0,"comment_status":"closed","ping_status":"closed","template":"afrika2012.php","meta":{"footnotes":""},"class_list":["post-89","page","type-page","status-publish","has-post-thumbnail","hentry"],"_links":{"self":[{"href":"http:\/\/www.augen-blicke-afrika.de\/blog\/wp-json\/wp\/v2\/pages\/89","targetHints":{"allow":["GET"]}}],"collection":[{"href":"http:\/\/www.augen-blicke-afrika.de\/blog\/wp-json\/wp\/v2\/pages"}],"about":[{"href":"http:\/\/www.augen-blicke-afrika.de\/blog\/wp-json\/wp\/v2\/types\/page"}],"author":[{"embeddable":true,"href":"http:\/\/www.augen-blicke-afrika.de\/blog\/wp-json\/wp\/v2\/users\/1"}],"replies":[{"embeddable":true,"href":"http:\/\/www.augen-blicke-afrika.de\/blog\/wp-json\/wp\/v2\/comments?post=89"}],"version-history":[{"count":44,"href":"http:\/\/www.augen-blicke-afrika.de\/blog\/wp-json\/wp\/v2\/pages\/89\/revisions"}],"predecessor-version":[{"id":6781,"href":"http:\/\/www.augen-blicke-afrika.de\/blog\/wp-json\/wp\/v2\/pages\/89\/revisions\/6781"}],"up":[{"embeddable":true,"href":"http:\/\/www.augen-blicke-afrika.de\/blog\/wp-json\/wp\/v2\/pages\/730"}],"wp:featuredmedia":[{"embeddable":true,"href":"http:\/\/www.augen-blicke-afrika.de\/blog\/wp-json\/wp\/v2\/media\/357"}],"wp:attachment":[{"href":"http:\/\/www.augen-blicke-afrika.de\/blog\/wp-json\/wp\/v2\/media?parent=89"}],"curies":[{"name":"wp","href":"https:\/\/api.w.org\/{rel}","templated":true}]}}