{"id":887,"date":"2013-09-18T19:03:43","date_gmt":"2013-09-18T17:03:43","guid":{"rendered":"http:\/\/www.augen-blicke-afrika.de\/blog\/?page_id=887"},"modified":"2025-11-06T11:10:11","modified_gmt":"2025-11-06T10:10:11","slug":"meme-pas-mal","status":"publish","type":"page","link":"http:\/\/www.augen-blicke-afrika.de\/blog\/archiv\/archiv-2013\/filme-2013\/meme-pas-mal\/","title":{"rendered":"Meme pas mal"},"content":{"rendered":"<style> .entry-title {display: block; margin: 0 0 -3% -6%;} <\/style>\n<p><em>Tunesien \/ &nbsp;Frankreich&nbsp;2012, R.: Nadia El Fani u. Alina Isabel P\u00e9rez,<\/em><br \/>\n<em>Dokumentarfilm, 67 Min., OF m. dt. UT<\/em><\/p>\n<p><img loading=\"lazy\" decoding=\"async\" class=\"alignleft size-full wp-image-930\" title=\"meme-pas-mal2\" src=\"http:\/\/www.augen-blicke-afrika.de\/blog\/wp-content\/uploads\/2013\/09\/meme-pas-mal2.jpg\" alt=\"M\u00eame pas mal\" width=\"125\" height=\"170\">Als die Filmemacherin Nadia el Fani<strong> <\/strong>ihren Dokumentarfilm \u201eLacit\u00e9 inch\u2019 Allah\u201c &#8211; ein Pl\u00e4doyer f\u00fcr eine s\u00e4kulare Verfassung und Gesellschaft &#8211; nach der Revolution in Tunis in einem Kino vorf\u00fchren will, wird das Kino von islamistischen Fanatikern gest\u00fcrmt. \u00dcber Facebook wird eine von Hass erf\u00fcllte Kampagne gegen sie gestartet, telefonisch wird ihr der Tod angedroht.&nbsp; Da Nadia El Fani Ende 2011 mit der Diagnose Krebs konfrontiert wird, beschlie\u00dft sie, diese beiden Ereignisse in einem Dokumentarfilm zu verarbeiten. Der Film erh\u00e4lt dadurch eine bewegende pers\u00f6nliche Note und entlarvt die Menschenverachtung religi\u00f6ser Hetzer. Durch die filmische Montage wird die Krebskrankheit zum Symbol f\u00fcr das politische Geschw\u00fcr des Islamismus, das sich in muslimisch gepr\u00e4gten Gesellschaften wie Tunesien auszubreiten droht.<\/p>\n<p><strong>Nadia El Fani<\/strong> wird 1960 in Paris als Tochter einer Franz\u00f6sin und eines tunesischen Vaters geboren. Sie lebt die meiste Zeit in Tunesien. In den 80er Jahren beginnt sie zun\u00e4chst als Regieassistentin, dann realisiert sie eigene Dokumentationen. Heute wohnt sie in Paris, reist f\u00fcr Dreharbeiten aber immer wieder nach Tunesien.<\/p>\n<p>\u201eMeme pas mal\u201c wurde beim FESPACO 2013 als bester Dokumentarfilm ausgezeichnet<strong>.<\/strong><\/p>\n<div id=\"attachment_923\" style=\"width: 499px\" class=\"wp-caption alignnone\"><img loading=\"lazy\" decoding=\"async\" aria-describedby=\"caption-attachment-923\" class=\"size-full wp-image-923\" title=\"meme-pas-mal\" src=\"http:\/\/www.augen-blicke-afrika.de\/blog\/wp-content\/uploads\/2013\/09\/meme-pas-mal.jpg\" alt=\"M\u00eame pas mal\" width=\"489\" height=\"255\" srcset=\"http:\/\/www.augen-blicke-afrika.de\/blog\/wp-content\/uploads\/2013\/09\/meme-pas-mal.jpg 489w, http:\/\/www.augen-blicke-afrika.de\/blog\/wp-content\/uploads\/2013\/09\/meme-pas-mal-300x156.jpg 300w\" sizes=\"auto, (max-width: 489px) 100vw, 489px\" \/><p id=\"caption-attachment-923\" class=\"wp-caption-text\">Filmfotos &#8220;M\u00eame pas mal&#8221;<\/p><\/div>\n<p><a href=\"javascript:history.back();\">Zur\u00fcck<\/a><\/p>\n","protected":false},"excerpt":{"rendered":"<p>Tunesien \/ &nbsp;Frankreich&nbsp;2012, R.: Nadia El Fani u. Alina Isabel P\u00e9rez, Dokumentarfilm, 67 Min., OF m. dt. UT Als die Filmemacherin Nadia el Fani ihren Dokumentarfilm \u201eLacit\u00e9 inch\u2019 Allah\u201c &#8211; ein Pl\u00e4doyer f\u00fcr eine s\u00e4kulare Verfassung und Gesellschaft &#8211; nach &hellip; <a href=\"http:\/\/www.augen-blicke-afrika.de\/blog\/archiv\/archiv-2013\/filme-2013\/meme-pas-mal\/\">Weiterlesen <span class=\"meta-nav\">&rarr;<\/span><\/a><\/p>\n","protected":false},"author":1,"featured_media":800,"parent":737,"menu_order":0,"comment_status":"open","ping_status":"closed","template":"afrika2013.php","meta":{"footnotes":""},"class_list":["post-887","page","type-page","status-publish","has-post-thumbnail","hentry"],"_links":{"self":[{"href":"http:\/\/www.augen-blicke-afrika.de\/blog\/wp-json\/wp\/v2\/pages\/887","targetHints":{"allow":["GET"]}}],"collection":[{"href":"http:\/\/www.augen-blicke-afrika.de\/blog\/wp-json\/wp\/v2\/pages"}],"about":[{"href":"http:\/\/www.augen-blicke-afrika.de\/blog\/wp-json\/wp\/v2\/types\/page"}],"author":[{"embeddable":true,"href":"http:\/\/www.augen-blicke-afrika.de\/blog\/wp-json\/wp\/v2\/users\/1"}],"replies":[{"embeddable":true,"href":"http:\/\/www.augen-blicke-afrika.de\/blog\/wp-json\/wp\/v2\/comments?post=887"}],"version-history":[{"count":9,"href":"http:\/\/www.augen-blicke-afrika.de\/blog\/wp-json\/wp\/v2\/pages\/887\/revisions"}],"predecessor-version":[{"id":12692,"href":"http:\/\/www.augen-blicke-afrika.de\/blog\/wp-json\/wp\/v2\/pages\/887\/revisions\/12692"}],"up":[{"embeddable":true,"href":"http:\/\/www.augen-blicke-afrika.de\/blog\/wp-json\/wp\/v2\/pages\/737"}],"wp:featuredmedia":[{"embeddable":true,"href":"http:\/\/www.augen-blicke-afrika.de\/blog\/wp-json\/wp\/v2\/media\/800"}],"wp:attachment":[{"href":"http:\/\/www.augen-blicke-afrika.de\/blog\/wp-json\/wp\/v2\/media?parent=887"}],"curies":[{"name":"wp","href":"https:\/\/api.w.org\/{rel}","templated":true}]}}