{"id":861,"date":"2013-09-18T18:50:05","date_gmt":"2013-09-18T16:50:05","guid":{"rendered":"http:\/\/www.augen-blicke-afrika.de\/blog\/?page_id=861"},"modified":"2025-11-06T11:09:05","modified_gmt":"2025-11-06T10:09:05","slug":"otelo-burning-der-preis-der-freiheit","status":"publish","type":"page","link":"http:\/\/www.augen-blicke-afrika.de\/blog\/archiv\/archiv-2013\/filme-2013\/otelo-burning-der-preis-der-freiheit\/","title":{"rendered":"Otelo Burning &#8211; Der Preis der Freiheit"},"content":{"rendered":"<style> .entry-title {display: block; margin: 0 0 -6% -6%;} <\/style>\n<p><a href=\"#english\"><img loading=\"lazy\" decoding=\"async\" class=\"alignright size-full wp-image-994\" style=\"border: 0px none; margin: 0px;\" title=\"english\" src=\"http:\/\/www.augen-blicke-afrika.de\/blog\/wp-content\/uploads\/2013\/09\/engl-schrift-e1379972389153.gif\" alt=\"english\" width=\"60\" height=\"33\" \/><\/p>\n<p><em>S\u00fcdafrika 2011, R.: Sara Blecher, <\/em><br \/>\n<em>95 Min., OF m. dt. UT. Mit <a title=\"Thomas Gumede\" href=\"http:\/\/www.filmstarts.de\/personen\/481308.html\">Thomas Gumede<\/a>, <a title=\"Jafta Mamabolo\" href=\"http:\/\/www.filmstarts.de\/personen\/446359.html\">Jafta Mamabolo<\/a>, <a title=\"Tshepang Mohlomi\" href=\"http:\/\/www.filmstarts.de\/personen\/542490.html\">Tshepang Mohlomi<\/a><\/em><\/p>\n<p><img loading=\"lazy\" decoding=\"async\" class=\"alignleft size-full wp-image-926\" title=\"otelo-burning2\" src=\"http:\/\/www.augen-blicke-afrika.de\/blog\/wp-content\/uploads\/2013\/09\/otelo-burning2.jpg\" alt=\"Otelo Burning - Der Preis der Freiheit\" width=\"125\" height=\"183\" \/>Der eindr\u00fcckliche Film erz\u00e4hlt die Geschichte einer Gruppe von Jugendlichen aus den Townships von Durban, die den Reiz des Schwimmens und des Surfens entdecken, bisher ein Privileg der Wei\u00dfen. Als der 16j\u00e4hrige Otelo sich zum ersten Mal auf\u2019s Brett begibt, ist schnell klar, dass er f\u00fcr das Surfen geboren ist. F\u00fcr ihn ist das Gef\u00fchl der Freiheit, das er beim Fliegen \u00fcber den Wellen empfindet ein Weg, den armseligen Verh\u00e4ltnissen und den von Gewalt gepr\u00e4gten politischen \u00a0Auseinandersetzungen zu entfliehen. Doch als Nelson Mandela aus dem Gef\u00e4ngnis entlassen wird, sieht sich Otelo auf einer ganz anderen Ebene mit Fragen nach Freiheit und Gerechtigkeit konfrontiert.<\/p>\n<p><strong>\u00a0<\/strong><em><strong>Sara Blecher<\/strong><\/em><em>, geb. in S\u00fcdafrika, wurde durch die Fernsehserie \u201eZero Tolerance\u201c bekannt, in der Elitepolizisten in Johannesburg gegen das Verbrechen k\u00e4mpfen. F\u00fcr die Serie war sie f\u00fcr den Emmy nominiert. <strong>\u201eOtelo Burning\u201c<\/strong> ist ihr erster Spielfilm und er\u00f6ffnete im vergangenen Jahr das Durban &#8211; Filmfestival.<\/em><strong><\/strong><\/p>\n<p>Der Film spielt 1989 und zeigt den Zusammenbruch des Apartheidregimes aus Sicht der Jugendlichen.<\/p>\n<div id=\"attachment_928\" style=\"width: 549px\" class=\"wp-caption alignnone\"><img loading=\"lazy\" decoding=\"async\" aria-describedby=\"caption-attachment-928\" class=\"size-full wp-image-928\" title=\"otelo-burning\" src=\"http:\/\/www.augen-blicke-afrika.de\/blog\/wp-content\/uploads\/2013\/09\/otelo-burning.jpg\" alt=\"Otelo Burning - Der Preis der Freiheit\" width=\"539\" height=\"266\" srcset=\"http:\/\/www.augen-blicke-afrika.de\/blog\/wp-content\/uploads\/2013\/09\/otelo-burning.jpg 539w, http:\/\/www.augen-blicke-afrika.de\/blog\/wp-content\/uploads\/2013\/09\/otelo-burning-300x148.jpg 300w, http:\/\/www.augen-blicke-afrika.de\/blog\/wp-content\/uploads\/2013\/09\/otelo-burning-500x246.jpg 500w\" sizes=\"auto, (max-width: 539px) 100vw, 539px\" \/><p id=\"caption-attachment-928\" class=\"wp-caption-text\">Filmfotos &#8220;Otelo Burning &#8211; Der Preis der Freiheit&#8221;<\/p><\/div>\n<p><a name=\"english\"><\/a><\/p>\n<p><strong>Otelo Burning<\/strong><br \/>\nSouth Africa 2011 R. Sara Blecher, 95 min, OV w. German subtitles<\/p>\n<p>The movie tells the story of a group of townships kids in Durban, who discover the joy of surfing, which was mostly a privilege of white people. Ever since 16-year-old Otelo took to the water for the first time, it was clear that he was born to surf. When Otelo surfs he experiences the feeling of freedom, a way to escape his poverty\u2013stricken background and the violent political conflict. On the day that Nelson Mandela is released from prison, Otelo is forced to choose between surfing success and justice. The film captures South Africa\u2019s collapse of the apartheid regime in 1989 from the perspective of the township kids.<br \/>\nSara Blecher was born in South Arica. She became known through her TV Series \u201cZero Tolerance\u201c, an elite crime-fighting unit. She was nominated for an Emmy Award. Otelo Burning is her first feature film and opened last years Durban Film Festival.<br \/>\n<a href=\"javascript:history.back();\">Zur\u00fcck<\/a><\/p>\n","protected":false},"excerpt":{"rendered":"<p>S\u00fcdafrika 2011, R.: Sara Blecher, 95 Min., OF m. dt. UT. Mit Thomas Gumede, Jafta Mamabolo, Tshepang Mohlomi Der eindr\u00fcckliche Film erz\u00e4hlt die Geschichte einer Gruppe von Jugendlichen aus den Townships von Durban, die den Reiz des Schwimmens und des &hellip; <a href=\"http:\/\/www.augen-blicke-afrika.de\/blog\/archiv\/archiv-2013\/filme-2013\/otelo-burning-der-preis-der-freiheit\/\">Weiterlesen <span class=\"meta-nav\">&rarr;<\/span><\/a><\/p>\n","protected":false},"author":1,"featured_media":0,"parent":737,"menu_order":0,"comment_status":"closed","ping_status":"closed","template":"afrika2013.php","meta":{"footnotes":""},"class_list":["post-861","page","type-page","status-publish","hentry"],"_links":{"self":[{"href":"http:\/\/www.augen-blicke-afrika.de\/blog\/wp-json\/wp\/v2\/pages\/861","targetHints":{"allow":["GET"]}}],"collection":[{"href":"http:\/\/www.augen-blicke-afrika.de\/blog\/wp-json\/wp\/v2\/pages"}],"about":[{"href":"http:\/\/www.augen-blicke-afrika.de\/blog\/wp-json\/wp\/v2\/types\/page"}],"author":[{"embeddable":true,"href":"http:\/\/www.augen-blicke-afrika.de\/blog\/wp-json\/wp\/v2\/users\/1"}],"replies":[{"embeddable":true,"href":"http:\/\/www.augen-blicke-afrika.de\/blog\/wp-json\/wp\/v2\/comments?post=861"}],"version-history":[{"count":11,"href":"http:\/\/www.augen-blicke-afrika.de\/blog\/wp-json\/wp\/v2\/pages\/861\/revisions"}],"predecessor-version":[{"id":12688,"href":"http:\/\/www.augen-blicke-afrika.de\/blog\/wp-json\/wp\/v2\/pages\/861\/revisions\/12688"}],"up":[{"embeddable":true,"href":"http:\/\/www.augen-blicke-afrika.de\/blog\/wp-json\/wp\/v2\/pages\/737"}],"wp:attachment":[{"href":"http:\/\/www.augen-blicke-afrika.de\/blog\/wp-json\/wp\/v2\/media?parent=861"}],"curies":[{"name":"wp","href":"https:\/\/api.w.org\/{rel}","templated":true}]}}