{"id":8497,"date":"2024-10-05T12:25:31","date_gmt":"2024-10-05T10:25:31","guid":{"rendered":"http:\/\/www.augen-blicke-afrika.de\/blog\/?page_id=8497"},"modified":"2024-11-12T10:46:12","modified_gmt":"2024-11-12T09:46:12","slug":"konzert-2024","status":"publish","type":"page","link":"http:\/\/www.augen-blicke-afrika.de\/blog\/konzert-2024\/","title":{"rendered":"Konzert 2024"},"content":{"rendered":"<p><style> .widget-area{ visibility: hidden;} <\/style>\n<\/p>\n<h1><strong>Konzert<\/strong><\/h1>\n<p class=\"just\">Im Anschluss an die Filmvorf\u00fchrung von <a href=\"http:\/\/www.augen-blicke-afrika.de\/blog\/film-2024\/\/?film=281\"><strong>\u201eFAMOUDOU KONAT\u00c9 \u2013 The King of Djemb\u00e9\u201c<\/strong><\/a> am 13.11.24 im Alabama Kino wird Billy Konat\u00e9 mit drei hochkar\u00e4tigen Musikern aus Guinea und Burkina Faso ein Konzert im traditionellen Stil geben, wie es in seinem Heimatdorf Sangbarala zu h\u00f6ren ist.<\/p>\n<p class=\"just\"><img decoding=\"async\" class=\"wp-image-8490\" style=\"width: 100px; margin-right: 10px;\" src=\"http:\/\/www.augen-blicke-afrika.de\/blog\/wp-content\/uploads\/2024\/10\/billy.png\" alt=\"\" align=\"left\" \/><strong>Billy Konat\u00e9<\/strong> begann mit sieben Jahren mit seinem Vater die traditionelle Musik Westafrikas zu spielen. Auf Dorffesten, auf Hochzeiten in der Hauptstadt Conakry und als Lehrer eignete er sich immer mehr Kenntnisse und Erfahrungen an. 1996 reiste er zum ersten Mal nach Europa und begann seine Karriere als internationaler Musiker. Damit tr\u00e4gt er das Erbe seines Vaters weiter in die Welt.<br \/>Begleitet wird Billy Konat\u00e9 von Mohamed Sylla und Okas Sylla aus Guinea (Djemb\u00e9 und Gongoma) sowie Massa Dembel\u00e9, einem virtuosen Multi-Instrumentalisten aus Burkina Faso (Ngoni, Balafon, Djemb\u00e9).<\/p>\n<p class=\"just\"><img decoding=\"async\" class=\"wp-image-8490\" style=\"width: 100px; margin-right: 10px;\" src=\"http:\/\/www.augen-blicke-afrika.de\/blog\/wp-content\/uploads\/2024\/10\/okas-1.png\" alt=\"\" align=\"left\" \/><strong>Okas Sylla<\/strong> aus Guinea ist seit seiner Jugend ein enger Freund und Sch\u00fcler der Familie Konat\u00e9. Gemeinsam mit Billy Konat\u00e9 und seinen Geschwistern erlernte er von Famoudou Konat\u00e9 und seiner Familie die traditionelle Musik Guineas.<\/p>\n<p class=\"just\"><img decoding=\"async\" class=\"wp-image-8490\" style=\"width: 100px; margin-right: 10px;\" src=\"http:\/\/www.augen-blicke-afrika.de\/blog\/wp-content\/uploads\/2024\/10\/mohamed.png\" alt=\"\" align=\"left\" \/><strong>Mohamed Sylla<\/strong> aus Guinea fand als Jugendlicher in Koungbanan Conde seinen Meister und Lehrer, bei dem er \u00fcber 10 Jahre die Djemb\u00e9-Musik studierte. Der verstorbene Koungbanan Conde geh\u00f6rte, wie Famoudou Konat\u00e9, zu den gro\u00dfen Meistertrommlern Guineas.<\/p>\n<p class=\"just\"><img decoding=\"async\" class=\"wp-image-8490\" style=\"width: 100px; margin-right: 10px;\" src=\"http:\/\/www.augen-blicke-afrika.de\/blog\/wp-content\/uploads\/2024\/10\/massa.png\" alt=\"\" align=\"left\" \/><strong>Massa Dembel\u00e9<\/strong> ist Multi\u2013Instrumentalist und S\u00e4nger. Aus einer Griotfamilie kommend, lernte er die Musik von Kindesbeinen von seiner Familie und sp\u00e4ter bei Djemb\u00e9-Meister Adama Dram\u00e9.<\/p>\n\n\n<p><\/p>\n\n\n\n<div style=\"height:37px\" aria-hidden=\"true\" class=\"wp-block-spacer\"><\/div>\n\n\n\n<div style=\"height:100px\" aria-hidden=\"true\" class=\"wp-block-spacer\"><\/div>\n\n\n<div>\n<p class=\"has-text-align-center\"><strong>Film und Konzert, Eintritt: 16:00 \u20ac<\/strong><br \/><strong>Alabama Kino <\/strong>\u2022 Jarrestra\u00dfe 20 \u2022 22303 Hamburg<\/p>\n<\/div>\n<div  align=\"middle\"style=\"background-color: black;\">\n<a  style=\"color: white; \"href=\"http:\/\/www.augen-blicke-afrika.de\/blog\/kontakt-impressum\/\"><\/p>\n<p>Impressum<\/p>\n<p><\/a><\/div>","protected":false},"excerpt":{"rendered":"<p>Konzert Im Anschluss an die Filmvorf\u00fchrung von \u201eFAMOUDOU KONAT\u00c9 \u2013 The King of Djemb\u00e9\u201c am 13.11.24 im Alabama Kino wird Billy Konat\u00e9 mit drei hochkar\u00e4tigen Musikern aus Guinea und Burkina Faso ein Konzert im traditionellen Stil geben, wie es in &hellip; <a href=\"http:\/\/www.augen-blicke-afrika.de\/blog\/konzert-2024\/\">Weiterlesen <span class=\"meta-nav\">&rarr;<\/span><\/a><\/p>\n","protected":false},"author":3,"featured_media":0,"parent":0,"menu_order":0,"comment_status":"closed","ping_status":"closed","template":"afrika2024.php","meta":{"footnotes":""},"class_list":["post-8497","page","type-page","status-publish","hentry"],"_links":{"self":[{"href":"http:\/\/www.augen-blicke-afrika.de\/blog\/wp-json\/wp\/v2\/pages\/8497","targetHints":{"allow":["GET"]}}],"collection":[{"href":"http:\/\/www.augen-blicke-afrika.de\/blog\/wp-json\/wp\/v2\/pages"}],"about":[{"href":"http:\/\/www.augen-blicke-afrika.de\/blog\/wp-json\/wp\/v2\/types\/page"}],"author":[{"embeddable":true,"href":"http:\/\/www.augen-blicke-afrika.de\/blog\/wp-json\/wp\/v2\/users\/3"}],"replies":[{"embeddable":true,"href":"http:\/\/www.augen-blicke-afrika.de\/blog\/wp-json\/wp\/v2\/comments?post=8497"}],"version-history":[{"count":36,"href":"http:\/\/www.augen-blicke-afrika.de\/blog\/wp-json\/wp\/v2\/pages\/8497\/revisions"}],"predecessor-version":[{"id":8648,"href":"http:\/\/www.augen-blicke-afrika.de\/blog\/wp-json\/wp\/v2\/pages\/8497\/revisions\/8648"}],"wp:attachment":[{"href":"http:\/\/www.augen-blicke-afrika.de\/blog\/wp-json\/wp\/v2\/media?parent=8497"}],"curies":[{"name":"wp","href":"https:\/\/api.w.org\/{rel}","templated":true}]}}