{"id":8454,"date":"2024-10-05T10:03:53","date_gmt":"2024-10-05T08:03:53","guid":{"rendered":"http:\/\/www.augen-blicke-afrika.de\/blog\/?page_id=8454"},"modified":"2024-10-05T17:54:16","modified_gmt":"2024-10-05T15:54:16","slug":"eroeffnungsabend","status":"publish","type":"page","link":"http:\/\/www.augen-blicke-afrika.de\/blog\/eroeffnungsabend\/","title":{"rendered":"Er\u00f6ffnungsabend"},"content":{"rendered":"<h1 style=\"padding-top: 2pt; text-align: left;\"><strong>Er\u00f6ffnungsabend<\/strong><\/h1>\n<div class=\"just1\">\n\n\n<p>Ab <strong>18.00 Uhr<\/strong> starten wir den Abend mit einem Umtrunk und Snacks &#8211; diesmal im <strong>marokkanischen Flair mit einer Tanz- und Trommelanimation.<\/strong><br>Suna und Hani sind ein berufliches K\u00fcnstlerpaar, das schon seit \u00fcber 18 Jahren den <strong>Orientalischen Tanz<\/strong> in seiner Kraft und Anmut pr\u00e4sentiert.<\/p>\n\n\n\n<figure class=\"wp-block-image size-full is-resized\"><a href=\"http:\/\/www.augen-blicke-afrika.de\/blog\/wp-content\/uploads\/2024\/10\/Hani-und-Sima.png\"><img loading=\"lazy\" decoding=\"async\" width=\"664\" height=\"443\" src=\"http:\/\/www.augen-blicke-afrika.de\/blog\/wp-content\/uploads\/2024\/10\/Hani-und-Sima.png\" alt=\"\" class=\"wp-image-8459\" style=\"aspect-ratio:1.4988713318284423;width:337px;height:auto\" srcset=\"http:\/\/www.augen-blicke-afrika.de\/blog\/wp-content\/uploads\/2024\/10\/Hani-und-Sima.png 664w, http:\/\/www.augen-blicke-afrika.de\/blog\/wp-content\/uploads\/2024\/10\/Hani-und-Sima-300x200.png 300w, http:\/\/www.augen-blicke-afrika.de\/blog\/wp-content\/uploads\/2024\/10\/Hani-und-Sima-450x300.png 450w\" sizes=\"auto, (max-width: 664px) 100vw, 664px\" \/><\/a><\/figure>\n\n\n\n<p><strong>Hani Ibrahim<\/strong> kommt aus \u00c4gypten und lebt seit \u00fcber 30 Jahren in Hamburg. Er ist einer der bekanntesten Tabla Spieler im nord\u00addeutschen Raum und dar\u00fcber hinaus.<br><strong>Suna Storm<\/strong> ist in Hamburg geboren, der Vater kommt aus der T\u00fcrkei und die Mutter aus Ungarn. Sie ist ausgebildete professionelle T\u00e4nzerin. Ihre Leidenschaft f\u00fcr den orientalischen Tanz begann vor \u00fcber 20 Jahren und sie tritt seitdem auf gros\u00dfen und kleinen B\u00fchnen in Europa und Nordafrika auf.<br>Der Er\u00f6ffnunsgfilm<a href=\"http:\/\/www.augen-blicke-afrika.de\/blog\/film-2024\/\/?film=260\"> <strong>\u201eJeder liebt Touda\u201c<\/strong><\/a> wird im Anschluss um 20:00 gezeigt.<\/p>\n\n\n<\/div>","protected":false},"excerpt":{"rendered":"<p>Er\u00f6ffnungsabend Ab 18.00 Uhr starten wir den Abend mit einem Umtrunk und Snacks &#8211; diesmal im marokkanischen Flair mit einer Tanz- und Trommelanimation.Suna und Hani sind ein berufliches K\u00fcnstlerpaar, das schon seit \u00fcber 18 Jahren den Orientalischen Tanz in seiner &hellip; <a href=\"http:\/\/www.augen-blicke-afrika.de\/blog\/eroeffnungsabend\/\">Weiterlesen <span class=\"meta-nav\">&rarr;<\/span><\/a><\/p>\n","protected":false},"author":3,"featured_media":0,"parent":0,"menu_order":0,"comment_status":"closed","ping_status":"closed","template":"afrika2024.php","meta":{"footnotes":""},"class_list":["post-8454","page","type-page","status-publish","hentry"],"_links":{"self":[{"href":"http:\/\/www.augen-blicke-afrika.de\/blog\/wp-json\/wp\/v2\/pages\/8454","targetHints":{"allow":["GET"]}}],"collection":[{"href":"http:\/\/www.augen-blicke-afrika.de\/blog\/wp-json\/wp\/v2\/pages"}],"about":[{"href":"http:\/\/www.augen-blicke-afrika.de\/blog\/wp-json\/wp\/v2\/types\/page"}],"author":[{"embeddable":true,"href":"http:\/\/www.augen-blicke-afrika.de\/blog\/wp-json\/wp\/v2\/users\/3"}],"replies":[{"embeddable":true,"href":"http:\/\/www.augen-blicke-afrika.de\/blog\/wp-json\/wp\/v2\/comments?post=8454"}],"version-history":[{"count":7,"href":"http:\/\/www.augen-blicke-afrika.de\/blog\/wp-json\/wp\/v2\/pages\/8454\/revisions"}],"predecessor-version":[{"id":8508,"href":"http:\/\/www.augen-blicke-afrika.de\/blog\/wp-json\/wp\/v2\/pages\/8454\/revisions\/8508"}],"wp:attachment":[{"href":"http:\/\/www.augen-blicke-afrika.de\/blog\/wp-json\/wp\/v2\/media?parent=8454"}],"curies":[{"name":"wp","href":"https:\/\/api.w.org\/{rel}","templated":true}]}}