{"id":839,"date":"2013-09-18T17:45:45","date_gmt":"2013-09-18T15:45:45","guid":{"rendered":"http:\/\/www.augen-blicke-afrika.de\/blog\/?page_id=839"},"modified":"2022-09-18T15:47:02","modified_gmt":"2022-09-18T13:47:02","slug":"la-pirogue","status":"publish","type":"page","link":"http:\/\/www.augen-blicke-afrika.de\/blog\/archiv\/archiv-2013\/filme-2013\/la-pirogue\/","title":{"rendered":"La Pirogue"},"content":{"rendered":"<p><em>Senegal \/ Frankreich 2012, R.: Moussa Tour\u00e9, 87 Min., OF m. dt. UT. <\/em><br \/>\n<em>Mit SOULEYMANE SEYE NDIAYE<\/em><\/p>\n<p><img loading=\"lazy\" decoding=\"async\" class=\"alignleft size-full wp-image-916\" title=\"La Pirogue\" src=\"http:\/\/www.augen-blicke-afrika.de\/blog\/wp-content\/uploads\/2013\/09\/die-piroge2.jpg\" alt=\"\" width=\"179\" height=\"239\">In packenden Bildern erz\u00e4hlt Moussa Tour\u00e9 die Geschichte einer Gruppe von Senegalesen, die sich in einem Fischerboot auf den gef\u00e4hrlichen Seeweg nach Europa macht. Sie sind aufgebrochen, um ihre Tr\u00e4ume als Musiker, Fu\u00dfballer oder nach materiellem Wohlstand verwirklichen zu k\u00f6nnen.&nbsp; Auf engstem Raum, unter st\u00e4ndiger Anspannung und Angst, getrieben von unterschiedlichen Bed\u00fcrfnissen und Lebensgeschichten, sehen die Passagiere voller Hoffnung einer ungewissen Zukunft entgegen.<\/p>\n<p><strong>Moussa Tour\u00e9, <\/strong>1958 in Dakar, Senegal, geboren, arbeitet zun\u00e4chst als Regieassistent. Mit seinem Spielfilm<strong> <\/strong>\u201eTOUBAB BI\u201c gewinnt er verschiedene internationale Preise. 1987 gr\u00fcndet er mit &#8220;Les Films du Crocodile&#8221; in Dakar seine eigene Produktionsfirma. 1997 dreht er \u201eTGV-EXPRESS\u201c, ein auch in afrikanischen L\u00e4ndern sehr erfolgreicher Film. Nach weiteren Kurz-, Dokumentar- und Spielfilmen gr\u00fcndet er das \u201eMoussa Invite\u201c Filmfestival, Schwerpunkt Dokumentarfilme afrikanischer Filmschaffender. <strong>La Pirogue<\/strong> erhielt 2012 beim Filmfest M\u00fcnchen den ARRI-Preis \u201eBester Internationaler Film\u201c und den Hauptpreis beim Filmfestival Karthago. Im Februar 2013 gewann er beim FESPACO den Bronzenen Yenenga.<\/p>\n<div id=\"attachment_917\" style=\"width: 487px\" class=\"wp-caption alignnone\"><img loading=\"lazy\" decoding=\"async\" aria-describedby=\"caption-attachment-917\" class=\"size-full wp-image-917\" title=\"die-piroge\" src=\"http:\/\/www.augen-blicke-afrika.de\/blog\/wp-content\/uploads\/2013\/09\/die-piroge.jpg\" alt=\"\" width=\"477\" height=\"285\" srcset=\"http:\/\/www.augen-blicke-afrika.de\/blog\/wp-content\/uploads\/2013\/09\/die-piroge.jpg 477w, http:\/\/www.augen-blicke-afrika.de\/blog\/wp-content\/uploads\/2013\/09\/die-piroge-300x179.jpg 300w\" sizes=\"auto, (max-width: 477px) 100vw, 477px\" \/><p id=\"caption-attachment-917\" class=\"wp-caption-text\">Filmfotos &#8220;La Pirogue&#8221;<\/p><\/div>\n<p><a href=\"javascript:history.back();\">Zur\u00fcck<\/a><\/p>\n","protected":false},"excerpt":{"rendered":"<p>Senegal \/ Frankreich 2012, R.: Moussa Tour\u00e9, 87 Min., OF m. dt. UT. Mit SOULEYMANE SEYE NDIAYE In packenden Bildern erz\u00e4hlt Moussa Tour\u00e9 die Geschichte einer Gruppe von Senegalesen, die sich in einem Fischerboot auf den gef\u00e4hrlichen Seeweg nach Europa &hellip; <a href=\"http:\/\/www.augen-blicke-afrika.de\/blog\/archiv\/archiv-2013\/filme-2013\/la-pirogue\/\">Weiterlesen <span class=\"meta-nav\">&rarr;<\/span><\/a><\/p>\n","protected":false},"author":1,"featured_media":800,"parent":737,"menu_order":0,"comment_status":"closed","ping_status":"closed","template":"afrika2013.php","meta":{"footnotes":""},"class_list":["post-839","page","type-page","status-publish","has-post-thumbnail","hentry"],"_links":{"self":[{"href":"http:\/\/www.augen-blicke-afrika.de\/blog\/wp-json\/wp\/v2\/pages\/839","targetHints":{"allow":["GET"]}}],"collection":[{"href":"http:\/\/www.augen-blicke-afrika.de\/blog\/wp-json\/wp\/v2\/pages"}],"about":[{"href":"http:\/\/www.augen-blicke-afrika.de\/blog\/wp-json\/wp\/v2\/types\/page"}],"author":[{"embeddable":true,"href":"http:\/\/www.augen-blicke-afrika.de\/blog\/wp-json\/wp\/v2\/users\/1"}],"replies":[{"embeddable":true,"href":"http:\/\/www.augen-blicke-afrika.de\/blog\/wp-json\/wp\/v2\/comments?post=839"}],"version-history":[{"count":9,"href":"http:\/\/www.augen-blicke-afrika.de\/blog\/wp-json\/wp\/v2\/pages\/839\/revisions"}],"predecessor-version":[{"id":6801,"href":"http:\/\/www.augen-blicke-afrika.de\/blog\/wp-json\/wp\/v2\/pages\/839\/revisions\/6801"}],"up":[{"embeddable":true,"href":"http:\/\/www.augen-blicke-afrika.de\/blog\/wp-json\/wp\/v2\/pages\/737"}],"wp:featuredmedia":[{"embeddable":true,"href":"http:\/\/www.augen-blicke-afrika.de\/blog\/wp-json\/wp\/v2\/media\/800"}],"wp:attachment":[{"href":"http:\/\/www.augen-blicke-afrika.de\/blog\/wp-json\/wp\/v2\/media?parent=839"}],"curies":[{"name":"wp","href":"https:\/\/api.w.org\/{rel}","templated":true}]}}