{"id":836,"date":"2013-09-18T17:42:57","date_gmt":"2013-09-18T15:42:57","guid":{"rendered":"http:\/\/www.augen-blicke-afrika.de\/blog\/?page_id=836"},"modified":"2025-11-06T11:08:50","modified_gmt":"2025-11-06T10:08:50","slug":"tey-aujourdhui","status":"publish","type":"page","link":"http:\/\/www.augen-blicke-afrika.de\/blog\/archiv\/archiv-2013\/filme-2013\/tey-aujourdhui\/","title":{"rendered":"Tey &#8211; Aujourd&#8217;hui"},"content":{"rendered":"<style> .entry-title {display: block; margin: 0 0 -6% -6%;} <\/style>\n<p><a href=\"#english\"><img loading=\"lazy\" decoding=\"async\" class=\"alignright size-full wp-image-994\" style=\"border: 0px none; margin: 0px;\" title=\"english\" src=\"http:\/\/www.augen-blicke-afrika.de\/blog\/wp-content\/uploads\/2013\/09\/engl-schrift-e1379972389153.gif\" alt=\"english\" width=\"60\" height=\"33\"><\/a><\/p>\n<p><em>Senegal \/ Frankreich 2012,<\/em><br \/>\n<em>R.: Alain Gomis, 86 Min., OF m. engl. UT. Mit Saul Williams, Djolof Mbengue<\/em><\/p>\n<p><img loading=\"lazy\" decoding=\"async\" class=\"alignleft size-full wp-image-943\" title=\"Tey \u2013 Aujourdhui\" src=\"http:\/\/www.augen-blicke-afrika.de\/blog\/wp-content\/uploads\/2013\/09\/tey-aujourdhui2.jpg\" alt=\"Tey \u2013 Aujourd\u2019hui\" width=\"118\" height=\"177\">Auf mysteri\u00f6se Weise wei\u00df Satch\u00e9s beim Aufwachen, dass dies der letzte Tag seines Lebens sein wird. Von einem langj\u00e4hrigen Aufenthalt in Amerika in seine Heimatstadt Dakar\/Senegal zur\u00fcckgekehrt, wird er zun\u00e4chst wie ein Held gefeiert, doch dann offenbaren sich ihm vertraute Personen von einer ganz fremden Seite. Er l\u00e4uft durch die Stra\u00dfen der Stadt wie auf Entdeckungsreise, auf der Suche nach Identit\u00e4t, alter Vertrautheit.<\/p>\n<p>Tey &#8211; Aujourd\u2019hui ist ein vielschichtiger, besinnlicher Film, der anders als viele afrikanische Filme nicht die Auswanderung, sondern die R\u00fcckkehr in das Heimatland in den Mittelpunkt stellt.<\/p>\n<p><strong>Alain Gomis<\/strong>, Sohn einer franz\u00f6sischen Mutter und eines senegalesischen Vaters, wird 1972 in Paris geboren. Dort studiert er zun\u00e4chst Kunstgeschichte und Film an der Sorbonne, bevor er die Leitung von Video- Workshops der Stadt Nanterre \u00fcbernimmt. Seine fr\u00fchen Reportagen sowie die &nbsp;Spielfilme \u201eL\u2019Afrance\u201c (2001), \u201eAndalucia\u201c (2008) und auch sein neuer Spielfilm <strong>\u201eThey &#8211; Aujourd\u2019hui\u201c <\/strong>handelt von der Entwurzelung von Menschen zwischen verschiedenen Kulturen, von ihrem Gef\u00fchl der Zerrissenheit und dem gesellschaftlichen Ausschluss.<br \/>\n\u201c<strong>Tey &#8211; Aujourd\u2019hui<\/strong>\u201c gewann den 1. Preis beim FESPACO 2013<\/p>\n<div id=\"attachment_944\" style=\"width: 633px\" class=\"wp-caption alignnone\"><img loading=\"lazy\" decoding=\"async\" aria-describedby=\"caption-attachment-944\" class=\"size-full wp-image-944\" title=\"tey-aujourdhui\" src=\"http:\/\/www.augen-blicke-afrika.de\/blog\/wp-content\/uploads\/2013\/09\/tey-aujourdhui.jpg\" alt=\"Tey \u2013 Aujourd\u2019hui\" width=\"623\" height=\"229\" srcset=\"http:\/\/www.augen-blicke-afrika.de\/blog\/wp-content\/uploads\/2013\/09\/tey-aujourdhui.jpg 623w, http:\/\/www.augen-blicke-afrika.de\/blog\/wp-content\/uploads\/2013\/09\/tey-aujourdhui-300x110.jpg 300w, http:\/\/www.augen-blicke-afrika.de\/blog\/wp-content\/uploads\/2013\/09\/tey-aujourdhui-500x183.jpg 500w\" sizes=\"auto, (max-width: 623px) 100vw, 623px\" \/><p id=\"caption-attachment-944\" class=\"wp-caption-text\">Filmfotos &#8220;Tey \u2013 Aujourd\u2019hui\u201c<\/p><\/div>\n<p><a name=\"english\"><\/a><\/p>\n<p><strong>TEY- AUJOURD\u2019HUI<\/strong><\/p>\n<p>Senegal \/ France 2012, dir: Alain Gomis, 86 min, OV w. Engl. SUB<\/p>\n<p>Satch\u00e9 wakes up in perfect health, but is for some reason aware that this is to be his last day, and that he will not live to see the next morning. He has returned from his long-term stay in America to his hometown Dakar (Senegal). He is treated like a hero, but also experiences how people that have been familiar to him reveal another strange site of themselves. He walks through the streets of his Senegalese hometown as if on an expedition to find his identity, the familiar past.<\/p>\n<p>Tey \u2013 Aujourd\u2019hui is a multi-layered, reflective movie that portrays, unlike many African films, not the emigration, but the return to the homeland. Tey has won the Golden Stallion prize for Best Film at the 23rd pan-African films festival, FESPACO (2013).<\/p>\n<p>Alain Gomis was born in Paris (1972) to a Senegalese father and French mother. His previous reportages, as well as feature filmes \u201eL\u2019Afrance\u201c (2001), \u201eAndalucia\u201c (2008) and his new film \u201eTey &#8211; Today\u201c all focus on social dislocation of people between cultures and the feeling of brokeness and social connection.<br \/>\n<a href=\"javascript:history.back();\">Zur\u00fcck<\/a><\/p>\n","protected":false},"excerpt":{"rendered":"<p>Senegal \/ Frankreich 2012, R.: Alain Gomis, 86 Min., OF m. engl. UT. Mit Saul Williams, Djolof Mbengue Auf mysteri\u00f6se Weise wei\u00df Satch\u00e9s beim Aufwachen, dass dies der letzte Tag seines Lebens sein wird. Von einem langj\u00e4hrigen Aufenthalt in Amerika &hellip; <a href=\"http:\/\/www.augen-blicke-afrika.de\/blog\/archiv\/archiv-2013\/filme-2013\/tey-aujourdhui\/\">Weiterlesen <span class=\"meta-nav\">&rarr;<\/span><\/a><\/p>\n","protected":false},"author":1,"featured_media":800,"parent":737,"menu_order":0,"comment_status":"closed","ping_status":"closed","template":"afrika2013.php","meta":{"footnotes":""},"class_list":["post-836","page","type-page","status-publish","has-post-thumbnail","hentry"],"_links":{"self":[{"href":"http:\/\/www.augen-blicke-afrika.de\/blog\/wp-json\/wp\/v2\/pages\/836","targetHints":{"allow":["GET"]}}],"collection":[{"href":"http:\/\/www.augen-blicke-afrika.de\/blog\/wp-json\/wp\/v2\/pages"}],"about":[{"href":"http:\/\/www.augen-blicke-afrika.de\/blog\/wp-json\/wp\/v2\/types\/page"}],"author":[{"embeddable":true,"href":"http:\/\/www.augen-blicke-afrika.de\/blog\/wp-json\/wp\/v2\/users\/1"}],"replies":[{"embeddable":true,"href":"http:\/\/www.augen-blicke-afrika.de\/blog\/wp-json\/wp\/v2\/comments?post=836"}],"version-history":[{"count":34,"href":"http:\/\/www.augen-blicke-afrika.de\/blog\/wp-json\/wp\/v2\/pages\/836\/revisions"}],"predecessor-version":[{"id":12687,"href":"http:\/\/www.augen-blicke-afrika.de\/blog\/wp-json\/wp\/v2\/pages\/836\/revisions\/12687"}],"up":[{"embeddable":true,"href":"http:\/\/www.augen-blicke-afrika.de\/blog\/wp-json\/wp\/v2\/pages\/737"}],"wp:featuredmedia":[{"embeddable":true,"href":"http:\/\/www.augen-blicke-afrika.de\/blog\/wp-json\/wp\/v2\/media\/800"}],"wp:attachment":[{"href":"http:\/\/www.augen-blicke-afrika.de\/blog\/wp-json\/wp\/v2\/media?parent=836"}],"curies":[{"name":"wp","href":"https:\/\/api.w.org\/{rel}","templated":true}]}}