{"id":81,"date":"2012-09-12T12:28:45","date_gmt":"2012-09-12T10:28:45","guid":{"rendered":"http:\/\/www.augen-blicke-afrika.de\/blog\/?page_id=81"},"modified":"2023-09-05T20:53:20","modified_gmt":"2023-09-05T18:53:20","slug":"foerderer","status":"publish","type":"page","link":"http:\/\/www.augen-blicke-afrika.de\/blog\/archiv\/archiv-2012\/foerderer\/","title":{"rendered":"F\u00f6rderer 2012"},"content":{"rendered":"<div class=\"privat\"><strong><a href=\"http:\/\/www.augen-blicke-afrika.de\/blog\/wp-content\/uploads\/2012\/09\/anzeigen2.jpg\"><img loading=\"lazy\" decoding=\"async\" class=\"alignright size-full wp-image-503\" title=\"anzeigen\" src=\"http:\/\/www.augen-blicke-afrika.de\/blog\/wp-content\/uploads\/2012\/09\/anzeigen2.jpg\" alt=\"Anzeigen\" width=\"309\" height=\"202\" srcset=\"http:\/\/www.augen-blicke-afrika.de\/blog\/wp-content\/uploads\/2012\/09\/anzeigen2.jpg 309w, http:\/\/www.augen-blicke-afrika.de\/blog\/wp-content\/uploads\/2012\/09\/anzeigen2-300x196.jpg 300w\" sizes=\"auto, (max-width: 309px) 100vw, 309px\" \/><\/a>Private F\u00f6rderer:<\/strong><\/p>\n<ul>\n<li>Michael und Silke Ahrens<\/li>\n<li>Meta M\u00e4rtens<\/li>\n<li>Petra Oelker, Autorin<\/li>\n<li>Hans-Peter Weymar, Filmproduktion<\/li>\n<li>Astrid Gerber und Aled Griffiths<\/li>\n<\/ul>\n<\/div>\n<h2><\/h2>\n<h2><strong>\u00d6ffentliche F\u00f6rderer<\/strong>:<\/h2>\n<div id=\"attachment_155\" style=\"width: 210px\" class=\"wp-caption alignleft\"><a href=\"http:\/\/www.nue-stiftung.de\/\" target=\"_blank\" rel=\"noopener\"><img loading=\"lazy\" decoding=\"async\" aria-describedby=\"caption-attachment-155\" class=\"size-full wp-image-155 \" title=\"NUE-Norddeutsche Stiftung f\u00fcr Umwelt und Entwicklung\" src=\"http:\/\/www.augen-blicke-afrika.de\/blog\/wp-content\/uploads\/2012\/09\/nue.gif\" alt=\"NUE-Norddeutsche Stiftung f\u00fcr Umwelt und Entwicklung\" width=\"200\" height=\"66\"><\/a><p id=\"caption-attachment-155\" class=\"wp-caption-text\">NUE-Norddeutsche Stiftung f\u00fcr Umwelt und Entwicklung aus Ertr\u00e4gen der Lotterie BINGO! Die Umweltlotterie<\/p><\/div>\n<p><a href=\"http:\/\/www.projektfoerderung.de\/\" target=\"_blank\" rel=\"noopener\"><img loading=\"lazy\" decoding=\"async\" class=\"alignleft size-full wp-image-154\" title=\"Lotterie BINGO! Die Umweltlotterie\" src=\"http:\/\/www.augen-blicke-afrika.de\/blog\/wp-content\/uploads\/2012\/09\/bingohh.png\" alt=\"Lotterie BINGO! Die Umweltlotterie\" width=\"200\" height=\"186\"><\/a><\/p>\n<p>&nbsp;<\/p>\n<p>&nbsp;<\/p>\n<p>&nbsp;<\/p>\n<p>&nbsp;<\/p>\n<p>&nbsp;<\/p>\n<p><a href=\"http:\/\/www.ked-nordkirche.de\/\" target=\"_blank\" rel=\"noopener\"><img loading=\"lazy\" decoding=\"async\" class=\"alignleft size-full wp-image-157\" title=\"KED - Kirchlicher Entwicklungsdienst der Nordkirche\" src=\"http:\/\/www.augen-blicke-afrika.de\/blog\/wp-content\/uploads\/2012\/09\/ked.gif\" alt=\"KED - Kirchlicher Entwicklungsdienst der Nordkirche\" width=\"200\" height=\"106\"><\/a><a href=\"http:\/\/www.katholischer-fonds.de\/\"><img loading=\"lazy\" decoding=\"async\" class=\"alignleft size-full wp-image-158\" title=\"katholischer-fonds\" src=\"http:\/\/www.augen-blicke-afrika.de\/blog\/wp-content\/uploads\/2012\/09\/katholischer-fonds.png\" alt=\"Katholischer Fonds\" width=\"200\" height=\"122\"><\/a><\/p>\n<p>&nbsp;<\/p>\n<p>&nbsp;<\/p>\n<p>&nbsp;<\/p>\n<p>&nbsp;<\/p>\n<p><a href=\"http:\/\/www.hamburg.de\/politische-bildung\/\"><img loading=\"lazy\" decoding=\"async\" class=\"alignleft size-full wp-image-159\" title=\"LZpB-HH\" src=\"http:\/\/www.augen-blicke-afrika.de\/blog\/wp-content\/uploads\/2012\/09\/LZpB-HH.gif\" alt=\"Landeszentrale f\u00fcr politische Bildung Hamburg\" width=\"200\" height=\"94\"><\/a><a href=\"http:\/\/www.ffhsh.de\/sites\/\" target=\"_blank\" rel=\"noopener\"><img loading=\"lazy\" decoding=\"async\" class=\"alignleft size-full wp-image-160\" title=\"Filmf\u00f6rderung Hamburg-Schleswig-Holstein\" src=\"http:\/\/www.augen-blicke-afrika.de\/blog\/wp-content\/uploads\/2012\/09\/FFHSH.png\" alt=\"Filmf\u00f6rderung Hamburg-Schleswig-Holstein\" width=\"200\" height=\"102\"><\/a><\/p>\n<p>&nbsp;<\/p>\n<p>&nbsp;<\/p>\n<p>&nbsp;<\/p>\n<p><a href=\"http:\/\/www.umverteilen.de\/\" target=\"_blank\" rel=\"noopener\"><img loading=\"lazy\" decoding=\"async\" class=\"alignleft size-full wp-image-168\" title=\"Umverteilen! \u2013 Stiftung f\u00fcr eine, solidarische Welt\" src=\"http:\/\/www.augen-blicke-afrika.de\/blog\/wp-content\/uploads\/2012\/09\/umverteilen.png\" alt=\"Umverteilen! \u2013 Stiftung f\u00fcr eine, solidarische Welt\" width=\"200\" height=\"98\"><\/a><\/p>\n<p>&nbsp;<\/p>\n<p>&nbsp;<\/p>\n<p>&nbsp;<\/p>\n<p>&nbsp;<\/p>\n","protected":false},"excerpt":{"rendered":"<p>Private F\u00f6rderer: Michael und Silke Ahrens Meta M\u00e4rtens Petra Oelker, Autorin Hans-Peter Weymar, Filmproduktion Astrid Gerber und Aled Griffiths \u00d6ffentliche F\u00f6rderer: &nbsp; &nbsp; &nbsp; &nbsp; &nbsp; &nbsp; &nbsp; &nbsp; &nbsp; &nbsp; &nbsp; &nbsp; &nbsp; &nbsp; &nbsp; &nbsp;<\/p>\n","protected":false},"author":1,"featured_media":357,"parent":730,"menu_order":0,"comment_status":"closed","ping_status":"closed","template":"afrika2012_orig.php","meta":{"footnotes":""},"class_list":["post-81","page","type-page","status-publish","has-post-thumbnail","hentry"],"_links":{"self":[{"href":"http:\/\/www.augen-blicke-afrika.de\/blog\/wp-json\/wp\/v2\/pages\/81","targetHints":{"allow":["GET"]}}],"collection":[{"href":"http:\/\/www.augen-blicke-afrika.de\/blog\/wp-json\/wp\/v2\/pages"}],"about":[{"href":"http:\/\/www.augen-blicke-afrika.de\/blog\/wp-json\/wp\/v2\/types\/page"}],"author":[{"embeddable":true,"href":"http:\/\/www.augen-blicke-afrika.de\/blog\/wp-json\/wp\/v2\/users\/1"}],"replies":[{"embeddable":true,"href":"http:\/\/www.augen-blicke-afrika.de\/blog\/wp-json\/wp\/v2\/comments?post=81"}],"version-history":[{"count":35,"href":"http:\/\/www.augen-blicke-afrika.de\/blog\/wp-json\/wp\/v2\/pages\/81\/revisions"}],"predecessor-version":[{"id":6782,"href":"http:\/\/www.augen-blicke-afrika.de\/blog\/wp-json\/wp\/v2\/pages\/81\/revisions\/6782"}],"up":[{"embeddable":true,"href":"http:\/\/www.augen-blicke-afrika.de\/blog\/wp-json\/wp\/v2\/pages\/730"}],"wp:featuredmedia":[{"embeddable":true,"href":"http:\/\/www.augen-blicke-afrika.de\/blog\/wp-json\/wp\/v2\/media\/357"}],"wp:attachment":[{"href":"http:\/\/www.augen-blicke-afrika.de\/blog\/wp-json\/wp\/v2\/media?parent=81"}],"curies":[{"name":"wp","href":"https:\/\/api.w.org\/{rel}","templated":true}]}}