{"id":7551,"date":"2023-09-04T17:35:58","date_gmt":"2023-09-04T15:35:58","guid":{"rendered":"http:\/\/www.augen-blicke-afrika.de\/blog\/?page_id=7551"},"modified":"2023-09-05T11:36:50","modified_gmt":"2023-09-05T09:36:50","slug":"programm-2022-test","status":"publish","type":"page","link":"http:\/\/www.augen-blicke-afrika.de\/blog\/programm-2022-test\/","title":{"rendered":"Programm 2022 Test"},"content":{"rendered":"<table style=\"border-bottom: none;\" border=\"0\" cellspacing=\"0\" cellpadding=\"0\">\n<tbody>\n<tr>\n<th style=\"width: 500px;\" colspan=\"2\">\n<h2><\/h2>\n<h2><span style=\"color: #000000;\">Afrikanisches Film Festival &#8220;AUGEN\u00a0BLICKE\u00a0AFRIKA&#8221;<\/span><\/h2>\n<h1><strong>Das Filmfestival startet am 03.11.2022<\/strong><\/h1>\n<h2><\/h2>\n<h2><\/h2>\n<\/th>\n<\/tr>\n<tr>\n<td style=\"width: 10px;\" colspan=\"2\">\n<h3>Alle Filme im <strong><span style=\"color: #000000;\"><a style=\"color: #000000;\" href=\"http:\/\/www.studio-kino.de\/\" target=\"_blank\" rel=\"noopener noreferrer\">Studio Kino<\/a><\/span><\/strong> Hamburg, Bernstorffstr. 93-95, 22767 Hamburg<br \/>\n<strong>Eintrittspreis bei jeder Filmveranstaltung 9 EUR\/ erm\u00e4\u00dfigt 7,50 EUR.<\/strong><\/h3>\n<h3>Der <strong>VR-Film l\u00e4uft am 1. und 2.11. in der <span style=\"color: #000000;\"><a style=\"color: #000000;\" href=\"https:\/\/www.buecherhallen.de\/eimsbuettel.html\">B\u00fccherhalle im Hamburg Haus Eimsb\u00fcttel<\/a><\/span><\/strong>, Doormansweg\u00a012. <strong>Am 8. und 9.11. in der <a style=\"color: #000000;\" href=\"https:\/\/www.buecherhallen.de\/zentralbibliothek.html\">Zentralbibliothek<\/a><\/strong>, H\u00fchnerposten 1.<strong><br \/>\nDer Eintritt ist Frei.<br \/>\n<\/strong><\/h3>\n<h3><strong>Das Programmheft als PDF gibt es hier: <span style=\"color: #000000;\"><a style=\"color: #000000;\" title=\"Das Programmheft von Augen Blicke Afrika 2018 als pdf\" href=\"http:\/\/www.augen-blicke-afrika.de\/blog\/wp-content\/uploads\/2022\/09\/programm_2022.pdf\" target=\"_blank\" rel=\"noopener noreferrer\">Programm 2022<\/a><\/span><\/strong><\/h3>\n<\/td>\n<\/tr>\n<\/tbody>\n<\/table>\n<table class='dsR1' style='border-bottom-style: none;'><tbody><\/td><\/tr><tr><td class='dsR2' style='text-align: left; vertical-align: top; border-top: none;'><\/td><\/td><\/tr><tr style='height: 25px;'><td style='height: 10px; width: 30px; border-top: medium none;' colspan='3' scope='rowgroup'><h1>Do. 29.10. <\/h1><\/td><\/tr><tr><td class='dsR2' style='text-align: left; vertical-align: top;'><h2>21:00<\/h2><\/td><td class='dsR3' style='text-align: left; vertical-align: top;'><a href='http:\/\/www.augen-blicke-afrika.de\/blog\/film-2020?film=13'><img class='alignnone size-medium wp-image-4739' src=http:\/\/www.augen-blicke-afrika.de\/blog\/wp-content\/uploads\/2020\/09\/you-will-die-Plakat-212x300.jpg alt='Subira poster' width='212' height='300'><\/a><\/td><td style='text-align: left; vertical-align: top;'><a href='http:\/\/www.augen-blicke-afrika.de\/blog\/film-2020\\\/?film=13'><h4><strong>YOU WILL DIE AT TWENTY<\/strong><\/h4><\/a><h3>Spielfilm, Sudan \/ \u00c4gypten 2019, R.: Amjad Abu Alala,<br> 103 Min., arab.&nbsp;OF,&nbsp;engl.&nbsp;UT<\/h4> \n<h3><strong>18:00 Er\u00f6ffnung f\u00fcr geladene G\u00e4ste <br>\r\n21:00 Freier Verkauf<\/strong><\/h3><\/td><\/tr><tr><td class='dsR2' style='text-align: left; vertical-align: top;'><\/td><td class='dsR3' style='text-align: left; vertical-align: top;'><\/td><td style='text-align: left; vertical-align: top;'><\/td><\/tr><\/tbody><\/table><table class='dsR1' style='border-bottom-style: none;'><tr style='height: 25px;'><td style='height: 10px; width: 30px; border-top: medium none;' colspan='3' scope='rowgroup'><h1>Fr. 30.10. <\/h1><\/td><\/tr><tr><td class='dsR2' style='text-align: left; vertical-align: top;'><h2>17:00<\/h2><\/td><td class='dsR3' style='text-align: left; vertical-align: top;'><a href='http:\/\/www.augen-blicke-afrika.de\/blog\/film-2020?film=5'><img class='alignnone size-medium wp-image-4739' src=http:\/\/www.augen-blicke-afrika.de\/blog\/wp-content\/uploads\/2020\/09\/Fig-tree-poster-214x300.jpg alt='Subira poster' width='212' height='300'><\/a><\/td><td style='text-align: left; vertical-align: top;'><a href='http:\/\/www.augen-blicke-afrika.de\/blog\/film-2020\\\/?film=5'><h4><strong>FIG TREE<\/strong><\/h4><\/a><h3>Spielfilm, \u00c4thiopien \/ Israel 2018, R.: A\u00e4l\u00e4m-W\u00e4rqe Davidian,<br> 93 Min., engl.&nbsp;UT<\/h4> \n<h3><strong><\/strong><\/h3><\/td><\/tr><\/td><\/tr><tr><td class='dsR2' style='text-align: left; vertical-align: top;'><h2>19:30<\/h2><\/td><td class='dsR3' style='text-align: left; vertical-align: top;'><a href='http:\/\/www.augen-blicke-afrika.de\/blog\/film-2020?film=17'><img class='alignnone size-medium wp-image-4739' src=http:\/\/www.augen-blicke-afrika.de\/blog\/wp-content\/uploads\/2020\/09\/Days-Poster-208x300.jpg alt='Subira poster' width='212' height='300'><\/a><\/td><td style='text-align: left; vertical-align: top;'><a href='http:\/\/www.augen-blicke-afrika.de\/blog\/film-2020\\\/?film=17'><h4><strong>DAYS OF CANNIBALISM<\/strong><\/h4><\/a><h3>Dokumentarfilm, S\u00fcdafrika \/ Lesotho 2020, R.: Teboho Edkins,<br> 79 Min., Zulu, Xhosa, Mandarin&nbsp;OF,&nbsp;engl.&nbsp;UT<\/h4> \n<h3><strong><\/strong><\/h3><\/td><\/tr><\/td><\/tr><tr><td class='dsR2' style='text-align: left; vertical-align: top;'><h2>22:00<\/h2><\/td><td class='dsR3' style='text-align: left; vertical-align: top;'><a href='http:\/\/www.augen-blicke-afrika.de\/blog\/film-2020?film=19'><img class='alignnone size-medium wp-image-4739' src=http:\/\/www.augen-blicke-afrika.de\/blog\/wp-content\/uploads\/2020\/09\/Loup-poster_-212x300.jpg alt='Subira poster' width='212' height='300'><\/a><\/td><td style='text-align: left; vertical-align: top;'><a href='http:\/\/www.augen-blicke-afrika.de\/blog\/film-2020\\\/?film=19'><h4><strong>LE LOUP D'OR DE BALOL\u00c9 \u2013 The Golden Wolf of Balol\u00e9<\/strong><\/h4><\/a><h3>Dokumentarfilm, Burkina Faso \/ Frankreich 2019, R.: Chlo\u00e9 A\u00efcha Boro,<br> 65 Min., Moor\u00e9&nbsp;OF,&nbsp;engl.&nbsp;UT<\/h4> \n<h3><strong>Regisseurin eingeladen<\/strong><\/h3><\/td><\/tr><tr><td class='dsR2' style='text-align: left; vertical-align: top;'><\/td><td class='dsR3' style='text-align: left; vertical-align: top;'><\/td><td style='text-align: left; vertical-align: top;'><\/td><\/tr><\/tbody><\/table><table class='dsR1' style='border-bottom-style: none;'><tr style='height: 25px;'><td style='height: 10px; width: 30px; border-top: medium none;' colspan='3' scope='rowgroup'><h1>Sa. 31.10. <\/h1><\/td><\/tr><tr><td class='dsR2' style='text-align: left; vertical-align: top;'><h2>14:30<\/h2><\/td><td class='dsR3' style='text-align: left; vertical-align: top;'><a href='http:\/\/www.augen-blicke-afrika.de\/blog\/film-2020?film=8'><img class='alignnone size-medium wp-image-4739' src=http:\/\/www.augen-blicke-afrika.de\/blog\/wp-content\/uploads\/2020\/09\/LUSALA-Poster-212x300.jpg alt='Subira poster' width='212' height='300'><\/a><\/td><td style='text-align: left; vertical-align: top;'><a href='http:\/\/www.augen-blicke-afrika.de\/blog\/film-2020\\\/?film=8'><h4><strong>LUSALA<\/strong><\/h4><\/a><h3>Spielfilm, Kenia 2019, R.: Mugambi Nthiga,<br> 64 Min., Swahili \/ engl.&nbsp;OF,&nbsp;dt.&nbsp;UT<\/h4> \n<h3><strong><\/strong><\/h3><\/td><\/tr><\/td><\/tr><tr><td class='dsR2' style='text-align: left; vertical-align: top;'><h2>17:00<\/h2><\/td><td class='dsR3' style='text-align: left; vertical-align: top;'><a href='http:\/\/www.augen-blicke-afrika.de\/blog\/film-2020?film=2'><img class='alignnone size-medium wp-image-4739' src=http:\/\/www.augen-blicke-afrika.de\/blog\/wp-content\/uploads\/2020\/09\/desrances-poster-244x300.jpg alt='Subira poster' width='212' height='300'><\/a><\/td><td style='text-align: left; vertical-align: top;'><a href='http:\/\/www.augen-blicke-afrika.de\/blog\/film-2020\\\/?film=2'><h4><strong>DESRANCES<\/strong><\/h4><\/a><h3>Spielfilm, Burkina Faso 2019, R.: Apolline Traor\u00e9,<br> 95 Min., frz.&nbsp;OF,&nbsp;engl.&nbsp;UT<\/h4> \n<h3><strong><\/strong><\/h3><\/td><\/tr><\/td><\/tr><tr><td class='dsR2' style='text-align: left; vertical-align: top;'><h2>19:30<\/h2><\/td><td class='dsR3' style='text-align: left; vertical-align: top;'><a href='http:\/\/www.augen-blicke-afrika.de\/blog\/film-2020?film=22'><img class='alignnone size-medium wp-image-4739' src=http:\/\/www.augen-blicke-afrika.de\/blog\/wp-content\/uploads\/2020\/09\/Systeme-K-Un-Film-De-Renaud-Barret-213x300.jpg alt='Subira poster' width='212' height='300'><\/a><\/td><td style='text-align: left; vertical-align: top;'><a href='http:\/\/www.augen-blicke-afrika.de\/blog\/film-2020\\\/?film=22'><h4><strong>SYSTHEME K<\/strong><\/h4><\/a><h3>Dokumentarfilm, D.R. Kongo 2019, R.: Renaud Barret,<br> 94 Min., frz.&nbsp;OF,&nbsp;engl.&nbsp;UT<\/h4> \n<h3><strong>Regisseur eingeladen<\/strong><\/h3><\/td><\/tr><\/td><\/tr><tr><td class='dsR2' style='text-align: left; vertical-align: top;'><h2>22:00<\/h2><\/td><td class='dsR3' style='text-align: left; vertical-align: top;'><a href='http:\/\/www.augen-blicke-afrika.de\/blog\/film-2020?film=3'><img class='alignnone size-medium wp-image-4739' src=http:\/\/www.augen-blicke-afrika.de\/blog\/wp-content\/uploads\/2020\/09\/A-SON_120X160_11-220x300.jpeg alt='Subira poster' width='212' height='300'><\/a><\/td><td style='text-align: left; vertical-align: top;'><a href='http:\/\/www.augen-blicke-afrika.de\/blog\/film-2020\\\/?film=3'><h4><strong>A SON<\/strong><\/h4><\/a><h3>Spielfilm, Tunesien 2019, R.: Mehdi M. Barsaoui,<br> 96 Min., arab., frz.&nbsp;OF,&nbsp;engl.&nbsp;UT<\/h4> \n<h3><strong><\/strong><\/h3><\/td><\/tr><tr><td class='dsR2' style='text-align: left; vertical-align: top;'><\/td><td class='dsR3' style='text-align: left; vertical-align: top;'><\/td><td style='text-align: left; vertical-align: top;'><\/td><\/tr><\/tbody><\/table><table class='dsR1' style='border-bottom-style: none;'><tr style='height: 25px;'><td style='height: 10px; width: 30px; border-top: medium none;' colspan='3' scope='rowgroup'><h1>So. 01.11. <\/h1><\/td><\/tr><tr><td class='dsR2' style='text-align: left; vertical-align: top;'><h2>14:30<\/h2><\/td><td class='dsR3' style='text-align: left; vertical-align: top;'><a href='http:\/\/www.augen-blicke-afrika.de\/blog\/film-2020?film=23'><img class='alignnone size-medium wp-image-4739' src=http:\/\/www.augen-blicke-afrika.de\/blog\/wp-content\/uploads\/2020\/09\/Masks-poster-300x300.jpg alt='Subira poster' width='212' height='300'><\/a><\/td><td style='text-align: left; vertical-align: top;'><a href='http:\/\/www.augen-blicke-afrika.de\/blog\/film-2020\\\/?film=23'><h4><strong>THE SOUNDS OF MASKS<\/strong><\/h4><\/a><h3>Dokumentarfilm, Mosambik 2018, R.: Sara de Gouveja,<br> 70 Min., port.&nbsp;OF,&nbsp;engl.&nbsp;UT<\/h4> \n<h3><strong><\/strong><\/h3><\/td><\/tr><\/td><\/tr><tr><td class='dsR2' style='text-align: left; vertical-align: top;'><h2>16:30<\/h2><\/td><td class='dsR3' style='text-align: left; vertical-align: top;'><a href='http:\/\/www.augen-blicke-afrika.de\/blog\/film-2020?film=31'><img class='alignnone size-medium wp-image-4739' src=http:\/\/www.augen-blicke-afrika.de\/blog\/wp-content\/uploads\/2020\/09\/PRESS_KIT_MATATA_29.01.2020-2.jpg alt='2' width='212' height='300'><\/a><\/td><td style='text-align: left; vertical-align: top;'><a href='http:\/\/www.augen-blicke-afrika.de\/blog\/film-2020\\\/?film=31'><h4><strong>MATATA<\/strong><\/h4><\/a><h3>Kurzfilm \/ Experimentalfilm, D.R. Kongo \/ USA R.: Petna Ndaliko Katondolo,<br> 37 Min., ohne Dialog<\/h4><h3><strong><\/strong><\/h3><\/td><\/tr><\/td><\/tr><tr><td class='dsR2' style='text-align: left; vertical-align: top; border-top: none;'><\/td><td class='dsR3' style='text-align: left; vertical-align: top; border-top: none;'><a href='http:\/\/www.augen-blicke-afrika.de\/blog\/film-2020?film=28'><img class='alignnone size-medium wp-image-4739' src=http:\/\/www.augen-blicke-afrika.de\/blog\/wp-content\/uploads\/2020\/09\/kaniama-show-versus-production-c-yaqine-hamzaoui-450x300.jpg alt='2' width='212' height='300'><\/a><\/td><td style='text-align: left; vertical-align: top; border-top: none;'><a href='http:\/\/www.augen-blicke-afrika.de\/blog\/film-2020\\\/?film=28'><h4><strong>KANIAMA SHOW <\/strong><\/h4><\/a><h3>Kurzfilm, Belgien \/ D.R. Kongo 2018, R.: Baloji,<br> 24 Min., engl.&nbsp;UT<\/h4> \n<h3><strong>Der Regisseur Baloji ist eingeladen.<\/strong><\/h3><\/td><\/tr><\/td><\/tr><tr><td class='dsR2' style='text-align: left; vertical-align: top; border-top: none;'><\/td><td class='dsR3' style='text-align: left; vertical-align: top; border-top: none;'><a href='http:\/\/www.augen-blicke-afrika.de\/blog\/film-2020?film=29'><img class='alignnone size-medium wp-image-4739' src=http:\/\/www.augen-blicke-afrika.de\/blog\/wp-content\/uploads\/2020\/09\/neverlook_still2-1024x723.jpg alt='2' width='212' height='300'><\/a><\/td><td style='text-align: left; vertical-align: top; border-top: none;'><a href='http:\/\/www.augen-blicke-afrika.de\/blog\/film-2020\\\/?film=29'><h4><strong>NEVER LOOK AT THE SUN<\/strong><\/h4><\/a><h3>Kurzfilm \/ Experimentalfilm, Frankreich 2020, R.: Baloji,<br> 5 Min., engl.&nbsp;OF,&nbsp;engl.&nbsp;UT<\/h4> \n<h3><strong>Der Regisseur Baloji ist eingeladen.<\/strong><\/h3><\/td><\/tr><\/td><\/tr><tr><td class='dsR2' style='text-align: left; vertical-align: top; border-top: none;'><\/td><td class='dsR3' style='text-align: left; vertical-align: top; border-top: none;'><a href='http:\/\/www.augen-blicke-afrika.de\/blog\/film-2020?film=30'><img class='alignnone size-medium wp-image-4739' src=http:\/\/www.augen-blicke-afrika.de\/blog\/wp-content\/uploads\/2020\/09\/Zombies-1024x649.jpg alt='2' width='212' height='300'><\/a><\/td><td style='text-align: left; vertical-align: top; border-top: none;'><a href='http:\/\/www.augen-blicke-afrika.de\/blog\/film-2020\\\/?film=30'><h4><strong>ZOMBIES<\/strong><\/h4><\/a><h3>Kurzfilm \/ Musikfilm, Belgien \/ D.R. Kongo 2018, R.: Baloji,<br> 15 Min., Lingala&nbsp;OF,&nbsp;engl.&nbsp;UT<\/h4> \n<h3><strong>Der Regisseur Baloji ist eingeladen.<\/strong><\/h3><\/td><\/tr><\/td><\/tr><tr><td class='dsR2' style='text-align: left; vertical-align: top;'><h2>19:00<\/h2><\/td><td class='dsR3' style='text-align: left; vertical-align: top;'><a href='http:\/\/www.augen-blicke-afrika.de\/blog\/film-2020?film=11'><img class='alignnone size-medium wp-image-4739' src=http:\/\/www.augen-blicke-afrika.de\/blog\/wp-content\/uploads\/2020\/09\/Sofia_imagefullwide-237x300.jpg alt='Subira poster' width='212' height='300'><\/a><\/td><td style='text-align: left; vertical-align: top;'><a href='http:\/\/www.augen-blicke-afrika.de\/blog\/film-2020\\\/?film=11'><h4><strong>SOFIA<\/strong><\/h4><\/a><h3>Spielfilm, Marokko \/ Frankreich 2018, R.: Meryem Benm\u2018 Barek,<br> 85 Min., arab. \/ frz.&nbsp;OF,&nbsp;engl.&nbsp;UT<\/h4> \n<h3><strong><\/strong><\/h3><\/td><\/tr><\/td><\/tr><tr><td class='dsR2' style='text-align: left; vertical-align: top;'><h2>21:00<\/h2><\/td><td class='dsR3' style='text-align: left; vertical-align: top;'><a href='http:\/\/www.augen-blicke-afrika.de\/blog\/film-2020?film=12'><img class='alignnone size-medium wp-image-4739' src=http:\/\/www.augen-blicke-afrika.de\/blog\/wp-content\/uploads\/2020\/09\/south-poster-226x300.jpg alt='Subira poster' width='212' height='300'><\/a><\/td><td style='text-align: left; vertical-align: top;'><a href='http:\/\/www.augen-blicke-afrika.de\/blog\/film-2020\\\/?film=12'><h4><strong>SOUTH TERMINAL<\/strong><\/h4><\/a><h3>Spielfilm, Frankreich 2018, R.: Rabah Ameur-Za\u00efmeche,<br> 92 Min., frz.&nbsp;OF,&nbsp;engl.&nbsp;UT<\/h4> \n<h3><strong>Regisseur eingeladen<\/strong><\/h3><\/td><\/tr><tr><td class='dsR2' style='text-align: left; vertical-align: top;'><\/td><td class='dsR3' style='text-align: left; vertical-align: top;'><\/td><td style='text-align: left; vertical-align: top;'><\/td><\/tr><\/tbody><\/table>\n<p style=\"line-height: 10%;\">\n<style> .center {width: 98%;  padding: 10px; font-size: 90%; background: rgba(255,255,255,0.3);}<\/style>\n<\/p>\n<div class=\"center\" align=\"justify\"><strong>Die Tickets zum Augenblicke Afrika Filmfest k\u00f6nnen unter:<br \/>\n<a href=\"https:\/\/www.studio-kino.de\/?inhalt=tickets.inc\" target=\"_blank\" rel=\"noopener noreferrer\">https:\/\/www.studio-kino.de<\/a> gekauft werden.<\/strong><br \/>\nReservierungen k\u00f6nnen gerne weiterhin telefonisch zu den \u00d6ffnungszeiten des Kinos get\u00e4tigt werden unter 040 \u2013 55 77 53 47. Abendkasse ist nat\u00fcrlich auch weiterhin m\u00f6glich.<br \/>\n<strong>Aus aktuellem Anlass w\u00fcrden wir aber das Online Ticketing bevorzugen.<\/strong><\/div>\n<p style=\"line-height: 10%;\">\n<style type=\"text\/css\" media=\"all\"><!-- .dsR1 \/*agl rulekind: base;*\/ { width: auto; } .dsR2 \/*agl rulekind: base;*\/ { width: 20px; } .dsR3 \/*agl rulekind: base;*\/ { width: 68px; } --><\/style>\n<\/p>\n<p style=\"line-height: 10%;\">\n","protected":false},"excerpt":{"rendered":"<p>Afrikanisches Film Festival &#8220;AUGEN\u00a0BLICKE\u00a0AFRIKA&#8221; Das Filmfestival startet am 03.11.2022 Alle Filme im Studio Kino Hamburg, Bernstorffstr. 93-95, 22767 Hamburg Eintrittspreis bei jeder Filmveranstaltung 9 EUR\/ erm\u00e4\u00dfigt 7,50 EUR. Der VR-Film l\u00e4uft am 1. und 2.11. in der B\u00fccherhalle im Hamburg &hellip; <a href=\"http:\/\/www.augen-blicke-afrika.de\/blog\/programm-2022-test\/\">Weiterlesen <span class=\"meta-nav\">&rarr;<\/span><\/a><\/p>\n","protected":false},"author":3,"featured_media":0,"parent":0,"menu_order":0,"comment_status":"closed","ping_status":"closed","template":"afrika2022.php","meta":{"footnotes":""},"class_list":["post-7551","page","type-page","status-publish","hentry"],"_links":{"self":[{"href":"http:\/\/www.augen-blicke-afrika.de\/blog\/wp-json\/wp\/v2\/pages\/7551","targetHints":{"allow":["GET"]}}],"collection":[{"href":"http:\/\/www.augen-blicke-afrika.de\/blog\/wp-json\/wp\/v2\/pages"}],"about":[{"href":"http:\/\/www.augen-blicke-afrika.de\/blog\/wp-json\/wp\/v2\/types\/page"}],"author":[{"embeddable":true,"href":"http:\/\/www.augen-blicke-afrika.de\/blog\/wp-json\/wp\/v2\/users\/3"}],"replies":[{"embeddable":true,"href":"http:\/\/www.augen-blicke-afrika.de\/blog\/wp-json\/wp\/v2\/comments?post=7551"}],"version-history":[{"count":16,"href":"http:\/\/www.augen-blicke-afrika.de\/blog\/wp-json\/wp\/v2\/pages\/7551\/revisions"}],"predecessor-version":[{"id":7590,"href":"http:\/\/www.augen-blicke-afrika.de\/blog\/wp-json\/wp\/v2\/pages\/7551\/revisions\/7590"}],"wp:attachment":[{"href":"http:\/\/www.augen-blicke-afrika.de\/blog\/wp-json\/wp\/v2\/media?parent=7551"}],"curies":[{"name":"wp","href":"https:\/\/api.w.org\/{rel}","templated":true}]}}