{"id":735,"date":"2013-09-11T18:03:35","date_gmt":"2013-09-11T16:03:35","guid":{"rendered":"http:\/\/www.augen-blicke-afrika.de\/blog\/?page_id=735"},"modified":"2022-09-18T15:49:20","modified_gmt":"2022-09-18T13:49:20","slug":"symposium-2013","status":"publish","type":"page","link":"http:\/\/www.augen-blicke-afrika.de\/blog\/archiv\/archiv-2013\/symposium-2013\/","title":{"rendered":"Symposium 2013"},"content":{"rendered":"<p><strong>\u201eAugen Blicke Afrika 2013 \u2013 Wiedersehen mit Afrika\u201c<\/strong><\/p>\n<p><a href=\"#english\"><img loading=\"lazy\" decoding=\"async\" class=\"alignright size-full wp-image-994\" style=\"border: 0px none; margin: 0px;\" title=\"english\" src=\"http:\/\/www.augen-blicke-afrika.de\/blog\/wp-content\/uploads\/2013\/09\/engl-schrift-e1379972389153.gif\" alt=\"english\" width=\"60\" height=\"33\"><\/a><\/p>\n<p><strong>Samstag, 2.11.2013 um 18 Uhr im Studio-Kino Hamburg<\/strong><br \/>\n(Bernstorffstr. 93 &#8211; 95, 22767 Hamburg)<br \/>\nVeranstaltung mit \u00dcbersetzung<\/p>\n<p><strong>&nbsp;Es diskutieren:<\/strong><\/p>\n<div id=\"attachment_909\" style=\"width: 150px\" class=\"wp-caption alignleft\"><img loading=\"lazy\" decoding=\"async\" aria-describedby=\"caption-attachment-909\" class=\"size-full wp-image-909 \" title=\"Moussa Sene Absa\" src=\"http:\/\/www.augen-blicke-afrika.de\/blog\/wp-content\/uploads\/2013\/09\/Moussa-Sene-Absa.jpg\" alt=\"Moussa Sene Absa\" width=\"101\" height=\"122\"><p id=\"caption-attachment-909\" class=\"wp-caption-text\">Moussa-Sene-Absa<br \/>(Senegal, &#8220;Yoole, le sacrifice&#8221;)<\/p><\/div>\n<div id=\"attachment_908\" style=\"width: 150px\" class=\"wp-caption alignleft\"><img loading=\"lazy\" decoding=\"async\" aria-describedby=\"caption-attachment-908\" class=\"size-full wp-image-908 \" title=\"Haminiaina Ratovoarivony\" src=\"http:\/\/www.augen-blicke-afrika.de\/blog\/wp-content\/uploads\/2013\/09\/H-Ratovoarivony.jpg\" alt=\"Haminiaina Ratovoarivony\" width=\"101\" height=\"122\"><p id=\"caption-attachment-908\" class=\"wp-caption-text\">Haminiaina Ratovoarivony<br \/>(Madagaskar, \u201eMalagasy Mankany\u201c)<\/p><\/div>\n<div id=\"attachment_907\" style=\"width: 150px\" class=\"wp-caption alignleft\"><img loading=\"lazy\" decoding=\"async\" aria-describedby=\"caption-attachment-907\" class=\"size-full wp-image-907 \" title=\"Pocas Pascoal\" src=\"http:\/\/www.augen-blicke-afrika.de\/blog\/wp-content\/uploads\/2013\/09\/Pocas-Pascoal.jpg\" alt=\"Pocas Pascoal\" width=\"101\" height=\"122\"><p id=\"caption-attachment-907\" class=\"wp-caption-text\">Pocas Pascoal<br \/>(Angola, \u201ePor aqui tudo bem\u201c)<\/p><\/div>\n<p><br style=\"clear: left;\"><br \/>\n<strong style=\"clear: left;\">Moderation: Rahime Diallo (Stiftung Partnerschaft mit Afrika e.V.)<\/strong><\/p>\n<p>Afrikanische Regisseure und Regisseurinnen leben heute oftmals in der europ\u00e4ischen oder amerikanischen Diaspora und pendeln zwischen ihrem Wohnort und dem Herkunftsland hin und her. So sind sie best\u00e4ndig mit dem Widerspruch zwischen Moderne und den Lebensentw\u00fcrfen der traditionellen Gesellschaften, in denen sie verwurzelt sind,&nbsp; konfrontiert.<\/p>\n<p>Dieser Widerspruch manifestiert sich nicht zuletzt in der eigenen Person. Die Auseinandersetzung mit aktuellen Konzepten des Zusammenlebens provoziert bei ihnen ganz neue Fragestellungen, die aufgegriffen und in die Herkunftsgesellschaften hinein getragen werden. Dabei geht es vielfach um die Suche nach einem selbstbestimmten Leben au\u00dferhalb von Familie und Traditionen. So sto\u00dfen sie auf dem Kontinent Diskussionsprozesse an, die zu langfristigen Ver\u00e4nderungen in den afrikanischen Gesellschaften f\u00fchren k\u00f6nnen.<\/p>\n<p>Auch in k\u00fcnstlerischer Hinsicht f\u00fchrt das Leben in der Diaspora zu neuen Auseinandersetzungen mit dem eigenen Filmschaffen wie z. B. der Entwicklung neuer Stile und Genres in der Auseinandersetzung mit K\u00fcnstlern aus aller Welt. Dadurch werden sie selbst zu Mittlern und Impulsgebern f\u00fcr Ver\u00e4nderungsprozesse in vielen Gesellschaften auf unserem Globus.<\/p>\n<p>Das Spannungsverh\u00e4ltnis zwischen Privatheit und der politischen und gesellschaftlichen&nbsp; Realit\u00e4t in ihren Heimatl\u00e4ndern findet sich auch in den Filmen der eingeladenen Regief\u00fchrenden wieder. Dar\u00fcber m\u00f6chten wir auf dem Symposium mit den anwesenden Filmemachenden diskutieren. Dabei werden auch die Arbeits- und Produktionsbedingungen, denen afrikanische Filmschaffende in ihren Heimatl\u00e4ndern unterliegen, ein Thema sein.<\/p>\n<p>Veranstalter: Augen Blicke Afrika e.V. in Kooperation mit W3 \u2013 Werkstatt f\u00fcr internationale Kultur und Politik e.V. und dem Studio-Kino Hamburg.<\/p>\n<p>Das Symposium findet statt in Kooperation mit <em>umdenken<\/em> Heinrich-B\u00f6ll-Stiftung Hamburg e.V. (<a title=\"Zur Webseite von umdenken Heinrich-B\u00f6ll-Stiftung Hamburg e.V.\" href=\"http:\/\/www.umdenken-boell.de\/\" target=\"_blank\" rel=\"noopener\">www.umdenken-boell.de<\/a>). Gef\u00f6rdert mit Mitteln der Landeszentrale f\u00fcr politische Bildung Hamburg.<\/p>\n<p><a href=\"http:\/\/www.umdenken-boell.de\/\"><img loading=\"lazy\" decoding=\"async\" class=\"size-full wp-image-263  alignleft\" title=\"Umdenken Heinrich-B\u00f6ll-Stiftung Hamburg e.V.\" src=\"http:\/\/www.augen-blicke-afrika.de\/blog\/wp-content\/uploads\/2012\/09\/umdenken.gif\" alt=\"Umdenken Heinrich-B\u00f6ll-Stiftung Hamburg e.V.\" width=\"200\" height=\"91\"><\/a><\/p>\n<p>&nbsp;<\/p>\n<p>&nbsp;<\/p>\n<p>&nbsp;<\/p>\n<p><a name=\"english\"><\/a><br \/>\n<strong>Symposium<\/strong><br \/>\n<strong>Saturday, Nov. 2nd, 6 p.m.<\/strong><br \/>\nDiscussion in English (translation provided)<\/p>\n<p><strong>With<\/strong><br \/>\n<strong> Moussa Sene Absa<\/strong> (Senegal), director of \u201eYoole, le sacrifice\u201c<br \/>\n<strong>Haminiaina Ratovoarivony<\/strong> (Madagascar), director of \u201eMalagasy Mankany\u201c<br \/>\n<strong>Pocas Pascoal<\/strong> (Angola), director of \u201ePor aqui tudo bem\u201c<\/p>\n<p><strong>Moderator: Rahime Diallo<\/strong> (Foundation Partnership with Africa e.V.)<\/p>\n<p>Many of today\u2019s African filmmakers are residents of Europe, the USA or Canada. They live between there and their countries of origin. This modern commuting exposes them to the discrepancy between western and traditional concepts of living. In which, the quest for a self-determined life beyond family and tradition, is one of the main issues.<\/p>\n<p>The engagement with and debates about different models of society raises new questions for the directors, which they then take back to the societies of their origin and start critical discourse. As a result of this they intervene in public debates and change African societies on a longterm scale.<\/p>\n<p>The tension African directors face between privacy and individuality on the one hand and the political and social reality in their countries of origin on the other hand is being reflected in their films. This is what we want to discuss at the symposium. Alongside with the conditions under which their films are created.<\/p>\n<p>Lives of African filmakers in societies of different states and continents are sources of developing new cinematic styles, inspiration of new trends, artistic analogies and important social change. This transforms them into mediators and instigators of change in many societies on our globe.<\/p>\n<p>The symposium is a cooperation with <em>umdenken<\/em>, Heinrich-B\u00f6ll Foundation Hamburg e.V. (<a title=\"Zur Webseite von umdenken Heinrich-B\u00f6ll-Stiftung Hamburg e.V.\" href=\"http:\/\/www.umdenken-boell.de\/\" target=\"_blank\" rel=\"noopener\">www.umdenken-boell.de<\/a>) with the financial support of the Landeszentrale f\u00fcr politische Bildung Hamburg.<\/p>\n<p><a href=\"http:\/\/www.umdenken-boell.de\/\"><img loading=\"lazy\" decoding=\"async\" class=\"size-full wp-image-263  alignleft\" title=\"Umdenken Heinrich-B\u00f6ll-Stiftung Hamburg e.V.\" src=\"http:\/\/www.augen-blicke-afrika.de\/blog\/wp-content\/uploads\/2012\/09\/umdenken.gif\" alt=\"Umdenken Heinrich-B\u00f6ll-Stiftung Hamburg e.V.\" width=\"200\" height=\"91\"><\/a><\/p>\n","protected":false},"excerpt":{"rendered":"<p>\u201eAugen Blicke Afrika 2013 \u2013 Wiedersehen mit Afrika\u201c Samstag, 2.11.2013 um 18 Uhr im Studio-Kino Hamburg (Bernstorffstr. 93 &#8211; 95, 22767 Hamburg) Veranstaltung mit \u00dcbersetzung &nbsp;Es diskutieren: Moderation: Rahime Diallo (Stiftung Partnerschaft mit Afrika e.V.) Afrikanische Regisseure und Regisseurinnen leben &hellip; <a href=\"http:\/\/www.augen-blicke-afrika.de\/blog\/archiv\/archiv-2013\/symposium-2013\/\">Weiterlesen <span class=\"meta-nav\">&rarr;<\/span><\/a><\/p>\n","protected":false},"author":1,"featured_media":800,"parent":4188,"menu_order":0,"comment_status":"closed","ping_status":"closed","template":"afrika2013.php","meta":{"footnotes":""},"class_list":["post-735","page","type-page","status-publish","has-post-thumbnail","hentry"],"_links":{"self":[{"href":"http:\/\/www.augen-blicke-afrika.de\/blog\/wp-json\/wp\/v2\/pages\/735","targetHints":{"allow":["GET"]}}],"collection":[{"href":"http:\/\/www.augen-blicke-afrika.de\/blog\/wp-json\/wp\/v2\/pages"}],"about":[{"href":"http:\/\/www.augen-blicke-afrika.de\/blog\/wp-json\/wp\/v2\/types\/page"}],"author":[{"embeddable":true,"href":"http:\/\/www.augen-blicke-afrika.de\/blog\/wp-json\/wp\/v2\/users\/1"}],"replies":[{"embeddable":true,"href":"http:\/\/www.augen-blicke-afrika.de\/blog\/wp-json\/wp\/v2\/comments?post=735"}],"version-history":[{"count":34,"href":"http:\/\/www.augen-blicke-afrika.de\/blog\/wp-json\/wp\/v2\/pages\/735\/revisions"}],"predecessor-version":[{"id":6807,"href":"http:\/\/www.augen-blicke-afrika.de\/blog\/wp-json\/wp\/v2\/pages\/735\/revisions\/6807"}],"up":[{"embeddable":true,"href":"http:\/\/www.augen-blicke-afrika.de\/blog\/wp-json\/wp\/v2\/pages\/4188"}],"wp:featuredmedia":[{"embeddable":true,"href":"http:\/\/www.augen-blicke-afrika.de\/blog\/wp-json\/wp\/v2\/media\/800"}],"wp:attachment":[{"href":"http:\/\/www.augen-blicke-afrika.de\/blog\/wp-json\/wp\/v2\/media?parent=735"}],"curies":[{"name":"wp","href":"https:\/\/api.w.org\/{rel}","templated":true}]}}