{"id":7062,"date":"2022-09-27T12:10:11","date_gmt":"2022-09-27T10:10:11","guid":{"rendered":"http:\/\/www.augen-blicke-afrika.de\/blog\/?page_id=7062"},"modified":"2022-10-16T09:18:51","modified_gmt":"2022-10-16T07:18:51","slug":"podiumsdiskussion-2022","status":"publish","type":"page","link":"http:\/\/www.augen-blicke-afrika.de\/blog\/podiumsdiskussion-2022\/","title":{"rendered":"Podiumsdiskussion 2022"},"content":{"rendered":"<h1><\/h1>\n<h1><strong>Podiumsdiskussion<br \/>\n<\/strong><\/h1>\n<h2><strong>So. 12.11.2022 19:00 Uhr &#8211; Eintritt frei!<\/strong><\/h2>\n<p><strong>Perspektiven des afrikanischen Films<br \/>\n<\/strong>Wenn wir Filme von afrikanischen Filmemacher*innen sichten, fragen wir uns immer wieder, was denn das Spezifische an diesen Filmen ist. Gibt es einen afrikanischen Film? \u00adInwiefern unterscheiden sich Filme aus den arabischen La\u0308ndern von denen aus Westafrika oder dem s\u00fcdlichen Afrika? Oder sind es die politischen und gesellschaftlichen \u00adBedingungen eines jeweiligen Landes, seine Regierungen, seine Traditionen, die das Thema und die Machart des Films bestimmen? Welchen Einfluss haben die ehemaligen Kolonialm\u00e4chte oder der Westen \u00fcberhaupt?<br \/>\nZur Beantwortung solcher Fragen haben wir hochkar\u00e4tige Expert*innen des afrikanischen Films zu einer Podiumsdiskussion eingeladen.<br \/>\nHier einige Grundinformationen zur Thematik der Diskussion:<br \/>\nDie Filmproduktionsbedingungen haben sich im Laufe der Jahrzehnte in den einzelnen \u00adL\u00e4ndern sehr unterschiedlich entwickelt. Schon ein Blick auf die Produktionsl\u00e4nder zeigt, dass die meisten Filme in Kooperation mit europ\u00e4ischen Nationen wie Frankreich, Deutschland oder Finnland oder auch den USA entstanden sind. Festzustellen ist auch, dass viele Regisseur*innen in den L\u00e4ndern der ehemaligen Kolonialm\u00e4chte ihre Ausbildung erfahren haben, oft sogar dort leben oder zwischen ihnen und dem Herkunftsland pendeln.<br \/>\nInzwischen gibt es aber immer mehr Kooperationen auch innerhalb Afrikas, z.B. zwischen S\u00fcdafrika und Kenia. An den Produktionen sind zwar immer noch europ\u00e4ische Produzent*innen und Filmemacher*innen mit Geld, Know-how und Engagement beteiligt. Aber es gibt heute zahlreiche afrikanische Filmemacher*innen, die selbst Produktionsfirmen gegr\u00fcndet haben, um die Filmindustrie in ihren L\u00e4ndern zu f\u00f6rdern.<br \/>\nS\u00fcdafrika, Marokko, Tunesien, Senegal, Nigeria, Kenia oder Burkina Faso f\u00f6rdern ihre \u00adheimische Filmindustrie intensiv und bieten sich als Drehorte f\u00fcr internationale Filmproduktionen an. Nicht nur Nigeria mit seiner zweitgr\u00f6\u00dften Filmindustrie der Welt (\u201eNollywood\u201c) und einem j\u00e4hrlichen Umsatz von knapp einer Milliarde US-Dollar wird international wahrgenommen. Auch L\u00e4nder wie Tansania und die Elfenbeink\u00fcste setzen auf Produktionen f\u00fcr den heimischen Markt. Dadurch haben junge Filmemacher*innen die Chance, das Handwerk vor Ort zu erlernen.<br \/>\nDiese Filme sind meistens in lokalen Hauptsprachen verfasst, also gro\u00dfen Bev\u00f6lkerungs- schichten in den jeweiligen La\u0308ndern verst\u00e4ndlich. \u00dcbersetzungen und Untertitelungen in andere Sprachen sind jedoch nach wie vor teuer. Dadurch sind viele Filme nur bedingt dem gesamtafrikanischen und internationalen Markt zug\u00e4nglich.<\/p>\n<p><strong>Auf dem Podium werden diskutieren:<\/strong><\/p>\n<table style=\"border-collapse: collapse; width: 100%; border-bottom-style: none; border-top-style: none;\">\n<tbody>\n<tr style=\"border-bottom-style: none; border-top-style: none;\">\n<td style=\"width: 100%; border-bottom-style: none; border-top-style: none;\">\n<p style=\"line-height: 170%;\"><a href=\"http:\/\/www.augen-blicke-afrika.de\/blog\/wp-content\/uploads\/2022\/09\/Boukary-e1664273077272.png\"><img loading=\"lazy\" decoding=\"async\" class=\"wp-image-7098 alignleft\" src=\"http:\/\/www.augen-blicke-afrika.de\/blog\/wp-content\/uploads\/2022\/09\/Boukary-e1664273077272-276x300.png\" alt=\"\" width=\"120\" height=\"130\" srcset=\"http:\/\/www.augen-blicke-afrika.de\/blog\/wp-content\/uploads\/2022\/09\/Boukary-e1664273077272-276x300.png 276w, http:\/\/www.augen-blicke-afrika.de\/blog\/wp-content\/uploads\/2022\/09\/Boukary-e1664273077272.png 352w\" sizes=\"auto, (max-width: 120px) 100vw, 120px\" \/><\/a><strong>Boukary Sawadogo<\/strong>, Ph.D.; Associate Professor of Cinema \u00adStudies Department of Media and Communication Arts &amp; Black \u00adStudies Program, City College &#8211; City University of New York.<br \/>\nBoukary Sawadogo hat zahlreiche Publikationen zum afrikanischen Kino ver\u00f6ffentlicht, darunter Filmkritiken, Artikel, Buchkapitel und B\u00fccher.<\/p>\n<\/td>\n<\/tr>\n<tr style=\"border-bottom-style: none; border-top-style: none;\">\n<td style=\"width: 100%; border-bottom-style: none; border-top-style: none;\">\n<p style=\"line-height: 170%;\"><a href=\"http:\/\/www.augen-blicke-afrika.de\/blog\/wp-content\/uploads\/2022\/09\/Petna-e1664273213121.png\"><img loading=\"lazy\" decoding=\"async\" class=\"wp-image-7101 alignleft\" src=\"http:\/\/www.augen-blicke-afrika.de\/blog\/wp-content\/uploads\/2022\/09\/Petna-e1664273213121-264x300.png\" alt=\"\" width=\"120\" height=\"137\" srcset=\"http:\/\/www.augen-blicke-afrika.de\/blog\/wp-content\/uploads\/2022\/09\/Petna-e1664273213121-264x300.png 264w, http:\/\/www.augen-blicke-afrika.de\/blog\/wp-content\/uploads\/2022\/09\/Petna-e1664273213121.png 484w\" sizes=\"auto, (max-width: 120px) 100vw, 120px\" \/><\/a>Der Filmemacher <strong>Petna Ndaliko Katondolo<\/strong> aus der Demo\u00adkratischen Republik Kongo. Er ist auch als Dramaturg, Aktivist und Dozent t\u00e4tig. 2000 gr\u00fcndete er Yole!Africa, eine Kultur- und Bildungsst\u00e4tte, und 2005 das \u00adSalaam Kivu International Film Festival in Goma.<\/p>\n<\/td>\n<\/tr>\n<tr style=\"border-bottom-style: none; border-top-style: none;\">\n<td style=\"width: 100%; border-bottom-style: none; border-top-style: none;\">\n<p style=\"line-height: 170%;\"><a href=\"http:\/\/www.augen-blicke-afrika.de\/blog\/wp-content\/uploads\/2022\/09\/Jacqueline-Nsiah-Portra\u0308t-e1664273303925.jpg\"><img loading=\"lazy\" decoding=\"async\" class=\"wp-image-7100 alignleft\" src=\"http:\/\/www.augen-blicke-afrika.de\/blog\/wp-content\/uploads\/2022\/09\/Jacqueline-Nsiah-Portra\u0308t-e1664273303925-237x300.jpg\" alt=\"\" width=\"120\" height=\"152\" srcset=\"http:\/\/www.augen-blicke-afrika.de\/blog\/wp-content\/uploads\/2022\/09\/Jacqueline-Nsiah-Portra\u0308t-e1664273303925-237x300.jpg 237w, http:\/\/www.augen-blicke-afrika.de\/blog\/wp-content\/uploads\/2022\/09\/Jacqueline-Nsiah-Portra\u0308t-e1664273303925.jpg 313w\" sizes=\"auto, (max-width: 120px) 100vw, 120px\" \/><\/a><strong>Jacqueline Nsiah<\/strong> ist seit \u00fcber zehn Jahren freiberufliche \u00adBeraterin f\u00fcr Filmfestivals. Unter anderem war sie Co-Direktorin des Cambridge African Film Festival 2008, Produzentin des Real Life Dokumentarfilmfestivals in Accra und Assistant Producer des Rio International Film Festivals. Als Guest Managerin war sie auch f\u00fcr die Internationalen Filmfestspiele in Berlin t\u00e4tig.<\/p>\n<\/td>\n<\/tr>\n<\/tbody>\n<\/table>\n<p><strong>Diskussionsleitung:<\/strong><\/p>\n<p><a href=\"http:\/\/www.augen-blicke-afrika.de\/blog\/wp-content\/uploads\/2022\/09\/enoka-00001-e1664273357462.jpg\"><img loading=\"lazy\" decoding=\"async\" class=\"wp-image-7099 alignleft\" src=\"http:\/\/www.augen-blicke-afrika.de\/blog\/wp-content\/uploads\/2022\/09\/enoka-00001-e1664273357462-251x300.jpg\" alt=\"\" width=\"120\" height=\"143\" srcset=\"http:\/\/www.augen-blicke-afrika.de\/blog\/wp-content\/uploads\/2022\/09\/enoka-00001-e1664273357462-251x300.jpg 251w, http:\/\/www.augen-blicke-afrika.de\/blog\/wp-content\/uploads\/2022\/09\/enoka-00001-e1664273357462.jpg 531w\" sizes=\"auto, (max-width: 120px) 100vw, 120px\" \/><\/a><strong>Enoka Ayemba<\/strong>\u00a0 (Dipl. Medienberater) ist Filmkurator<br \/>\nund Filmkritiker mit Fokus auf afrikanische und afro-diasporische \u00adKinematografien, die nigerianische Videoindustrie und antikoloniale \u00adBewegungen. Seit 2019 ist er als Berater f\u00fcr das Berlinale Forum t\u00e4tig und hat zuletzt das Zusatzprogramm \u201eFiktions\u00adbescheinigung\u201d im \u00adRahmen der Berlinale co-kuratiert.<\/p>\n","protected":false},"excerpt":{"rendered":"<p>Podiumsdiskussion So. 12.11.2022 19:00 Uhr &#8211; Eintritt frei! Perspektiven des afrikanischen Films Wenn wir Filme von afrikanischen Filmemacher*innen sichten, fragen wir uns immer wieder, was denn das Spezifische an diesen Filmen ist. Gibt es einen afrikanischen Film? \u00adInwiefern unterscheiden sich &hellip; <a href=\"http:\/\/www.augen-blicke-afrika.de\/blog\/podiumsdiskussion-2022\/\">Weiterlesen <span class=\"meta-nav\">&rarr;<\/span><\/a><\/p>\n","protected":false},"author":3,"featured_media":0,"parent":0,"menu_order":0,"comment_status":"closed","ping_status":"closed","template":"afrika2022.php","meta":{"footnotes":""},"class_list":["post-7062","page","type-page","status-publish","hentry"],"_links":{"self":[{"href":"http:\/\/www.augen-blicke-afrika.de\/blog\/wp-json\/wp\/v2\/pages\/7062","targetHints":{"allow":["GET"]}}],"collection":[{"href":"http:\/\/www.augen-blicke-afrika.de\/blog\/wp-json\/wp\/v2\/pages"}],"about":[{"href":"http:\/\/www.augen-blicke-afrika.de\/blog\/wp-json\/wp\/v2\/types\/page"}],"author":[{"embeddable":true,"href":"http:\/\/www.augen-blicke-afrika.de\/blog\/wp-json\/wp\/v2\/users\/3"}],"replies":[{"embeddable":true,"href":"http:\/\/www.augen-blicke-afrika.de\/blog\/wp-json\/wp\/v2\/comments?post=7062"}],"version-history":[{"count":42,"href":"http:\/\/www.augen-blicke-afrika.de\/blog\/wp-json\/wp\/v2\/pages\/7062\/revisions"}],"predecessor-version":[{"id":7210,"href":"http:\/\/www.augen-blicke-afrika.de\/blog\/wp-json\/wp\/v2\/pages\/7062\/revisions\/7210"}],"wp:attachment":[{"href":"http:\/\/www.augen-blicke-afrika.de\/blog\/wp-json\/wp\/v2\/media?parent=7062"}],"curies":[{"name":"wp","href":"https:\/\/api.w.org\/{rel}","templated":true}]}}