{"id":7048,"date":"2022-09-20T12:06:59","date_gmt":"2022-09-20T10:06:59","guid":{"rendered":"http:\/\/www.augen-blicke-afrika.de\/blog\/?page_id=7048"},"modified":"2023-09-03T18:03:20","modified_gmt":"2023-09-03T16:03:20","slug":"grusswort-2016","status":"publish","type":"page","link":"http:\/\/www.augen-blicke-afrika.de\/blog\/grusswort-2016\/","title":{"rendered":"Gru\u00dfwort 2016"},"content":{"rendered":"<p style=\"text-align: justify;\"><strong>Gru\u00dfwort von Sylvaina Gerlich<\/strong><\/p>\n<p style=\"text-align: justify;\">Afrika wird von vielen Europ\u00e4ern reduziert auf wenige Informationen, Eindr\u00fccke und Erfahrungen. Zentral ist dabei, dass Afrika als Einheit gesehen wird \u2013 in ihrer Wahrnehmung scheinen alle Schwarzafrikaner gleich zu sein. Nur geringe Unterschiede werden einger\u00e4umt: Regionen sind friedlicher oder weniger friedlich, stabiler oder instabiler. Afrika ist aber kein Land, sondern ein Kontinent mit 54 L\u00e4ndern und \u00fcber 3.000 Ethnien.<a href=\"http:\/\/www.augen-blicke-afrika.de\/blog\/wp-content\/uploads\/2016\/10\/Gerlich.jpeg\"><img loading=\"lazy\" decoding=\"async\" class=\"size-medium wp-image-3173 alignright\" src=\"http:\/\/www.augen-blicke-afrika.de\/blog\/wp-content\/uploads\/2016\/10\/Gerlich-220x300.jpeg\" alt=\"gerlich\" width=\"220\" height=\"300\" srcset=\"http:\/\/www.augen-blicke-afrika.de\/blog\/wp-content\/uploads\/2016\/10\/Gerlich-220x300.jpeg 220w, http:\/\/www.augen-blicke-afrika.de\/blog\/wp-content\/uploads\/2016\/10\/Gerlich-750x1024.jpeg 750w, http:\/\/www.augen-blicke-afrika.de\/blog\/wp-content\/uploads\/2016\/10\/Gerlich-900x1229.jpeg 900w, http:\/\/www.augen-blicke-afrika.de\/blog\/wp-content\/uploads\/2016\/10\/Gerlich.jpeg 1467w\" sizes=\"auto, (max-width: 220px) 100vw, 220px\" \/><\/a><\/p>\n<p style=\"text-align: justify;\">Die Rolle und Stellung der Frau und das Ansehen ihrer gesellschaftlichen Leistung, die bei diesem Filmfestival im Zentrum stehen, ist von Land zu Land und oftmals von Ethnie zu Ethnie unterschiedlich. Auf dem Kontinent Afrika erleben wir in einigen L\u00e4ndern die Unterdr\u00fcckung von Frauen, in anderen Regionen und Nationen sind sie hoch angesehen, etwa als M\u00fctter, die<br \/>\nma\u00dfgeblich die Bildung ihrer Kinder f\u00f6rdern.<\/p>\n<p style=\"text-align: justify;\">Frauen spielen auch \u00f6konomisch in Familie und Staat eine gro\u00dfe Rolle und haben in vielen L\u00e4ndern zunehmend politischen Einfluss. Auch dies ist ein Teil Afrikas! Die Aufmerksamkeit der Filmemacher\/innen und der Medien gilt &#8211; im Sinne der Opfer &#8211; meist den negativen Erscheinungen wie Unterdr\u00fcckung durch Familientraditionen und staatliche Institutionen.<\/p>\n<p style=\"text-align: justify;\">Das Programm des 5. Afrikanischen Filmfestivals Hamburg im Studio-Kino verspricht<br \/>\nerneut, ein facettenreiches Bild Afrikas zu zeichnen, in diesem Jahr mit dem Blick<br \/>\nafrikanischer Filmemacherinnen auf den Einfluss und die Sichtweise der afrikanischen<br \/>\nFrauen. Ich w\u00fcnsche mir, dass das Festival ein herausragender Mosaikstein sein wird, der<br \/>\nneue Informationen, Eindr\u00fccke und Erfahrungen bietet zu einem Kontinent, der nach wie<br \/>\nvor in seiner Vielfalt nicht erkannt wird.<\/p>\n<p style=\"text-align: justify;\">Vielen Dank an \u201eAugen-Blicke-Afrika e. V.\u201c &#8211; ich freue mich, 2016 Chairlady des<br \/>\n5. Afrikanischen Filmfestivals in Hamburg zu sein!<\/p>\n<p style=\"text-align: justify;\">Sylvaina Gerlich ist seit dem Jahr 2008 erstes gew\u00e4hltes Mitglied des Hamburger<br \/>\nIntegrationsbeirates f\u00fcr den Kontinent Afrika und Vorstand von IMIC e.V. (Interkulturelles<br \/>\nMigranten Integrations Center e.V.). Der Verein wurde 2010 gegr\u00fcndet mit dem Ziel, seine<br \/>\nMitglieder und Au\u00dfenstehende unterschiedlicher Herkunft bei der Integration zu<br \/>\nunterst\u00fctzen und einen kulturellen Austausch zum besseren gegenseitigen Verst\u00e4ndnis<br \/>\nin der Gesellschaft zu erm\u00f6glichen.<\/p>\n<p>&nbsp;<\/p>\n<p><strong><span style=\"font-family: Times,serif;\"><span style=\"font-size: small;\"><span style=\"font-family: Arial,serif;\"><span lang=\"en-GB\">Welcoming address<\/span><\/span><\/span><\/span><\/strong><\/p>\n<p><span style=\"font-family: Times,serif;\"><span style=\"font-size: small;\"><span style=\"font-family: Arial,serif;\"><span lang=\"en-GB\">Many Europeans base their vision of Africa on limited information, impressions, and experience. They tend to see Africa as one, and in their view all Black Africans seem to be the same. Their view only allows for minor differences between the regions, of which some are perceived as more peaceful or stable than others. However, Africa is not a country. It is a continent, which includes 54 nations and more than 3,000 ethnic groups.<\/span><\/span><\/span><\/span><\/p>\n<p><span style=\"font-family: Times,serif;\"><span style=\"font-size: small;\"><span style=\"font-family: Arial,serif;\"><span lang=\"en-GB\">This festival will focus on the role and position of women and the recognition of her contributions to society. These vary from country to country, often depending on the respective ethnic group. In some African countries women suffer oppression, whereas elsewhere they are highly respected, for example as mothers, who play an important role in fostering the education of their children.<\/span><\/span><\/span><\/span><\/p>\n<p><span style=\"font-family: Times,serif;\"><span style=\"font-size: small;\"><span style=\"font-family: Arial,serif;\"><span lang=\"en-GB\">Women also matter economically, in their families and states, and they are increasingly influencing the political agenda. This is Africa, too! For the benefit of the victims, filmmakers and the media usually draw the public\u2019s attention to negative aspects, e.g. oppressive family traditions and institutions. <\/span><\/span><\/span><\/span><\/p>\n<p><span style=\"font-family: Times,serif;\"><span style=\"font-size: small;\"><span style=\"font-family: Arial,serif;\"><span lang=\"en-GB\">The programme of the 5<\/span><\/span><sup><span style=\"font-family: Arial,serif;\"><span lang=\"en-GB\">th<\/span><\/span><\/sup><span style=\"font-family: Arial,serif;\"><span lang=\"en-GB\"> African Film Festival in the Studio-Kino is once again a promise to show the many facets of the continent. The perspectives of female African cinematographers and their views of the impact and ideas of African women will be in the focus this year. I look forward to the festival as an extraordinary piece in the mosaic that offers new impressions, experiences and information about a continent, whose diversity has yet to be discovered.<\/span><\/span><\/span><\/span><\/p>\n<p>\u201c<span style=\"font-family: Times,serif;\"><span style=\"font-size: small;\"><span style=\"font-family: Arial,serif;\"><span lang=\"en-GB\">Augen-Blicke-Afrika e. V.\u201d, thank you very much. I am happy and honoured to chair the 5<\/span><\/span><sup><span style=\"font-family: Arial,serif;\"><span lang=\"en-GB\">th<\/span><\/span><\/sup><span style=\"font-family: Arial,serif;\"><span lang=\"en-GB\"> African Film Festival in Hamburg in 2016.<\/span><\/span><\/span><\/span><\/p>\n<p><span style=\"font-size: small;\"><strong><span style=\"font-family: Arial,serif;\"><span lang=\"en-GB\">Sylvaina Gerlich <\/span><\/span><\/strong><span style=\"font-family: Arial,serif;\"><span lang=\"en-GB\">was the first elected counsellor of the <\/span><\/span><span style=\"font-family: Arial,serif;\">Hamburger Integrationsbeirat f\u00fcr den Kontinent Afrika<\/span><span style=\"font-family: Arial,serif;\"><span lang=\"en-GB\"> in 2008, and has been its member ever since. She sits on the Board of IMIC e.V. (Interkulturelles Migranten Integrations Center e.V.), an association established in 2010 in order to provide support with integration and to promote a better mutual understanding in society through cultural dialogue.<\/span><\/span><\/span><\/p>\n<p><span style=\"font-size: small;\"><span style=\"font-family: Arial,serif;\"><span lang=\"en-GB\">Since 2012, Africans and African Germans have celebrated the \u201cAfrica Day\u201d on the Wandsbek Market in Hamburg. The event takes place each summer. It was founded by Sylvaina Gerlich. <\/span><\/span><\/span><\/p>\n","protected":false},"excerpt":{"rendered":"<p>Gru\u00dfwort von Sylvaina Gerlich Afrika wird von vielen Europ\u00e4ern reduziert auf wenige Informationen, Eindr\u00fccke und Erfahrungen. Zentral ist dabei, dass Afrika als Einheit gesehen wird \u2013 in ihrer Wahrnehmung scheinen alle Schwarzafrikaner gleich zu sein. Nur geringe Unterschiede werden einger\u00e4umt: &hellip; <a href=\"http:\/\/www.augen-blicke-afrika.de\/blog\/grusswort-2016\/\">Weiterlesen <span class=\"meta-nav\">&rarr;<\/span><\/a><\/p>\n","protected":false},"author":3,"featured_media":3277,"parent":0,"menu_order":0,"comment_status":"closed","ping_status":"closed","template":"afrika2016.php","meta":{"footnotes":""},"class_list":["post-7048","page","type-page","status-publish","has-post-thumbnail","hentry"],"_links":{"self":[{"href":"http:\/\/www.augen-blicke-afrika.de\/blog\/wp-json\/wp\/v2\/pages\/7048","targetHints":{"allow":["GET"]}}],"collection":[{"href":"http:\/\/www.augen-blicke-afrika.de\/blog\/wp-json\/wp\/v2\/pages"}],"about":[{"href":"http:\/\/www.augen-blicke-afrika.de\/blog\/wp-json\/wp\/v2\/types\/page"}],"author":[{"embeddable":true,"href":"http:\/\/www.augen-blicke-afrika.de\/blog\/wp-json\/wp\/v2\/users\/3"}],"replies":[{"embeddable":true,"href":"http:\/\/www.augen-blicke-afrika.de\/blog\/wp-json\/wp\/v2\/comments?post=7048"}],"version-history":[{"count":2,"href":"http:\/\/www.augen-blicke-afrika.de\/blog\/wp-json\/wp\/v2\/pages\/7048\/revisions"}],"predecessor-version":[{"id":7059,"href":"http:\/\/www.augen-blicke-afrika.de\/blog\/wp-json\/wp\/v2\/pages\/7048\/revisions\/7059"}],"wp:featuredmedia":[{"embeddable":true,"href":"http:\/\/www.augen-blicke-afrika.de\/blog\/wp-json\/wp\/v2\/media\/3277"}],"wp:attachment":[{"href":"http:\/\/www.augen-blicke-afrika.de\/blog\/wp-json\/wp\/v2\/media?parent=7048"}],"curies":[{"name":"wp","href":"https:\/\/api.w.org\/{rel}","templated":true}]}}