{"id":6640,"date":"2022-09-16T11:27:14","date_gmt":"2022-09-16T09:27:14","guid":{"rendered":"http:\/\/www.augen-blicke-afrika.de\/blog\/?page_id=6640"},"modified":"2022-10-12T13:15:55","modified_gmt":"2022-10-12T11:15:55","slug":"vorwort-2022","status":"publish","type":"page","link":"http:\/\/www.augen-blicke-afrika.de\/blog\/vorwort-2022\/","title":{"rendered":"Vorwort 2022"},"content":{"rendered":"<p style=\"line-height: 10%\">&nbsp;<\/p>\n<table style=\"border-bottom: none;\" cellspacing=\"0\" cellpadding=\"0\" border=\"0\">\n<tbody>\n<tr>\n<th style=\"width: 500px;\" colspan=\"2\">\n<h2><\/h2>\n<h2><span style=\"color: #000000;\">Afrikanisches Film Festival &#8220;AUGEN&nbsp;BLICKE&nbsp;AFRIKA&#8221;<\/span><\/h2>\n<h1><strong>Das Filmfestival startet am 03.11.2022<\/strong><\/h1>\n<h2><\/h2>\n<h2><\/h2>\n<\/th>\n<\/tr>\n<tr>\n<td style=\"border: medium none; width: 10px;\" colspan=\"2\">\n<h3>Alle Filme im <strong><span style=\"color: #000000;\"><a style=\"color: #000000;\" href=\"http:\/\/www.studio-kino.de\/\" target=\"_blank\" rel=\"noopener noreferrer\">Studio Kino<\/a><\/span><\/strong> Hamburg, Bernstorffstr. 93-95, 22767 Hamburg<br \/>\n<strong>Eintrittspreis bei jeder Filmveranstaltung 9 EUR\/ erm\u00e4\u00dfigt 7,50 EUR.<\/strong><\/h3>\n<h3>Der <strong>VR-Film l\u00e4uft am 1. und 2.11. in der <span style=\"color: #000000;\"><a style=\"color: #000000;\" href=\"https:\/\/www.buecherhallen.de\/eimsbuettel.html\">B\u00fccherhalle im Hamburg Haus Eimsb\u00fcttel<\/a><\/span><\/strong>, Doormansweg&nbsp;12. <strong>Am 8. und 9.11. in der <a style=\"color: #000000;\" href=\"https:\/\/www.buecherhallen.de\/zentralbibliothek.html\">Zentralbibliothek<\/a><\/strong>, H\u00fchnerposten 1.<strong><br \/>\nDer Eintritt ist Frei.<br \/>\n<\/strong><\/h3>\n<h3><strong>Das Programmheft als PDF gibt es hier: <span style=\"color: #000000;\"><a style=\"color: #000000;\" title=\"Das Programmheft von Augen Blicke Afrika 2018 als pdf\" href=\"http:\/\/www.augen-blicke-afrika.de\/blog\/wp-content\/uploads\/2022\/09\/programm_2022.pdf\" target=\"_blank\" rel=\"noopener noreferrer\">Programm 2022<\/a><\/span><\/strong><\/h3>\n<\/td>\n<\/tr>\n<\/tbody>\n<\/table>\n<h2><strong><strong>Liebe Freundinnen und Freunde des afrikanischen Films,<\/strong><\/strong><\/h2>\n<p>zum 11. Mal \u00f6ffnen sich ab dem 3. November die T\u00fcren des Studio-Kinos mit einer spannenden Auswahl von Spiel-, Dokumentar- und Kurzfilmen aus mehr als 20 afrikanischen L\u00e4ndern.<br \/>\nDie Themen der meisten Filme spiegeln schwierige Lebenssituationen der Menschen wider, den m\u00fchsamen Kampf, um aus einer h\u00e4ufig gesellschaftlich oder \u00f6konomisch bedingten Notlage herauszukommen.<br \/>\nIm Zentrum steht nach wie vor die \u00f6konomische und soziale Situation der Frauen. So m\u00fcssen sich in den Filmen <a href=\"http:\/\/www.augen-blicke-afrika.de\/blog\/film-2022\/\/?film=62\"><strong>\u201eAdam\u201c<\/strong><\/a> und <a href=\"http:\/\/www.augen-blicke-afrika.de\/blog\/film-2022\/\/?film=69\"><strong>\u201eLingui\u201c<\/strong><\/a> die M\u00fctter mit der \u00c4chtung ihrer unehelichen Kinder auseinandersetzen. Arrangierte Ehen gegen den Willen der M\u00e4dchen zeigt der Film <a href=\"http:\/\/www.augen-blicke-afrika.de\/blog\/film-2022\/\/?film=67\"><strong>\u201eAtlantique\u201c<\/strong><\/a> und den Weg in die Prostitution, um zu \u00fcberleben, der Film <a href=\"http:\/\/www.augen-blicke-afrika.de\/blog\/film-2022\/\/?film=76\"><strong>\u201eFreda\u201c<\/strong><\/a> jeweils in eindringlichen Bildern.<br \/>\nOft helfen nur strikte Solidarit\u00e4t der Frauen untereinander oder die Liebe zweier Menschen, um sich aus einer brutalen, ausweglosen Situation zu retten, wie in <a href=\"http:\/\/www.augen-blicke-afrika.de\/blog\/film-2022\/\/?film=73\"><strong>\u201eThe Gravedigger&#8217;s Wife\u201c<\/strong>.<\/a><br \/>\nManchmal hilft dann auch der Glaube an magische Kr\u00e4fte. Dies wird auf ironische Art in <a href=\"http:\/\/www.augen-blicke-afrika.de\/blog\/film-2022\/\/?film=57\"><strong>\u201eJuju Stories\u201c<\/strong><\/a> vorgef\u00fchrt. An alte afrikanische Erz\u00e4hlkunst ankn\u00fcpfend wird in einem Gef\u00e4ngnis versucht, einen t\u00f6dlichen Machtkampf zu verhindern (<a href=\"http:\/\/www.augen-blicke-afrika.de\/blog\/film-2022\/\/?film=60\"><strong>\u201eNight of the Kings\u201c<\/strong><\/a>).<br \/>\nDas Verlangen nach besserer Schulbildung wird in den Filmen <a href=\"http:\/\/www.augen-blicke-afrika.de\/blog\/film-2022\/\/?film=77\"><strong>\u201eIf You Are a Man\u201c<\/strong><\/a> und <a href=\"http:\/\/www.augen-blicke-afrika.de\/blog\/film-2022\/\/?film=58\"><strong>\u201eSchool of Hope\u201c<\/strong><\/a> aufgegriffen und eindringlich dokumentiert.<br \/>\nIn <a href=\"http:\/\/www.augen-blicke-afrika.de\/blog\/film-2022\/\/?film=66\"><strong>\u201eThe White Line\u201c<\/strong><\/a> und <a href=\"http:\/\/www.augen-blicke-afrika.de\/blog\/film-2022\/\/?film=78\"><strong>\u201eTug of War<\/strong>\u201c<\/a> werden Liebesgeschichten vor dem Hintergrund von Rassismus gepr\u00e4gter Gesellschaften als Dramen inszeniert.<br \/>\nZwei Filme behandeln in eindringlichen Bildern die schwierige Rolle der M\u00e4nner in patriarchalisch organisierten Gesellschaften: <a href=\"http:\/\/www.augen-blicke-afrika.de\/blog\/film-2022\/\/?film=70\"><strong>\u201eFather\u2019s Day\u201c<\/strong><\/a> und <a href=\"http:\/\/www.augen-blicke-afrika.de\/blog\/film-2022\/\/?film=72\"><strong>\u201eZinder\u201c<\/strong><\/a>, w\u00e4hrend der Mann in der herrlichen Kom\u00f6die <a href=\"http:\/\/www.augen-blicke-afrika.de\/blog\/film-2022\/\/?film=79\"><strong>\u201eFeathers\u201c<\/strong><\/a> nichts zu lachen hat.<br \/>\nDer koloniale Blick auf Afrika wird in dem Dokumentarfilm <a href=\"http:\/\/www.augen-blicke-afrika.de\/blog\/film-2022\/\/?film=75\"><strong>\u201eKumbuka\u201c<\/strong><\/a> auf viel\u00ad\u00ad\u00adschicht\u00adige Art und Weise untersucht.<br \/>\nUnd schlie\u00dflich f\u00fchrt die charismatische S\u00e4ngerin <a href=\"http:\/\/www.augen-blicke-afrika.de\/blog\/film-2022\/\/?film=61\"><strong>C\u00e9saria Evora<\/strong><\/a> von den Kapverden vor, wie eine Frau auch in einer armen traditionellen Gesellschaft als \u201eStar\u201c ein einfaches und selbstbestimmtes Leben f\u00fchren kann, frei von gesellschaftlichen Zw\u00e4ngen.<br \/>\nWir wollen mit hochkar\u00e4tigen G\u00e4sten und Kennern des afrikanischen Films auf einer Podiumsdiskussion Themenwahl, Machart und Produktionsbedingungen afrika\u00adnischer Filme untersuchen.<br \/>\nZus\u00e4tzlich wird an vier Tagen an zwei verschiedenen Standorten ein 360\u00b0-VR-Dokumentarfilm mit entsprechenden Brillen zu sehen sein: <a href=\"http:\/\/www.augen-blicke-afrika.de\/blog\/film-2022\/\/?film=81\"><strong>\u201eWater &amp; Coltan\u201d<\/strong><\/a>. Den unbarmherzigen Arbeitsbedingungen der Menschen in Coltan-Minen im Kongo werden die ehemaligen Bergbaugebiete im Ruhrgebiet im starken Kontrast gegen\u00fcbergestellt. Die Vorf\u00fchrungen beginnen schon am 1.11. zwei Tage vor der offiziellen Er\u00f6ffnung im Hamburg Haus Eimsb\u00fcttel in Anwesenheit der Macher.<br \/>\nVoller Freude haben wir vor Kurzem erfahren, dass uns f\u00fcr unser Filmfestival der <strong>Max-Brauer-Preis 2022<\/strong> der Alfred Toepfer Stiftung zuerkannt wurde. Es freut uns sehr, dass unser langj\u00e4hriges Engagement auf diese Weise geehrt wird. Der<br \/>\nMax-Brauer-Preis wird seit 1993 an Pers\u00f6nlichkeiten und Einrichtungen der Freien und Hansestadt Hamburg verliehen. Er ermutigt Akteure, die das kulturelle, wissenschaftliche oder geistige Leben Hamburgs mit ihrem Engagement pr\u00e4gen.<br \/>\nMit afrikanischen Snacks und Wein werden wir am 3.11. unser Festival wie gewohnt im Studio-Kino er\u00f6ffnen. Seid herzlich willkommen!<\/p>\n<table style=\"border-collapse: collapse; width: 100%;\">\n<tbody>\n<tr>\n<td style=\"width: 40%; vertical-align: bottom; border-top: 0;\"><a href=\"http:\/\/www.augen-blicke-afrika.de\/blog\/wp-content\/uploads\/2022\/09\/IMG_8876-scaled.jpg\"><img loading=\"lazy\" decoding=\"async\" class=\"alignnone wp-image-6646 size-medium\" style=\"border: 0;\" src=\"http:\/\/www.augen-blicke-afrika.de\/blog\/wp-content\/uploads\/2022\/09\/IMG_8876-300x221.jpg\" alt=\"\" width=\"300\" height=\"221\" srcset=\"http:\/\/www.augen-blicke-afrika.de\/blog\/wp-content\/uploads\/2022\/09\/IMG_8876-300x221.jpg 300w, http:\/\/www.augen-blicke-afrika.de\/blog\/wp-content\/uploads\/2022\/09\/IMG_8876-1024x753.jpg 1024w, http:\/\/www.augen-blicke-afrika.de\/blog\/wp-content\/uploads\/2022\/09\/IMG_8876-768x565.jpg 768w, http:\/\/www.augen-blicke-afrika.de\/blog\/wp-content\/uploads\/2022\/09\/IMG_8876-1536x1130.jpg 1536w, http:\/\/www.augen-blicke-afrika.de\/blog\/wp-content\/uploads\/2022\/09\/IMG_8876-2048x1507.jpg 2048w, http:\/\/www.augen-blicke-afrika.de\/blog\/wp-content\/uploads\/2022\/09\/IMG_8876-408x300.jpg 408w\" sizes=\"auto, (max-width: 300px) 100vw, 300px\" \/><\/a><\/td>\n<td style=\"width: 60%; vertical-align: bottom; border-top: 0;\">\n<h4>Die Vorbereitungsgruppe<br \/>\n\u201eAugen Blicke Afrika\u201c:<br \/>\nBurkhard Leber, Ingrid \u00adWernich,<\/h4>\n<h4>Rolf Denkewitz, Cosima Conrad,<br \/>\nHans-J\u00f6rg Heinrich<\/h4>\n<\/td>\n<\/tr>\n<\/tbody>\n<\/table>\n<h2><\/h2>\n","protected":false},"excerpt":{"rendered":"<p>&nbsp; Afrikanisches Film Festival &#8220;AUGEN&nbsp;BLICKE&nbsp;AFRIKA&#8221; Das Filmfestival startet am 03.11.2022 Alle Filme im Studio Kino Hamburg, Bernstorffstr. 93-95, 22767 Hamburg Eintrittspreis bei jeder Filmveranstaltung 9 EUR\/ erm\u00e4\u00dfigt 7,50 EUR. Der VR-Film l\u00e4uft am 1. und 2.11. in der B\u00fccherhalle im &hellip; <a href=\"http:\/\/www.augen-blicke-afrika.de\/blog\/vorwort-2022\/\">Weiterlesen <span class=\"meta-nav\">&rarr;<\/span><\/a><\/p>\n","protected":false},"author":3,"featured_media":0,"parent":0,"menu_order":0,"comment_status":"closed","ping_status":"closed","template":"afrika2022.php","meta":{"footnotes":""},"class_list":["post-6640","page","type-page","status-publish","hentry"],"_links":{"self":[{"href":"http:\/\/www.augen-blicke-afrika.de\/blog\/wp-json\/wp\/v2\/pages\/6640","targetHints":{"allow":["GET"]}}],"collection":[{"href":"http:\/\/www.augen-blicke-afrika.de\/blog\/wp-json\/wp\/v2\/pages"}],"about":[{"href":"http:\/\/www.augen-blicke-afrika.de\/blog\/wp-json\/wp\/v2\/types\/page"}],"author":[{"embeddable":true,"href":"http:\/\/www.augen-blicke-afrika.de\/blog\/wp-json\/wp\/v2\/users\/3"}],"replies":[{"embeddable":true,"href":"http:\/\/www.augen-blicke-afrika.de\/blog\/wp-json\/wp\/v2\/comments?post=6640"}],"version-history":[{"count":45,"href":"http:\/\/www.augen-blicke-afrika.de\/blog\/wp-json\/wp\/v2\/pages\/6640\/revisions"}],"predecessor-version":[{"id":7199,"href":"http:\/\/www.augen-blicke-afrika.de\/blog\/wp-json\/wp\/v2\/pages\/6640\/revisions\/7199"}],"wp:attachment":[{"href":"http:\/\/www.augen-blicke-afrika.de\/blog\/wp-json\/wp\/v2\/media?parent=6640"}],"curies":[{"name":"wp","href":"https:\/\/api.w.org\/{rel}","templated":true}]}}