{"id":6585,"date":"2022-09-10T15:54:30","date_gmt":"2022-09-10T13:54:30","guid":{"rendered":"http:\/\/www.augen-blicke-afrika.de\/blog\/?page_id=6585"},"modified":"2022-09-18T13:19:06","modified_gmt":"2022-09-18T11:19:06","slug":"grusswort-2022","status":"publish","type":"page","link":"http:\/\/www.augen-blicke-afrika.de\/blog\/grusswort-2022\/","title":{"rendered":"Gru\u00dfwort 2022"},"content":{"rendered":"\n<h1 class=\"wp-block-heading\">11 Jahre Afrikanisches Filmfestival \u201eAugen Blicke Afrika\u201c<\/h1>\n\n\n\n<div class=\"wp-block-image\"><figure class=\"alignleft size-large is-resized\"><a href=\"http:\/\/www.augen-blicke-afrika.de\/blog\/wp-content\/uploads\/2018\/10\/Ilsemargret-Luttmann-08.2017.jpg\"><img loading=\"lazy\" decoding=\"async\" src=\"http:\/\/www.augen-blicke-afrika.de\/blog\/wp-content\/uploads\/2021\/09\/Carsten_Brosda01.jpg\" alt=\"\"  width=\"291\" height=\"219\" border=\"0\"\/><\/a><\/figure><\/div>\n\n\n\n<p>Nach dem Feiern ist vor dem Feiern! Letztes Jahr konnten wir das 10j\u00e4hrige Bestehen dieses besonderen Filmfestivals feiern. Nun beginnt die neue Dekade \u2013 blicken wir also voller Neugier in die Zukunft von \u201eAugen Blicke Afrika\u201c!<br>\nAfrika verstehen hei\u00dft differenzieren. Ich muss mir selbst immer wieder die Gr\u00f6\u00dfe des Kontinents Afrika vergegenw\u00e4rtigen, er ist 100 Mal gr\u00f6\u00dfer als Deutschland, macht 25 Prozent der Landfl\u00e4che unserer Erde aus und es werden mindestens 3000 Sprachen gesprochen! Was f\u00fcr ein unermesslicher Fundus an Themen und Bildern f\u00fcr Filme. <br>\nFreuen wir uns also darauf, mit weit ge\u00f6ffneten Augen und Ohren vom Studio-Kino in Hamburg-Altona auf einen \u00fcber 7000 Kilometer entfernten Kontinent zu blicken und jeder Menge neuer Perspektiven ganz nah zu sein. Denn so funktioniert das \u201eVerstehenlernen\u201c am besten: durch den direkten Kontakt, den direkten Austausch und vor allem auch die Bereitschaft, hinter die Kulissen blicken zu wollen. <br>\nUnd genau das hat das Festival vor. Es legt den Fokus auf die Produktions\u00adbedingungen von Filmen in afrikanischen L\u00e4ndern. Mittlerweile f\u00f6rdern viele L\u00e4nder wie S\u00fcdafrika, Marokko, Tunesien, Senegal, Nigeria, Kenia und Burkina Faso die heimische Filmindustrie. Junge Talente gr\u00fcnden Produktionsfirmen und vernetzen sich. Aber was sind die Themen der jungen Filmemacherinnen und Filmemacher? Unter welchen Bedingungen entstehen die gezeigten Filme? Mit Blick auf die gemeinsame Zukunft Europas und Afrikas \u2013 in welchem Licht sind die Filme aufgenommen? <br>\nDie gezeigten Filme schaffen eine Vorstellung von dem Leben und Wirken der Menschen und erm\u00f6glichen uns Europ\u00e4erinnen und Europ\u00e4ern einen tiefen Einblick in die Vielfalt afrikanischer Kulturen.  <br>\nIch w\u00fcnsche Ihnen, liebe Leserinnen und Leser, spannende Dialoge und neue Erkenntnisse! <\/p>\n\n\n\n<p><\/p>\n\n\n\n<p><\/p>\n\n\n\n<figure class=\"wp-block-image size-large is-resized\"><a href=\"http:\/\/www.augen-blicke-afrika.de\/blog\/wp-content\/uploads\/2018\/10\/Unterschrift-4.png\"><img loading=\"lazy\" decoding=\"async\" src=\"http:\/\/www.augen-blicke-afrika.de\/blog\/wp-content\/uploads\/2021\/09\/Unterschrift_Carsten_Brosda_klein.png\" alt=\"\" width=\"221\" height=\"86\" border=\"0\"><\/a><\/figure>\n\n\n\n<p>Dr. Carsten Brosda <br>\nSenator f\u00fcr Kultur und Medien <\/p>\n\n\n\n<p><\/p>\n","protected":false},"excerpt":{"rendered":"<p>11 Jahre Afrikanisches Filmfestival \u201eAugen Blicke Afrika\u201c Nach dem Feiern ist vor dem Feiern! Letztes Jahr konnten wir das 10j\u00e4hrige Bestehen dieses besonderen Filmfestivals feiern. Nun beginnt die neue Dekade \u2013 blicken wir also voller Neugier in die Zukunft von &hellip; <a href=\"http:\/\/www.augen-blicke-afrika.de\/blog\/grusswort-2022\/\">Weiterlesen <span class=\"meta-nav\">&rarr;<\/span><\/a><\/p>\n","protected":false},"author":3,"featured_media":0,"parent":0,"menu_order":0,"comment_status":"closed","ping_status":"closed","template":"afrika2022.php","meta":{"footnotes":""},"class_list":["post-6585","page","type-page","status-publish","hentry"],"_links":{"self":[{"href":"http:\/\/www.augen-blicke-afrika.de\/blog\/wp-json\/wp\/v2\/pages\/6585","targetHints":{"allow":["GET"]}}],"collection":[{"href":"http:\/\/www.augen-blicke-afrika.de\/blog\/wp-json\/wp\/v2\/pages"}],"about":[{"href":"http:\/\/www.augen-blicke-afrika.de\/blog\/wp-json\/wp\/v2\/types\/page"}],"author":[{"embeddable":true,"href":"http:\/\/www.augen-blicke-afrika.de\/blog\/wp-json\/wp\/v2\/users\/3"}],"replies":[{"embeddable":true,"href":"http:\/\/www.augen-blicke-afrika.de\/blog\/wp-json\/wp\/v2\/comments?post=6585"}],"version-history":[{"count":6,"href":"http:\/\/www.augen-blicke-afrika.de\/blog\/wp-json\/wp\/v2\/pages\/6585\/revisions"}],"predecessor-version":[{"id":6592,"href":"http:\/\/www.augen-blicke-afrika.de\/blog\/wp-json\/wp\/v2\/pages\/6585\/revisions\/6592"}],"wp:attachment":[{"href":"http:\/\/www.augen-blicke-afrika.de\/blog\/wp-json\/wp\/v2\/media?parent=6585"}],"curies":[{"name":"wp","href":"https:\/\/api.w.org\/{rel}","templated":true}]}}