{"id":653,"date":"2012-10-22T08:28:46","date_gmt":"2012-10-22T06:28:46","guid":{"rendered":"http:\/\/www.augen-blicke-afrika.de\/blog\/?page_id=653"},"modified":"2022-09-18T15:41:51","modified_gmt":"2022-09-18T13:41:51","slug":"microphone","status":"publish","type":"page","link":"http:\/\/www.augen-blicke-afrika.de\/blog\/archiv\/archiv-2012\/filme\/microphone\/","title":{"rendered":"Microphone"},"content":{"rendered":"<h2>Microphone<\/h2>\n<p><em>(\u00c4gypten 2010, R.: Ahmad Abdalla, , 120 Min., <em><em><em>Original mit englischen Untertiteln<\/em><\/em><\/em><\/em><em>. Mit Khaled Abol Naga, Hany Adel<\/em><em><em><em><em><\/em><\/em><\/em>, Yousra El Lozy, Ahmad Magdy, Menna Shalabi, Atef Yousef)<\/em><\/p>\n<p><a href=\"http:\/\/www.augen-blicke-afrika.de\/blog\/wp-content\/uploads\/2012\/10\/microphone_plakat.jpg\"><img loading=\"lazy\" decoding=\"async\" class=\"alignright size-full wp-image-672\" title=\"microphone_plakat\" src=\"http:\/\/www.augen-blicke-afrika.de\/blog\/wp-content\/uploads\/2012\/10\/microphone_plakat.jpg\" alt=\"Filmplakat &quot;Microphone&quot;\" width=\"180\" height=\"259\"><\/a>Portrait der alternativen Kunst- und Musikszene in der \u00e4gyptischen Hafenstadt Alexandria, die kurz nach Fertigstellung des Spielfilms zu einem wichtigen Zentrum des Aufstands gegen die Mubarak-Diktatur wurde. Der preisgekr\u00f6nte Film wurde in den Monaten vor der Revolution gedreht und zeichnet die Stimmung vor den Umw\u00e4lzungen auf. Aufnahmen der ersten Proteste wurden in &#8220;Microphone&#8221; eingebaut.<\/p>\n<p>Als Khaled nach langj\u00e4hrigem Exil in den USA resigniert in seine \u00e4gyptische Heimatstadt Alexandria zur\u00fcckkehrt, muss er feststellen, dass sich dort vieles ver\u00e4ndert hat. Fasziniert taucht er ein in die vielf\u00e4ltige Kunstszene der Stadt, lernt junge Hiphop- und&nbsp; RockmusikerInnen sowie Graffitik\u00fcnstlerInnen kennen. Zwar k\u00f6nnen diese meist nur im Untergrund agieren, doch herrscht in ihren Kreisen eine erfrischende Aufbruchstimmung, die Khaled mit seinen Mitteln und M\u00f6glichkeiten zu unterst\u00fctzen versucht\u0085.<\/p>\n<p>Der Film erz\u00e4hlt zwar eine fiktive Geschichte, aber die ProtagonistInnen spielen sich selbst. Ihre eindrucksvolle Musik und ihre politischen Graffitis vermitteln einen authentischen Einblick in die Kunst- und Politszene der \u00e4gyptischen Hafenstadt, die neben Kairo zu einem wichtigen Zentrum des Aufstands gegen die Mubarak-Diktatur wurde.<\/p>\n<p>Trailer des Films auf <a title=\"Trailer &quot;Microphone&quot; auf www.kino-zeit.de\" href=\"http:\/\/www.kino-zeit.de\/filme\/trailer\/microphone\" target=\"_blank\" rel=\"noopener\">www.kino-zeit.de<\/a>.<\/p>\n<p><img decoding=\"async\" class=\" wp-image-673   \" title=\"microphone\" src=\"http:\/\/www.augen-blicke-afrika.de\/blog\/wp-content\/uploads\/2012\/10\/filmszene_microphone_at_film_clinic-300x168.jpg\" alt=\"Filmszene aus &quot;Microphone&quot;\" width=\"500\" srcset=\"http:\/\/www.augen-blicke-afrika.de\/blog\/wp-content\/uploads\/2012\/10\/filmszene_microphone_at_film_clinic-300x168.jpg 300w, http:\/\/www.augen-blicke-afrika.de\/blog\/wp-content\/uploads\/2012\/10\/filmszene_microphone_at_film_clinic-500x281.jpg 500w, http:\/\/www.augen-blicke-afrika.de\/blog\/wp-content\/uploads\/2012\/10\/filmszene_microphone_at_film_clinic.jpg 800w\" sizes=\"(max-width: 300px) 100vw, 300px\" \/><\/p>\n<dl id=\"attachment_673\" class=\"wp-caption alignleft\" style=\"width: 510px;\">\n<dd class=\"wp-caption-dd\">Filmszene aus &#8220;Microphone&#8221;<br \/>\nCopyright: film clinic<\/dd>\n<\/dl>\n<p>&nbsp;<\/p>\n<p><a title=\"Programm\u00fcbersicht\" href=\"http:\/\/www.augen-blicke-afrika.de\/blog\/programm\/\">Zur Programm\u00fcbersicht<\/a><br \/>\n<a title=\"Programm\u00fcbersicht\" href=\"http:\/\/www.augen-blicke-afrika.de\/blog\/filme\/\">Zum Filmverzeichnis<\/a><\/p>\n","protected":false},"excerpt":{"rendered":"<p>Microphone (\u00c4gypten 2010, R.: Ahmad Abdalla, , 120 Min., Original mit englischen Untertiteln. Mit Khaled Abol Naga, Hany Adel, Yousra El Lozy, Ahmad Magdy, Menna Shalabi, Atef Yousef) Portrait der alternativen Kunst- und Musikszene in der \u00e4gyptischen Hafenstadt Alexandria, die &hellip; <a href=\"http:\/\/www.augen-blicke-afrika.de\/blog\/archiv\/archiv-2012\/filme\/microphone\/\">Weiterlesen <span class=\"meta-nav\">&rarr;<\/span><\/a><\/p>\n","protected":false},"author":2,"featured_media":357,"parent":89,"menu_order":0,"comment_status":"open","ping_status":"closed","template":"afrika2012.php","meta":{"footnotes":""},"class_list":["post-653","page","type-page","status-publish","has-post-thumbnail","hentry"],"_links":{"self":[{"href":"http:\/\/www.augen-blicke-afrika.de\/blog\/wp-json\/wp\/v2\/pages\/653","targetHints":{"allow":["GET"]}}],"collection":[{"href":"http:\/\/www.augen-blicke-afrika.de\/blog\/wp-json\/wp\/v2\/pages"}],"about":[{"href":"http:\/\/www.augen-blicke-afrika.de\/blog\/wp-json\/wp\/v2\/types\/page"}],"author":[{"embeddable":true,"href":"http:\/\/www.augen-blicke-afrika.de\/blog\/wp-json\/wp\/v2\/users\/2"}],"replies":[{"embeddable":true,"href":"http:\/\/www.augen-blicke-afrika.de\/blog\/wp-json\/wp\/v2\/comments?post=653"}],"version-history":[{"count":13,"href":"http:\/\/www.augen-blicke-afrika.de\/blog\/wp-json\/wp\/v2\/pages\/653\/revisions"}],"predecessor-version":[{"id":6797,"href":"http:\/\/www.augen-blicke-afrika.de\/blog\/wp-json\/wp\/v2\/pages\/653\/revisions\/6797"}],"up":[{"embeddable":true,"href":"http:\/\/www.augen-blicke-afrika.de\/blog\/wp-json\/wp\/v2\/pages\/89"}],"wp:featuredmedia":[{"embeddable":true,"href":"http:\/\/www.augen-blicke-afrika.de\/blog\/wp-json\/wp\/v2\/media\/357"}],"wp:attachment":[{"href":"http:\/\/www.augen-blicke-afrika.de\/blog\/wp-json\/wp\/v2\/media?parent=653"}],"curies":[{"name":"wp","href":"https:\/\/api.w.org\/{rel}","templated":true}]}}