{"id":6338,"date":"2021-09-24T12:50:50","date_gmt":"2021-09-24T10:50:50","guid":{"rendered":"http:\/\/www.augen-blicke-afrika.de\/blog\/?page_id=6338"},"modified":"2025-10-31T18:45:11","modified_gmt":"2025-10-31T17:45:11","slug":"kontakt-impressum","status":"publish","type":"page","link":"http:\/\/www.augen-blicke-afrika.de\/blog\/kontakt-impressum\/","title":{"rendered":"Kontakt \/ Impressum"},"content":{"rendered":"\n<p><a href=\"http:\/\/www.augen-blicke-afrika.de\/blog\/kontakt-impressum\/\">Seite anzeigen<\/a><\/p>\n\n\n<h2>Kontakt:<\/h2>\n<p>Tel: +49 (0)40 396474<br \/>Mobil: +49 (0)160 92910364<br \/><a href=\"mailto:orga@augen-blicke-afrika.de\"><span style=\"color: #000000;\">orga@augen-blicke-afrika.de<\/span><\/a><\/p>\n<h1><strong>Impressum<\/strong><\/h1>\n<p>Angaben gem\u00e4\u00df \u00a7 5 TMG:<br \/>Burkhard Leber<br \/>Scheplerstr. 80<br \/>22767 Hamburg<\/p>\n<p>Telefon: +49 (0) 40 507 19 801<br \/>E-Mail: burkhard.leber@hamburg.de<\/p>\n<h4>Verantwortlich f\u00fcr den Inhalt nach \u00a7 55 Abs. 2 RStV:<br \/>Burkhard Leber<br \/>Adresse wie oben<\/h4>\n<p><strong>Webmaster<br \/><\/strong><span style=\"color: #000000;\"><a style=\"color: #000000;\" href=\"mailto: junker@art-werbeteam.de\">Art &amp; Werbeteam GmbH<\/a><\/span><strong><br \/><\/strong><\/p>\n<h1><strong>Haftungsausschluss:<\/strong><\/h1>\n<h2><strong>Haftung f\u00fcr Inhalte<\/strong><\/h2>\n<p>Die Inhalte unserer Seiten wurden mit gr\u00f6\u00dfter Sorgfalt erstellt. F\u00fcr die Richtigkeit, Vollst\u00e4ndigkeit und Aktualit\u00e4t der Inhalte k\u00f6nnen wir jedoch keine Gew\u00e4hr \u00fcbernehmen. Als Diensteanbieter sind wir gem\u00e4\u00df \u00a7 7 Abs.1 TMG f\u00fcr eigene Inhalte auf diesen Seiten nach den allgemeinen Gesetzen verantwortlich. Nach \u00a7\u00a7 8 bis 10 TMG sind wir als Diensteanbieter jedoch nicht verpflichtet, \u00fcbermittelte oder gespeicherte fremde Informationen zu \u00fcberwachen oder nach Umst\u00e4nden zu forschen, die auf eine rechtswidrige T\u00e4tigkeit hinweisen. Verpflichtungen zur Entfernung oder Sperrung der Nutzung von Informationen nach den allgemeinen Gesetzen bleiben hiervon unber\u00fchrt. Eine diesbez\u00fcgliche Haftung ist jedoch erst ab dem Zeitpunkt der Kenntnis einer konkreten Rechtsverletzung m\u00f6glich. Bei Bekanntwerden von entsprechenden Rechtsverletzungen werden wir diese Inhalte umgehend entfernen.<\/p>\n<h2><strong>Haftung f\u00fcr Links<\/strong><\/h2>\n<p>Unser Angebot enth\u00e4lt Links zu externen Webseiten Dritter, auf deren Inhalte wir keinen Einfluss haben. Deshalb k\u00f6nnen wir f\u00fcr diese fremden Inhalte auch keine Gew\u00e4hr \u00fcbernehmen. F\u00fcr die Inhalte der verlinkten Seiten ist stets der jeweilige Anbieter oder Betreiber der Seiten verantwortlich. Die verlinkten Seiten wurden zum Zeitpunkt der Verlinkung auf m\u00f6gliche Rechtsverst\u00f6\u00dfe \u00fcberpr\u00fcft. Rechtswidrige Inhalte waren zum Zeitpunkt der Verlinkung nicht erkennbar. Eine permanente inhaltliche Kontrolle der verlinkten Seiten ist jedoch ohne konkrete Anhaltspunkte einer Rechtsverletzung nicht zumutbar. Bei Bekanntwerden von Rechtsverletzungen werden wir derartige Links umgehend entfernen.<\/p>\n<h2><strong>Urheberrecht<\/strong><\/h2>\n<p>Die durch die Seitenbetreiber erstellten Inhalte und Werke auf diesen Seiten unterliegen dem deutschen Urheberrecht. Die Vervielf\u00e4ltigung, Bearbeitung, Verbreitung und jede Art der Verwertung au\u00dferhalb der Grenzen des Urheberrechtes bed\u00fcrfen der schriftlichen Zustimmung des jeweiligen Autors bzw. Erstellers. Downloads und Kopien dieser Seite sind nur f\u00fcr den privaten, nicht kommerziellen Gebrauch gestattet. Soweit die Inhalte auf dieser Seite nicht vom Betreiber erstellt wurden, werden die Urheberrechte Dritter beachtet. Insbesondere werden Inhalte Dritter als solche gekennzeichnet. Sollten Sie trotzdem auf eine Urheberrechtsverletzung aufmerksam werden, bitten wir um einen entsprechenden Hinweis. Bei Bekanntwerden von Rechtsverletzungen werden wir derartige Inhalte umgehend entfernen.<\/p>\n<h1><strong>Datenschutzerkl\u00e4rung<\/strong><\/h1>\n<p>AUGEN BLICKE AFRIKA e.V. nimmt als Betreiber der Webseiten den Schutz Ihrer pers\u00f6nlichen Daten sehr ernst. Wir behandeln Ihre personenbezogenen Daten vertraulich und entsprechend der gesetzlichen Datenschutzvorschriften sowie dieser Datenschutzerkl\u00e4rung.<\/p>\n<p>Ihre personenbezogenen Daten (z.B. Name, Anschrift, E-Mail, Telefonnummer, u.\u00e4.) werden von uns nur gem\u00e4\u00df den Bestimmungen des deutschen Datenschutzrechts verarbeitet. Daten sind dann personenbezogen, wenn sie eindeutig einer bestimmten nat\u00fcrlichen Person zugeordnet werden k\u00f6nnen.<\/p>\n<p>Nachstehende Regelungen informieren Sie insoweit \u00fcber die Art, den Umfang und Zweck der Erhebung, die Nutzung und die Verarbeitung von personenbezogenen Daten durch den Anbieter:<\/p>\n<p>AUGEN BLICKE AFRIKA e.V.<br \/>Susettestr. 4<br \/>22763 Hamburg<br \/>E-Mail: info@augen-blicke-afrika.de<\/p>\n<p>Wir weisen darauf hin, dass die Daten\u00fcbertragung im Internet (z.B. bei der Kommunikation per E-Mail) Sicherheitsl\u00fccken aufweisen kann. Ein l\u00fcckenloser Schutz der Daten vor dem Zugriff durch Dritte ist nicht m\u00f6glich.<\/p>\n<ol>\n<li>Personenbezogene Daten<\/li>\n<li>Weitergabe von Daten<\/li>\n<li>Server-Log-Files<\/li>\n<li>Datenschutzkonforme Social-Media-Buttons<\/li>\n<li>Ihre Rechte als betroffene Person<\/li>\n<li>Links auf andere Webseiten<\/li>\n<li>Von AUGEN BLICKE AFRIKA e.V. vorbehaltene Rechte<\/li>\n<li>Widerspruch Werbe-Mails<\/li>\n<li>Kontakt<\/li>\n<\/ol>\n<h2>1. Personenbezogene Daten<\/h2>\n<p>Personenbezogene Daten sind Einzelangaben \u00fcber pers\u00f6nliche oder sachliche Verh\u00e4ltnisse einer bestimmten oder bestimmbaren nat\u00fcrlichen Person. Anonymisierte oder statistische Daten, bei denen ein Bezug zu Ihrer Person nicht oder nur mit unverh\u00e4ltnism\u00e4\u00dfig gro\u00dfem Aufwand hergestellt werden k\u00f6nnte, sind keine personenbezogenen Daten.<\/p>\n<p>Beim Besuch unserer Webseite fallen personenbezogene Daten an, was im Folgenden im Einzelnen beschrieben wird.<\/p>\n<h2>2. Weitergabe von Daten<\/h2>\n<p>Personenbezogene Daten werden an Dritte u\u0308bermittelt, wenn<\/p>\n<ul>\n<li>nach Art. 6 Abs. 1 Satz 1 Buchst. a) DSGVO durch die betroffene Person ausdru\u0308cklich dazu eingewilligt wurde,<\/li>\n<li>die Weitergabe nach Art. 6 Abs. 1 Satz 1 Buchst. f) DSGVO zur Geltendmachung, Ausu\u0308bung oder Verteidigung von Rechtsanspru\u0308chen erforderlich ist und kein Grund zur Annahme besteht, dass die betroffene Person ein u\u0308berwiegendes schutzwu\u0308rdiges Interesse an der Nichtweitergabe ihrer Daten hat,<\/li>\n<li>fu\u0308r die Datenu\u0308bermittlung nach Art. 6 Abs. 1 Satz 1 Buchst. c) DSGVO eine gesetzliche Verpflichtung besteht, und\/oder<\/li>\n<li>dies nach Art. 6 Abs. 1 Satz 1 Buchst. b) DSGVO fu\u0308r die Erfu\u0308llung eines Vertragsverh\u00e4ltnisses mit der betroffenen Person erforderlich ist.<\/li>\n<\/ul>\n<p>In anderen F\u00e4llen werden personenbezogene Daten nicht an Dritte weitergegeben.<\/p>\n<h2>3. Server-Log-Files<\/h2>\n<p>Die Strato AG erhebt und speichert automatisch f\u00fcr unsere Webseite in den Server-Log-Files Informationen, die Ihr Browser an uns \u00fcbermittelt. Dies sind:<\/p>\n<ul>\n<li>Hostname des zugreifenden Rechners und IP Adresse<\/li>\n<li>URL der aufgerufenen Seite<\/li>\n<li>Datum und Uhrzeit der Serveranfrage<\/li>\n<li>Browsertyp und \u2013version<\/li>\n<li>verwendetes Betriebssystem<\/li>\n<li>Referrer URL (die zuvor besuchte Seite)<\/li>\n<\/ul>\n<p>Die Verarbeitung dieser personenbezogenen Daten ist gem. Art. 6 Abs. 1 Satz 1 Buchst. F) DSGVO gerechtfertigt. AUGEN BLICKE AFRIKA e.V. hat ein berechtigtes Interesse an der Datenverarbeitung zu dem Zweck,<\/p>\n<ul>\n<li>die Verbindung zur Webseite z\u00fcgig aufzubauen,<\/li>\n<li>eine nutzerfreundliche Anwendung der Webseite zu erm\u00f6glichen,<\/li>\n<li>die Sicherheit und Stabilit\u00e4t der Systeme zu erkennen und zu gew\u00e4hrleisten und<\/li>\n<li>die Administration der Webseite zu erleichtern und zu verbessern.<\/li>\n<\/ul>\n<h2>4. Datenschutzkonforme Social-Media-Buttons<\/h2>\n<p>AUGEN BLICKE AFRIKA e.V. erfasst selbst keine personenbezogenen Daten mittels der Social Plugins oder \u00fcber deren Nutzung. Um zu verhindern, dass Daten ohne das Wissen des Nutzers an die Dienstanbieter in den USA \u00fcbertragen werden, setzt AUGEN BLICKE AFRIKA e.V. die sogenannte Shariff-L\u00f6sung ein. Diese L\u00f6sung sorgt daf\u00fcr, dass zun\u00e4chst keine personenbezogenen Daten an die Anbieter der einzelnen Social Plugins weitergegeben werden. Erst wenn Sie einen der Social-Media-Buttons anklicken, k\u00f6nnen Daten an den Diensteanbieter \u00fcbertragen und dort gespeichert werden.<\/p>\n<p>Mehr Informationen \u00fcber die Shariff-L\u00f6sung finden Sie auf den Seiten der Heise Medien Gmbh &amp; Co. KG: <a href=\"http:\/\/www.heise.de\/ct\/artikel\/Shariff-Social-Media-Buttons-mit-Datenschutz-2467514.html\">www.heise.de\/ct\/artikel\/Shariff-Social-Media-Buttons-mit-Datenschutz-2467514.html<\/a><\/p>\n<p>Links zu den Datenschutzeinstellungen der verwendeten Sozialen Dienste:<\/p>\n<p>Facebook: <a href=\"https:\/\/www.facebook.com\/about\/privacy\/\">https:\/\/www.facebook.com\/about\/privacy\/<\/a><\/p>\n<p>Twitter: <a href=\"https:\/\/twitter.com\/privacy?lang=de\">https:\/\/twitter.com\/privacy?lang=de<\/a><\/p>\n<h2>5. Ihre Rechte als betroffene Person<\/h2>\n<p>Soweit Ihre personenbezogenen Daten anl\u00e4sslich des Besuchs unserer Webseite verarbeitet werden, stehen Ihnen als \u201ebetroffene Person\u201c im Sinne der DSGVO folgende Rechte zu:<\/p>\n<h2>5.1 Auskunft<\/h2>\n<p>Sie k\u00f6nnen von uns Auskunft dar\u00fcber verlangen, ob personenbezogene Daten von Ihnen bei uns verarbeitet werden. Das Auskunftsrecht ist ausgeschlossen, wenn die Daten nur deshalb gespeichert sind, weil sie aufgrund gesetzlicher oder satzungsm\u00e4\u00dfiger Aufbewahrungsfristen nicht gel\u00f6scht werden d\u00fcrfen oder ausschlie\u00dflich Zwecken der Datensicherung oder der Datenschutzkontrolle dienen, sofern die Auskunftserteilung einen unverh\u00e4ltnism\u00e4\u00dfig hohen Aufwand erfordern w\u00fcrde und die Verarbeitung zu anderen Zwecken durch geeignete technische und organisatorische Ma\u00dfnahmen ausgeschlossen ist.<\/p>\n<p>Sofern in Ihrem Fall das Auskunftsrecht nicht ausgeschlossen ist und Ihre personenbezogenen Daten von uns verarbeitet werden, k\u00f6nnen Sie von uns Auskunft \u00fcber folgende Informationen verlangen:<\/p>\n<ul>\n<li>Zwecke der Verarbeitung,<\/li>\n<li>Kategorien der von Ihnen verarbeiteten personenbezogenen Daten,<\/li>\n<li>Empf\u00e4nger oder Kategorien von Empf\u00e4ngern, gegen\u00fcber denen Ihre personenbezogenen Daten offen gelegt werden, insbesondere bei Empf\u00e4ngern in Drittl\u00e4ndern,<\/li>\n<li>falls m\u00f6glich die geplante Dauer, f\u00fcr die Ihre personenbezogenen Daten gespeichert werden oder, falls dies nicht m\u00f6glich ist, die Kriterien f\u00fcr die Festlegung der Speicherdauer,<\/li>\n<li>das Bestehen eines Rechts auf Berichtigung oder L\u00f6schung oder Einschr\u00e4nkung der Verarbeitung der Sie betreffenden personenbezogenen Daten oder eines Widerspruchsrechts gegen diese Verarbeitung,<\/li>\n<li>das Bestehen eines Beschwerderechts bei einer Aufsichtsbeh\u00f6rde f\u00fcr den Datenschutz,<\/li>\n<li>sofern die personenbezogenen Daten nicht bei Ihnen als betroffene Person erhoben worden sind, die verf\u00fcgbaren Informationen \u00fcber die Datenherkunft,<\/li>\n<li>im Fall der \u00dcbermittlung an Empf\u00e4nger in Drittl\u00e4ndern, sofern kein Beschluss der EU-Kommission \u00fcber die Angemessenheit des Schutzniveaus nach Art. 45 Abs. 3 DSGVO vorliegt,<\/li>\n<li>Informationen dar\u00fcber, welche geeigneten Garantien gem. Art. 46 Abs. 2 DSGVO zum Schutze der personenbezogenen Daten vorgesehen sind.<\/li>\n<\/ul>\n<h2>5.2 Berichtigung und Vervollst\u00e4ndigung<\/h2>\n<p>Sofern Sie feststellen, dass uns unrichtige personenbezogene Daten von Ihnen vorliegen, k\u00f6nnen Sie von uns die unverz\u00fcgliche Berichtigung dieser unrichtigen Daten verlangen. Bei unvollst\u00e4ndigen Sie betreffenden personenbezogenen Daten k\u00f6nnen sie die Vervollst\u00e4ndigung verlangen.<\/p>\n<h2>5.3 L\u00f6schung<\/h2>\n<p>Sie haben ein Recht auf L\u00f6schung (\u201eRecht auf Vergessenwerden\u201c), sofern die Verarbeitung nicht zur Aus\u00fcbung des Rechts auf freie Meinungs\u00e4u\u00dferung, des Rechts auf Information oder zur Erf\u00fcllung einer rechtlichen Verpflichtung oder zur Wahrnehmung einer Aufgabe, die im \u00f6ffentlichen Interesse liegt, erforderlich ist und einer der nachstehenden Gr\u00fcnde zutrifft:<\/p>\n<ul>\n<li>Die personenbezogenen Daten sind f\u00fcr die Zwecke, f\u00fcr die sie verarbeitet wurden, nicht mehr notwendig.<\/li>\n<li>Die Rechtfertigungsgrundlage f\u00fcr die Verarbeitung war ausschlie\u00dflich Ihre Einwilligung, welche Sie widerrufen haben.<\/li>\n<li>Sie haben Widerspruch gegen die Verarbeitung Ihrer personenbezogenen Daten eingelegt, die wir \u00f6ffentlich gemacht haben.<\/li>\n<li>Sie haben Widerspruch gegen die Verarbeitung von uns nicht \u00f6ffentlich gemachter personenbezogener Daten eingelegt und es liegen keine vorrangigen berechtigten Gr\u00fcnde f\u00fcr die Verarbeitung vor.<\/li>\n<li>Ihre personenbezogenen Daten wurden unrechtm\u00e4\u00dfig verarbeitet.<\/li>\n<li>Die L\u00f6schung der personenbezogenen Daten ist zur Erf\u00fcllung einer gesetzlichen Verpflichtung, der wir unterliegen, erforderlich.<\/li>\n<li>Kein Anspruch auf L\u00f6schung besteht, wenn die L\u00f6schung im Falle rechtm\u00e4\u00dfiger nicht automatisierter Datenverarbeitung wegen der besonderen Art der Speicherung nicht oder nur mit unverh\u00e4ltnism\u00e4\u00dfig hohem Aufwand m\u00f6glich und Ihr Interesse an der L\u00f6schung gering ist. In diesem Fall tritt an die Stelle einer L\u00f6schung die Einschr\u00e4nkung der Verarbeitung.<\/li>\n<\/ul>\n<h2>5.4 Einschr\u00e4nkung der Verarbeitung<\/h2>\n<p>Sie k\u00f6nnen von uns die Einschr\u00e4nkung der Verarbeitung verlangen, wenn einer der nachstehenden Gr\u00fcnde zutrifft:<\/p>\n<ul>\n<li>Sie bestreiten die Richtigkeit der personenbezogenen Daten. Die Einschr\u00e4nkung kann in diesem Fall f\u00fcr die Dauer verlangt werden, die es uns erm\u00f6glicht, die Richtigkeit der Daten zu \u00fcberpr\u00fcfen.<\/li>\n<li>Die Verarbeitung ist unrechtm\u00e4\u00dfig und Sie verlangen statt L\u00f6schung die Einschr\u00e4nkung der Nutzung Ihrer personenbezogenen Daten.<\/li>\n<li>Ihre personenbezogenen Daten werden von uns nicht l\u00e4nger f\u00fcr die Zwecke der Verarbeitung ben\u00f6tigt, die Sie jedoch zur Geltendmachung, Aus\u00fcbung oder Verteidigung von Rechtsanspr\u00fcchen ben\u00f6tigen.<\/li>\n<li>Sie haben Widerspruch gem. Art. 21 Abs. 1 DSGVO eingelegt. Die Einschr\u00e4nkung der Verarbeitung kann solange verlangt werden, wie noch nicht feststeht, ob unsere berechtigten Gr\u00fcnde gegen\u00fcber Ihren Gr\u00fcnden \u00fcberwiegen.<\/li>\n<\/ul>\n<p>Einschr\u00e4nkung der Verarbeitung bedeutet, dass die personenbezogenen Daten nur mit Ihrer Einwilligung oder zur Geltendmachung, Aus\u00fcbung oder Verteidigung von Rechtsanspr\u00fcchen oder zum Schutz der Rechte einer anderen nat\u00fcrlichen oder juristischen Person oder aus Gr\u00fcnden eines wichtigen \u00f6ffentlichen Interesses verarbeitet werden. Bevor wir die Einschr\u00e4nkung aufheben, haben wir die Pflicht, Sie dar\u00fcber zu unterrichten.<\/p>\n<h2>5.5 Daten\u00fcbertragbarkeit<\/h2>\n<p>Sie haben ein Recht auf Daten\u00fcbertragbarkeit, sofern die Verarbeitung auf Ihrer Einwilligung (Art. 6 Abs. 1 Satz 1 Buchst. a) oder Art. 9 Abs. 2 Buchst. a) DSGVO) oder auf einem Vertrag beruht, dessen Vertragspartei Sie sind und die Verarbeitung mithilfe automatisierter Verfahren erfolgt. Das Recht auf Daten\u00fcbertragbarkeit beinhaltet in diesem Fall folgende Rechte, sofern hierdurch nicht die Rechte und Freiheiten anderer Personen beeintr\u00e4chtigt werden: Sie k\u00f6nnen von uns verlangen, die personenbezogenen Daten, die Sie uns bereit gestellt haben, in einem strukturierten, g\u00e4ngigen und maschinenlesbaren Format zu erhalten. Sie haben das Recht, diese Daten einem anderen Verantwortlichen ohne Behinderung unserseits zu \u00fcbermitteln. Soweit technisch machbar, k\u00f6nnen Sie von uns verlangen, dass wir Ihre personenbezogenen Daten direkt an einen anderen Verantwortlichen \u00fcbermitteln.<\/p>\n<h2>5.6 Widerspruch<\/h2>\n<p>Sofern die Verarbeitung auf Art. 6 Abs. 1 Satz 1 Buchst. e) DSGVO (Wahrnehmung einer Aufgabe im \u00f6ffentlichen Interesse oder in Aus\u00fcbung \u00f6ffentlicher Gewalt) oder auf Art. 6 Abs. 1 Satz 1 Buchst. f) DSGVO (berechtigtes Interesse des Verantwortlichen oder eines Dritten) beruht, haben Sie das Recht, aus Gr\u00fcnden, die sich aus Ihrer besonderen Situation ergeben, jederzeit gegen die Verarbeitung der Sie betreffenden personenbezogenen Daten Widerspruch einzulegen. Das gilt auch f\u00fcr ein auf Art. 6 Abs. 1 Satz 1 Buchst. e) oder Buchst. f) DSGVO gest\u00fctztes Profiling. Nach Aus\u00fcbung des Widerspruchsrechts verarbeiten wir Ihre personenbezogenen Daten nicht mehr, es sei denn, wir k\u00f6nnen zwingende schutzw\u00fcrdige Gr\u00fcnde f\u00fcr die Verarbeitung nachweisen, die Ihre Interessen, Rechte und Freiheiten \u00fcberwiegen, oder die Verarbeitung dient der Geltendmachung, Aus\u00fcbung oder Verteidigung von Rechtsanspr\u00fcchen.<\/p>\n<p>Sie k\u00f6nnen jederzeit Widerspruch gegen die Verarbeitung der Sie betreffenden personenbezogenen Daten zu Zwecken der Direktwerbung einlegen. Das gilt auch f\u00fcr ein Profiling, das mit einer solchen Direktwerbung in Verbindung steht. Nach Aus\u00fcbung dieses Widerspruchsrechts werden wir die betreffenden personenbezogenen Daten nicht mehr f\u00fcr Zwecke der Direktwerbung verwenden.<\/p>\n<p>Sie haben die M\u00f6glichkeit, den Widerspruch telefonisch, per E-Mail oder an unsere zu Beginn dieser Datenschutzerkl\u00e4rung aufgef\u00fchrte Postadresse formlos mitzuteilen.<\/p>\n<h2>5.7 Widerruf einer Einwilligung<\/h2>\n<p>Sie haben das Recht, eine erteilte Einwilligung jederzeit mit Wirkung f\u00fcr die Zukunft zu widerrufen. Der Widerruf der Einwilligung kann telefonisch, per E-Mail oder an unsere Postadresse formlos mitgeteilt werden. Durch den Widerruf wird die Rechtm\u00e4\u00dfigkeit der Datenverarbeitung, die aufgrund der Einwilligung bis zum Eingang des Widerrufs erfolgt ist, nicht ber\u00fchrt. Nach Eingang des Widerrufs wird die Datenverarbeitung, die ausschlie\u00dflich auf Ihrer Einwilligung beruhte, eingestellt.<\/p>\n<h2>5.8 Beschwerde<\/h2>\n<p>Wenn Sie der Ansicht sind, dass die Verarbeitung der Sie betreffenden personenbezogenen Daten rechtswidrig ist, k\u00f6nnen Sie Beschwerde bei einer Aufsichtsbeh\u00f6rde f\u00fcr den Datenschutz einlegen, die f\u00fcr den Ort Ihres Aufenthaltes oder Arbeitsplatzes oder f\u00fcr den Ort des mutma\u00dflichen Versto\u00dfes zust\u00e4ndig ist.<\/p>\n<h2>6. Links auf andere Webseiten<\/h2>\n<p>Auf unseren Webseiten befinden sich Links zu fremden Webseiten, auf denen gegebenenfalls Cookies verwendet und personenbezogene Daten erhoben und verarbeitet werden k\u00f6nnen. Hierauf haben wir keinen Einfluss und k\u00f6nnen Sie vorher darauf nicht hinweisen. Diese Datenschutzerkl\u00e4rung gilt ausschlie\u00dflich f\u00fcr unsere Webseite. Die von dieser Seite aus verlinkten Webseiten sind hiervon nicht umfasst.<\/p>\n<h2>7. Von AUGEN BLICKE AFRIKA e.V. vorbehaltene Rechte<\/h2>\n<p>AUGEN BLICKE AFRIKA e.V. beh\u00e4lt sich das Recht vor, Kundeninformationen offen zu legen, wenn das Gesetz oder die Aus\u00fcbung des Gesetzes dies erfordert oder es zur Verteidigung gegen rechtliche Anspr\u00fcche Dritter notwendig ist.<\/p>\n<p>AUGEN BLICKE AFRIKA e.V. beh\u00e4lt sich des Weiteren das Recht vor, Informationen an Strafverfolgungsbeh\u00f6rden weiterzugeben, um illegale Aktivit\u00e4ten, die \u00fcber unser Netzwerk ver\u00fcbt werden, zu untersuchen und zu unterbinden. In bestimmten F\u00e4llen k\u00f6nnen wir beim Verdacht einer Straftat auch zur Weitergabe von Informationen an Strafverfolgungsbeh\u00f6rden verpflichtet sein.<\/p>\n<p>AUGEN BLICKE AFRIKA e.V. beh\u00e4lt sich das Recht zur Offenlegung Ihrer pers\u00f6nlicher Informationen vor, solange und soweit Sie uns hierf\u00fcr eine ausdr\u00fcckliche schriftliche Zustimmung erteilt haben.<\/p>\n<p>AUGEN BLICKE AFRIKA e.V. beh\u00e4lt sich das Recht vor, \u00c4nderungen oder Aktualisierungen an den Datenschutzrichtlinien vorzunehmen. Bei wesentlichen \u00c4nderungen wird der Kunde hier\u00fcber durch einen Hinweis auf unserer Webseite benachrichtigt. Kunden und Webseiten-Besucher tragen die Verantwortung daf\u00fcr, dass sie die \u00c4nderungen oder Aktualisierungen gelesen haben.<\/p>\n<p>AUGEN BLICKE AFRIKA e.V. ist stets darum bem\u00fcht, durch Ergreifen aller technischen und organisatorischen M\u00f6glichkeiten Ihre personenbezogenen Daten so zu speichern, dass sie Dritten nicht zug\u00e4nglich sind. Sollten Sie allerdings z.B. per E-Mail mit uns in Kontakt treten, so kann die vollst\u00e4ndige Datensicherheit bei der \u00dcbermittlung von Daten nicht gew\u00e4hrleistet werden.<\/p>\n<h2>8. Widerspruch Werbe-Mails<\/h2>\n<p>Der Nutzung von im Rahmen der Impressumspflicht ver\u00f6ffentlichten Kontaktdaten zur \u00dcbersendung von nicht ausdr\u00fccklich angeforderter Werbung und Informationsmaterialien wird hiermit widersprochen. Die Betreiber der Seiten behalten sich ausdr\u00fccklich rechtliche Schritte im Falle der unverlangten Zusendung von Werbeinformationen, etwa durch Spam-E-Mails, vor.<\/p>\n<h2>9. Kontakt<\/h2>\n<p>Ihre Fragen und Anregungen zum Thema Datenschutz sind uns jederzeit willkommen. Wenden Sie sich hierzu bitte schriftlich per Post an die unten angegebene Adresse. Dort k\u00f6nnen Sie erfragen, welche Ihrer Daten bei uns gespeichert sind, sowie weitere Ausk\u00fcnfte erhalten und Widerspruch, L\u00f6schungs- oder Berichtigungsw\u00fcnsche geltend machen.<\/p>\n<p>Sie k\u00f6nnen uns unter folgenden Kontaktdaten erreichen:<\/p>\n<p>AUGEN BLICKE AFRIKA e.V.<br \/>Susettestr. 4<br \/>22763 Hamburg<br \/>E-Mail: info@augen-blicke-afrika.de<\/p>\n<p><em>Quellen: <span style=\"color: #000000;\"><a style=\"color: #000000;\" href=\"http:\/\/www.e-recht24.de\/muster-disclaimer.htm\" target=\"_blank\" rel=\"noopener noreferrer\">Disclaimer<\/a><\/span> von eRecht24, dem Portal zum Internetrecht von Rechtsanwalt S\u00f6ren Siebert, <span style=\"color: #000000;\"><a style=\"color: #000000;\" href=\"http:\/\/www.e-recht24.de\/artikel\/datenschutz\/6590-facebook-like-button-datenschutz-disclaimer.html\" target=\"_blank\" rel=\"noopener noreferrer\">Facebook-Disclaimer von eRecht24<\/a>, <a style=\"color: #000000;\" href=\"http:\/\/www.google.com\/intl\/de\/+\/policy\/+1button.html\" target=\"_blank\" rel=\"noopener noreferrer\">Datenschutzerkl\u00e4rung Google +1<\/a>, <a style=\"color: #000000;\" href=\"http:\/\/twitter.com\/privacy\" target=\"_blank\" rel=\"noopener noreferrer\">Datenschutzerkl\u00e4rung Twitter<\/a><\/span><\/em><\/p>\n<p>Quelle: <em>Erstellt durch den Impressum Generator von <span style=\"color: #000000;\"><a style=\"color: #000000;\" href=\"http:\/\/www.e-recht24.de\">e-recht24.de<\/a><\/span><\/em><\/p>","protected":false},"excerpt":{"rendered":"<p>Seite anzeigen Kontakt: Tel: +49 (0)40 396474Mobil: +49 (0)160 92910364orga@augen-blicke-afrika.de Impressum Angaben gem\u00e4\u00df \u00a7 5 TMG:Burkhard LeberScheplerstr. 8022767 Hamburg Telefon: +49 (0) 40 507 19 801E-Mail: burkhard.leber@hamburg.de Verantwortlich f\u00fcr den Inhalt nach \u00a7 55 Abs. 2 RStV:Burkhard LeberAdresse wie oben &hellip; <a href=\"http:\/\/www.augen-blicke-afrika.de\/blog\/kontakt-impressum\/\">Weiterlesen <span class=\"meta-nav\">&rarr;<\/span><\/a><\/p>\n","protected":false},"author":3,"featured_media":6117,"parent":0,"menu_order":0,"comment_status":"closed","ping_status":"closed","template":"afrika2025.php","meta":{"footnotes":""},"class_list":["post-6338","page","type-page","status-publish","has-post-thumbnail","hentry"],"_links":{"self":[{"href":"http:\/\/www.augen-blicke-afrika.de\/blog\/wp-json\/wp\/v2\/pages\/6338","targetHints":{"allow":["GET"]}}],"collection":[{"href":"http:\/\/www.augen-blicke-afrika.de\/blog\/wp-json\/wp\/v2\/pages"}],"about":[{"href":"http:\/\/www.augen-blicke-afrika.de\/blog\/wp-json\/wp\/v2\/types\/page"}],"author":[{"embeddable":true,"href":"http:\/\/www.augen-blicke-afrika.de\/blog\/wp-json\/wp\/v2\/users\/3"}],"replies":[{"embeddable":true,"href":"http:\/\/www.augen-blicke-afrika.de\/blog\/wp-json\/wp\/v2\/comments?post=6338"}],"version-history":[{"count":7,"href":"http:\/\/www.augen-blicke-afrika.de\/blog\/wp-json\/wp\/v2\/pages\/6338\/revisions"}],"predecessor-version":[{"id":9406,"href":"http:\/\/www.augen-blicke-afrika.de\/blog\/wp-json\/wp\/v2\/pages\/6338\/revisions\/9406"}],"wp:featuredmedia":[{"embeddable":true,"href":"http:\/\/www.augen-blicke-afrika.de\/blog\/wp-json\/wp\/v2\/media\/6117"}],"wp:attachment":[{"href":"http:\/\/www.augen-blicke-afrika.de\/blog\/wp-json\/wp\/v2\/media?parent=6338"}],"curies":[{"name":"wp","href":"https:\/\/api.w.org\/{rel}","templated":true}]}}