{"id":5851,"date":"2020-09-29T12:16:42","date_gmt":"2020-09-29T10:16:42","guid":{"rendered":"http:\/\/www.augen-blicke-afrika.de\/blog\/?page_id=5851"},"modified":"2020-10-23T17:30:03","modified_gmt":"2020-10-23T15:30:03","slug":"vorwort-2020","status":"publish","type":"page","link":"http:\/\/www.augen-blicke-afrika.de\/blog\/vorwort-2020\/","title":{"rendered":"Vorwort 2020"},"content":{"rendered":"<style> .center {width: 98%;  padding: 10px; font-size: 90%; background: rgba(255,255,255,0.3);}<\/style>\n<div class=\"center\" align=\"justify\"><strong>Die Tickets zum Augenblicke Afrika Filmfest k\u00f6nnen unter: <a href=\"https:\/\/www.studio-kino.de\/?inhalt=tickets.inc\">https:\/\/www.studio-kino.de\/?inhalt=tickets.inc<\/a> gekauft werden.<\/strong> Reservierungen k\u00f6nnen gerne weiterhin telefonisch zu den \u00d6ffnungszeiten des Kinos get\u00e4tigt werden unter 040 \u2013 55 77 53 47. Abendkasse ist nat\u00fcrlich auch weiterhin m\u00f6glich. Aus aktuellem Anlass w\u00fcrden wir aber das Online Ticketing bevorzugen.<\/div>\n<p>&nbsp;<\/p>\n<h1><strong>Herzlich Willkommen <\/strong><strong>zum 9. afrikanischen Filmfestival \u201eAugen Blicke Afrika\u201c!<br \/>\n<\/strong><\/h1>\n<p>&nbsp;<\/p>\n<div align=\"justify\">\nAls Ende April Madagaskars Pr\u00e4sident Rajoelina die Entwicklung eines Corona-Heilmittels auf traditioneller Basis verk\u00fcndete, reagierten die westlichen Medien mit gro\u00dfer Skepsis \u2013 wenn sie denn \u00fcberhaupt dar\u00fcber berichteten. Auch das teilweise hervorragende Corona-Krisenmanagement in einigen afrikanischen L\u00e4ndern, setzte die westliche Welt in Erstaunen. Eine prognostizierte Katastrophe blieb aus.<br \/>\nDies sind nur zwei \u2013 allerdings brandaktuelle \u2013 Beispiele daf\u00fcr, wie eindimensional nach wie vor die Sicht auf den afrikanischen Kontinent ist, der im Westen f\u00fcr Kriege, Krankheiten und Katastrophen steht.<br \/>\nMit unserem Filmfestival haben wir es uns zur Aufgabe gemacht, diese klassische Sichtweise zu durchbrechen und ihr den Blick afrikanischer Filmschaffender entgegenzustellen. Ungewohnte Perspektiven, ungew\u00f6hnliche Themen, au\u00dfer\u00adgew\u00f6hnliche Behandlung der Sujets \u2013 sie verdeutlichen, wie Regisseure aus unterschiedlichen L\u00e4ndern Afrikas ihren Kontinent betrachten.<br \/>\nIn den vergangenen acht Jahren haben wir immer wieder versucht, die Filmauswahl in einen thematischen Rahmen einzubetten. Mal lag der Fokus auf der Rolle von Frauen, mal auf Jugend- und Protestbewegungen, auf dem gesellschaftlichen Umbruch oder den Visionen des Afrofuturismus.<br \/>\nIn diesem Jahr mussten wir jedoch feststellen, dass wir f\u00fcr die Vielzahl unterschiedlicher Filme, die uns zur Auswahl vorlagen, beim besten Willen keinen zusammenfassenden Obertitel finden konnten. Zu divers waren die Produktionen. Also gibt es in diesem Jahr keinen thematischen Rahmen, aber daf\u00fcr eine bunte Vielfalt herrlicher Filmproduktionen, zu denen wir Sie und Euch herzlich einladen!<\/p>\n<table style=\"border-collapse: collapse; width: 100%;\" border=\"1\">\n<tbody>\n<tr>\n<td style=\"width: 50%; vertical-align: bottom;\"><a href=\"http:\/\/www.augen-blicke-afrika.de\/blog\/wp-content\/uploads\/2020\/09\/IMG-20200908-WA0002.jpeg\"><img loading=\"lazy\" decoding=\"async\" class=\"alignnone size-full wp-image-5852\" src=\"http:\/\/www.augen-blicke-afrika.de\/blog\/wp-content\/uploads\/2020\/09\/IMG-20200908-WA0002.jpeg\" alt=\"\" width=\"570\" height=\"480\" srcset=\"http:\/\/www.augen-blicke-afrika.de\/blog\/wp-content\/uploads\/2020\/09\/IMG-20200908-WA0002.jpeg 570w, http:\/\/www.augen-blicke-afrika.de\/blog\/wp-content\/uploads\/2020\/09\/IMG-20200908-WA0002-300x253.jpeg 300w, http:\/\/www.augen-blicke-afrika.de\/blog\/wp-content\/uploads\/2020\/09\/IMG-20200908-WA0002-356x300.jpeg 356w\" sizes=\"auto, (max-width: 570px) 100vw, 570px\" \/><\/a><\/td>\n<td style=\"width: 50%; vertical-align: bottom;\">\n<h4>Die Vorbereitungsgruppe \u201eAugen Blicke Afrika\u201c:<\/h4>\n<h4>Cosima Conrad, Ingrid \u00adWernich, Hans-J\u00f6rg Heinrich, Burkhard Leber, Estefania Morales, Rolf Denkewitz.<\/h4>\n<\/td>\n<\/tr>\n<\/tbody>\n<\/table>\n<p>Die feierliche Er\u00f6ffnung des Festivals findet in diesem Jahr aufgrund der Sitzplatzbeschr\u00e4nkungen mit zwei Vorf\u00fchrungen des Er\u00f6ffnungsfilms statt. Die erste Filmvorf\u00fchrung ist um 18 Uhr f\u00fcr geladene G\u00e4ste; die zweite Vorf\u00fchrung um 21 Uhr. F\u00fcr sie gibt es einen freien Kartenverkauf. Dazu werden Getr\u00e4nke gereicht.<\/p>\n<h2><strong>Organisatorisches:<\/strong><\/h2>\n<p>Das Hygiene-Konzept des Kinos sieht feste Sitzpl\u00e4tze vor.<br \/>\nZwischen fremden Personen muss ein Platz frei bleiben. Gruppen dagegen k\u00f6nnen zusammen platziert werden. Wir bitten Euch, bei einem geplanten Besuch als Gruppe nur EINEN BUCHUNGSVORGANG vor\u00adzu\u00adnehmen und nicht getrennt voneinander zu buchen.<br \/>\nAuf diese Weise k\u00f6nnen mehr Leute die Filme sehen, denn beim Wunsch nach einem Einzelticket werden automatisch die benachbarten Sitze gesperrt und die m\u00f6gliche Personenzahl entsprechend verringert.<\/p>\n<\/div>\n","protected":false},"excerpt":{"rendered":"<p>Die Tickets zum Augenblicke Afrika Filmfest k\u00f6nnen unter: https:\/\/www.studio-kino.de\/?inhalt=tickets.inc gekauft werden. Reservierungen k\u00f6nnen gerne weiterhin telefonisch zu den \u00d6ffnungszeiten des Kinos get\u00e4tigt werden unter 040 \u2013 55 77 53 47. Abendkasse ist nat\u00fcrlich auch weiterhin m\u00f6glich. Aus aktuellem Anlass w\u00fcrden &hellip; <a href=\"http:\/\/www.augen-blicke-afrika.de\/blog\/vorwort-2020\/\">Weiterlesen <span class=\"meta-nav\">&rarr;<\/span><\/a><\/p>\n","protected":false},"author":3,"featured_media":0,"parent":0,"menu_order":0,"comment_status":"closed","ping_status":"closed","template":"afrika2020.php","meta":{"footnotes":""},"class_list":["post-5851","page","type-page","status-publish","hentry"],"_links":{"self":[{"href":"http:\/\/www.augen-blicke-afrika.de\/blog\/wp-json\/wp\/v2\/pages\/5851","targetHints":{"allow":["GET"]}}],"collection":[{"href":"http:\/\/www.augen-blicke-afrika.de\/blog\/wp-json\/wp\/v2\/pages"}],"about":[{"href":"http:\/\/www.augen-blicke-afrika.de\/blog\/wp-json\/wp\/v2\/types\/page"}],"author":[{"embeddable":true,"href":"http:\/\/www.augen-blicke-afrika.de\/blog\/wp-json\/wp\/v2\/users\/3"}],"replies":[{"embeddable":true,"href":"http:\/\/www.augen-blicke-afrika.de\/blog\/wp-json\/wp\/v2\/comments?post=5851"}],"version-history":[{"count":51,"href":"http:\/\/www.augen-blicke-afrika.de\/blog\/wp-json\/wp\/v2\/pages\/5851\/revisions"}],"predecessor-version":[{"id":6034,"href":"http:\/\/www.augen-blicke-afrika.de\/blog\/wp-json\/wp\/v2\/pages\/5851\/revisions\/6034"}],"wp:attachment":[{"href":"http:\/\/www.augen-blicke-afrika.de\/blog\/wp-json\/wp\/v2\/media?parent=5851"}],"curies":[{"name":"wp","href":"https:\/\/api.w.org\/{rel}","templated":true}]}}