{"id":5114,"date":"2019-10-21T12:06:39","date_gmt":"2019-10-21T10:06:39","guid":{"rendered":"http:\/\/www.augen-blicke-afrika.de\/blog\/?page_id=5114"},"modified":"2023-09-05T20:39:46","modified_gmt":"2023-09-05T18:39:46","slug":"vorwort-2019","status":"publish","type":"page","link":"http:\/\/www.augen-blicke-afrika.de\/blog\/vorwort-2019\/","title":{"rendered":"Vorwort 2019"},"content":{"rendered":"<h2><strong>Preisverleihung f\u00fcr AUGEN BLICKE AFRIKA e.V.<\/strong><\/h2>\n<p>Am 12. September wurden wir von der Norddeutschen \u00adStiftung f\u00fcr Umwelt und Entwicklung (NUE) mit dem Preis f\u00fcr herausragende Projekte in der entwicklungspolitischen Bildungsarbeit ausgezeichnet.<br \/>\nWir freuen uns sehr \u00fcber diese Anerkennung unserer mehr als achtj\u00e4hrigen ehrenamtlichen Arbeit f\u00fcr das Film- und Kulturfestival in Zusammenarbeit mit dem Studio-Kino Hamburg.<\/p>\n<h6><a href=\"http:\/\/www.augen-blicke-afrika.de\/blog\/wp-content\/uploads\/2019\/10\/DSC04379.jpg\"><img loading=\"lazy\" decoding=\"async\" class=\" wp-image-5115 alignleft\" src=\"http:\/\/www.augen-blicke-afrika.de\/blog\/wp-content\/uploads\/2019\/10\/DSC04379-1024x849.jpg\" alt=\"DSC04379\" width=\"330\" height=\"271\"><br \/>\n<\/a>Die Vorbereitungsgruppe \u201eAugen Blicke Afrika\u201c:<br \/>\nRolf Denkewitz, Burkhard Leber,<br \/>\nAstrid K\u00fchl, Ingrid \u00adWernich,<br \/>\nHans-J\u00f6rg Heinrich<\/h6>\n<h1>Vorwort<\/h1>\n<h2><strong>Herzlich Willkommen zum 8. afrikanischen Filmfestival<br \/>\n\u201eAugen Blicke Afrika\u201c!<br \/>\n<\/strong><\/h2>\n<p>Wir haben wieder ein informatives und unterhaltsames Programm zusammengestellt bei dem die mehrheitlich afrikanischen Filmemacher*innen Themen aufgreifen, die sie pers\u00f6nlich oder die Gesellschaften in ihren Herkunftsl\u00e4ndern bewegen.<br \/>\nIn ihren Filmen prangern sie gesellschaftliche Missst\u00e4nde an, zeigen vielf\u00e4ltiges urbanes Leben und geben oft intime Einblicke in sich ver\u00e4ndernde famili\u00e4re, soziale und politische Strukturen in afrikanischen Gesellschaften. Auff\u00e4llig ist, dass die Produktionen vieler junger Regisseur*innen nicht vordergr\u00fcndig politisch sind, sondern eher das Innenleben ihrer Protagonist*innen zeigen.<br \/>\nDaf\u00fcr steht schon unser Er\u00f6ffnungsfilm <a href=\"http:\/\/www.augen-blicke-afrika.de\/blog\/programm-2019\/filme-2019\/subira\/\"><strong>SUBIRA<\/strong><\/a> der kenianischen Regisseurin Ravneet Sippy Chadha. Eine junge Frau von der Insel Lamu k\u00e4mpft darum, schwimmen zu lernen \u2013 ein ungeh\u00f6riger Wunsch in der konservativ-muslimischen Gesellschaft.<br \/>\nIm Laufe des Festivals zeigen wir weitere Filme, in denen junge Frauen im Mittelpunkt stehen, die sich mit ihrer tradierten Rolle nicht mehr zufrieden geben und trickreich bis offen gegen alte Rollenmuster revoltieren.<br \/>\nDer Film <a href=\"http:\/\/www.augen-blicke-afrika.de\/blog\/programm-2019\/filme-2019\/khartoum-offside\/\"><strong>KHARTOUM OFFSIDE<\/strong><\/a> von Marwa Zein aus dem Sudan zeigt eine Gruppe junger Frauen, die darum k\u00e4mpft, Fu\u00dfball spielen zu d\u00fcrfen, obwohl dies den Moralvorstellungen ihrer Familien und der Gesellschaft widerspricht. Sport wird hier zum Ausl\u00f6ser von Emanzipation und Befreiung von religi\u00f6ser Bevormundung.<br \/>\nWelche gravierenden Folgen das Beharren auf rigiden Moralvorstellungen hat, verdeutlicht der marokkanische Spielfilm SOFIA von Meryem Benm&#8217;Barek. Das M\u00e4dchen wird ungewollt schwanger. Der Umgang ihrer Familie mit diesem \u201eSkandal\u201c entlarvt die Doppelmoral der marokkanischen Gesellschaft.<br \/>\nIn ihrem Spielfilmdebut <a href=\"http:\/\/www.augen-blicke-afrika.de\/blog\/programm-2019\/filme-2019\/dhalinyaro-jeunesse\/\"><strong>DHALINYARO (JEUNESSE)<\/strong><\/a> zeigt Lula Ali Ismail, die erste Regisseurin, die jemals in Dschibuti einen Film gedreht hat, lebenslustige, aber auch verunsicherte Teenager, die ihre Zukunftstr\u00e4ume zu verwirklichen suchen. Damit vermittelt sie faszinierende Einblicke in das moderne Leben in dem ostafrikanischen Kleinstaat.<br \/>\nWeiterhin setzen sich die Filmemacher*innen mit dem islamistischen Fundamentalismus in ihren L\u00e4ndern auseinander; zu sehen in dem spannenden Spielfilm <a href=\"http:\/\/www.augen-blicke-afrika.de\/blog\/programm-2019\/filme-2019\/fatwa\/\"><strong>FATWA<\/strong><\/a> des tunesischen Regisseurs Mahmoud Ben Mahmoud und in dem Kurzfilm <a href=\"http:\/\/www.augen-blicke-afrika.de\/blog\/programm-2019\/filme-2019\/kurzfilme-2\/\"><strong>BROTHERHOOD<\/strong><\/a> der tunesischen Regisseurin Meryam Joobeur.<br \/>\nWie kriegerische Auseinandersetzungen Menschen und ihre Lebensr\u00e4ume ver\u00e4ndern, zeigt der Film <a href=\"http:\/\/www.augen-blicke-afrika.de\/blog\/programm-2019\/filme-2019\/fig-tree\/\"><strong>FIG TREE<\/strong><\/a> von A\u00e4l\u00e4m-W\u00e4rqe Davidian aus \u00c4thiopien und <a href=\"http:\/\/www.augen-blicke-afrika.de\/blog\/programm-2019\/filme-2019\/the-mercy-of-the-jungle\/\"><strong>THE MERCY OF THE JUNGLE<\/strong><\/a> des ruandischen Regisseurs Joel Karekezi, der beim diesj\u00e4hrigen FESPACO mit dem Hauptpreis E\u0301talon d\u2019or ausgezeichnet wurde.<br \/>\nAls unterhaltsame Road-Movies sind zwei Filme aus Burkina Faso inszeniert, die sich mit dem gesellschaftlichen Wandel im Land auseinandersetzen: <a href=\"http:\/\/www.augen-blicke-afrika.de\/blog\/programm-2019\/filme-2019\/duga-les-charognards\/\"><strong>DUGA &#8211; LES CHAROGNARDS<\/strong><\/a> von Abdoulaye Dao und Herve\u0301 E. R. Lengani sowie <a href=\"http:\/\/www.augen-blicke-afrika.de\/blog\/programm-2019\/filme-2019\/sankara-nest-pas-mort-sankara-is-not-dead\/\"><strong>SANKARA N\u2018EST PAS MORT<\/strong><\/a> der jungen Regisseurin Lucie Viver.<br \/>\nEin Road-Movie im Westernstil, bei dem zwei junge Frauen im Mittelpunkt stehen, kommt aus S\u00fcdafrika: <a href=\"http:\/\/www.augen-blicke-afrika.de\/blog\/programm-2019\/filme-2019\/flatland-flachland\/\"><strong>FLATLAND<\/strong><\/a> von Jenna Bass. Die Regisseurin prangert in ihrem Film die Benachteiligung verschiedener Gesellschaftsgruppen in ihrem Land an.<br \/>\nMusikfilme kommen in diesem Jahr aus Kuba und aus Berlin. In beiden Produktionen stehen die Afrobeats im Mittelpunkt.<br \/>\nDer Ghanaer Blitz Bazawule, bekannt als Hip-Hop-K\u00fcnstler unter dem Namen Blitz the Ambassador, hat seinen ersten Spielfilm <a href=\"http:\/\/www.augen-blicke-afrika.de\/blog\/programm-2019\/filme-2019\/the-burial-of-kojo\/\"><strong>THE BURIAL OF KOJO<\/strong><\/a> gedreht. In der mystischen Geschichte mischen sich Hip-Hop und afrikanische Tradition.<br \/>\nViele K\u00fcnstler in Afrika und in der Diaspora besch\u00e4ftigen sich seit einigen Jahren mit Zukunftsthemen, Visionen und Utopien in Science-Fiction-Filmen und in virtuellen Realit\u00e4ten. Der Afrofuturismus steht f\u00fcr ein neues Selbstbewusstsein, f\u00fcr emanzipatorisches Schaffen und Denken. Wir zeigen eine Kurzfilmreihe zu diesem Thema und den viel diskutierten US-amerikanischen Blockbuster-Film <a href=\"http:\/\/www.augen-blicke-afrika.de\/blog\/programm-2019\/filme-2019\/black-panther\/\"><strong>BLACK PANTHER<\/strong><\/a>. \u00dcber diese wichtige kulturelle und politische Bewegung wollen wir nach der Vorf\u00fchrung mit Experten diskutieren.<br \/>\nSoweit ein kleiner Einblick in unser Festivalprogramm. Nat\u00fcrlich gibt es noch weitere vielschichtige Themen, die in Filmen aus den verschiedensten L\u00e4ndern Afrikas aufgegriffen werden.<br \/>\nAls besonderes Event pr\u00e4sentieren wir in Kooperation mit den Hamburger \u00d6ffentlichen B\u00fccherhallen eine Reihe von vier <a href=\"http:\/\/www.augen-blicke-afrika.de\/blog\/programm-2019\/filme-2019\/zentralbibliothek\/\"><strong>Virtual Reality (VR) Filmen<\/strong><\/a> aus Kenia, Senegal und Ghana. Vom 11.-13.11. k\u00f6nnen diese in der <a href=\"http:\/\/www.augen-blicke-afrika.de\/blog\/programm-2019\/filme-2019\/zentralbibliothek\/\"><strong>Zentralbibliothek<\/strong><\/a> am Hauptbahnhof gesehen werden. Diese experimentellen Filme zeigen ganz andere Aspekte der vielf\u00e4ltigen und in stetem Wandel begriffenen kulturellen Landschaft des heutigen Afrikas.<br \/>\nDas Festival wird am 7. November ab 18.30 Uhr mit Fingerfood und Getr\u00e4nken er\u00f6ffnet.<br \/>\nDiesmal haben wir den senegalesischen <a href=\"http:\/\/www.augen-blicke-afrika.de\/blog\/programm-2019\/filme-2019\/konzert\/\"><strong>Kora-Virtuosen Saliou Cissokho<\/strong><\/a> mit seiner Band zu einem kleinen Konzert ins Studio-Kino eingeladen.<br \/>\nWie immer wollen wir auch feiern. Zu einer Abschlussparty mit afrikanischer Musik am letzten Samstag des Festivals laden wir herzlich ins MUT!-Theater ein.<\/p>\n<p>&nbsp;<\/p>\n","protected":false},"excerpt":{"rendered":"<p>Preisverleihung f\u00fcr AUGEN BLICKE AFRIKA e.V. Am 12. September wurden wir von der Norddeutschen \u00adStiftung f\u00fcr Umwelt und Entwicklung (NUE) mit dem Preis f\u00fcr herausragende Projekte in der entwicklungspolitischen Bildungsarbeit ausgezeichnet. Wir freuen uns sehr \u00fcber diese Anerkennung unserer mehr &hellip; <a href=\"http:\/\/www.augen-blicke-afrika.de\/blog\/vorwort-2019\/\">Weiterlesen <span class=\"meta-nav\">&rarr;<\/span><\/a><\/p>\n","protected":false},"author":3,"featured_media":5126,"parent":0,"menu_order":0,"comment_status":"closed","ping_status":"closed","template":"afrika2019.php","meta":{"footnotes":""},"class_list":["post-5114","page","type-page","status-publish","has-post-thumbnail","hentry"],"_links":{"self":[{"href":"http:\/\/www.augen-blicke-afrika.de\/blog\/wp-json\/wp\/v2\/pages\/5114","targetHints":{"allow":["GET"]}}],"collection":[{"href":"http:\/\/www.augen-blicke-afrika.de\/blog\/wp-json\/wp\/v2\/pages"}],"about":[{"href":"http:\/\/www.augen-blicke-afrika.de\/blog\/wp-json\/wp\/v2\/types\/page"}],"author":[{"embeddable":true,"href":"http:\/\/www.augen-blicke-afrika.de\/blog\/wp-json\/wp\/v2\/users\/3"}],"replies":[{"embeddable":true,"href":"http:\/\/www.augen-blicke-afrika.de\/blog\/wp-json\/wp\/v2\/comments?post=5114"}],"version-history":[{"count":10,"href":"http:\/\/www.augen-blicke-afrika.de\/blog\/wp-json\/wp\/v2\/pages\/5114\/revisions"}],"predecessor-version":[{"id":6900,"href":"http:\/\/www.augen-blicke-afrika.de\/blog\/wp-json\/wp\/v2\/pages\/5114\/revisions\/6900"}],"wp:featuredmedia":[{"embeddable":true,"href":"http:\/\/www.augen-blicke-afrika.de\/blog\/wp-json\/wp\/v2\/media\/5126"}],"wp:attachment":[{"href":"http:\/\/www.augen-blicke-afrika.de\/blog\/wp-json\/wp\/v2\/media?parent=5114"}],"curies":[{"name":"wp","href":"https:\/\/api.w.org\/{rel}","templated":true}]}}