{"id":4982,"date":"2019-10-19T18:12:06","date_gmt":"2019-10-19T16:12:06","guid":{"rendered":"http:\/\/www.augen-blicke-afrika.de\/blog\/?page_id=4982"},"modified":"2025-11-12T14:58:08","modified_gmt":"2025-11-12T13:58:08","slug":"kurzfilme-2","status":"publish","type":"page","link":"http:\/\/www.augen-blicke-afrika.de\/blog\/kurzfilme-2\/","title":{"rendered":"KURZFILME 2"},"content":{"rendered":"<h1>KURZFILME<\/h1>\n<table>\n<tbody>\n<tr>\n<td><a href=\"http:\/\/www.augen-blicke-afrika.de\/blog\/wp-content\/uploads\/2019\/10\/sega-idil.jpg\"><img loading=\"lazy\" decoding=\"async\" class=\"alignnone wp-image-4987 size-large\" src=\"http:\/\/www.augen-blicke-afrika.de\/blog\/wp-content\/uploads\/2019\/10\/sega-idil-e1571501196495-824x1024.jpg\" width=\"584\" height=\"726\" srcset=\"http:\/\/www.augen-blicke-afrika.de\/blog\/wp-content\/uploads\/2019\/10\/sega-idil-e1571501196495-824x1024.jpg 824w, http:\/\/www.augen-blicke-afrika.de\/blog\/wp-content\/uploads\/2019\/10\/sega-idil-e1571501196495-241x300.jpg 241w, http:\/\/www.augen-blicke-afrika.de\/blog\/wp-content\/uploads\/2019\/10\/sega-idil-e1571501196495-768x954.jpg 768w, http:\/\/www.augen-blicke-afrika.de\/blog\/wp-content\/uploads\/2019\/10\/sega-idil-e1571501196495.jpg 1072w\" sizes=\"auto, (max-width: 584px) 100vw, 584px\" \/><\/a><\/td>\n<td style=\"text-align: left; vertical-align: top;\">\n<p class=\"hide-if-no-js\"><strong>SEGA<\/strong><\/p>\n<h3>Senegal \/ USA, R.: Idil Ibrahim, 24 Min., Wolof OF, engl. UT<\/h3>\n<p>Der junge Sega hat es \u00fcbers Mittelmeer nach Europa geschafft. Doch er wird sofort wieder nach Senegal abgeschoben. Hilflos l\u00e4uft er durch Dakar, versteckt sich, f\u00fchlt sich als Versager und schleppt ein schweres Trauma mit sich. Sein bester Freund Amadou ist bei der \u00dcberfahrt ums Leben gekommen.<br \/>\n<strong>Idil Ibrahim<\/strong> ist eine somalisch-amerikanische unabh\u00e4ngige Filmregisseurin, Produzentin, Schauspielerin und Autorin. Sie ist Absolventin der University of California in Berkeley und \u00adbesuchte die NYU f\u00fcr eine Graduiertenschule. Idil interessiert sich leidenschaftlich f\u00fcr \u00adMenschenrechte, humanit\u00e4re Fragen, globale Bildung und soziale Fragen.<\/td>\n<\/tr>\n<tr>\n<td><a href=\"http:\/\/www.augen-blicke-afrika.de\/blog\/wp-content\/uploads\/2019\/10\/Brotherhood-1.jpg\"><img loading=\"lazy\" decoding=\"async\" class=\"alignnone wp-image-4988 size-medium\" src=\"http:\/\/www.augen-blicke-afrika.de\/blog\/wp-content\/uploads\/2019\/10\/Brotherhood-1-e1571501266214-245x300.jpg\" width=\"245\" height=\"300\" srcset=\"http:\/\/www.augen-blicke-afrika.de\/blog\/wp-content\/uploads\/2019\/10\/Brotherhood-1-e1571501266214-245x300.jpg 245w, http:\/\/www.augen-blicke-afrika.de\/blog\/wp-content\/uploads\/2019\/10\/Brotherhood-1-e1571501266214.jpg 643w\" sizes=\"auto, (max-width: 245px) 100vw, 245px\" \/><\/a><\/td>\n<td style=\"text-align: left; vertical-align: top;\">\n<p class=\"hide-if-no-js\"><strong>BROTHERHOOD<\/strong><\/p>\n<h3>Tunesien 2018, R.: Meryam Joobeur, 25 Min., arab. OF, dt. UT<\/h3>\n<p>Der tunesische Hirt Mohamed lebt mit Frau und zwei S\u00f6hnen in karger Natur nach festen \u00dcberlebensmustern. Die S\u00f6hne \u00adsollen so stark und abgeh\u00e4rtet werden wie er. Sein dritter Sohn Malik hat vor Jahren die Familie verlassen und sich dem IS in Syrien angeschlossen. Der Vater verachtet ihn deshalb. Doch dann kehrt sein \u00c4ltester mit einer Frau aus Syrien zur\u00fcck.<br \/>\n<strong>Meryam Joobeur<\/strong> ist eine tunesisch-amerikanische Filmemacherin, die in Montreal lebt. In ihrem ersten Film \u201eGods, Weeds &amp; Revolutions\u201c von 2012 taucht sie tief ein in die turbulente Zeit nach der tunesischen Revolution. Zur Zeit arbeitet sie an ihrem ersten Spielfilm &#8220;Roman Ruins&#8221;.<\/p>\n<h3><strong>In Kooperation mit Filminitiativ K\u00f6ln.<\/strong><\/h3>\n<\/td>\n<\/tr>\n<tr>\n<td><a href=\"http:\/\/www.augen-blicke-afrika.de\/blog\/wp-content\/uploads\/2019\/10\/Yellow-fever-1.jpg\"><img loading=\"lazy\" decoding=\"async\" class=\"alignnone wp-image-4989 size-medium\" src=\"http:\/\/www.augen-blicke-afrika.de\/blog\/wp-content\/uploads\/2019\/10\/Yellow-fever-1-e1571501318792-205x300.jpg\" width=\"205\" height=\"300\" srcset=\"http:\/\/www.augen-blicke-afrika.de\/blog\/wp-content\/uploads\/2019\/10\/Yellow-fever-1-e1571501318792-205x300.jpg 205w, http:\/\/www.augen-blicke-afrika.de\/blog\/wp-content\/uploads\/2019\/10\/Yellow-fever-1-e1571501318792.jpg 448w\" sizes=\"auto, (max-width: 205px) 100vw, 205px\" \/><\/a><\/td>\n<td style=\"text-align: left; vertical-align: top;\">\n<p class=\"hide-if-no-js\">Aus dem Archiv der Internationalen Kurzfilmtage Oberhausen:<\/p>\n<p class=\"hide-if-no-js\"><strong>YELLOW FEVER<\/strong><\/p>\n<h3>Kenia 2012, R.: Ng&#8217;endo Mukii, 7 Min., engl. OF<\/h3>\n<p>Die Werbung, aber auch der Kolonialismus haben das Sch\u00f6nheitsideal von M\u00e4dchen und Frauen in Afrika gepr\u00e4gt. Helle Haut und glatte Haare stehen ganz hoch im Kurs. Der Film beleuchtet das oft schizophrene Selbstverst\u00e4ndnis des Idealbildes in Animationssequenzen und Realbildern.<br \/>\n<strong>Ng&#8217;endo Mukii<\/strong> ist eine unabh\u00e4ngige Filmemacherin aus Nairobi, Kenia. Sie arbeitet an kurzen Zeichentrickfilmen und 360\u00b0-Filmen, die von lokalen und internationalen Organisationen in Auftrag gegeben wurden. Ihre Filme wurden mehrfach international ausgezeichnet. F\u00fcr \u201eGelbfieber\u201c bekam sie beim Chicago International Film Festival einen Preis und den Encounters Immersive Grand Prix f\u00fcr ihren ersten 360 Grad Film, Nairobi Berries, den wir in unserem \u00adProgramm in der B\u00fccherhalle zeigen.<\/td>\n<\/tr>\n<tr>\n<td><a href=\"http:\/\/www.augen-blicke-afrika.de\/blog\/wp-content\/uploads\/2019\/10\/martyren_556.jpg\"><img loading=\"lazy\" decoding=\"async\" class=\"alignnone wp-image-4990 size-medium\" src=\"http:\/\/www.augen-blicke-afrika.de\/blog\/wp-content\/uploads\/2019\/10\/martyren_556-e1571501387157-234x300.jpg\" width=\"234\" height=\"300\" srcset=\"http:\/\/www.augen-blicke-afrika.de\/blog\/wp-content\/uploads\/2019\/10\/martyren_556-e1571501387157-234x300.jpg 234w, http:\/\/www.augen-blicke-afrika.de\/blog\/wp-content\/uploads\/2019\/10\/martyren_556-e1571501387157.jpg 313w\" sizes=\"auto, (max-width: 234px) 100vw, 234px\" \/><\/a><\/td>\n<td style=\"text-align: left; vertical-align: top;\">\n<p class=\"hide-if-no-js\"><strong>MARTYREN<\/strong><\/p>\n<h3>Schweden \/ Somalia 2018, R.: Ahmed Abdullahi, 30 Min., OF, engl. UT<\/h3>\n<p>Omar ist schon lange arbeitslos. Er lebt mit Mutter und Schwester schon l\u00e4nger in Schweden in einer somalischen Gemeinschaft. Zunehmend ist die Mutter besorgt, weil sich ihr Sohn immer h\u00e4ufiger in einer Moschee aufh\u00e4lt und sich allen Gespr\u00e4chen entzieht.<br \/>\nAls er in die T\u00fcrkei gehen will, um eine Islamschule zu besuchen, ger\u00e4t sie in Panik und trifft einen radikalen Entschluss, um ihn zu stoppen.<br \/>\n<strong>Ahmed Abdullahi<\/strong> ist ein schwedisch-somalischer&nbsp; Drehbuchautor und Schauspieler. Sein Examensfilm Francis war nominiert f\u00fcr einen Studenten-Oscar f\u00fcr den besten Kurzfilm im \u00adUtl\u00e4ndska Talentprogramm 2015.<\/td>\n<\/tr>\n<tr>\n<td><a href=\"http:\/\/www.augen-blicke-afrika.de\/blog\/wp-content\/uploads\/2019\/10\/StillWaterRunsDeep-11300.jpg\"><img loading=\"lazy\" decoding=\"async\" class=\"alignnone wp-image-4991 size-medium\" src=\"http:\/\/www.augen-blicke-afrika.de\/blog\/wp-content\/uploads\/2019\/10\/StillWaterRunsDeep-11300-e1571501439376-189x300.jpg\" width=\"189\" height=\"300\" srcset=\"http:\/\/www.augen-blicke-afrika.de\/blog\/wp-content\/uploads\/2019\/10\/StillWaterRunsDeep-11300-e1571501439376-189x300.jpg 189w, http:\/\/www.augen-blicke-afrika.de\/blog\/wp-content\/uploads\/2019\/10\/StillWaterRunsDeep-11300-e1571501439376-768x1219.jpg 768w, http:\/\/www.augen-blicke-afrika.de\/blog\/wp-content\/uploads\/2019\/10\/StillWaterRunsDeep-11300-e1571501439376-645x1024.jpg 645w, http:\/\/www.augen-blicke-afrika.de\/blog\/wp-content\/uploads\/2019\/10\/StillWaterRunsDeep-11300-e1571501439376.jpg 862w\" sizes=\"auto, (max-width: 189px) 100vw, 189px\" \/><\/a><\/td>\n<td style=\"text-align: left; vertical-align: top;\">\n<p class=\"hide-if-no-js\"><strong>STILL WATERS RUN DEEP<\/strong><\/p>\n<h3>Nigeria. 2017, R.: Abbesi Akhamie, 15 Min., OF, engl. UT<\/h3>\n<p>Der Film erz\u00e4hlt die Geschichte eines patriarchalischen Mannes, der \u00fcberzeugt ist von seiner Rolle und Pflicht als Vater. Er muss auch Haltung und Stolz bewahren, als sein \u00c4ltester pl\u00f6tzlich verschwunden ist. Auf der Suche nach dem verlorenen Sohn kommt er widerwillig zu ganz neuen Erkenntnissen.<br \/>\n<strong>Abbesi Akhamie<\/strong> ist eine nigerianisch-amerikanische Filmemacherin, die in New York lebt. Sie hatte mehrere Stipendien und gewann mit den Kurzfilmen&nbsp; \u201eSamedi Cinema\u201c und \u201eFacing North\u201c Preise beim Toronto International Film Festival. Ihr Film \u201eStill Waters Run Deep\u201c wurde in Nigeria gedreht und gewann den Best Student Film beim renommierten Aspen Shortsfest.<\/td>\n<\/tr>\n<\/tbody>\n<\/table>\n<p>&nbsp;<\/p>\n","protected":false},"excerpt":{"rendered":"<p>KURZFILME SEGA Senegal \/ USA, R.: Idil Ibrahim, 24 Min., Wolof OF, engl. UT Der junge Sega hat es \u00fcbers Mittelmeer nach Europa geschafft. Doch er wird sofort wieder nach Senegal abgeschoben. Hilflos l\u00e4uft er durch Dakar, versteckt sich, f\u00fchlt &hellip; <a href=\"http:\/\/www.augen-blicke-afrika.de\/blog\/kurzfilme-2\/\">Weiterlesen <span class=\"meta-nav\">&rarr;<\/span><\/a><\/p>\n","protected":false},"author":3,"featured_media":5126,"parent":0,"menu_order":0,"comment_status":"closed","ping_status":"closed","template":"afrika2019.php","meta":{"footnotes":""},"class_list":["post-4982","page","type-page","status-publish","has-post-thumbnail","hentry"],"_links":{"self":[{"href":"http:\/\/www.augen-blicke-afrika.de\/blog\/wp-json\/wp\/v2\/pages\/4982","targetHints":{"allow":["GET"]}}],"collection":[{"href":"http:\/\/www.augen-blicke-afrika.de\/blog\/wp-json\/wp\/v2\/pages"}],"about":[{"href":"http:\/\/www.augen-blicke-afrika.de\/blog\/wp-json\/wp\/v2\/types\/page"}],"author":[{"embeddable":true,"href":"http:\/\/www.augen-blicke-afrika.de\/blog\/wp-json\/wp\/v2\/users\/3"}],"replies":[{"embeddable":true,"href":"http:\/\/www.augen-blicke-afrika.de\/blog\/wp-json\/wp\/v2\/comments?post=4982"}],"version-history":[{"count":8,"href":"http:\/\/www.augen-blicke-afrika.de\/blog\/wp-json\/wp\/v2\/pages\/4982\/revisions"}],"predecessor-version":[{"id":6884,"href":"http:\/\/www.augen-blicke-afrika.de\/blog\/wp-json\/wp\/v2\/pages\/4982\/revisions\/6884"}],"wp:featuredmedia":[{"embeddable":true,"href":"http:\/\/www.augen-blicke-afrika.de\/blog\/wp-json\/wp\/v2\/media\/5126"}],"wp:attachment":[{"href":"http:\/\/www.augen-blicke-afrika.de\/blog\/wp-json\/wp\/v2\/media?parent=4982"}],"curies":[{"name":"wp","href":"https:\/\/api.w.org\/{rel}","templated":true}]}}