{"id":4887,"date":"2019-10-16T17:55:44","date_gmt":"2019-10-16T15:55:44","guid":{"rendered":"http:\/\/www.augen-blicke-afrika.de\/blog\/?page_id=4887"},"modified":"2025-11-12T14:56:32","modified_gmt":"2025-11-12T13:56:32","slug":"zentralbibliothek","status":"publish","type":"page","link":"http:\/\/www.augen-blicke-afrika.de\/blog\/programm-2019\/filme-2019\/zentralbibliothek\/","title":{"rendered":"ZENTRALBIBLIOTHEK"},"content":{"rendered":"<h1><strong>VR-Filme in der Zentralbibliothek<\/strong><\/h1>\n<table>\n<tbody>\n<tr>\n<td>\n<h3>H\u00fchnerposten 1 (Eingang: Arno-Schmidt-Platz) \u2022 20097 Hamburg \u2022 Service-Telefon: 040 \/ 42 60 60<br \/>\nMo 11.11. ab 18:30 Uhr | DI 12.11. und Mittwoch 13.11. von 14:00 &#8211; 18:00 Uhr<\/h3>\n<\/td>\n<\/tr>\n<\/tbody>\n<\/table>\n<h5><a href=\"http:\/\/www.augen-blicke-afrika.de\/blog\/wp-content\/uploads\/2019\/10\/new-dimension.jpg\"><img loading=\"lazy\" decoding=\"async\" class=\"image_unten alignleft wp-image-4911\" src=\"http:\/\/www.augen-blicke-afrika.de\/blog\/wp-content\/uploads\/2019\/10\/new-dimension-285x300.jpg\" alt=\"new dimension\" width=\"126\" height=\"132\" srcset=\"http:\/\/www.augen-blicke-afrika.de\/blog\/wp-content\/uploads\/2019\/10\/new-dimension-285x300.jpg 285w, http:\/\/www.augen-blicke-afrika.de\/blog\/wp-content\/uploads\/2019\/10\/new-dimension.jpg 432w\" sizes=\"auto, (max-width: 126px) 100vw, 126px\" \/><\/a><strong>Vom 11. bis 13.11. pr\u00e4sentieren wir in Kooperation mit den \u00adHamburger \u00d6ffentlichen B\u00fccherhallen im Rahmen unseres \u00adFilmfestivals eine Reihe von Virtual Realtiy (VR) Filmen in den R\u00e4umen der Zentralbibliothek. <\/strong><br \/>\n<strong>Virtual Reality (VR) ist eine Technologie, die sich zwischen Film, bildender Kunst, Gaming und anderen Disziplinen bewegt.<\/strong><\/h5>\n<p>Am 11.11. um 18.30 Uhr wird die Reihe mit einem Vortrag der senegalesische Modedesignerin und Filmk\u00fcnstlerin <strong>Selly Raby Kane<\/strong> er\u00f6ffnet. Bei afrikanischen Snacks und \u00adGetr\u00e4nken k\u00f6nnen \u00adanschlie\u00dfend die Filme gesehen und die Themen der Filme diskutiert werden. Weiterhin k\u00f6nnen die Filme am 12. und 13.11. von 14 bis 18 Uhr in der Zentralbibliothek angeschaut werden.<br \/>\nJunge afrikanische K\u00fcnstler entwickeln in ihren Filmen Visionen und \u00adUtopien f\u00fcr eine positiv \u00adgestaltete Zukunft ihres Kontinents. Afrika pr\u00e4sentiert sich darin als Kontinent der Ungleichzeitigkeiten, der Vielfalt und Unterschiede.<br \/>\nZu sehen ist hier die VR-Arbeit <strong>\u201eSpirit Robot\u201c<\/strong> des Science Fiction Autors und Gr\u00fcnders der Website Afrocyberpunk <strong>Jonathan Dotse<\/strong> aus Ghana, die sich mit dem <strong>Chale Wote Street Art Festival<\/strong> in Accra befasst. Das Festival ist gerade dabei, die dortige st\u00e4dtische Kunstszene im \u00d6ffentlichen Raum wiederzubeleben.<br \/>\nDie Fotografin <strong>Ng\u2019endo Mukii<\/strong> aus Kenia pr\u00e4sentiert mit ihrem VR-St\u00fcck <strong>\u201eNairobi Berries\u201c<\/strong> eine <strong>poetische Symphonie \u00fcber die Stadt Nairobi<\/strong>, in der sie ihre lyrische Off-Stimme mit surreal \u00fcbereinander gelagerten Bildern der Stadt kombiniert. In der Inhaltsbeschreibung hei\u00dft es: \u201eIn den leeren R\u00e4umen, die uns nicht geh\u00f6ren, in von Rauch durchdrungenen W\u00e4ldern und in ruhigen \u00adGew\u00e4ssern streiten sich zwei Frauen und ein Mann. Jeder muss das Innere des anderen aush\u00f6hlen, um an die versprochenen Fr\u00fcchte zu gelangen, die jedoch nur im Traum vorhanden sind. Denn wir sind in Nairobi, der Stadt, die wir Heimat nennen.\u201c<br \/>\nDie senegalesische Modedesignerin <strong>Selly Raby Kane<\/strong> zeigt <strong>\u201eThe other Dakar\u201c<\/strong>, ein faszinierendes 360\u00b0-St\u00fcck, in der ein kleines M\u00e4dchen auserw\u00e4hlt wird, <strong>das unsichtbare Dakar<\/strong> zu ent\u00addecken.<br \/>\nDas K\u00fcnstlerkollektiv <strong>The Nest Collective<\/strong> aus Nairobi hat mit <strong>\u201eLet this be a warning\u201c<\/strong> eine \u00adinteraktive Arbeit geschaffen, die in einer weit entfernten Zukunft spielt und eine <strong>Gruppe Afrikaner<\/strong> zeigt, <strong>die die Erde verl\u00e4sst<\/strong>, um woanders eine neue Kolonie zu gr\u00fcnden.<\/p>\n<h1><\/h1>\n<h1><strong><br \/>\nLET THIS BE A WARNING<\/strong><\/h1>\n<h3>Kenia, R.: Jim Chuchu (\u201eThe Nest Collective\u201c), 10:43 Min<\/h3>\n<p><strong><a href=\"http:\/\/www.augen-blicke-afrika.de\/blog\/wp-content\/uploads\/2019\/10\/Jim-Chuchu-e1571221905703.jpg\"><img loading=\"lazy\" decoding=\"async\" class=\"size-full wp-image-4893 alignleft\" src=\"http:\/\/www.augen-blicke-afrika.de\/blog\/wp-content\/uploads\/2019\/10\/Jim-Chuchu-e1571221905703.jpg\" alt=\"Jim Chuchu\" width=\"156\" height=\"185\"><\/a><\/strong><\/p>\n<p>&nbsp;<\/p>\n<p><strong>Jim Chuchu<\/strong> ist ein bildender K\u00fcnstler, Filmemacher und Musiker aus Nairobi, Kenia. Er ist au\u00dferdem Mitbegr\u00fcnder und Creative Director von The Nest \u00adCollective, eines \u00admultidisziplin\u00e4ren Kunstraums in Nairobi. \u00ad<\/p>\n<h1><\/h1>\n<h1><strong>THE OTHER DAKAR <\/strong><\/h1>\n<h3>Senegal, R.: Selly Raby Kane, 7:35 Min<\/h3>\n<p><strong><a href=\"http:\/\/www.augen-blicke-afrika.de\/blog\/wp-content\/uploads\/2019\/10\/Selly-Raby-Kane-1-e1571222486799.jpg\"><img loading=\"lazy\" decoding=\"async\" class=\"wp-image-4898 size-full alignleft\" src=\"http:\/\/www.augen-blicke-afrika.de\/blog\/wp-content\/uploads\/2019\/10\/Selly-Raby-Kane-1-e1571222572690.jpg\" width=\"156\" height=\"177\"><\/a><\/strong><\/p>\n<p><strong>Selly Raby Kane<\/strong> geh\u00f6rt zu einer neuen Generation von urbanen, neugierigen und weltoffenen K\u00fcnstler*innen und Designer*innen, die der senegalesischen Kultur neue Energie verleihen. In der senegalesischen Hauptstadt geboren und aufgewachsen, studierte sie an der franz\u00f6sischen Modeschule Mod\u2019Sp\u00e9 in Paris und lebte in den USA, bevor sie nach Afrika reiste.<\/p>\n<h1><\/h1>\n<h1><strong>NAIROBI BERRIES<\/strong><\/h1>\n<h3>Kenia, R.: Ng\u2019endo Mukii, 7:50 Min<\/h3>\n<p><strong><a href=\"http:\/\/www.augen-blicke-afrika.de\/blog\/wp-content\/uploads\/2019\/10\/Ngendo-Mukil-e1571222733139.jpg\"><img loading=\"lazy\" decoding=\"async\" class=\"wp-image-4900 size-full alignleft\" src=\"http:\/\/www.augen-blicke-afrika.de\/blog\/wp-content\/uploads\/2019\/10\/Ngendo-Mukil-e1571222733139.jpg\" width=\"156\" height=\"191\"><\/a><\/strong><\/p>\n<p><strong>Ng&#8217;endo Mukii<\/strong> ist eine preisgekr\u00f6nte Filmregisseurin. Bekannt wurde sie durch ihre Dokumentaranimation \u201eYellow Fever\u201c in der sie den Einfluss westlicher Sch\u00f6nheitsideale auf afrikanische Frauen thematisiert. (Wir zeigen den Kurzfilm am 14.11. um 22 Uhr, s. S. 26.) Ihre Arbeit konzentriert sich auf Beziehungen, die Trennung zwischen Wahrnehmung und Realit\u00e4t und die Verwendung von \u00adbewegten Bildern, um unausgesprochene Wahrheiten darzustellen.<\/p>\n<h1><\/h1>\n<h1><strong>SPIRIT ROBOT <\/strong><\/h1>\n<h3>Ghana, R.: Jonathan Dotse, 8:35 Min<\/h3>\n<p><strong><a href=\"http:\/\/www.augen-blicke-afrika.de\/blog\/wp-content\/uploads\/2019\/10\/Jonathan-Dotse-e1571222948355.jpg\"><img loading=\"lazy\" decoding=\"async\" class=\"wp-image-4902 size-full alignleft\" src=\"http:\/\/www.augen-blicke-afrika.de\/blog\/wp-content\/uploads\/2019\/10\/Jonathan-Dotse-e1571222948355.jpg\" width=\"156\" height=\"193\"><\/a><\/strong><\/p>\n<p>&nbsp;<\/p>\n<p><strong>Jonathan Dotse<\/strong> ist ein Afrofuturist, freiberuflicher Philosoph und spekulativer Romanautor mit Sitz in Accra, Ghana. 2015 gr\u00fcndete Jonathan zusammen mit Kabiru Seidu NubianVR, ein in Accra ans\u00e4ssiges \u00adVirtual-Reality-Studio, das \u201ePANDORA\u201c, ihren ersten 360\u00b0-Kurzfilm, produzierte.<\/p>\n","protected":false},"excerpt":{"rendered":"<p>VR-Filme in der Zentralbibliothek H\u00fchnerposten 1 (Eingang: Arno-Schmidt-Platz) \u2022 20097 Hamburg \u2022 Service-Telefon: 040 \/ 42 60 60 Mo 11.11. ab 18:30 Uhr | DI 12.11. und Mittwoch 13.11. von 14:00 &#8211; 18:00 Uhr Vom 11. bis 13.11. pr\u00e4sentieren wir &hellip; <a href=\"http:\/\/www.augen-blicke-afrika.de\/blog\/programm-2019\/filme-2019\/zentralbibliothek\/\">Weiterlesen <span class=\"meta-nav\">&rarr;<\/span><\/a><\/p>\n","protected":false},"author":3,"featured_media":5126,"parent":5054,"menu_order":0,"comment_status":"closed","ping_status":"closed","template":"afrika2019.php","meta":{"footnotes":""},"class_list":["post-4887","page","type-page","status-publish","has-post-thumbnail","hentry"],"_links":{"self":[{"href":"http:\/\/www.augen-blicke-afrika.de\/blog\/wp-json\/wp\/v2\/pages\/4887","targetHints":{"allow":["GET"]}}],"collection":[{"href":"http:\/\/www.augen-blicke-afrika.de\/blog\/wp-json\/wp\/v2\/pages"}],"about":[{"href":"http:\/\/www.augen-blicke-afrika.de\/blog\/wp-json\/wp\/v2\/types\/page"}],"author":[{"embeddable":true,"href":"http:\/\/www.augen-blicke-afrika.de\/blog\/wp-json\/wp\/v2\/users\/3"}],"replies":[{"embeddable":true,"href":"http:\/\/www.augen-blicke-afrika.de\/blog\/wp-json\/wp\/v2\/comments?post=4887"}],"version-history":[{"count":53,"href":"http:\/\/www.augen-blicke-afrika.de\/blog\/wp-json\/wp\/v2\/pages\/4887\/revisions"}],"predecessor-version":[{"id":6897,"href":"http:\/\/www.augen-blicke-afrika.de\/blog\/wp-json\/wp\/v2\/pages\/4887\/revisions\/6897"}],"up":[{"embeddable":true,"href":"http:\/\/www.augen-blicke-afrika.de\/blog\/wp-json\/wp\/v2\/pages\/5054"}],"wp:featuredmedia":[{"embeddable":true,"href":"http:\/\/www.augen-blicke-afrika.de\/blog\/wp-json\/wp\/v2\/media\/5126"}],"wp:attachment":[{"href":"http:\/\/www.augen-blicke-afrika.de\/blog\/wp-json\/wp\/v2\/media?parent=4887"}],"curies":[{"name":"wp","href":"https:\/\/api.w.org\/{rel}","templated":true}]}}