{"id":4853,"date":"2019-10-15T15:07:17","date_gmt":"2019-10-15T13:07:17","guid":{"rendered":"http:\/\/www.augen-blicke-afrika.de\/blog\/?page_id=4853"},"modified":"2022-09-18T17:32:18","modified_gmt":"2022-09-18T15:32:18","slug":"razzia","status":"publish","type":"page","link":"http:\/\/www.augen-blicke-afrika.de\/blog\/programm-2019\/filme-2019\/razzia\/","title":{"rendered":"RAZZIA"},"content":{"rendered":"<table style=\"height: 356px;\" width=\"100%\">\n<thead>\n<tr>\n<td>\n<p class=\"hide-if-no-js\"><a href=\"http:\/\/www.augen-blicke-afrika.de\/blog\/wp-content\/uploads\/2019\/10\/Razzia-Still.jpg\"><img loading=\"lazy\" decoding=\"async\" class=\"alignnone wp-image-4854 size-full\" src=\"http:\/\/www.augen-blicke-afrika.de\/blog\/wp-content\/uploads\/2019\/10\/Razzia-Still-e1571144553868.jpg\" width=\"1380\" height=\"727\" srcset=\"http:\/\/www.augen-blicke-afrika.de\/blog\/wp-content\/uploads\/2019\/10\/Razzia-Still-e1571144553868.jpg 1380w, http:\/\/www.augen-blicke-afrika.de\/blog\/wp-content\/uploads\/2019\/10\/Razzia-Still-e1571144553868-300x158.jpg 300w, http:\/\/www.augen-blicke-afrika.de\/blog\/wp-content\/uploads\/2019\/10\/Razzia-Still-e1571144553868-768x405.jpg 768w, http:\/\/www.augen-blicke-afrika.de\/blog\/wp-content\/uploads\/2019\/10\/Razzia-Still-e1571144553868-1024x539.jpg 1024w, http:\/\/www.augen-blicke-afrika.de\/blog\/wp-content\/uploads\/2019\/10\/Razzia-Still-e1571144553868-500x263.jpg 500w\" sizes=\"auto, (max-width: 1380px) 100vw, 1380px\" \/><\/a><\/p>\n<h1>RAZZIA<\/h1>\n<h3>Marokko \/ Belgien \/ Frankreich 2017,<br \/>\nR.: Nabil Ayouch, 118 Min., arab. \/ frz. OF, engl. UT<\/h3>\n<\/td>\n<\/tr>\n<\/thead>\n<tbody>\n<tr>\n<td>Im Mittelpunkt des Films stehen f\u00fcnf Menschen in Casablanca, die sich nicht kennen, aber doch etwas Gemeinsames haben. Der Regisseur Nabil Ayouch zeichnet unterschiedlichste Charaktere, die eines verbindet: die Sehnsucht nach Ver\u00e4nderung, nach Selbstbestimmung und Freiheit.<br \/>\nEin Lehrer k\u00e4mpfte vor drei\u00dfig Jahren im Atlas-Gebirge f\u00fcr das \u00dcberleben der Berber-Kultur und wurde mundtot gemacht. Eine junge Frau will sich nicht mit der stereotypen Rolle einer Ehefrau abfinden. Ein j\u00fcdischer Restaurantbesitzer ist gefangen zwischen seinen W\u00fcnschen und seiner Herkunft; ein \u00adbeliebter Unterhaltungsmusiker und heimlicher Queen-Fan m\u00f6chte sich von seinem Musikstil befreien und ein verw\u00f6hntes junges M\u00e4dchen entdeckt ihre \u00adSexualit\u00e4t.<br \/>\nDer Film bietet, kreativ und radikal inszeniert, einen Einblick in die marokkanische Gesellschaft der Gegenwart. Sequenzen aus dem wunderbaren Film \u201eCasablanca\u201c von 1942 erz\u00e4hlen von alten Zeiten.<\/td>\n<\/tr>\n<tr>\n<td style=\"border-bottom: none;\">\n<p><strong><a href=\"http:\/\/www.augen-blicke-afrika.de\/blog\/wp-content\/uploads\/2019\/10\/Razzia-Poster.jpg\"><img loading=\"lazy\" decoding=\"async\" class=\"wp-image-4855 size-medium alignleft\" src=\"http:\/\/www.augen-blicke-afrika.de\/blog\/wp-content\/uploads\/2019\/10\/Razzia-Poster-220x300.jpg\" width=\"220\" height=\"300\" srcset=\"http:\/\/www.augen-blicke-afrika.de\/blog\/wp-content\/uploads\/2019\/10\/Razzia-Poster-220x300.jpg 220w, http:\/\/www.augen-blicke-afrika.de\/blog\/wp-content\/uploads\/2019\/10\/Razzia-Poster-768x1046.jpg 768w, http:\/\/www.augen-blicke-afrika.de\/blog\/wp-content\/uploads\/2019\/10\/Razzia-Poster-752x1024.jpg 752w\" sizes=\"auto, (max-width: 220px) 100vw, 220px\" \/><\/a><\/strong><\/p>\n<p><strong>Nabil Ayouch<\/strong>, geb. 1969 in Paris, ist ein franz\u00f6sisch-marokkanischer Regisseur, der in Casablanca lebt. Er absolvierte diverse Theater- und Regiekurse und arbeitete als Regieassistent. Seit 1997 realisiert er eigene \u00adDokumentar- und Spielfilme.<\/td>\n<\/tr>\n<\/tbody>\n<\/table>\n<p><iframe loading=\"lazy\" src=\"https:\/\/www.youtube.com\/embed\/dfqKUHunxkw\" allowfullscreen=\"allowfullscreen\" width=\"560\" height=\"315\" frameborder=\"0\"><\/iframe><\/p>\n","protected":false},"excerpt":{"rendered":"<p>RAZZIA Marokko \/ Belgien \/ Frankreich 2017, R.: Nabil Ayouch, 118 Min., arab. \/ frz. OF, engl. UT Im Mittelpunkt des Films stehen f\u00fcnf Menschen in Casablanca, die sich nicht kennen, aber doch etwas Gemeinsames haben. Der Regisseur Nabil Ayouch &hellip; <a href=\"http:\/\/www.augen-blicke-afrika.de\/blog\/programm-2019\/filme-2019\/razzia\/\">Weiterlesen <span class=\"meta-nav\">&rarr;<\/span><\/a><\/p>\n","protected":false},"author":3,"featured_media":5126,"parent":5054,"menu_order":0,"comment_status":"closed","ping_status":"closed","template":"afrika2019_oh.php","meta":{"footnotes":""},"class_list":["post-4853","page","type-page","status-publish","has-post-thumbnail","hentry"],"_links":{"self":[{"href":"http:\/\/www.augen-blicke-afrika.de\/blog\/wp-json\/wp\/v2\/pages\/4853","targetHints":{"allow":["GET"]}}],"collection":[{"href":"http:\/\/www.augen-blicke-afrika.de\/blog\/wp-json\/wp\/v2\/pages"}],"about":[{"href":"http:\/\/www.augen-blicke-afrika.de\/blog\/wp-json\/wp\/v2\/types\/page"}],"author":[{"embeddable":true,"href":"http:\/\/www.augen-blicke-afrika.de\/blog\/wp-json\/wp\/v2\/users\/3"}],"replies":[{"embeddable":true,"href":"http:\/\/www.augen-blicke-afrika.de\/blog\/wp-json\/wp\/v2\/comments?post=4853"}],"version-history":[{"count":3,"href":"http:\/\/www.augen-blicke-afrika.de\/blog\/wp-json\/wp\/v2\/pages\/4853\/revisions"}],"predecessor-version":[{"id":6886,"href":"http:\/\/www.augen-blicke-afrika.de\/blog\/wp-json\/wp\/v2\/pages\/4853\/revisions\/6886"}],"up":[{"embeddable":true,"href":"http:\/\/www.augen-blicke-afrika.de\/blog\/wp-json\/wp\/v2\/pages\/5054"}],"wp:featuredmedia":[{"embeddable":true,"href":"http:\/\/www.augen-blicke-afrika.de\/blog\/wp-json\/wp\/v2\/media\/5126"}],"wp:attachment":[{"href":"http:\/\/www.augen-blicke-afrika.de\/blog\/wp-json\/wp\/v2\/media?parent=4853"}],"curies":[{"name":"wp","href":"https:\/\/api.w.org\/{rel}","templated":true}]}}