{"id":4845,"date":"2019-10-15T15:33:07","date_gmt":"2019-10-15T13:33:07","guid":{"rendered":"http:\/\/www.augen-blicke-afrika.de\/blog\/?page_id=4845"},"modified":"2022-09-18T17:29:26","modified_gmt":"2022-09-18T15:29:26","slug":"kassala","status":"publish","type":"page","link":"http:\/\/www.augen-blicke-afrika.de\/blog\/programm-2019\/filme-2019\/kassala\/","title":{"rendered":"KASSALA"},"content":{"rendered":"<table style=\"height: 356px;\" width=\"100%\">\n<thead>\n<tr>\n<td>\n<p class=\"hide-if-no-js\"><a href=\"http:\/\/www.augen-blicke-afrika.de\/blog\/wp-content\/uploads\/2019\/10\/Kassala-still-a.jpg\"><img loading=\"lazy\" decoding=\"async\" class=\"alignnone wp-image-4848 size-full\" src=\"http:\/\/www.augen-blicke-afrika.de\/blog\/wp-content\/uploads\/2019\/10\/Kassala-still-a.jpg\" width=\"1069\" height=\"420\" srcset=\"http:\/\/www.augen-blicke-afrika.de\/blog\/wp-content\/uploads\/2019\/10\/Kassala-still-a.jpg 1069w, http:\/\/www.augen-blicke-afrika.de\/blog\/wp-content\/uploads\/2019\/10\/Kassala-still-a-300x118.jpg 300w, http:\/\/www.augen-blicke-afrika.de\/blog\/wp-content\/uploads\/2019\/10\/Kassala-still-a-768x302.jpg 768w, http:\/\/www.augen-blicke-afrika.de\/blog\/wp-content\/uploads\/2019\/10\/Kassala-still-a-1024x402.jpg 1024w, http:\/\/www.augen-blicke-afrika.de\/blog\/wp-content\/uploads\/2019\/10\/Kassala-still-a-500x196.jpg 500w\" sizes=\"auto, (max-width: 1069px) 100vw, 1069px\" \/><\/a><\/p>\n<h1>KASSALA<\/h1>\n<h3>Nigeria 2018, R.: Ema Edosio, 84 Min., Pidgin OF, engl. UT<\/h3>\n<\/td>\n<\/tr>\n<\/thead>\n<tbody>\n<tr>\n<td>Tunji, Abraham, Effiong und Chikodili leben in den Tag hinein. Arbeit gibt es nicht f\u00fcr die jungen M\u00e4nner, also suchen sie nach Abenteuern, die ihren tristen Alltag beleben. Heute lockt das Auto von Tunjis Onkel; das steht unverschlossen auf dem Hof, der Onkel kommt erst abends zur\u00fcck, also gen\u00fcgend Zeit, mit den Freunden eine Spritztour zu machen. Abraham will auch mal ans Steuer und baut gleich einen \u00adUnfall. Mit vereinten Kr\u00e4ften schieben sie das Auto zur Werkstatt, aber die Reparatur kostet viel Geld &#8211; was also machen? Kreativit\u00e4t und Gl\u00fcck sind nun gefragt.<br \/>\nDie Regisseurin Ema Edosio erz\u00e4hlt in ihrem Deb\u00fct-Spielfilm eine \u00adGeschichte, mit der sich viele Jugendliche im heutigen Nigeria \u00adidentifizieren k\u00f6nnen, denn auch deren Realit\u00e4t erscheint \u00adhoffnungslos. Der kom\u00f6diantische Film spielt an Originalschau\u00adpl\u00e4tzen in den Armenvierteln von Lagos und hebt sich so von den g\u00e4ngigen Nollywood-Produktionen ab.<\/td>\n<\/tr>\n<tr>\n<td style=\"border-bottom: none;\">\n<p><strong><a href=\"http:\/\/www.augen-blicke-afrika.de\/blog\/wp-content\/uploads\/2019\/10\/Kassala-poster.jpg\"><img loading=\"lazy\" decoding=\"async\" class=\"wp-image-4847 size-medium alignleft\" src=\"http:\/\/www.augen-blicke-afrika.de\/blog\/wp-content\/uploads\/2019\/10\/Kassala-poster-240x300.jpg\" width=\"240\" height=\"300\" srcset=\"http:\/\/www.augen-blicke-afrika.de\/blog\/wp-content\/uploads\/2019\/10\/Kassala-poster-240x300.jpg 240w, http:\/\/www.augen-blicke-afrika.de\/blog\/wp-content\/uploads\/2019\/10\/Kassala-poster-768x960.jpg 768w, http:\/\/www.augen-blicke-afrika.de\/blog\/wp-content\/uploads\/2019\/10\/Kassala-poster.jpg 819w\" sizes=\"auto, (max-width: 240px) 100vw, 240px\" \/><\/a><\/strong><\/p>\n<p><strong>Ema Edosio<\/strong>, geboren in Nigeria, \u00adstudierte zun\u00e4chst Informatik und absolvierte \u00addanach ein Filmstudium in den USA. Sie z\u00e4hlt zu der neuen Generation des nigerianischen Films.<\/td>\n<\/tr>\n<\/tbody>\n<\/table>\n<p><iframe loading=\"lazy\" src=\"https:\/\/www.youtube.com\/embed\/9Dib-sCygos\" allow=\"accelerometer; autoplay; encrypted-media; gyroscope; picture-in-picture\" allowfullscreen=\"\" width=\"560\" height=\"315\" frameborder=\"0\"><\/iframe><\/p>\n","protected":false},"excerpt":{"rendered":"<p>KASSALA Nigeria 2018, R.: Ema Edosio, 84 Min., Pidgin OF, engl. UT Tunji, Abraham, Effiong und Chikodili leben in den Tag hinein. Arbeit gibt es nicht f\u00fcr die jungen M\u00e4nner, also suchen sie nach Abenteuern, die ihren tristen Alltag beleben. &hellip; <a href=\"http:\/\/www.augen-blicke-afrika.de\/blog\/programm-2019\/filme-2019\/kassala\/\">Weiterlesen <span class=\"meta-nav\">&rarr;<\/span><\/a><\/p>\n","protected":false},"author":3,"featured_media":5126,"parent":5054,"menu_order":0,"comment_status":"closed","ping_status":"closed","template":"afrika2019_oh.php","meta":{"footnotes":""},"class_list":["post-4845","page","type-page","status-publish","has-post-thumbnail","hentry"],"_links":{"self":[{"href":"http:\/\/www.augen-blicke-afrika.de\/blog\/wp-json\/wp\/v2\/pages\/4845","targetHints":{"allow":["GET"]}}],"collection":[{"href":"http:\/\/www.augen-blicke-afrika.de\/blog\/wp-json\/wp\/v2\/pages"}],"about":[{"href":"http:\/\/www.augen-blicke-afrika.de\/blog\/wp-json\/wp\/v2\/types\/page"}],"author":[{"embeddable":true,"href":"http:\/\/www.augen-blicke-afrika.de\/blog\/wp-json\/wp\/v2\/users\/3"}],"replies":[{"embeddable":true,"href":"http:\/\/www.augen-blicke-afrika.de\/blog\/wp-json\/wp\/v2\/comments?post=4845"}],"version-history":[{"count":3,"href":"http:\/\/www.augen-blicke-afrika.de\/blog\/wp-json\/wp\/v2\/pages\/4845\/revisions"}],"predecessor-version":[{"id":6880,"href":"http:\/\/www.augen-blicke-afrika.de\/blog\/wp-json\/wp\/v2\/pages\/4845\/revisions\/6880"}],"up":[{"embeddable":true,"href":"http:\/\/www.augen-blicke-afrika.de\/blog\/wp-json\/wp\/v2\/pages\/5054"}],"wp:featuredmedia":[{"embeddable":true,"href":"http:\/\/www.augen-blicke-afrika.de\/blog\/wp-json\/wp\/v2\/media\/5126"}],"wp:attachment":[{"href":"http:\/\/www.augen-blicke-afrika.de\/blog\/wp-json\/wp\/v2\/media?parent=4845"}],"curies":[{"name":"wp","href":"https:\/\/api.w.org\/{rel}","templated":true}]}}